{"id":27,"date":"2016-10-21T17:31:30","date_gmt":"2016-10-21T15:31:30","guid":{"rendered":"https:\/\/www.budapestcard.org\/?page_id=27"},"modified":"2026-04-13T06:12:23","modified_gmt":"2026-04-13T04:12:23","slug":"precos","status":"publish","type":"page","link":"https:\/\/www.budapestcard.org\/pt\/precos\/","title":{"rendered":"Pre\u00e7os do Budapest Card"},"content":{"rendered":"\n<p>O Cart\u00e3o Budapeste \u00e9 uma das melhores ferramentas que podes usar para te ajudar a descobrir verdadeiramente todas as coisas fant\u00e1sticas que Budapeste tem para oferecer, mas qual \u00e9 a melhor op\u00e7\u00e3o de cart\u00e3o para ti?<\/p>\n\n\n\n<p>Existem cinco dura\u00e7\u00f5es diferentes para o Cart\u00e3o Budapeste: <strong>24<\/strong>, <strong>48<\/strong>, <strong>72<\/strong>, <strong>96<\/strong> e <strong>120<\/strong> horas. Cada cart\u00e3o \u00e9 v\u00e1lido desde a tua primeira utiliza\u00e7\u00e3o pelo per\u00edodo de tempo marcado no cart\u00e3o. O cart\u00e3o s\u00f3 \u00e9 ativado quando o utilizas, por isso \u00e9 f\u00e1cil compr\u00e1-lo antes da viagem. Pode ser usado at\u00e9 ao final da \u00e9poca atual, que termina a 30 de abril de 2026. Compra com anteced\u00eancia e poupa!<\/p>\n\n\n\n<h3 class=\"wp-block-heading\">Tabela de pre\u00e7os<\/h3>\n\n\n<div class=\"ms-table frozenColumn\"><table><tr><th>Adultos<\/th><th>Pre\u00e7o normal<\/th><\/tr><tr><td>24 Horas<\/td><td>\u20ac55,00 (\u20ac55,00 por dia)<\/td><\/tr><tr><td>48 Horas<\/td><td>\u20ac71,50 (\u20ac35,75 por dia)<\/td><\/tr><tr><td>72 Horas<\/td><td>\u20ac91,30 (\u20ac30,43 por dia)<\/td><\/tr><tr><td>96 Horas<\/td><td>\u20ac114,40 (\u20ac28,60 por dia)<\/td><\/tr><tr><td>120 Horas<\/td><td>\u20ac127,60 (\u20ac25,52 por dia)<\/td><\/tr><\/table><\/div>\n\n\n<p><strong>Nota:<\/strong> Cada cart\u00e3o \u00e9 v\u00e1lido para um adulto e uma crian\u00e7a at\u00e9 aos seis anos de idade que o acompanhe.<\/p>\n\n\n\n<p>Para determinar se o Cart\u00e3o Budapeste vale o pre\u00e7o, faz a ti pr\u00f3prio estas tr\u00eas perguntas:<\/p>\n\n\n\n<ol class=\"wp-block-list\">\n<li>Quanto tempo vou ficar em Budapeste?<\/li>\n\n\n\n<li>Quantas coisas fant\u00e1sticas quero ver enquanto l\u00e1 estiver?<\/li>\n\n\n\n<li>Quanto dinheiro quero poupar?<\/li>\n<\/ol>\n\n\n\n<p>Vais passar apenas um dia em Budapeste para provar os famosos bolos de chamin\u00e9 tradicionais h\u00fangaros no Moln\u00e1r&#8217;s K\u00fcrt\u0151skal\u00e1cs, ou para dar um mergulho no Banho Termal e Piscina Luk\u00e1cs? Se for esse o caso, ent\u00e3o investir num cart\u00e3o de 24 horas pode ser a tua melhor op\u00e7\u00e3o. Se a tua estadia for mais longa, ou se quiseres mais do que apenas um doce e um banho relaxante, considera os cart\u00f5es de 48, 72, 96 ou 120 horas.<\/p>\n\n\n<div class=\"gb-container gb-container-7d45ff9c ms-alert--primary ms-p ms-rounded ms-mb-last-child-0 ms-mb-children-condensed ms-mb-block\">\n\n<p>Os cart\u00f5es de longa dura\u00e7\u00e3o t\u00eam uma excelente rela\u00e7\u00e3o qualidade\/pre\u00e7o, especialmente o cart\u00e3o de 120 horas, que custa apenas 25,52 euros por dia.<\/p>\n\n<\/div>\n\n\n<p>O Budapest Card d\u00e1-te as chaves da cidade, ou o mais perto que conseguires chegar. Dezenas de bares, restaurantes, spas, museus e outros locais oferecem-te enormes descontos em entradas, servi\u00e7os ou compras. Podes utilizar os transportes p\u00fablicos da cidade gratuitamente, visitar os pontos tur\u00edsticos com passeios a p\u00e9 e cruzeiros fluviais gratuitos, ou ir \u00e0s Termas de Luk\u00e1cs para uma visita gratuita. As possibilidades s\u00e3o infinitas.<\/p>\n\n\n\n<p>Consulta a nossa p\u00e1gina de <a href=\"https:\/\/www.budapestcard.org\/pt\/descontos\/\" data-type=\"page\" data-id=\"8\">descontos<\/a> para obteres mais informa\u00e7\u00f5es sobre todas as fant\u00e1sticas poupan\u00e7as que s\u00e3o poss\u00edveis com o Budapest Card.<\/p>\n","protected":false},"excerpt":{"rendered":"","protected":false},"author":2,"featured_media":0,"parent":0,"menu_order":6,"comment_status":"closed","ping_status":"closed","template":"","meta":{"_acf_changed":false,"footnotes":"","button_url":"https:\/\/www.tiqets.com\/pt\/things-to-do-in-budapest-c68199\/tickets-for-budapest-card-free-entrance-to-szt-lukacs-thermal-bath-and-pool-p974576\/?partner=budapestcard","ms_product_id":"","ms_product_name":"","ms_price":"","ms_currency":"","ms_rating_value":"","ms_review_count":"","rank_math_title":"Pre\u00e7os da Budapest Card em %currentyear%","rank_math_description":"Informa\u00e7\u00f5es sobre os valores do Cart\u00e3o Budapeste para um, dois e tr\u00eas dias. Clique aqui para descobrir mais."},"post-style":[],"producer":[],"class_list":["post-27","page","type-page","status-publish","has-post-thumbnail"],"acf":[],"product_schema":{"ms_product_id":"","ms_product_name":"","ms_price":"","ms_currency":"","ms_rating_value":"","ms_review_count":""},"_links":{"self":[{"href":"https:\/\/www.budapestcard.org\/pt\/wp-json\/wp\/v2\/pages\/27","targetHints":{"allow":["GET"]}}],"collection":[{"href":"https:\/\/www.budapestcard.org\/pt\/wp-json\/wp\/v2\/pages"}],"about":[{"href":"https:\/\/www.budapestcard.org\/pt\/wp-json\/wp\/v2\/types\/page"}],"author":[{"embeddable":true,"href":"https:\/\/www.budapestcard.org\/pt\/wp-json\/wp\/v2\/users\/2"}],"replies":[{"embeddable":true,"href":"https:\/\/www.budapestcard.org\/pt\/wp-json\/wp\/v2\/comments?post=27"}],"version-history":[{"count":3,"href":"https:\/\/www.budapestcard.org\/pt\/wp-json\/wp\/v2\/pages\/27\/revisions"}],"predecessor-version":[{"id":929,"href":"https:\/\/www.budapestcard.org\/pt\/wp-json\/wp\/v2\/pages\/27\/revisions\/929"}],"wp:attachment":[{"href":"https:\/\/www.budapestcard.org\/pt\/wp-json\/wp\/v2\/media?parent=27"}],"wp:term":[{"taxonomy":"post-style","embeddable":true,"href":"https:\/\/www.budapestcard.org\/pt\/wp-json\/wp\/v2\/post-style?post=27"},{"taxonomy":"producer","embeddable":true,"href":"https:\/\/www.budapestcard.org\/pt\/wp-json\/wp\/v2\/producer?post=27"}],"curies":[{"name":"wp","href":"https:\/\/api.w.org\/{rel}","templated":true}]}}