{"id":29,"date":"2016-10-21T17:36:59","date_gmt":"2016-10-21T15:36:59","guid":{"rendered":"https:\/\/www.budapestcard.org\/?page_id=29"},"modified":"2025-06-04T06:21:19","modified_gmt":"2025-06-04T04:21:19","slug":"perguntas-frequentes","status":"publish","type":"page","link":"https:\/\/www.budapestcard.org\/pt\/perguntas-frequentes\/","title":{"rendered":"Perguntas Frequentes"},"content":{"rendered":"<div id=\"rank-math-faq\" class=\"rank-math-block\">\n<div class=\"rank-math-list \">\n<div id=\"faq-question-1717062476605\" class=\"rank-math-list-item\">\n<h3 class=\"rank-math-question \">O que \u00e9 o Cart\u00e3o Budapeste?<\/h3>\n<div class=\"rank-math-answer \">\n\n<p>O Cart\u00e3o Budapeste \u00e9 a tua chave metaf\u00f3rica para a cidade de Budapeste. Podes utiliz\u00e1-lo de tr\u00eas formas: como passe de transportes, que te d\u00e1 acesso gratuito a todos os transportes p\u00fablicos da cidade; como passe de atrac\u00e7\u00f5es, que te leva atrav\u00e9s da rica hist\u00f3ria e cultura da cidade; e como cart\u00e3o de descontos, que te pode fazer poupar mais do que algum dinheiro durante a tua estadia em Budapeste.<\/p>\n<p>O cart\u00e3o Budapeste oferece entradas gratuitas em mais de 30 museus e atrac\u00e7\u00f5es, descontos at\u00e9 50% em restaurantes, bares e lojas, passeios a p\u00e9 gratuitos e cruzeiros fluviais gratuitos para te ajudar a familiarizares-te com esta cidade fant\u00e1stica.<\/p>\n\n<\/div>\n<\/div>\n<div id=\"faq-question-1717062505033\" class=\"rank-math-list-item\">\n<h3 class=\"rank-math-question \">Quais s\u00e3o as vantagens do Budapest Card?<\/h3>\n<div class=\"rank-math-answer \">\n\n<p>A melhor coisa do Cart\u00e3o Budapeste \u00e9 que te ajuda a poupar tempo e dinheiro. Com entrada gratuita em mais de 30 atrac\u00e7\u00f5es, incluindo locais de topo como o Museu Nacional H\u00fangaro e as Termas de St. Luk\u00e1cs, juntamente com descontos em muitas outras, podes facilmente poupar centenas de euros. N\u00e3o importa se est\u00e1s a voar sozinho ou com amigos, ter\u00e1s as mesmas poupan\u00e7as nas atrac\u00e7\u00f5es.<\/p>\n<p>Quer estejas \u00e0 procura de um dia de spa num dos muitos banhos termais da cidade, ou mais interessado em assistir a um espet\u00e1culo num teatro ou museu hist\u00f3rico, o Budapest Card tem algo para todos.<\/p>\n\n<\/div>\n<\/div>\n<div id=\"faq-question-1717062519392\" class=\"rank-math-list-item\">\n<h3 class=\"rank-math-question \">Que descontos oferece o Cart\u00e3o Budapeste?<\/h3>\n<div class=\"rank-math-answer \">\n\n<p>O cart\u00e3o Budapeste oferece descontos em transportes, atrac\u00e7\u00f5es, visitas tur\u00edsticas, restaurantes, spas e muito mais. Al\u00e9m disso, o cart\u00e3o oferece acesso gratuito a todos os transportes p\u00fablicos de Budapeste, entrada num dos lend\u00e1rios banhos termais da cidade e entrada gratuita em mais de 30 dos museus e locais hist\u00f3ricos mais importantes de Budapeste. Para al\u00e9m de tudo isto, os portadores do Budapest Card t\u00eam desconto na entrada em muitos outros marcos culturais e igrejas da cidade.<\/p>\n<p>Se gostas de passear, o Cart\u00e3o Budapeste inclui passeios a p\u00e9 gratuitos que podes aproveitar. Estas visitas mostrar-te-\u00e3o tudo, desde o Basti\u00e3o dos Pescadores, no bairro do Castelo de Burda, at\u00e9 \u00e0 bel\u00edssima Bas\u00edlica de Santo Est\u00eav\u00e3o, no lado de Peste da cidade. Tamb\u00e9m podes desfrutar de cruzeiros fluviais gratuitos, que oferecem a oportunidade perfeita para admirar a deslumbrante linha do horizonte de Budapeste a partir do Dan\u00fabio.<\/p>\n<p>Se gostas de comida, o Cart\u00e3o Budapeste d\u00e1-te at\u00e9 50% de desconto em alguns dos melhores restaurantes, caf\u00e9s e bares, para que possas desfrutar do melhor da cozinha h\u00fangara sem gastar muito. Em suma, o Cart\u00e3o Budapeste tem descontos para todos os tipos de viajantes &#8211; quer estejas aqui pela hist\u00f3ria, pela comida ou pela divers\u00e3o. Consulta a p\u00e1gina de <a href=\"https:\/\/www.budapestcard.org\/pt\/descontos\/\" data-type=\"page\" data-id=\"8\">descontos<\/a> para veres a lista completa de vantagens.<\/p>\n\n<\/div>\n<\/div>\n<div id=\"faq-question-1724240254810\" class=\"rank-math-list-item\">\n<h3 class=\"rank-math-question \">O Cart\u00e3o Budapeste vale a pena?<\/h3>\n<div class=\"rank-math-answer \">\n\n<p>O Budapest Card d\u00e1-te acesso gratuito ao sistema de transportes da cidade e vem com mais de 50 descontos em museus, atrac\u00e7\u00f5es, bares, restaurantes, caf\u00e9s, bares e banhos termais. O cart\u00e3o n\u00e3o s\u00f3 te permite poupar dinheiro, como tamb\u00e9m te d\u00e1 a liberdade de veres a cidade da forma que quiseres e a conveni\u00eancia de visitares todas as fant\u00e1sticas atrac\u00e7\u00f5es que Budapeste tem para oferecer, \u00e0 tua maneira. Dito isto, s\u00f3 tu podes decidir se o Cart\u00e3o Budapeste vale o investimento.<\/p>\n\n<\/div>\n<\/div>\n<div id=\"faq-question-1745833588819\" class=\"rank-math-list-item\">\n<h3 class=\"rank-math-question \">Posso furar filas com o Budapest Card?<\/h3>\n<div class=\"rank-math-answer \">\n\n<p>N\u00e3o, o Budapest Card n\u00e3o permite furar filas. D\u00e1 entrada gratuita ou descontos, mas \u00e9 preciso aguardar na fila como todos os outros.<\/p>\n\n<\/div>\n<\/div>\n<div id=\"faq-question-1745833598403\" class=\"rank-math-list-item\">\n<h3 class=\"rank-math-question \">Quanto tempo \u00e9 v\u00e1lido o Budapest Card?<\/h3>\n<div class=\"rank-math-answer \">\n\n<p>Voc\u00ea pode escolher um cart\u00e3o v\u00e1lido por 24, 48, 72, 96 ou 120 horas ap\u00f3s o primeiro uso. Cada cart\u00e3o pertence a uma temporada anual:<br \/><strong>2024\/2025:<\/strong> v\u00e1lido de 1 de maio de 2024 a 30 de abril de 2025<br \/><strong>2025\/2026:<\/strong> v\u00e1lido de 1 de maio de 2025 a 30 de abril de 2026<br \/>Verifique se seu cart\u00e3o corresponde \u00e0s datas da sua viagem!<\/p>\n\n<\/div>\n<\/div>\n<div id=\"faq-question-1745833619634\" class=\"rank-math-list-item\">\n<h3 class=\"rank-math-question \">O que fazer se eu perder o Budapest Card?<\/h3>\n<div class=\"rank-math-answer \">\n\n<p>N\u00e3o se preocupe! Se voc\u00ea registrou seu cart\u00e3o no site ap\u00f3s a compra, pode solicitar uma substitui\u00e7\u00e3o no <a href=\"https:\/\/www.budapestcard.org\/pt\/contacto\/\">Bal\u00e7\u00e3o de Informa\u00e7\u00f5es Tur\u00edsticas Budapestinfo<\/a>.<\/p>\n\n<\/div>\n<\/div>\n<div id=\"faq-question-1729590399617\" class=\"rank-math-list-item\">\n<h3 class=\"rank-math-question \">O que \u00e9 o Visto N\u00f3mada Digital da Hungria?<\/h3>\n<div class=\"rank-math-answer \">\n\n<p>O Visto <a href=\"https:\/\/www.budapestcard.org\/pt\/visto-nomada-digital-hungria\/\"><u>N\u00f3mada Digital<\/u><\/a> da Hungria, tamb\u00e9m conhecido como Cart\u00e3o Branco, \u00e9 uma autoriza\u00e7\u00e3o de resid\u00eancia de um ano que permite aos trabalhadores remotos viver e trabalhar legalmente na Hungria. Pode ser renovado uma vez, permitindo uma estadia m\u00e1xima de dois anos.<\/p>\n\n<\/div>\n<\/div>\n<\/div>\n<\/div>","protected":false},"excerpt":{"rendered":"","protected":false},"author":2,"featured_media":0,"parent":0,"menu_order":7,"comment_status":"closed","ping_status":"closed","template":"","meta":{"_acf_changed":false,"footnotes":"","button_url":"https:\/\/www.tiqets.com\/pt\/things-to-do-in-budapest-c68199\/tickets-for-budapest-card-free-entrance-to-szt-lukacs-thermal-bath-and-pool-p974576\/?partner=budapestcard","ms_product_id":"","ms_product_name":"","ms_price":"","ms_currency":"","ms_rating_value":"","ms_review_count":"","rank_math_title":"Perguntas Frequentes - Cart\u00e3o Budapeste","rank_math_description":"O que \u00e9 o Cart\u00e3o Budapeste? Perguntas Frequentes sobre como o cart\u00e3o funciona, benef\u00edcios, descontos e informa\u00e7\u00f5es adicionais."},"post-style":[],"producer":[],"class_list":["post-29","page","type-page","status-publish","has-post-thumbnail"],"acf":[],"product_schema":{"ms_product_id":"","ms_product_name":"","ms_price":"","ms_currency":"","ms_rating_value":"","ms_review_count":""},"_links":{"self":[{"href":"https:\/\/www.budapestcard.org\/pt\/wp-json\/wp\/v2\/pages\/29","targetHints":{"allow":["GET"]}}],"collection":[{"href":"https:\/\/www.budapestcard.org\/pt\/wp-json\/wp\/v2\/pages"}],"about":[{"href":"https:\/\/www.budapestcard.org\/pt\/wp-json\/wp\/v2\/types\/page"}],"author":[{"embeddable":true,"href":"https:\/\/www.budapestcard.org\/pt\/wp-json\/wp\/v2\/users\/2"}],"replies":[{"embeddable":true,"href":"https:\/\/www.budapestcard.org\/pt\/wp-json\/wp\/v2\/comments?post=29"}],"version-history":[{"count":3,"href":"https:\/\/www.budapestcard.org\/pt\/wp-json\/wp\/v2\/pages\/29\/revisions"}],"predecessor-version":[{"id":850,"href":"https:\/\/www.budapestcard.org\/pt\/wp-json\/wp\/v2\/pages\/29\/revisions\/850"}],"wp:attachment":[{"href":"https:\/\/www.budapestcard.org\/pt\/wp-json\/wp\/v2\/media?parent=29"}],"wp:term":[{"taxonomy":"post-style","embeddable":true,"href":"https:\/\/www.budapestcard.org\/pt\/wp-json\/wp\/v2\/post-style?post=29"},{"taxonomy":"producer","embeddable":true,"href":"https:\/\/www.budapestcard.org\/pt\/wp-json\/wp\/v2\/producer?post=29"}],"curies":[{"name":"wp","href":"https:\/\/api.w.org\/{rel}","templated":true}]}}