{"id":654,"date":"2024-10-22T10:32:54","date_gmt":"2024-10-22T08:32:54","guid":{"rendered":"https:\/\/www.budapestcard.org\/pt\/?page_id=654"},"modified":"2025-04-21T07:10:55","modified_gmt":"2025-04-21T05:10:55","slug":"visto-nomada-digital-hungria","status":"publish","type":"page","link":"https:\/\/www.budapestcard.org\/pt\/visto-nomada-digital-hungria\/","title":{"rendered":"Visto de n\u00f3mada digital para a Hungria"},"content":{"rendered":"\n<p>A Hungria est\u00e1 a tornar-se rapidamente um destino popular para os n\u00f3madas digitais que procuram uma cultura vibrante, uma hist\u00f3ria rica e uma vida acess\u00edvel. Em resposta \u00e0 tend\u00eancia crescente de trabalho remoto, a Hungria criou um Visto de N\u00f3mada Digital, proporcionando aos trabalhadores remotos a oportunidade de residir e trabalhar, cumprindo os requisitos legais.<\/p>\n\n\n<div class=\"ms-credits\">\n<img decoding=\"async\" class=\"gb-media-9d1dd40d\" src=\"https:\/\/www.budapestcard.org\/wp-content\/uploads\/visit-camp-nou-1745208234.jpg\" alt=\"Hungary Digital Nomad Visa\" title=\"Hungary-digital-nomad-visa\"\/>\n<span class='ms-credits__info' id='media813'><svg xmlns=\"http:\/\/www.w3.org\/2000\/svg\" width=\"20\" height=\"22\" fill=\"#000000\" viewBox=\"0 0 256 256\"><path d=\"M128,24A104,104,0,1,0,232,128,104.11,104.11,0,0,0,128,24Zm0,192a88,88,0,1,1,88-88A88.1,88.1,0,0,1,128,216ZM96,128a32,32,0,0,0,57.6,19.2,8,8,0,0,1,12.8,9.61,48,48,0,1,1,0-57.62,8,8,0,0,1-12.8,9.61A32,32,0,0,0,96,128Z\"><\/path><\/svg>stadtratte\/<a href=https:\/\/depositphotos.com\/photo\/man-suitcase-travels-hungary-230842712.html rel='nofollow' target='_blank'>Depositphotos<\/a><\/span><span class='ms-credits__btn' id='btn_media813' onclick='ms_credits_trigger(\"#media813\", this)'><svg xmlns=\"http:\/\/www.w3.org\/2000\/svg\" class=\"info_icon\" width=\"28\" height=\"28\" fill=\"#FFF\" viewBox=\"0 0 256 256\"><path d=\"M128,24A104,104,0,1,0,232,128,104.11,104.11,0,0,0,128,24Zm0,192a88,88,0,1,1,88-88A88.1,88.1,0,0,1,128,216Zm16-40a8,8,0,0,1-8,8,16,16,0,0,1-16-16V128a8,8,0,0,1,0-16,16,16,0,0,1,16,16v40A8,8,0,0,1,144,176ZM112,84a12,12,0,1,1,12,12A12,12,0,0,1,112,84Z\"><\/path><\/svg><svg xmlns=\"http:\/\/www.w3.org\/2000\/svg\" class=\"close_icon\" width=\"28\" height=\"28\" fill=\"#FFF\" viewBox=\"0 0 256 256\"><path d=\"M165.66,101.66,139.31,128l26.35,26.34a8,8,0,0,1-11.32,11.32L128,139.31l-26.34,26.35a8,8,0,0,1-11.32-11.32L116.69,128,90.34,101.66a8,8,0,0,1,11.32-11.32L128,116.69l26.34-26.35a8,8,0,0,1,11.32,11.32ZM232,128A104,104,0,1,1,128,24,104.11,104.11,0,0,1,232,128Zm-16,0a88,88,0,1,0-88,88A88.1,88.1,0,0,0,216,128Z\"><\/path><\/svg><\/span><\/div>\n\n\n<h2 class=\"wp-block-heading\"><strong>O que \u00e9 o Visto N\u00f3mada Digital da Hungria?<\/strong><\/h2>\n\n\n\n<p>O Visto N\u00f3mada Digital da Hungria, tamb\u00e9m conhecido como Cart\u00e3o Branco, \u00e9 uma autoriza\u00e7\u00e3o de resid\u00eancia de um ano que permite aos trabalhadores remotos viver e trabalhar legalmente na Hungria. Pode ser renovado uma vez, permitindo uma estadia m\u00e1xima de dois anos.<\/p>\n\n\n\n<p>Este visto foi concebido para pessoas que possam provar que t\u00eam um rendimento est\u00e1vel atrav\u00e9s de trabalho remoto, como freelancer ou gerindo os seus pr\u00f3prios neg\u00f3cios online.<\/p>\n\n\n\n<h2 class=\"wp-block-heading\"><strong>Elegibilidade e requisitos<\/strong><\/h2>\n\n\n\n<p>Para serem eleg\u00edveis para o Visto de N\u00f3mada Digital para a Hungria, os requerentes devem preencher os seguintes requisitos:<\/p>\n\n\n\n<ul class=\"wp-block-list\">\n<li>Ser um cidad\u00e3o de fora da UE\/EEE.<\/li>\n\n\n\n<li>Ter um emprego remoto verificado ou possuir um neg\u00f3cio de sucesso fora da Hungria.<\/li>\n\n\n\n<li>Trabalhar \u00e0 dist\u00e2ncia utilizando tecnologia digital avan\u00e7ada.<\/li>\n\n\n\n<li>N\u00e3o pode ter um emprego local nem deter ac\u00e7\u00f5es de uma empresa na Hungria.<\/li>\n\n\n\n<li>Comprovar um rendimento mensal m\u00ednimo de 3 000 euros nos \u00faltimos seis meses.<\/li>\n\n\n\n<li>Apresentar um comprovativo de alojamento na Hungria.<\/li>\n\n\n\n<li>Ter um seguro de sa\u00fade v\u00e1lido.<\/li>\n\n\n\n<li>Ter um passaporte v\u00e1lido.<\/li>\n<\/ul>\n\n\n\n<h2 class=\"wp-block-heading\"><strong>Processo de candidatura<\/strong><\/h2>\n\n\n\n<p>O pedido de visto de n\u00f3mada digital para a Hungria \u00e9 um processo em duas fases:<\/p>\n\n\n\n<ol class=\"wp-block-list\">\n<li>Uma vez aprovado, viaja para a Hungria e solicita o Cart\u00e3o Branco no prazo de um m\u00eas ap\u00f3s a tua chegada. O tempo de processamento do Cart\u00e3o Branco \u00e9 de aproximadamente 21 dias.<\/li>\n\n\n\n<li>Requerer o visto de n\u00f3mada digital numa embaixada ou consulado h\u00fangaro no teu pa\u00eds de origem. Este processo pode demorar cerca de 30 dias.<\/li>\n<\/ol>\n\n\n\n<p>Podes acompanhar todo o processo de candidatura em <a href=\"http:\/\/www.hungaryvisa.org\/\" target=\"_blank\" rel=\"noreferrer noopener nofollow\"><u>www.hungaryvisa.org<\/u><\/a><\/p>\n\n\n\n<h2 class=\"wp-block-heading\"><strong>Custos<\/strong><\/h2>\n\n\n\n<p>As taxas associadas ao visto n\u00f3mada digital para a Hungria s\u00e3o as seguintes<\/p>\n\n\n\n<ul class=\"wp-block-list\">\n<li>Pedido de visto de entrada: 110 euros (para pedidos apresentados fora da Hungria)<\/li>\n\n\n\n<li>Taxa de servi\u00e7o para o pedido presencial: 39 000 HUF (na Hungria)<\/li>\n\n\n\n<li>Taxa de servi\u00e7o para o pedido em linha: 24 000 HUF (atrav\u00e9s da plataforma Enter Hungary)<\/li>\n<\/ul>\n\n\n\n<h2 class=\"wp-block-heading\"><strong>Vantagens do visto n\u00f3mada digital para a Hungria<\/strong><\/h2>\n\n\n\n<p>O Visto N\u00f3mada Digital da Hungria oferece v\u00e1rios benef\u00edcios aos trabalhadores remotos, incluindo:<\/p>\n\n\n\n<p>A oportunidade de viver e trabalhar na Hungria por um ano, com a op\u00e7\u00e3o de estender por mais um ano se ainda for eleg\u00edvel.<\/p>\n\n\n\n<p>Acesso ao custo de vida acess\u00edvel da Hungria, \u00e0 sua cultura vibrante e \u00e0s suas paisagens pitorescas.<\/p>\n\n\n\n<p>A possibilidade de viajar dentro do Espa\u00e7o Schengen sem precisar de vistos adicionais.<\/p>\n\n\n\n<h2 class=\"wp-block-heading\"><strong>Viver na Hungria<\/strong><\/h2>\n\n\n\n<p>Como n\u00f3mada digital na Hungria, ter\u00e1s a oportunidade de experimentar v\u00e1rios aspectos da vida neste pa\u00eds. Eis alguns pontos-chave a ter em conta:<\/p>\n\n\n\n<p><strong>Custo de vida:<\/strong><\/p>\n\n\n\n<p>A Hungria tem um custo de vida acess\u00edvel em compara\u00e7\u00e3o com muitos pa\u00edses da Europa Ocidental. As rendas, os servi\u00e7os p\u00fablicos, as compras e os transportes s\u00e3o geralmente mais acess\u00edveis, o que a torna uma op\u00e7\u00e3o atraente para os n\u00f3madas digitais.<\/p>\n\n\n\n<p><strong>Alojamento:<\/strong><\/p>\n\n\n\n<p>Encontrar\u00e1s uma s\u00e9rie de op\u00e7\u00f5es de alojamento, desde apartamentos partilhados e alugueres privados a espa\u00e7os de coabita\u00e7\u00e3o e alojamentos de curta dura\u00e7\u00e3o. Budapeste, a capital, \u00e9 uma escolha popular, mas cidades mais pequenas como Szeged, Debrecen e P\u00e9cs tamb\u00e9m t\u00eam o seu encanto e atra\u00e7\u00e3o.<\/p>\n\n\n\n<p><strong>Internet e espa\u00e7os de coworking:<\/strong><\/p>\n\n\n\n<p>A Hungria tem uma infraestrutura de Internet fi\u00e1vel, com cobertura Wi-Fi generalizada, mesmo em espa\u00e7os p\u00fablicos. Encontrar\u00e1s espa\u00e7os de coworking em cidades maiores, como Budapeste, que se destinam \u00e0 comunidade n\u00f3mada digital.<\/p>\n\n\n\n<p><strong>Transportes:<\/strong><\/p>\n\n\n\n<p>A Hungria tem uma vasta rede de transportes p\u00fablicos, incluindo autocarros, el\u00e9ctricos e comboios. Budapeste tamb\u00e9m disp\u00f5e de um sistema de metro. Podes viajar facilmente dentro do pa\u00eds ou explorar os pa\u00edses vizinhos com comboios ou autocarros regionais.<\/p>\n\n\n\n<p><strong>Cuidados de sa\u00fade:<\/strong><\/p>\n\n\n\n<p>A Hungria tem um sistema de sa\u00fade p\u00fablico que oferece cobertura universal aos residentes. Como n\u00f3mada digital, \u00e9 prov\u00e1vel que precises de um seguro de sa\u00fade privado para aceder a servi\u00e7os m\u00e9dicos. Os estabelecimentos de sa\u00fade privados, sobretudo nas grandes cidades, oferecem muitas vezes cuidados de elevada qualidade.<\/p>\n\n\n\n<p><strong>Vida social e contactos:<\/strong><\/p>\n\n\n\n<p>A Hungria oferece uma vida social vibrante, com in\u00fameros restaurantes, bares e eventos culturais. As oportunidades de networking s\u00e3o abundantes atrav\u00e9s de grupos de encontro, eventos de interc\u00e2mbio lingu\u00edstico e comunidades de n\u00f3madas digitais.<\/p>\n","protected":false},"excerpt":{"rendered":"","protected":false},"author":3,"featured_media":813,"parent":0,"menu_order":3,"comment_status":"closed","ping_status":"closed","template":"","meta":{"_acf_changed":false,"footnotes":""},"post-style":[],"producer":[],"class_list":["post-654","page","type-page","status-publish","has-post-thumbnail"],"acf":[],"_links":{"self":[{"href":"https:\/\/www.budapestcard.org\/pt\/wp-json\/wp\/v2\/pages\/654","targetHints":{"allow":["GET"]}}],"collection":[{"href":"https:\/\/www.budapestcard.org\/pt\/wp-json\/wp\/v2\/pages"}],"about":[{"href":"https:\/\/www.budapestcard.org\/pt\/wp-json\/wp\/v2\/types\/page"}],"author":[{"embeddable":true,"href":"https:\/\/www.budapestcard.org\/pt\/wp-json\/wp\/v2\/users\/3"}],"replies":[{"embeddable":true,"href":"https:\/\/www.budapestcard.org\/pt\/wp-json\/wp\/v2\/comments?post=654"}],"version-history":[{"count":3,"href":"https:\/\/www.budapestcard.org\/pt\/wp-json\/wp\/v2\/pages\/654\/revisions"}],"predecessor-version":[{"id":817,"href":"https:\/\/www.budapestcard.org\/pt\/wp-json\/wp\/v2\/pages\/654\/revisions\/817"}],"wp:featuredmedia":[{"embeddable":true,"href":"https:\/\/www.budapestcard.org\/pt\/wp-json\/wp\/v2\/media\/813"}],"wp:attachment":[{"href":"https:\/\/www.budapestcard.org\/pt\/wp-json\/wp\/v2\/media?parent=654"}],"wp:term":[{"taxonomy":"post-style","embeddable":true,"href":"https:\/\/www.budapestcard.org\/pt\/wp-json\/wp\/v2\/post-style?post=654"},{"taxonomy":"producer","embeddable":true,"href":"https:\/\/www.budapestcard.org\/pt\/wp-json\/wp\/v2\/producer?post=654"}],"curies":[{"name":"wp","href":"https:\/\/api.w.org\/{rel}","templated":true}]}}