{"id":658,"date":"2024-10-22T13:30:48","date_gmt":"2024-10-22T11:30:48","guid":{"rendered":"https:\/\/www.budapestcard.org\/pt\/?page_id=658"},"modified":"2025-03-19T09:09:48","modified_gmt":"2025-03-19T08:09:48","slug":"contacto","status":"publish","type":"page","link":"https:\/\/www.budapestcard.org\/pt\/contacto\/","title":{"rendered":"Contacto"},"content":{"rendered":"\n<h3 class=\"wp-block-heading\">Pedidos de informa\u00e7\u00e3o sobre bilhetes<\/h3>\n\n\n\n<p>Para quaisquer quest\u00f5es sobre bilhetes ou sobre a tua reserva existente, contacta o nosso parceiro de bilhetes:<\/p>\n\n\n\n<ul class=\"wp-block-list\">\n<li>Email: info@ticketbar.eu<\/li>\n\n\n\n<li>Telefona: +44 2035142614<\/li>\n<\/ul>\n\n\n\n<hr class=\"wp-block-separator has-alpha-channel-opacity\" \/>\n\n\n\n<h3 class=\"wp-block-heading\">Informa\u00e7\u00f5es tur\u00edsticas<\/h3>\n\n\n\n<h4 class=\"wp-block-heading\"><strong>Gabinete de Informa\u00e7\u00e3o Tur\u00edstica Budapestinfo<\/strong><\/h4>\n\n\n\n<p>Para quaisquer quest\u00f5es relacionadas com o turismo em Budapeste e na Hungria, tais como mapas, guias e dicas sobre atrac\u00e7\u00f5es e eventos:<\/p>\n\n\n\n<ul class=\"wp-block-list\">\n<li>Endere\u00e7o: 1052 Parque V\u00e1rosh\u00e1za, esquina da K\u00e1roly k\u00f6r\u00fat &#8211; Rua B\u00e1rczy Istv\u00e1n (Pra\u00e7a De\u00e1k, Metro1, Metro2, Metro3 ou terminal de autocarros 100E em frente, se vieres do aeroporto)<\/li>\n<\/ul>\n\n\n\n<h4 class=\"wp-block-heading\"><strong>Linha direta de informa\u00e7\u00f5es sobre o Cart\u00e3o Budapeste<\/strong><\/h4>\n\n\n\n<p>Para obter informa\u00e7\u00f5es pormenorizadas sobre o Cart\u00e3o Budapeste, descontos e benef\u00edcios:<\/p>\n\n\n\n<ul class=\"wp-block-list\">\n<li>Telefona: +36 30 955 0398 (dispon\u00edvel das 9.00 \u00e0s 19.00 horas)<\/li>\n<\/ul>\n\n\n\n<hr class=\"wp-block-separator has-alpha-channel-opacity\" \/>\n\n\n\n<h3 class=\"wp-block-heading\">Apoio ao s\u00edtio Web<\/h3>\n\n\n\n<p>Para quaisquer quest\u00f5es relacionadas com este website, contacta-nos diretamente:<\/p>\n\n\n\n<ul class=\"wp-block-list\">\n<li>Email: info@moonshot.media<\/li>\n<\/ul>\n","protected":false},"excerpt":{"rendered":"","protected":false},"author":3,"featured_media":0,"parent":0,"menu_order":1,"comment_status":"closed","ping_status":"closed","template":"","meta":{"_acf_changed":false,"footnotes":"","button_url":"https:\/\/www.tiqets.com\/pt\/things-to-do-in-budapest-c68199\/tickets-for-budapest-card-free-entrance-to-szt-lukacs-thermal-bath-and-pool-p974576\/?partner=budapestcard","ms_product_id":"","ms_product_name":"","ms_price":"","ms_currency":"","ms_rating_value":"","ms_review_count":"","rank_math_title":"","rank_math_description":""},"post-style":[],"producer":[],"class_list":["post-658","page","type-page","status-publish","has-post-thumbnail"],"acf":[],"product_schema":{"ms_product_id":"","ms_product_name":"","ms_price":"","ms_currency":"","ms_rating_value":"","ms_review_count":""},"_links":{"self":[{"href":"https:\/\/www.budapestcard.org\/pt\/wp-json\/wp\/v2\/pages\/658","targetHints":{"allow":["GET"]}}],"collection":[{"href":"https:\/\/www.budapestcard.org\/pt\/wp-json\/wp\/v2\/pages"}],"about":[{"href":"https:\/\/www.budapestcard.org\/pt\/wp-json\/wp\/v2\/types\/page"}],"author":[{"embeddable":true,"href":"https:\/\/www.budapestcard.org\/pt\/wp-json\/wp\/v2\/users\/3"}],"replies":[{"embeddable":true,"href":"https:\/\/www.budapestcard.org\/pt\/wp-json\/wp\/v2\/comments?post=658"}],"version-history":[{"count":2,"href":"https:\/\/www.budapestcard.org\/pt\/wp-json\/wp\/v2\/pages\/658\/revisions"}],"predecessor-version":[{"id":661,"href":"https:\/\/www.budapestcard.org\/pt\/wp-json\/wp\/v2\/pages\/658\/revisions\/661"}],"wp:attachment":[{"href":"https:\/\/www.budapestcard.org\/pt\/wp-json\/wp\/v2\/media?parent=658"}],"wp:term":[{"taxonomy":"post-style","embeddable":true,"href":"https:\/\/www.budapestcard.org\/pt\/wp-json\/wp\/v2\/post-style?post=658"},{"taxonomy":"producer","embeddable":true,"href":"https:\/\/www.budapestcard.org\/pt\/wp-json\/wp\/v2\/producer?post=658"}],"curies":[{"name":"wp","href":"https:\/\/api.w.org\/{rel}","templated":true}]}}