{"id":830,"date":"2025-04-25T06:53:46","date_gmt":"2025-04-25T04:53:46","guid":{"rendered":"https:\/\/www.budapestcard.org\/pt\/?page_id=830"},"modified":"2025-09-29T21:58:45","modified_gmt":"2025-09-29T19:58:45","slug":"budapest-pass","status":"publish","type":"page","link":"https:\/\/www.budapestcard.org\/pt\/budapest-pass\/","title":{"rendered":"Budapest Pass"},"content":{"rendered":"\n<p>O Budapest Pass \u00e9 mais do que um simples bilhete: \u00e9 o seu acesso VIP ao cora\u00e7\u00e3o da cidade!<\/p>\n\n\n\n<div class=\"ms-cta-button ms-p ms-cta\">\n<a class=\"gb-text ms-btn ms-btn--primary ms-shadow\" href=\"https:\/\/www.tiqets.com\/pt\/checkout\/tickets-for-budapest-pass-p1013746\/booking_details\/?partner=budapestcard\" rel=\"nofollow noopener\">Verificar disponibilidade<\/a>\n<\/div>\n\n\n\n<h2 class=\"wp-block-heading\">Benef\u00edcios<\/h2>\n\n\n\n<ul class=\"ms-icon-list\">\n<li class=\"ms-icon-list__item\"><span class=\"gb-shape\"><svg viewBox=\"0 0 256 256\" fill=\"#000000\" height=\"32\" width=\"32\" xmlns=\"http:\/\/www.w3.org\/2000\/svg\"><path d=\"M232.49,80.49l-128,128a12,12,0,0,1-17,0l-56-56a12,12,0,1,1,17-17L96,183,215.51,63.51a12,12,0,0,1,17,17Z\"><\/path><\/svg><\/span><span class=\"gb-text\">10% de desconto em outras atra\u00e7\u00f5es de Budapeste.<\/span><\/li>\n\n\n\n<li class=\"ms-icon-list__item\"><span class=\"gb-shape\"><svg viewBox=\"0 0 256 256\" fill=\"#000000\" height=\"32\" width=\"32\" xmlns=\"http:\/\/www.w3.org\/2000\/svg\"><path d=\"M232.49,80.49l-128,128a12,12,0,0,1-17,0l-56-56a12,12,0,1,1,17-17L96,183,215.51,63.51a12,12,0,0,1,17,17Z\"><\/path><\/svg><\/span><span class=\"gb-text\">Sem taxas surpresa.<\/span><\/li>\n\n\n\n<li class=\"ms-icon-list__item\"><span class=\"gb-shape\"><svg viewBox=\"0 0 256 256\" fill=\"#000000\" height=\"32\" width=\"32\" xmlns=\"http:\/\/www.w3.org\/2000\/svg\"><path d=\"M232.49,80.49l-128,128a12,12,0,0,1-17,0l-56-56a12,12,0,1,1,17-17L96,183,215.51,63.51a12,12,0,0,1,17,17Z\"><\/path><\/svg><\/span><span class=\"gb-text\">Escolha o hor\u00e1rio que melhor lhe convier para cada local ao finalizar a compra.<\/span><\/li>\n<\/ul>\n\n\n\n<figure><div class=\"ms-credits\">\n<img decoding=\"async\" class=\"gb-media-4f95c955\" src=\"https:\/\/www.budapestcard.org\/wp-content\/uploads\/budapest-pass-1745508262.jpg\" alt=\"Budapest Digital Pass\" title=\"budapest-pass\"\/>\n<span class='ms-credits__info' id='media908'><svg xmlns=\"http:\/\/www.w3.org\/2000\/svg\" width=\"20\" height=\"22\" fill=\"#000000\" viewBox=\"0 0 256 256\"><path d=\"M128,24A104,104,0,1,0,232,128,104.11,104.11,0,0,0,128,24Zm0,192a88,88,0,1,1,88-88A88.1,88.1,0,0,1,128,216ZM96,128a32,32,0,0,0,57.6,19.2,8,8,0,0,1,12.8,9.61,48,48,0,1,1,0-57.62,8,8,0,0,1-12.8,9.61A32,32,0,0,0,96,128Z\"><\/path><\/svg><a href=https:\/\/aws-tiqets-cdn.imgix.net\/images\/content\/5b15a54f59bb4a72a684951fd8342bcd.png?auto=format%2Ccompress&#038;fit=crop&#038;h=1284&#038;ixlib=python-3.2.1&#038;q=70&#038;w=1284&#038;s=1b83f5203d9850100a55e1c2a2e6d972 rel='nofollow' target='_blank'>Tiqets<\/a><\/span><span class='ms-credits__btn' id='btn_media908' onclick='ms_credits_trigger(\"#media908\", this)'><svg xmlns=\"http:\/\/www.w3.org\/2000\/svg\" class=\"info_icon\" width=\"28\" height=\"28\" fill=\"#FFF\" viewBox=\"0 0 256 256\"><path d=\"M128,24A104,104,0,1,0,232,128,104.11,104.11,0,0,0,128,24Zm0,192a88,88,0,1,1,88-88A88.1,88.1,0,0,1,128,216Zm16-40a8,8,0,0,1-8,8,16,16,0,0,1-16-16V128a8,8,0,0,1,0-16,16,16,0,0,1,16,16v40A8,8,0,0,1,144,176ZM112,84a12,12,0,1,1,12,12A12,12,0,0,1,112,84Z\"><\/path><\/svg><svg xmlns=\"http:\/\/www.w3.org\/2000\/svg\" class=\"close_icon\" width=\"28\" height=\"28\" fill=\"#FFF\" viewBox=\"0 0 256 256\"><path d=\"M165.66,101.66,139.31,128l26.35,26.34a8,8,0,0,1-11.32,11.32L128,139.31l-26.34,26.35a8,8,0,0,1-11.32-11.32L116.69,128,90.34,101.66a8,8,0,0,1,11.32-11.32L128,116.69l26.34-26.35a8,8,0,0,1,11.32,11.32ZM232,128A104,104,0,1,1,128,24,104.11,104.11,0,0,1,232,128Zm-16,0a88,88,0,1,0-88,88A88.1,88.1,0,0,0,216,128Z\"><\/path><\/svg><\/span><\/div><\/figure>\n\n\n\n<div class=\"ms-alert--primary ms-p ms-rounded ms-mb-last-child-0 ms-mb-children-condensed ms-mb-block\">\n<h3 class=\"wp-block-heading has-ms-color-primary-darker-color has-text-color has-link-color wp-elements-eaf2cc6b956246e612edafe512e121b9\">Como reservar<\/h3>\n\n\n\n<div class=\"gb-element-f4eb9e37\">\n<div>\n<p class=\"gb-text-91d99ec7 ms-link-unstyled\"><span class=\"gb-shape\"><svg viewBox=\"0 0 256 256\" fill=\"#000000\" height=\"32\" width=\"32\" xmlns=\"http:\/\/www.w3.org\/2000\/svg\"><path d=\"M246.15,133.18,146.83,33.86A19.85,19.85,0,0,0,132.69,28H40A12,12,0,0,0,28,40v92.69a19.85,19.85,0,0,0,5.86,14.14l99.32,99.32a20,20,0,0,0,28.28,0l84.69-84.69A20,20,0,0,0,246.15,133.18Zm-98.83,93.17L52,131V52h79l95.32,95.32ZM100,84A16,16,0,1,1,84,68,16,16,0,0,1,100,84Z\"><\/path><\/svg><\/span><span class=\"gb-text\"><strong>Escolha o seu passe<\/strong><\/span><\/p>\n\n\n\n<p class=\"has-ms-color-primary-darker-color has-text-color has-link-color wp-elements-99ec8462ae04de1c9a88c13a68106bad\">Selecione o n\u00famero de participantes e a data de in\u00edcio do seu passe.<\/p>\n<\/div>\n\n\n\n<div>\n<p class=\"gb-text-71a39911 ms-link-unstyled\"><span class=\"gb-shape\"><svg viewBox=\"0 0 256 256\" fill=\"#000000\" height=\"32\" width=\"32\" xmlns=\"http:\/\/www.w3.org\/2000\/svg\"><path d=\"M128,20A108,108,0,1,0,236,128,108.12,108.12,0,0,0,128,20Zm0,192a84,84,0,1,1,84-84A84.09,84.09,0,0,1,128,212Zm68-84a12,12,0,0,1-12,12H128a12,12,0,0,1-12-12V72a12,12,0,0,1,24,0v44h44A12,12,0,0,1,196,128Z\"><\/path><\/svg><\/span><span class=\"gb-text\"><strong>Reserve os seus bilhetes<\/strong><\/span><\/p>\n\n\n\n<p class=\"has-ms-color-primary-darker-color has-text-color has-link-color wp-elements-3ae2b0030a30315ec1edb5f1dd9604c4\">Escolha uma data e hora para as atra\u00e7\u00f5es e atividades.<\/p>\n<\/div>\n<\/div>\n\n\n\n<div class=\"gb-element-b221a285\">\n<div>\n<p class=\"gb-text-a8e13d94 ms-link-unstyled\"><span class=\"gb-shape\"><svg viewBox=\"0 0 256 256\" fill=\"#000000\" height=\"32\" width=\"32\" xmlns=\"http:\/\/www.w3.org\/2000\/svg\"><path d=\"M224,44H32A20,20,0,0,0,12,64V192a20,20,0,0,0,20,20H224a20,20,0,0,0,20-20V64A20,20,0,0,0,224,44Zm-4,24V88H36V68ZM36,188V112H220v76Zm172-24a12,12,0,0,1-12,12H164a12,12,0,0,1,0-24h32A12,12,0,0,1,208,164Zm-68,0a12,12,0,0,1-12,12H116a12,12,0,0,1,0-24h12A12,12,0,0,1,140,164Z\"><\/path><\/svg><\/span><span class=\"gb-text\"><strong>Confirme e pague<\/strong><\/span><\/p>\n\n\n\n<p class=\"has-ms-color-primary-darker-color has-text-color has-link-color wp-elements-12ec99028e446faf7cc5b6471d9f0fda\">Insira os seus dados e conclua o pagamento seguro.<\/p>\n<\/div>\n\n\n\n<div>\n<p class=\"gb-text-26106146 ms-link-unstyled\"><span class=\"gb-shape\"><svg viewBox=\"0 0 256 256\" fill=\"#000000\" height=\"32\" width=\"32\" xmlns=\"http:\/\/www.w3.org\/2000\/svg\"><path d=\"M176.49,95.51a12,12,0,0,1,0,17l-56,56a12,12,0,0,1-17,0l-24-24a12,12,0,1,1,17-17L112,143l47.51-47.52A12,12,0,0,1,176.49,95.51ZM236,128A108,108,0,1,1,128,20,108.12,108.12,0,0,1,236,128Zm-24,0a84,84,0,1,0-84,84A84.09,84.09,0,0,0,212,128Z\"><\/path><\/svg><\/span><span class=\"gb-text\"><strong>Receba os seus bilhetes<\/strong><\/span><\/p>\n\n\n\n<p class=\"has-ms-color-primary-darker-color has-text-color has-link-color wp-elements-289e11859bce95bed82636cf156c53fe\">Receba os seus bilhetes digitais instantaneamente por e-mail.<\/p>\n<\/div>\n<\/div>\n<\/div>\n\n\n\n<h2 class=\"wp-block-heading\">Como funciona<\/h2>\n\n\n\n<ol class=\"wp-block-list\">\n<li><strong>Ative o seu passe<\/strong>: O seu Budapest Pass \u00e9 ativado automaticamente na data que selecionar durante a reserva.<\/li>\n\n\n\n<li><strong>Resgate o seu bilhete<\/strong>: Mostre o bilhete digital (enviado para o seu e-mail) na entrada de cada atividade inclu\u00edda (Cruzeiro pelo Dan\u00fabio, Banhos Termais Sz\u00e9chenyi).<\/li>\n\n\n\n<li><strong>N\u00e3o \u00e9 necess\u00e1rio imprimir<\/strong>: Basta usar o bilhete m\u00f3vel no seu smartphone.<\/li>\n<\/ol>\n\n\n\n<div class=\"ms-p ms-rounded ms-mb-last-child-0 ms-mb-children-condensed ms-alert--contrast ms-mb-block\">\n<h4 class=\"gb-text-26a71c5b\"><span class=\"gb-shape\"><svg viewBox=\"0 0 256 256\" fill=\"#000000\" height=\"32\" width=\"32\" xmlns=\"http:\/\/www.w3.org\/2000\/svg\"><path d=\"M108,84a16,16,0,1,1,16,16A16,16,0,0,1,108,84Zm128,44A108,108,0,1,1,128,20,108.12,108.12,0,0,1,236,128Zm-24,0a84,84,0,1,0-84,84A84.09,84.09,0,0,0,212,128Zm-72,36.68V132a20,20,0,0,0-20-20,12,12,0,0,0-4,23.32V168a20,20,0,0,0,20,20,12,12,0,0,0,4-23.32Z\"><\/path><\/svg><\/span><span class=\"gb-text\">Oferta especial:<\/span><\/h4>\n\n\n\n<p class=\"gb-text\">Ap\u00f3s a reserva, receber\u00e1 por e-mail um c\u00f3digo pessoal de <strong>10% de desconto<\/strong>, v\u00e1lido por um m\u00eas nas suas pr\u00f3ximas 5 atra\u00e7\u00f5es em Budapeste.<\/p>\n\n\n\n<p class=\"gb-text\">Para mais informa\u00e7\u00f5es, <a href=\"https:\/\/www.tiqets.com\/pt\/things-to-do-in-budapest-c68199\/budapest-pass-p1013746\/?partner=budapestcard\" data-type=\"link\" data-id=\"https:\/\/www.tiqets.com\/en\/things-to-do-in-budapest-c68199\/budapest-pass-p1013746\/?partner=budapestcard\" rel=\"nofollow noopener\">clique aqui \u00bb<\/a><\/p>\n<\/div>\n\n\n\n<h2 class=\"wp-block-heading\">O que est\u00e1 inclu\u00eddo<\/h2>\n\n\n\n<h3 class=\"wp-block-heading\">Banhos Termais Sz\u00e9chenyi<\/h3>\n\n\n\n<ul class=\"wp-block-list\">\n<li>Entrada de dia inteiro no Sz\u00e9chenyi Spa, um dos maiores spas termais da Europa<\/li>\n\n\n\n<li>Explore 3 piscinas exteriores e 15 piscinas interiores<\/li>\n\n\n\n<li>Inclui uma degusta\u00e7\u00e3o de p\u00e1linka (ou uma bebida n\u00e3o alco\u00f3lica, se preferir) e cacifo ou cabine (conforme o bilhete)<\/li>\n<\/ul>\n\n\n\n<h3 class=\"wp-block-heading\"><strong>Cruzeiro pelo Rio Dan\u00fabio (com uma bebida)<\/strong><\/h3>\n\n\n\n<ul class=\"wp-block-list\">\n<li>Relaxe no rio e desfrute das melhores vistas de Budapeste<\/li>\n\n\n\n<li>Veja pontos tur\u00edsticos famosos como o Parlamento e a Ponte das Correntes a partir da \u00e1gua<\/li>\n\n\n\n<li>Inclui uma bebida de boas-vindas para desfrutar durante o cruzeiro<\/li>\n<\/ul>\n\n\n\n<h3 class=\"wp-block-heading\">Aplica\u00e7\u00e3o de \u00e1udio-guia da POPGuide<\/h3>\n\n\n\n<ul class=\"wp-block-list\">\n<li>Viagens ilimitadas em autocarros, el\u00e9tricos e linhas de metro<\/li>\n\n\n\n<li>Super conveniente para chegar a atra\u00e7\u00f5es espalhadas por Buda e Peste<\/li>\n\n\n\n<li>N\u00e3o precisa de comprar t\u00edtulos de transporte separados<\/li>\n<\/ul>\n\n\n\n<h2 class=\"wp-block-heading\">Budapest Pass vs. Budapest Card: qual \u00e9 a diferen\u00e7a?<\/h2>\n\n\n<div class=\"ms-table frozenColumn\"><table><tr><th><\/th><th><a href=\"https:\/\/www.tiqets.com\/pt\/things-to-do-in-budapest-c68199\/budapest-pass-p1013746\/?partner=budapestcard\" rel=\"nofollow noopener\" target=\"_blank\">Budapest Pass<\/a><\/th><th><a href=\"https:\/\/www.tiqets.com\/pt\/things-to-do-in-budapest-c68199\/tickets-for-budapest-card-free-entrance-to-szt-lukacs-thermal-bath-and-pool-p974576\/?partner=budapestcard\" rel=\"nofollow noopener\" target=\"_blank\">Budapest Card<\/a><\/th><\/tr><tr><td>Foco principal<\/td><td>Atra\u00e7\u00f5es imperd\u00edveis selecionadas com experi\u00eancias guiadas<\/td><td>Entrada gratuita ou com desconto em muitos museus e termas<\/td><\/tr><tr><td>Inclui<\/td><td>Banho Termal Sz\u00e9chenyi, Cruzeiros pelo Rio Dan\u00fabio em Budapeste<\/td><td>Bas\u00edlica de Santo Est\u00eav\u00e3o, Banho Luk\u00e1cs, 30+ museus e atra\u00e7\u00f5es<\/td><\/tr><tr><td>App de audioguia<\/td><td>\u2713<\/td><td> <\/td><\/tr><tr><td>Transporte p\u00fablico gratuito<\/td><td><\/td><td>\u2713<\/td><\/tr><tr><td>Descontos adicionais<\/td><td>10 % de desconto em outras atra\u00e7\u00f5es de Budapeste<\/td><td>Descontos em restaurantes, museus e spas selecionados. <a href=\"https:\/\/www.budapestcard.org\/pt\/descontos\/\" rel=\"nofollow\" target=\"_blank\">Ver aqui \u00bb<\/a><\/td><\/tr><tr><td>Poupan\u00e7a estimada<\/td><td>Economize at\u00e9 10 % em compara\u00e7\u00e3o com reservar cada atividade separadamente<\/td><td>Economize 10\u201350 % em restaurantes, atra\u00e7\u00f5es, tours, termas e mais<\/td><\/tr><\/table><\/div>\n\n\n<h3 class=\"wp-block-heading\">Adquira o Budapest Pass se:<\/h3>\n\n\n\n<ul class=\"wp-block-list\">\n<li>Deseja uma experi\u00eancia mais organizada, com as atra\u00e7\u00f5es imperd\u00edveis j\u00e1 selecionadas para si<\/li>\n\n\n\n<li>Prefere grandes atra\u00e7\u00f5es como o Sz\u00e9chenyi Spa e um cruzeiro pelo Dan\u00fabio<\/li>\n\n\n\n<li>N\u00e3o quer planear tudo, pois o passe faz o trabalho por si<\/li>\n<\/ul>\n\n\n\n<p><a href=\"https:\/\/www.tiqets.com\/pt\/things-to-do-in-budapest-c68199\/budapest-pass-p1013746\/?partner=budapestcard\" rel=\"nofollow noopener\"><strong>Verificar disponibilidade \u00bb<\/strong><\/a><\/p>\n\n\n\n<h3 class=\"wp-block-heading\">Adquira o Budapest Card se:<\/h3>\n\n\n\n<ul class=\"wp-block-list\">\n<li>Adora visitar muitos museus e locais hist\u00f3ricos (especialmente se j\u00e1 sabe o que quer ver)<\/li>\n\n\n\n<li>Quer explorar ao seu pr\u00f3prio ritmo, escolhendo entre uma lista mais ampla de atra\u00e7\u00f5es<\/li>\n\n\n\n<li>Tem um or\u00e7amento mais apertado e quer mais flexibilidade<\/li>\n<\/ul>\n\n\n\n<p><a href=\"https:\/\/www.tiqets.com\/pt\/things-to-do-in-budapest-c68199\/tickets-for-budapest-card-free-entrance-to-szt-lukacs-thermal-bath-and-pool-p974576\/?partner=budapestcard\" rel=\"nofollow noopener\"><strong>Verificar disponibilidade \u00bb<\/strong><\/a><\/p>\n\n\n\n<h2 class=\"wp-block-heading\">Perguntas frequentes<\/h2>\n\n\n\n<div class=\"ms-accordion ms-mb-block\">\n<div class=\"ms-accordion__item\">\n<div class=\"ms-accordion__header\">\n<h3 class=\"gb-text\">Posso escolher o idioma das visitas guiadas?<\/h3>\n<\/div>\n\n\n\n<div class=\"ms-accordion__body\">\n<p class=\"gb-text\">A maioria das visitas guiadas (visita \u00e0 cidade, Parlamento h\u00fangaro, Museu P\u00e1linka) \u00e9 oferecida em ingl\u00eas, mas algumas podem estar dispon\u00edveis em outros idiomas. Verifique a disponibilidade ao fazer a reserva.<\/p>\n<\/div>\n<\/div>\n\n\n\n<div class=\"ms-accordion__item\">\n<div class=\"ms-accordion__header\">\n<h3 class=\"gb-text\">Como posso resgatar ou recolher o passe?<\/h3>\n<\/div>\n\n\n\n<div class=\"ms-accordion__body\">\n<p class=\"gb-text\">Receber\u00e1 bilhetes digitais por e-mail ao fazer a compra.<\/p>\n<\/div>\n<\/div>\n\n\n\n<div class=\"ms-accordion__item\">\n<div class=\"ms-accordion__header\">\n<h3 class=\"gb-text\">Posso partilhar o passe com outra pessoa?<\/h3>\n<\/div>\n\n\n\n<div class=\"ms-accordion__body\">\n<p class=\"gb-text\">N\u00e3o. O Budapest Pass \u00e9 pessoal e intransfer\u00edvel. Ter\u00e1 de mostrar o seu pr\u00f3prio bilhete (e, em alguns casos, identifica\u00e7\u00e3o) em cada atra\u00e7\u00e3o.<\/p>\n<\/div>\n<\/div>\n\n\n\n<div class=\"ms-accordion__item\">\n<div class=\"ms-accordion__header\">\n<h3 class=\"gb-text\">Como funciona o c\u00f3digo de desconto de 10%?<\/h3>\n<\/div>\n\n\n\n<div class=\"ms-accordion__body\">\n<p class=\"gb-text\">Receber\u00e1 um c\u00f3digo pessoal por e-mail ap\u00f3s a reserva. Pode us\u00e1-lo at\u00e9 cinco vezes para atra\u00e7\u00f5es ou experi\u00eancias adicionais em Budapeste atrav\u00e9s da Tiqets. O c\u00f3digo \u00e9 v\u00e1lido por um per\u00edodo limitado, por isso verifique a data de validade.<\/p>\n<\/div>\n<\/div>\n<\/div>\n","protected":false},"excerpt":{"rendered":"","protected":false},"author":4,"featured_media":831,"parent":0,"menu_order":0,"comment_status":"closed","ping_status":"closed","template":"","meta":{"_acf_changed":false,"footnotes":"","button_url":"https:\/\/www.tiqets.com\/pt\/things-to-do-in-budapest-c68199\/budapest-pass-p1013746\/?partner=budapestcard","ms_product_id":"1013746","ms_product_name":"Budapest Pass","ms_price":"69","ms_currency":"EUR","ms_rating_value":"4","ms_review_count":"12","rank_math_title":"Budapest Pass - Bilhetes, Pre\u00e7os e Informa\u00e7\u00f5es","rank_math_description":"Aproveite o melhor de Budapeste com o Budapest Pass: spa termal, cruzeiro no Dan\u00fabio, visita ao Parlamento e muito mais. Inclui transporte p\u00fablico e v\u00e1rios descontos."},"post-style":[],"producer":[],"class_list":["post-830","page","type-page","status-publish","has-post-thumbnail"],"acf":[],"product_schema":{"ms_product_id":"1013746","ms_product_name":"Budapest Pass","ms_price":"69","ms_currency":"EUR","ms_rating_value":"4","ms_review_count":"12"},"_links":{"self":[{"href":"https:\/\/www.budapestcard.org\/pt\/wp-json\/wp\/v2\/pages\/830","targetHints":{"allow":["GET"]}}],"collection":[{"href":"https:\/\/www.budapestcard.org\/pt\/wp-json\/wp\/v2\/pages"}],"about":[{"href":"https:\/\/www.budapestcard.org\/pt\/wp-json\/wp\/v2\/types\/page"}],"author":[{"embeddable":true,"href":"https:\/\/www.budapestcard.org\/pt\/wp-json\/wp\/v2\/users\/4"}],"replies":[{"embeddable":true,"href":"https:\/\/www.budapestcard.org\/pt\/wp-json\/wp\/v2\/comments?post=830"}],"version-history":[{"count":3,"href":"https:\/\/www.budapestcard.org\/pt\/wp-json\/wp\/v2\/pages\/830\/revisions"}],"predecessor-version":[{"id":873,"href":"https:\/\/www.budapestcard.org\/pt\/wp-json\/wp\/v2\/pages\/830\/revisions\/873"}],"wp:featuredmedia":[{"embeddable":true,"href":"https:\/\/www.budapestcard.org\/pt\/wp-json\/wp\/v2\/media\/831"}],"wp:attachment":[{"href":"https:\/\/www.budapestcard.org\/pt\/wp-json\/wp\/v2\/media?parent=830"}],"wp:term":[{"taxonomy":"post-style","embeddable":true,"href":"https:\/\/www.budapestcard.org\/pt\/wp-json\/wp\/v2\/post-style?post=830"},{"taxonomy":"producer","embeddable":true,"href":"https:\/\/www.budapestcard.org\/pt\/wp-json\/wp\/v2\/producer?post=830"}],"curies":[{"name":"wp","href":"https:\/\/api.w.org\/{rel}","templated":true}]}}