{"id":27,"date":"2016-10-21T17:31:30","date_gmt":"2016-10-21T15:31:30","guid":{"rendered":"https:\/\/www.budapestcard.org\/ro\/?page_id=27"},"modified":"2026-04-13T06:09:42","modified_gmt":"2026-04-13T04:09:42","slug":"preturi","status":"publish","type":"page","link":"https:\/\/www.budapestcard.org\/ro\/preturi\/","title":{"rendered":"Pre\u021burile cardului Budapest Card"},"content":{"rendered":"\n<p>Cardul Budapest este unul dintre cele mai bune instrumente pe care le pute\u021bi folosi pentru a descoperi cu adev\u0103rat toate lucrurile uimitoare pe care Budapesta le are de oferit. Dar care dintre op\u021biunile de card este cea mai potrivit\u0103 pentru dumneavoastr\u0103?<\/p>\n\n\n\n<p>Exist\u0103 cinci durate diferite ale cardului Budapest: <strong>24<\/strong>, <strong>48<\/strong>, <strong>72<\/strong>, <strong>96 <\/strong>\u0219i <strong>120 <\/strong>de ore. Fiecare card este valabil de la prima utilizare pentru perioada de timp marcat\u0103 pe el. Cardul se activeaz\u0103 doar la prima utilizare, a\u0219a c\u0103 \u00eel po\u021bi cump\u0103ra f\u0103r\u0103 grij\u0103 \u00eenainte de c\u0103l\u0103torie. Este valabil p\u00e2n\u0103 la sf\u00e2r\u0219itul sezonului actual, adic\u0103 p\u00e2n\u0103 pe 30 aprilie 2026. Cump\u0103r\u0103 din timp \u0219i economise\u0219te!<\/p>\n\n\n\n<h3 class=\"wp-block-heading\">Tabel de pre\u021buri<\/h3>\n\n\n<div class=\"ms-table frozenColumn\"><table><tr><th>Adul\u021bi<\/th><th>Pre\u021b normal<\/th><\/tr><tr><td>24 ore<\/td><td>\u20ac55,00 (\u20ac55,00 pe zi)<\/td><\/tr><tr><td>48 ore<\/td><td>\u20ac71,50 (\u20ac35,75 pe zi)<\/td><\/tr><tr><td>72 ore<\/td><td>\u20ac91,30 (\u20ac30,43 pe zi)<\/td><\/tr><tr><td>96 ore<\/td><td>\u20ac114,40 (\u20ac28,60 pe zi)<\/td><\/tr><tr><td>120 ore<\/td><td>\u20ac127,60 (\u20ac25,52 pe zi)<\/td><\/tr><\/table><\/div>\n\n\n<p><strong>Not\u0103:<\/strong> Fiecare card este valabil pentru un adult \u0219i un copil cu v\u00e2rsta de p\u00e2n\u0103 la \u0219ase ani care c\u0103l\u0103tore\u0219te cu acesta.<\/p>\n\n\n\n<p>Pentru a stabili dac\u0103 merit\u0103 s\u0103 investi\u021bi \u00een cardul Budapest, adresa\u021bi-v\u0103 aceste trei \u00eentreb\u0103ri:<\/p>\n\n\n\n<ol class=\"wp-block-list\">\n<li>C\u00e2t timp voi sta \u00een Budapesta?<\/li>\n\n\n\n<li>C\u00e2te lucruri uimitoare vreau s\u0103 v\u0103d c\u00e2t timp sunt acolo?<\/li>\n\n\n\n<li>C\u00e2\u021bi bani vreau s\u0103 economisesc?<\/li>\n<\/ol>\n\n\n\n<p>Veni\u021bi la Budapesta doar pentru o zi, pentru a \u00eencerca celebrele cozonaci tradi\u021bionali ungure\u0219ti (k\u00fcrt\u0151skal\u00e1cs) de la Moln\u00e1r&#8217;s K\u00fcrt\u0151skal\u00e1cs sau pentru a face o baie la Baia Termal\u0103 \u0219i Piscina Luk\u00e1cs? Dac\u0103 da, atunci cea mai bun\u0103 op\u021biune ar fi un card de 24 de ore. Dac\u0103 r\u0103m\u00e2ne\u021bi mai mult timp sau dori\u021bi s\u0103 v\u0103 bucura\u021bi de mai mult dec\u00e2t o gustare dulce \u0219i o baie relaxant\u0103, lua\u021bi \u00een considerare cardurile de 48, 72, 96 sau 120 de ore.<\/p>\n\n\n<div class=\"gb-container gb-container-bc0d9ca1 ms-alert--primary ms-p ms-rounded ms-mb-last-child-0 ms-mb-children-condensed ms-mb-block\">\n\n<p>Cardurile cu durat\u0103 mai lung\u0103 sunt foarte avantajoase din punct de vedere financiar, \u00een special cel de 120 de ore, care cost\u0103 doar \u20ac25,52 pe zi.<\/p>\n\n<\/div>\n\n\n<p>Cardul Budapest v\u0103 ofer\u0103 acces la tot ce are ora\u0219ul mai bun de oferit. Zeci de baruri, restaurante, spa-uri, muzee \u0219i alte loca\u021bii ofer\u0103 reduceri semnificative la intrare, servicii sau achizi\u021bii. Pute\u021bi utiliza gratuit transportul public al ora\u0219ului, pute\u021bi merge \u00een tururi ghidate gratuite pe jos \u0219i \u00een croaziere gratuite pe r\u00e2u sau pute\u021bi vizita Baia Termal\u0103 Luk\u00e1cs gratuit. Posibilit\u0103\u021bile sunt nelimitate.<\/p>\n\n\n\n<p>Consulta\u021bi pagina noastr\u0103 de <a href=\"https:\/\/www.budapestcard.org\/ro\/reduceri\/\" target=\"_blank\" rel=\"noreferrer noopener\">Reduceri<\/a> pentru mai multe informa\u021bii despre toate economiile uimitoare pe care le pute\u021bi face cu cardul Budapest. &nbsp;<\/p>\n\n\n\n<p><\/p>\n","protected":false},"excerpt":{"rendered":"","protected":false},"author":1,"featured_media":0,"parent":0,"menu_order":4,"comment_status":"closed","ping_status":"closed","template":"","meta":{"_acf_changed":false,"footnotes":"","button_url":"https:\/\/www.tiqets.com\/things-to-do-in-budapest-c68199\/tickets-for-budapest-card-free-entrance-to-szt-lukacs-thermal-bath-and-pool-p974576\/?partner=budapestcard","ms_product_id":"","ms_product_name":"","ms_price":"","ms_currency":"","ms_rating_value":"","ms_review_count":"","rank_math_title":"Budapest Card - Pre\u021buri \u00een %currentyear%","rank_math_description":"Descoper\u0103 Budapesta \u00een %currentyear% cu cel mai avantajos card Budapest Card. Alege \u00eentre 24, 48, 72, 96 sau 120 de ore. Afl\u0103 aici pre\u021burile cardului Budapest Card."},"post-style":[],"producer":[],"class_list":["post-27","page","type-page","status-publish","has-post-thumbnail"],"acf":[],"product_schema":{"ms_product_id":"","ms_product_name":"","ms_price":"","ms_currency":"","ms_rating_value":"","ms_review_count":""},"_links":{"self":[{"href":"https:\/\/www.budapestcard.org\/ro\/wp-json\/wp\/v2\/pages\/27","targetHints":{"allow":["GET"]}}],"collection":[{"href":"https:\/\/www.budapestcard.org\/ro\/wp-json\/wp\/v2\/pages"}],"about":[{"href":"https:\/\/www.budapestcard.org\/ro\/wp-json\/wp\/v2\/types\/page"}],"author":[{"embeddable":true,"href":"https:\/\/www.budapestcard.org\/ro\/wp-json\/wp\/v2\/users\/1"}],"replies":[{"embeddable":true,"href":"https:\/\/www.budapestcard.org\/ro\/wp-json\/wp\/v2\/comments?post=27"}],"version-history":[{"count":3,"href":"https:\/\/www.budapestcard.org\/ro\/wp-json\/wp\/v2\/pages\/27\/revisions"}],"predecessor-version":[{"id":1045,"href":"https:\/\/www.budapestcard.org\/ro\/wp-json\/wp\/v2\/pages\/27\/revisions\/1045"}],"wp:attachment":[{"href":"https:\/\/www.budapestcard.org\/ro\/wp-json\/wp\/v2\/media?parent=27"}],"wp:term":[{"taxonomy":"post-style","embeddable":true,"href":"https:\/\/www.budapestcard.org\/ro\/wp-json\/wp\/v2\/post-style?post=27"},{"taxonomy":"producer","embeddable":true,"href":"https:\/\/www.budapestcard.org\/ro\/wp-json\/wp\/v2\/producer?post=27"}],"curies":[{"name":"wp","href":"https:\/\/api.w.org\/{rel}","templated":true}]}}