{"id":29,"date":"2016-10-21T17:36:59","date_gmt":"2016-10-21T15:36:59","guid":{"rendered":"https:\/\/www.budapestcard.org\/ro\/?page_id=29"},"modified":"2025-09-29T23:25:26","modified_gmt":"2025-09-29T21:25:26","slug":"faq","status":"publish","type":"page","link":"https:\/\/www.budapestcard.org\/ro\/faq\/","title":{"rendered":"\u00centreb\u0103ri frecvente"},"content":{"rendered":"<div id=\"rank-math-faq\" class=\"rank-math-block\">\n<div class=\"rank-math-list \">\n<div id=\"faq-question-1717062476605\" class=\"rank-math-list-item\">\n<h3 class=\"rank-math-question \">Ce este cardul Budapest Card?<\/h3>\n<div class=\"rank-math-answer \">\n\n<p>Cardul Budapest este cheia ta simbolic\u0103 c\u0103tre ora\u0219ul Budapesta. \u00cel po\u021bi utiliza \u00een trei moduri: ca abonament de transport, care \u00ee\u021bi ofer\u0103 c\u0103l\u0103torii gratuite cu toate mijloacele de transport public din ora\u0219; ca abonament pentru atrac\u021bii, care te ajut\u0103 s\u0103 descoperi istoria \u0219i cultura bogat\u0103 a ora\u0219ului; \u0219i ca card de reduceri, care te poate ajuta s\u0103 economise\u0219ti bani \u00een timpul \u0219ederii tale \u00een Budapesta.<\/p>\n<p>Cardul Budapest \u00ee\u021bi ofer\u0103 intr\u0103ri gratuite la peste 30 de muzee \u0219i atrac\u021bii, reduceri de p\u00e2n\u0103 la 50% la restaurante, baruri \u0219i magazine, precum \u0219i tururi gratuite pe jos \u0219i croaziere gratuite pe r\u00e2u, pentru a te familiariza rapid cu acest ora\u0219 uimitor.<\/p>\n\n<\/div>\n<\/div>\n<div id=\"faq-question-1717062505033\" class=\"rank-math-list-item\">\n<h3 class=\"rank-math-question \">Care sunt avantajele cardului Budapest Card?<\/h3>\n<div class=\"rank-math-answer \">\n\n<p>Cel mai mare avantaj al cardului Budapest Card este c\u0103 te ajut\u0103 s\u0103 economise\u0219ti at\u00e2t timp, c\u00e2t \u0219i bani. Cu intrare gratuit\u0103 la peste 30 de atrac\u021bii, inclusiv la obiective turistice de top, precum Muzeul Na\u021bional al Ungariei \u0219i B\u0103ile Termale St. Luk\u00e1cs, \u00eempreun\u0103 cu reduceri la multe altele, po\u021bi economisi cu u\u0219urin\u021b\u0103 sute de euro. Indiferent dac\u0103 c\u0103l\u0103tore\u0219ti singur sau cu prietenii, vei beneficia de acelea\u0219i reduceri la atrac\u021bii.<\/p>\n<p>Fie c\u0103 vrei s\u0103 te relaxezi la una dintre numeroasele b\u0103i termale ale ora\u0219ului, fie c\u0103 e\u0219ti mai interesat s\u0103 vizionezi un spectacol la un teatru sau muzeu istoric, cardul Budapest Card are ceva pentru toat\u0103 lumea.<\/p>\n\n<\/div>\n<\/div>\n<div id=\"faq-question-1717062519392\" class=\"rank-math-list-item\">\n<h3 class=\"rank-math-question \">Ce reduceri ofer\u0103 cardul Budapest Card?<\/h3>\n<div class=\"rank-math-answer \">\n\n<p>Cardul Budapest ofer\u0103 reduceri la transport, atrac\u021bii, tururi turistice, restaurante, spa-uri \u0219i multe altele. \u00cen plus, cardul \u00ee\u021bi ofer\u0103 acces gratuit la toate mijloacele de transport public din Budapesta, intrare la una dintre legendarele b\u0103i termale ale ora\u0219ului \u0219i intrare gratuit\u0103 la peste 30 dintre cele mai importante muzee \u0219i situri istorice din Budapesta. Pe l\u00e2ng\u0103 toate acestea, de\u021bin\u0103torii cardului beneficiaz\u0103 de reduceri la intrarea \u00een multe alte obiective culturale \u0219i biserici din ora\u0219.<\/p>\n<p>Dac\u0103 \u00ee\u021bi plac vizitele turistice, cardul Budapest Card include tururi gratuite pe jos de care po\u021bi profita. Acestea \u00ee\u021bi vor ar\u0103ta totul, de la Bastionul Pescarilor din cartierul Castelului Buda, p\u00e2n\u0103 la uimitoarea Bazilic\u0103 Sf. \u0218tefan din partea Pest a ora\u0219ului. De asemenea, te po\u021bi bucura de croaziere gratuite pe r\u00e2u, care ofer\u0103 ocazia perfect\u0103 de a admira orizontul uimitor al Budapestei de pe Dun\u0103re.<\/p>\n<p>Dac\u0103 e\u0219ti pasionat de gastronomie, cardul \u00ee\u021bi ofer\u0103 reduceri de p\u00e2n\u0103 la 50% la unele restaurante, cafenele \u0219i baruri excelente, astfel \u00eenc\u00e2t s\u0103 te po\u021bi bucura de cele mai bune preparate din buc\u0103t\u0103ria maghiar\u0103 f\u0103r\u0103 a cheltui prea mult. Pe scurt, cardul Budapest Card ofer\u0103 reduceri pentru orice tip de c\u0103l\u0103tor, indiferent de interesele tale. Consult\u0103 pagina <a href=\"https:\/\/www.budapestcard.org\/ro\/discounts\/\" target=\"_blank\" rel=\"noreferrer noopener\">de reduceri<\/a> pentru a vedea lista complet\u0103 a avantajelor. \u00a0<\/p>\n\n<\/div>\n<\/div>\n<div id=\"faq-question-1724227536551\" class=\"rank-math-list-item\">\n<h3 class=\"rank-math-question \">Merit\u0103 s\u0103 achizi\u021biona\u021bi cardul Budapest Card?<\/h3>\n<div class=\"rank-math-answer \">\n\n<p>Cardul Budapest Card \u00ee\u021bi ofer\u0103 acces gratuit la sistemul de transport al ora\u0219ului \u0219i include peste 50 de reduceri la muzee, atrac\u021bii, baruri, restaurante, cafenele \u0219i b\u0103i termale. Cardul nu numai c\u0103 te ajut\u0103 s\u0103 economise\u0219ti bani, dar \u00ee\u021bi ofer\u0103 \u0219i libertatea de a vedea ora\u0219ul a\u0219a cum dore\u0219ti \u0219i comoditatea de a vizita toate atrac\u021biile uimitoare pe care Budapesta le are de oferit, \u00een propriul ritm. Cu toate acestea, numai tu po\u021bi decide dac\u0103 Budapest Card merit\u0103 investi\u021bia.<\/p>\n\n<\/div>\n<\/div>\n<div id=\"faq-question-1745825055616\" class=\"rank-math-list-item\">\n<h3 class=\"rank-math-question \">Pot s\u0103 evit cozile cu Budapest Card?<\/h3>\n<div class=\"rank-math-answer \">\n\n<p>Nu, cardul Budapest Card nu \u00ee\u021bi permite s\u0103 evi\u021bi cozile. \u00ce\u021bi ofer\u0103 intrare gratuit\u0103 sau reduceri, dar tot trebuie s\u0103 stai la coad\u0103 ca toat\u0103 lumea.<\/p>\n\n<\/div>\n<\/div>\n<div id=\"faq-question-1745831504115\" class=\"rank-math-list-item\">\n<h3 class=\"rank-math-question \">C\u00e2t timp este valabil cardul Budapest Card?<\/h3>\n<div class=\"rank-math-answer \">\n\n<p>Po\u021bi alege un card valabil 24, 48, 72, 96 sau 120 de ore de la prima utilizare. De asemenea, fiecare card Budapest Card face parte dintr-un sezon anual:<br \/><strong>Carduri 2024\/2025<\/strong>: valabile \u00een perioada 1 mai 2024 \u2013 30 aprilie 2025.<br \/><strong>Cardurile 2025\/2026<\/strong>: valabile \u00eentre 1 mai 2025 \u0219i 30 aprilie 2026.<br \/>Asigur\u0103-te c\u0103 valabilitatea cardului corespunde datelor c\u0103l\u0103toriei tale!<\/p>\n\n<\/div>\n<\/div>\n<div id=\"faq-question-1745831746962\" class=\"rank-math-list-item\">\n<h3 class=\"rank-math-question \">Ce se \u00eent\u00e2mpl\u0103 dac\u0103 pierd cardul Budapest Card?<\/h3>\n<div class=\"rank-math-answer \">\n\n<p>Dac\u0103 pierzi cardul, nu te \u00eengrijora! At\u00e2ta timp c\u00e2t l-ai \u00eenregistrat pe site-ul web dup\u0103 achizi\u021bionare, po\u021bi ob\u021bine un card de \u00eenlocuire la un <a href=\"https:\/\/www.budapestcard.org\/ro\/contact\/\" data-type=\"link\" data-id=\"https:\/\/www.budapestcard.org\/ro\/contact\/\"><\/a><a href=\"https:\/\/www.budapestcard.org\/ro\/contact\/\" target=\"_blank\" rel=\"noreferrer noopener\">birou de informa\u021bii turistice Budapestinfo<\/a>.<\/p>\n\n<\/div>\n<\/div>\n<div id=\"faq-question-1724227544295\" class=\"rank-math-list-item\">\n<h3 class=\"rank-math-question \">Ce este viza digital\u0103 pentru nomazi din Ungaria?<\/h3>\n<div class=\"rank-math-answer \">\n\n<p><a href=\"https:\/\/www.budapestcard.org\/ro\/hungary-digital-nomad-visa\/\" target=\"_blank\" rel=\"noreferrer noopener\">Viza digital\u0103 pentru nomazi din Ungaria<\/a>, cunoscut\u0103 \u0219i sub numele de White Card, este un permis de \u0219edere de un an care permite lucr\u0103torilor la distan\u021b\u0103 s\u0103 locuiasc\u0103 \u0219i s\u0103 lucreze legal \u00een Ungaria. Poate fi re\u00eennoit\u0103 o singur\u0103 dat\u0103, permi\u021b\u00e2nd o \u0219edere maxim\u0103 de doi ani.<\/p>\n\n<\/div>\n<\/div>\n<\/div>\n<\/div>","protected":false},"excerpt":{"rendered":"","protected":false},"author":1,"featured_media":0,"parent":0,"menu_order":5,"comment_status":"closed","ping_status":"closed","template":"","meta":{"_acf_changed":false,"footnotes":""},"post-style":[],"producer":[],"class_list":["post-29","page","type-page","status-publish"],"acf":[],"_links":{"self":[{"href":"https:\/\/www.budapestcard.org\/ro\/wp-json\/wp\/v2\/pages\/29","targetHints":{"allow":["GET"]}}],"collection":[{"href":"https:\/\/www.budapestcard.org\/ro\/wp-json\/wp\/v2\/pages"}],"about":[{"href":"https:\/\/www.budapestcard.org\/ro\/wp-json\/wp\/v2\/types\/page"}],"author":[{"embeddable":true,"href":"https:\/\/www.budapestcard.org\/ro\/wp-json\/wp\/v2\/users\/1"}],"replies":[{"embeddable":true,"href":"https:\/\/www.budapestcard.org\/ro\/wp-json\/wp\/v2\/comments?post=29"}],"version-history":[{"count":3,"href":"https:\/\/www.budapestcard.org\/ro\/wp-json\/wp\/v2\/pages\/29\/revisions"}],"predecessor-version":[{"id":991,"href":"https:\/\/www.budapestcard.org\/ro\/wp-json\/wp\/v2\/pages\/29\/revisions\/991"}],"wp:attachment":[{"href":"https:\/\/www.budapestcard.org\/ro\/wp-json\/wp\/v2\/media?parent=29"}],"wp:term":[{"taxonomy":"post-style","embeddable":true,"href":"https:\/\/www.budapestcard.org\/ro\/wp-json\/wp\/v2\/post-style?post=29"},{"taxonomy":"producer","embeddable":true,"href":"https:\/\/www.budapestcard.org\/ro\/wp-json\/wp\/v2\/producer?post=29"}],"curies":[{"name":"wp","href":"https:\/\/api.w.org\/{rel}","templated":true}]}}