{"id":509,"date":"2024-08-09T10:09:25","date_gmt":"2024-08-09T08:09:25","guid":{"rendered":"https:\/\/www.budapestcard.org\/ro\/?page_id=509"},"modified":"2026-03-29T05:22:40","modified_gmt":"2026-03-29T03:22:40","slug":"budapest-card","status":"publish","type":"page","link":"https:\/\/www.budapestcard.org\/ro\/","title":{"rendered":"Budapest Card"},"content":{"rendered":"\n<figure class=\"gb-block-image gb-block-image-5d9661c3\"><img decoding=\"async\" width=\"1920\" height=\"1080\" class=\"gb-image gb-image-5d9661c3 ms-mb-block\" src=\"https:\/\/www.budapestcard.org\/ro\/wp-content\/uploads\/sites\/17\/budapest-hompage-1745203934.jpg\" alt=\"View of Budapest City\" title=\"Budapest-hompage\" srcset=\"https:\/\/www.budapestcard.org\/ro\/wp-content\/uploads\/sites\/17\/budapest-hompage-1745203934.jpg 1920w, https:\/\/www.budapestcard.org\/ro\/wp-content\/uploads\/sites\/17\/budapest-hompage-1745203934-768x432.jpg 768w, https:\/\/www.budapestcard.org\/ro\/wp-content\/uploads\/sites\/17\/budapest-hompage-1745203934-1024x576.jpg 1024w, https:\/\/www.budapestcard.org\/ro\/wp-content\/uploads\/sites\/17\/budapest-hompage-1745203934-1280x720.jpg 1280w, https:\/\/www.budapestcard.org\/ro\/wp-content\/uploads\/sites\/17\/budapest-hompage-1745203934-1600x900.jpg 1600w\" sizes=\"(max-width: 1920px) 100vw, 1920px\" \/><\/figure>\n\n\n\n<h1 class=\"wp-block-heading has-ms-color-neutral-darker-color has-text-color has-link-color wp-elements-a354cd2b40f5207ba0435abf6ca68e6f\">Cardul Budapesta<br><strong><mark style=\"background-color:var(--ms-color-white)\" class=\"has-inline-color has-ms-color-neutral-color\">Descoper\u0103 Budapesta cu Cardul Budapesta City Card!<\/mark><\/strong><\/h1>\n\n\n\n<p>Bucur\u0103-te de transport public nelimitat (inclusiv de la aeroport) \u0219i intrare gratuit\u0103 la principalele atrac\u021bii cu Budapest Card. Include intrare gratuit\u0103 la 22 de muzee \u0219i obiective, o baie termal\u0103 gratuit\u0103, o croazier\u0103 gratuit\u0103 pe Dun\u0103re, plus reduceri la alte atrac\u021bii, restaurante \u0219i alte experien\u021be.<\/p>\n\n\n\n<div class=\"ms-p ms-rounded ms-mb-last-child-0 ms-mb-children-condensed ms-alert--contrast ms-mb-block\">\n<h4 class=\"gb-text-26a71c5b\"><span class=\"gb-shape\"><svg viewBox=\"0 0 256 256\" fill=\"#000000\" height=\"32\" width=\"32\" xmlns=\"http:\/\/www.w3.org\/2000\/svg\"><path d=\"M246.15,133.18,146.83,33.86A19.85,19.85,0,0,0,132.69,28H40A12,12,0,0,0,28,40v92.69a19.85,19.85,0,0,0,5.86,14.14l99.32,99.32a20,20,0,0,0,28.28,0l84.69-84.69A20,20,0,0,0,246.15,133.18Zm-98.83,93.17L52,131V52h79l95.32,95.32ZM100,84A16,16,0,1,1,84,68,16,16,0,0,1,100,84Z\"><\/path><\/svg><\/span><span class=\"gb-text\"><strong><strong>Nu rata!<\/strong><\/strong><\/span><\/h4>\n\n\n\n<p class=\"gb-text\">Ob\u021bine reduceri exclusive la atrac\u021biile populare din Budapesta c\u00e2nd le combini cu Budapest Card-ul t\u0103u.<\/p>\n\n\n\n<p class=\"gb-text\"><a href=\"https:\/\/www.tiqets.com\/things-to-do-in-budapest-c68199\/tickets-for-budapest-card-free-entrance-to-szt-lukacs-thermal-bath-and-pool-p974576\/?partner=budapestcard\" data-type=\"link\" data-id=\"https:\/\/www.getyourguide.com\/budapest-l29\/budapest-card-public-transport-17-museums-and-discounts-t187335\/?partner_id=FENKESD&amp;utm_medium=online_publisher\" rel=\"nofollow noopener\">Adaug\u0103 experien\u021be \u0219i economise\u0219te \u2192<\/a><\/p>\n<\/div>\n\n\n<div class=\"gb-container gb-container-1e1905d6 gb-tabs\" role=\"tablist\" data-opened-tab=\"1\">\n<div class=\"gb-container gb-container-c0d25ee5 gb-tabs__buttons\" role=\"list\">\n\n<button class=\"gb-button gb-button-38b6d7d4 gb-button-text gb-tabs__button gb-block-is-current\" id=\"gb-tab-button-38b6d7d4\" role=\"tab\">Avantaje<\/button>\n\n\n\n<button class=\"gb-button gb-button-c40a7253 gb-button-text gb-tabs__button\" id=\"gb-tab-button-c40a7253\" role=\"tab\">Ce este<\/button>\n\n\n\n<button class=\"gb-button gb-button-89feebf9 gb-button-text gb-tabs__button\" id=\"gb-tab-button-89feebf9\" role=\"tab\">De unde se poate cump\u0103ra<\/button>\n\n\n\n<button class=\"gb-button gb-button-15f4a474 gb-button-text gb-tabs__button\" id=\"gb-tab-button-15f4a474\" role=\"tab\">Cum se utilizeaz\u0103<\/button>\n\n<\/div>\n\n<div class=\"gb-container gb-container-8fcce89b gb-tabs__items\">\n<div class=\"gb-container gb-container-2e268732 gb-tabs__item gb-tabs__item-open\" id=\"gb-tab-item-2e268732\" role=\"tabpanel\">\n<div class=\"gb-grid-wrapper gb-grid-wrapper-cd1d9c10\">\n<div class=\"gb-grid-column gb-grid-column-e5e7f9c4\"><div class=\"gb-container gb-container-e5e7f9c4\">\n\n<h5 class=\"gb-headline gb-headline-60e9d754\"><span class=\"gb-icon\"><svg viewBox=\"0 0 256 256\" fill=\"#000000\" height=\"32\" width=\"32\" xmlns=\"http:\/\/www.w3.org\/2000\/svg\"><path d=\"M232.49,80.49l-128,128a12,12,0,0,1-17,0l-56-56a12,12,0,1,1,17-17L96,183,215.51,63.51a12,12,0,0,1,17,17Z\"><\/path><\/svg><\/span><span class=\"gb-headline-text\"><strong><strong>Transport gratuit<\/strong><\/strong><\/span><\/h5>\n\n\n\n<p class=\"gb-headline gb-headline-7a66953a gb-headline-text\">C\u0103l\u0103torii nelimitate \u0219i gratuite cu autobuzele, metroul, tramvaiele \u0219i troleibuzele.<\/p>\n\n<\/div><\/div>\n\n<div class=\"gb-grid-column gb-grid-column-5d6b898d\"><div class=\"gb-container gb-container-5d6b898d\">\n\n<h5 class=\"gb-headline gb-headline-adcb5959\"><span class=\"gb-icon\"><svg viewBox=\"0 0 256 256\" fill=\"#000000\" height=\"32\" width=\"32\" xmlns=\"http:\/\/www.w3.org\/2000\/svg\"><path d=\"M232.49,80.49l-128,128a12,12,0,0,1-17,0l-56-56a12,12,0,1,1,17-17L96,183,215.51,63.51a12,12,0,0,1,17,17Z\"><\/path><\/svg><\/span><span class=\"gb-headline-text\"><strong>Intrare gratuit\u0103<\/strong><\/span><\/h5>\n\n\n\n<p class=\"gb-headline gb-headline-bb4a4e2f gb-headline-text ms-icon-list__item\">Acces la 22 de muzee \u0219i atrac\u021bii de top f\u0103r\u0103 niciun cost.<\/p>\n\n<\/div><\/div>\n\n<div class=\"gb-grid-column gb-grid-column-e238867d\"><div class=\"gb-container gb-container-e238867d\">\n\n<h5 class=\"gb-headline gb-headline-0615572f\"><span class=\"gb-icon\"><svg viewBox=\"0 0 256 256\" fill=\"#000000\" height=\"32\" width=\"32\" xmlns=\"http:\/\/www.w3.org\/2000\/svg\"><path d=\"M232.49,80.49l-128,128a12,12,0,0,1-17,0l-56-56a12,12,0,1,1,17-17L96,183,215.51,63.51a12,12,0,0,1,17,17Z\"><\/path><\/svg><\/span><span class=\"gb-headline-text\"><strong><strong>Tururi ghidate pe jos gratuite<\/strong><\/strong><\/span><\/h5>\n\n\n\n<p class=\"gb-headline gb-headline-0c389bf3 gb-headline-text ms-icon-list__item\">Particip\u0103 la plimb\u0103ri ghidate prin Buda \u0219i Pest pentru a descoperi pove\u0219tile din spatele obiectivelor turistice.<\/p>\n\n<\/div><\/div>\n\n<div class=\"gb-grid-column gb-grid-column-4a8883e7\"><div class=\"gb-container gb-container-4a8883e7\">\n\n<h5 class=\"gb-headline gb-headline-ec997f6b\"><span class=\"gb-icon\"><svg viewBox=\"0 0 256 256\" fill=\"#000000\" height=\"32\" width=\"32\" xmlns=\"http:\/\/www.w3.org\/2000\/svg\"><path d=\"M232.49,80.49l-128,128a12,12,0,0,1-17,0l-56-56a12,12,0,1,1,17-17L96,183,215.51,63.51a12,12,0,0,1,17,17Z\"><\/path><\/svg><\/span><span class=\"gb-headline-text\"><strong><strong>Croaziere gratuite<\/strong><\/strong><\/span><\/h5>\n\n\n\n<p class=\"gb-headline gb-headline-44007cef gb-headline-text\">Alege o croazier\u0103 fluvial\u0103 gratuit\u0103 pe Dun\u0103re din patru op\u021biuni diferite.<\/p>\n\n<\/div><\/div>\n\n<div class=\"gb-grid-column gb-grid-column-b7d0120f\"><div class=\"gb-container gb-container-b7d0120f\">\n\n<h5 class=\"gb-headline gb-headline-c1e5c141\"><span class=\"gb-icon\"><svg viewBox=\"0 0 256 256\" fill=\"#000000\" height=\"32\" width=\"32\" xmlns=\"http:\/\/www.w3.org\/2000\/svg\"><path d=\"M232.49,80.49l-128,128a12,12,0,0,1-17,0l-56-56a12,12,0,1,1,17-17L96,183,215.51,63.51a12,12,0,0,1,17,17Z\"><\/path><\/svg><\/span><span class=\"gb-headline-text\"><strong>Oferte \u0219i reduceri<\/strong><\/span><\/h5>\n\n\n\n<p class=\"gb-headline gb-headline-df24e1db gb-headline-text\">10\u201350% reducere la Bazilica Sf\u00e2ntul \u0218tefan, tururi ale Parlamentului, sinagogi \u0219i peste 25 de alte atrac\u021bii.<\/p>\n\n<\/div><\/div>\n\n<div class=\"gb-grid-column gb-grid-column-ea1410f9\"><div class=\"gb-container gb-container-ea1410f9\">\n\n<h5 class=\"gb-headline gb-headline-d8492c81\"><span class=\"gb-icon\"><svg viewBox=\"0 0 256 256\" fill=\"#000000\" height=\"32\" width=\"32\" xmlns=\"http:\/\/www.w3.org\/2000\/svg\"><path d=\"M232.49,80.49l-128,128a12,12,0,0,1-17,0l-56-56a12,12,0,1,1,17-17L96,183,215.51,63.51a12,12,0,0,1,17,17Z\"><\/path><\/svg><\/span><span class=\"gb-headline-text\"><strong>B\u0103i termale<\/strong><\/span><\/h5>\n\n\n\n<p class=\"gb-headline gb-headline-d3685999 gb-headline-text\">Intrare gratuit\u0103 la B\u0103ile Termale Sf\u00e2ntul Luca, plus 20% reducere la B\u0103ile Termale Sz\u00e9chenyi \u0219i alte b\u0103i populare.<\/p>\n\n<\/div><\/div>\n<\/div>\n<\/div>\n\n<div class=\"gb-container gb-container-3bccd8b9 gb-tabs__item\" id=\"gb-tab-item-3bccd8b9\" role=\"tabpanel\">\n\n<p>Budapest Card este un abonament all-in-one care acoper\u0103 transportul public, intr\u0103rile la muzee \u0219i reducerile din \u00eentregul ora\u0219. Alege o durat\u0103 (24, 48, 72, 96 sau 120 de ore), activeaz\u0103-l la prima utilizare \u0219i exploreaz\u0103 f\u0103r\u0103 s\u0103 cumperi bilete individuale.<\/p>\n\n\n\n<p>Este conceput pentru c\u0103l\u0103torii care vor s\u0103 se deplaseze liber prin Budapesta. Din Pest \u00een Buda, o pe\u0219ter\u0103 diminea\u021ba \u0219i o baie termal\u0103 dup\u0103-amiaza, o croazier\u0103 fluvial\u0103 \u0219i vizite la muzee pe parcurs. F\u0103r\u0103 s\u0103 planifici fiecare curs\u0103 de metrou sau s\u0103 aduni pre\u021burile biletelor.<\/p>\n\n\n<div class=\"gb-container gb-container-7d45ff9c ms-alert--primary ms-p ms-rounded ms-mb-last-child-0 ms-mb-children-condensed ms-mb-block\">\n\n<p>Cardul Budapesta este un card 3 \u00een 1 <strong>card de transport<\/strong>, <strong>permis de acces la atrac\u021bii<\/strong> \u0219i <strong>card de reduceri<\/strong>.<\/p>\n\n<\/div>\n\n\n<p><strong>De ce s\u0103 alegi Budapest Card?<\/strong><\/p>\n\n\n\n<p>Budapest Card este ideal pentru vizitatorii care vor s\u0103 profite la maximum de timpul petrecut \u00een capitala Ungariei. De\u021bin\u0103torii Budapest Card pot beneficia de:<\/p>\n\n\n<ul class=\"gb-container gb-container-53b82d66 ms-icon-list\">\n\n<li class=\"gb-headline gb-headline-f5138486 ms-icon-list__item\"><span class=\"gb-icon\"><svg viewBox=\"0 0 256 256\" fill=\"#000000\" height=\"32\" width=\"32\" xmlns=\"http:\/\/www.w3.org\/2000\/svg\"><path d=\"M232.49,80.49l-128,128a12,12,0,0,1-17,0l-56-56a12,12,0,1,1,17-17L96,183,215.51,63.51a12,12,0,0,1,17,17Z\"><\/path><\/svg><\/span><span class=\"gb-headline-text\">C\u0103l\u0103torii nelimitate \u0219i gratuite cu autobuzele, tramvaiele, metroul, troleibuzele, trenurile suburbane (H\u00c9V) sau trenurile<\/span><\/li>\n\n\n\n<li class=\"gb-headline gb-headline-eb81dbda ms-icon-list__item\"><span class=\"gb-icon\"><svg viewBox=\"0 0 256 256\" fill=\"#000000\" height=\"32\" width=\"32\" xmlns=\"http:\/\/www.w3.org\/2000\/svg\"><path d=\"M232.49,80.49l-128,128a12,12,0,0,1-17,0l-56-56a12,12,0,1,1,17-17L96,183,215.51,63.51a12,12,0,0,1,17,17Z\"><\/path><\/svg><\/span><span class=\"gb-headline-text\">Intrare gratuit\u0103 la peste 20 de muzee, galerii \u0219i situri istorice (inclusiv Muzeul Na\u021bional Maghiar \u0219i Muzeul de Istorie al Budapestei)<\/span><\/li>\n\n\n\n<li class=\"gb-headline gb-headline-b37bb796 ms-icon-list__item\"><span class=\"gb-icon\"><svg viewBox=\"0 0 256 256\" fill=\"#000000\" height=\"32\" width=\"32\" xmlns=\"http:\/\/www.w3.org\/2000\/svg\"><path d=\"M232.49,80.49l-128,128a12,12,0,0,1-17,0l-56-56a12,12,0,1,1,17-17L96,183,215.51,63.51a12,12,0,0,1,17,17Z\"><\/path><\/svg><\/span><span class=\"gb-headline-text\">Acces gratuit la B\u0103ile Termale Sf\u00e2ntul Luca \u0219i Plaja Lupa (\u0219i 20% reducere la alte b\u0103i renumite)<\/span><\/li>\n\n\n\n<li class=\"gb-headline gb-headline-47470800 ms-icon-list__item\"><span class=\"gb-icon\"><svg viewBox=\"0 0 256 256\" fill=\"#000000\" height=\"32\" width=\"32\" xmlns=\"http:\/\/www.w3.org\/2000\/svg\"><path d=\"M232.49,80.49l-128,128a12,12,0,0,1-17,0l-56-56a12,12,0,1,1,17-17L96,183,215.51,63.51a12,12,0,0,1,17,17Z\"><\/path><\/svg><\/span><span class=\"gb-headline-text\">Tururi ghidate pe jos gratuite \u00een Buda \u0219i Pest cu ghizi locali<\/span><\/li>\n\n\n\n<li class=\"gb-headline gb-headline-88925859 ms-icon-list__item\"><span class=\"gb-icon\"><svg viewBox=\"0 0 256 256\" fill=\"#000000\" height=\"32\" width=\"32\" xmlns=\"http:\/\/www.w3.org\/2000\/svg\"><path d=\"M232.49,80.49l-128,128a12,12,0,0,1-17,0l-56-56a12,12,0,1,1,17-17L96,183,215.51,63.51a12,12,0,0,1,17,17Z\"><\/path><\/svg><\/span><span class=\"gb-headline-text\">O croazier\u0103 fluvial\u0103 gratuit\u0103 pe Dun\u0103re, la alegere din patru op\u021biuni diferite<\/span><\/li>\n\n\n\n<li class=\"gb-headline gb-headline-7fd90256 ms-icon-list__item\"><span class=\"gb-icon\"><svg viewBox=\"0 0 256 256\" fill=\"#000000\" height=\"32\" width=\"32\" xmlns=\"http:\/\/www.w3.org\/2000\/svg\"><path d=\"M232.49,80.49l-128,128a12,12,0,0,1-17,0l-56-56a12,12,0,1,1,17-17L96,183,215.51,63.51a12,12,0,0,1,17,17Z\"><\/path><\/svg><\/span><span class=\"gb-headline-text\">Reduceri (10\u201350%) la peste 25 de atrac\u021bii, inclusiv Bazilica Sf\u00e2ntul \u0218tefan, Sinagoga de pe Strada Doh\u00e1ny \u0219i Gr\u0103dina Zoologic\u0103 din Budapesta<\/span><\/li>\n\n\n\n<li class=\"gb-headline gb-headline-ae6d3b3f ms-icon-list__item\"><span class=\"gb-icon\"><svg viewBox=\"0 0 256 256\" fill=\"#000000\" height=\"32\" width=\"32\" xmlns=\"http:\/\/www.w3.org\/2000\/svg\"><path d=\"M232.49,80.49l-128,128a12,12,0,0,1-17,0l-56-56a12,12,0,1,1,17-17L96,183,215.51,63.51a12,12,0,0,1,17,17Z\"><\/path><\/svg><\/span><span class=\"gb-headline-text\">Reduceri la restaurante \u0219i cafenele \u00een peste 12 loca\u021bii din tot ora\u0219ul<\/span><\/li>\n\n\n\n<li class=\"gb-headline gb-headline-023640eb ms-icon-list__item\"><span class=\"gb-icon\"><svg viewBox=\"0 0 256 256\" fill=\"#000000\" height=\"32\" width=\"32\" xmlns=\"http:\/\/www.w3.org\/2000\/svg\"><path d=\"M232.49,80.49l-128,128a12,12,0,0,1-17,0l-56-56a12,12,0,1,1,17-17L96,183,215.51,63.51a12,12,0,0,1,17,17Z\"><\/path><\/svg><\/span><span class=\"gb-headline-text\">Beneficii bonus de la 72 de ore: transfer gratuit de la aeroport, l\u00e1ngos gratuit, intrare gratuit\u0103 la Biserica Matthias \u0219i o c\u0103l\u0103torie gratuit\u0103 cu funicularului Castelului Buda<\/span><\/li>\n\n<\/ul>\n\n\n<p><a href=\"https:\/\/www.budapestcard.org\/ro\/reduceri\/\" data-type=\"link\" data-id=\"https:\/\/www.budapestcard.org\/ro\/reduceri\/\">Vezi toate atrac\u021biile incluse \u2192<\/a><\/p>\n\n<\/div>\n\n<div class=\"gb-container gb-container-41af1dc1 gb-tabs__item\" id=\"gb-tab-item-41af1dc1\" role=\"tabpanel\">\n\n<p>Pentru a achizi\u021biona Budapest Card:<\/p>\n\n\n\n<ol class=\"wp-block-list\">\n<li>Folose\u0219te <a href=\"https:\/\/www.tiqets.com\/checkout\/tickets-for-budapest-card-30-attractions-with-szt-lukacs-thermal-bath-and-pool-p974576\/booking_details\/?partner=budapestcard\" data-type=\"link\" data-id=\"https:\/\/www.tiqets.com\/checkout\/tickets-for-budapest-card-30-attractions-with-szt-lukacs-thermal-bath-and-pool-p974576\/booking_details\/?partner=budapestcard\" rel=\"nofollow noopener\">formularul de rezervare<\/a> de pe aceast\u0103 pagin\u0103 pentru a selecta data preferat\u0103 \u0219i durata cardului (24, 48, 72, 96 sau 120 de ore).<\/li>\n\n\n\n<li>\u00cembun\u0103t\u0103\u021be\u0219te-\u021bi experien\u021ba ad\u0103ug\u00e2nd bilete de intrare cu reducere la atrac\u021biile de top sau continu\u0103 doar cu Budapest Card.<\/li>\n\n\n\n<li>Dup\u0103 confirmarea achizi\u021biei, vei primi un voucher prin e-mail.<\/li>\n\n\n\n<li>Schimb\u0103 voucherul cu un Budapest Card fizic la punctul de ridicare ales. Puncte de ridicare:\n<ul class=\"wp-block-list\">\n<li><strong>Hoff House:<\/strong> Nagymez\u0151 u. 40, 1065 Budapesta | Program: joi\u2013duminic\u0103 12:00\u201319:00 | Tel.: +36 70 614 5630<\/li>\n\n\n\n<li><strong>Hotel Gozsdu Court:<\/strong> Kir\u00e1ly street 13 \/ etaj 1, 1075 Budapesta | Program: luni\u2013duminic\u0103 08:00\u201318:00 | Tel.: +36 20 620 1634<\/li>\n\n\n\n<li><strong>Ibis Styles Airport Hotel:<\/strong> National Aeroport Terminal nr. 2 Hrsz. 072 3, 1185 Budapesta | Program: luni\u2013duminic\u0103 0\u201324 | Tel.: +36 1 296 0060<\/li>\n<\/ul>\n<\/li>\n<\/ol>\n\n\n<div class=\"gb-container gb-container-de8af032 ms-alert--primary ms-p ms-rounded ms-mb-last-child-0 ms-mb-children-condensed ms-mb-block\">\n\n<p>Cardul se activeaz\u0103 la prima utilizare \u0219i este valabil pentru durata aleas\u0103, fie c\u0103 este vorba de 24, 48, 72, 96 sau 120 de ore.<\/p>\n\n<\/div>\n<\/div>\n\n<div class=\"gb-container gb-container-f6b05e28 gb-tabs__item\" id=\"gb-tab-item-f6b05e28\" role=\"tabpanel\">\n\n<p>Budapest Card faciliteaz\u0103 explorarea ora\u0219ului Budapesta. Iat\u0103 cum po\u021bi \u00eencepe:<\/p>\n\n\n\n<h3 class=\"gb-text-7ac36802\"><span class=\"gb-shape\"><svg viewBox=\"0 0 256 256\" fill=\"#000000\" height=\"32\" width=\"32\" xmlns=\"http:\/\/www.w3.org\/2000\/svg\"><path d=\"M246.15,133.18,146.83,33.86A19.85,19.85,0,0,0,132.69,28H40A12,12,0,0,0,28,40v92.69a19.85,19.85,0,0,0,5.86,14.14l99.32,99.32a20,20,0,0,0,28.28,0l84.69-84.69A20,20,0,0,0,246.15,133.18Zm-98.83,93.17L52,131V52h79l95.32,95.32ZM100,84A16,16,0,1,1,84,68,16,16,0,0,1,100,84Z\"><\/path><\/svg><\/span><span class=\"gb-text\"><strong><strong>Ridicare \u0219i activare<\/strong><\/strong><\/span><\/h3>\n\n\n\n<p>Dup\u0103 rezervarea online, ridic\u0103 cardul de la <a href=\"#gb-tab-item-41af1dc1\" data-type=\"internal\" data-id=\"#gb-tab-item-41af1dc1\">punctul de ridicare<\/a> selectat. Ai nevoie de e-mailul de confirmare. Activeaz\u0103 Budapest Card utiliz\u00e2ndu-l la o atrac\u021bie sau \u00een transportul public.<\/p>\n\n\n\n<p>Activeaz\u0103-\u021bi Budapest Card utiliz\u00e2ndu-l la orice atrac\u021bie sau c\u00e2nd c\u0103l\u0103tore\u0219ti cu mijloacele de transport public. Cardul t\u0103u va fi valabil timp de 24, 48, 72, 96 sau 120 de ore consecutive, \u00een func\u021bie de op\u021biunea pe care o achizi\u021bionezi.<\/p>\n\n\n\n<h3 class=\"gb-text-2509f913\"><span class=\"gb-shape\"><svg viewBox=\"0 0 256 256\" fill=\"#000000\" height=\"32\" width=\"32\" xmlns=\"http:\/\/www.w3.org\/2000\/svg\"><path d=\"M184,20H72A36,36,0,0,0,36,56V184a36,36,0,0,0,36,36h0l-9.6,12.8a12,12,0,1,0,19.2,14.4L102,220h52l20.4,27.2a12,12,0,0,0,19.2-14.4L184,220h0a36,36,0,0,0,36-36V56A36,36,0,0,0,184,20ZM72,44H184a12,12,0,0,1,12,12v60H60V56A12,12,0,0,1,72,44ZM184,196H72a12,12,0,0,1-12-12V140H196v44A12,12,0,0,1,184,196Zm-80-28a16,16,0,1,1-16-16A16,16,0,0,1,104,168Zm80,0a16,16,0,1,1-16-16A16,16,0,0,1,184,168Z\"><\/path><\/svg><\/span><span class=\"gb-text\"><strong><strong>C\u0103l\u0103tore\u0219te f\u0103r\u0103 griji<\/strong><\/strong><\/span><\/h3>\n\n\n\n<p>Cardul t\u0103u include transport public nelimitat \u00een Budapesta, inclusiv metrou, autobuz, tramvai \u0219i troleibuz. Nu este nevoie s\u0103 cumperi bilete individuale.<\/p>\n\n\n\n<h3 class=\"gb-text-58e1c7cb\"><span class=\"gb-shape\"><svg viewBox=\"0 0 256 256\" fill=\"#000000\" height=\"32\" width=\"32\" xmlns=\"http:\/\/www.w3.org\/2000\/svg\"><path d=\"M221.56,100.85,141.61,25.38l-.16-.15a19.93,19.93,0,0,0-26.91,0l-.17.15L34.44,100.85A20.07,20.07,0,0,0,28,115.55V208a20,20,0,0,0,20,20H96a20,20,0,0,0,20-20V164h24v44a20,20,0,0,0,20,20h48a20,20,0,0,0,20-20V115.55A20.07,20.07,0,0,0,221.56,100.85ZM204,204H164V160a20,20,0,0,0-20-20H112a20,20,0,0,0-20,20v44H52V117.28l76-71.75,76,71.75Z\"><\/path><\/svg><\/span><span class=\"gb-text\"><strong><strong>Viziteaz\u0103 atrac\u021bii gratuite<\/strong><\/strong><\/span><\/h3>\n\n\n\n<p>Prezint\u0103 cardul la intrarea oric\u0103rui muzeu, galerii sau b\u0103i termale incluse. Intrarea la 22 de atrac\u021bii este complet gratuit\u0103, inclusiv B\u0103ile Termale Sf\u00e2ntul Luca, Muzeul Na\u021bional Maghiar \u0219i Pe\u0219tera P\u00e1l-v\u00f6lgy.<\/p>\n\n\n\n<h3 class=\"gb-text-a362a94c\"><span class=\"gb-shape\"><svg viewBox=\"0 0 256 256\" fill=\"#000000\" height=\"32\" width=\"32\" xmlns=\"http:\/\/www.w3.org\/2000\/svg\"><path d=\"M212,180H156a12,12,0,0,0-12,12v12a40,40,0,0,0,80,0V192A12,12,0,0,0,212,180Zm-28,40a16,16,0,0,1-16-16h32A16,16,0,0,1,184,220Zm-84-64H44a12,12,0,0,0-12,12v12a40,40,0,0,0,80,0V168A12,12,0,0,0,100,156ZM72,196a16,16,0,0,1-16-16H88A16,16,0,0,1,72,196ZM72,12c-14.06,0-27.7,12.33-37.41,33.83-12.45,27.57-16.78,67.52,3.14,90.11a12,12,0,0,0,9,4.06H97.25a12,12,0,0,0,9-4.06c19.92-22.59,15.59-62.54,3.14-90.11C99.68,24.33,86,12,72,12ZM91.07,116H52.9c-6.71-12.13-7.67-35.45,3.56-60.3C63.16,40.85,70.28,36,72,36s8.82,4.85,15.53,19.7C98.73,80.55,97.77,103.87,91.07,116Zm67.68,48h50.54a12,12,0,0,0,9-4.06c19.92-22.59,15.59-62.54,3.14-90.11C211.72,48.33,198.08,36,184,36s-27.7,12.33-37.41,33.83c-12.45,27.57-16.78,67.52,3.14,90.11A12,12,0,0,0,158.75,164Zm9.74-84.3C175.2,64.85,182.32,60,184,60s8.82,4.85,15.52,19.7c11.23,24.85,10.27,48.17,3.56,60.3H164.93C158.23,127.87,157.27,104.55,168.49,79.7Z\"><\/path><\/svg><\/span><span class=\"gb-text\"><strong><strong>Particip\u0103 la tururi ghidate gratuite pe jos<\/strong><\/strong><\/span><\/h3>\n\n\n\n<p>Tururile pe jos sunt confirmate \u0219i nu necesit\u0103 \u00eenregistrare prealabil\u0103. Prezint\u0103-te la punctul de \u00eent\u00e2lnire cu Budapest Card-ul t\u0103u.<\/p>\n\n\n\n<ul class=\"wp-block-list\">\n<li><strong>Tur Pest: <br><\/strong>Plecare la ora 10:00 luni, miercuri, vineri, s\u00e2mb\u0103t\u0103 \u0219i duminic\u0103. <br>Punct de \u00eent\u00e2lnire: V\u00e1ci Street 31, 1052 Budapesta (Moln\u00e1r&#8217;s K\u00fcrt\u0151skal\u00e1cs)<\/li>\n<\/ul>\n\n\n\n<ul class=\"wp-block-list\">\n<li><strong>Tur Buda: <br><\/strong>Plecare la ora 14:00 mar\u021bi, joi, vineri, s\u00e2mb\u0103t\u0103 \u0219i duminic\u0103. <br>Punct de \u00eent\u00e2lnire: Trinity Square 2, 1014 Budapesta (statuia Sfintei Treimi \u00een fa\u021ba Bisericii Matthias)<\/li>\n<\/ul>\n\n\n\n<h3 class=\"gb-text-71511e1b\"><span class=\"gb-shape\"><svg viewBox=\"0 0 256 256\" fill=\"#000000\" height=\"32\" width=\"32\" xmlns=\"http:\/\/www.w3.org\/2000\/svg\"><path d=\"M228.75,100.05c-3.52-3.67-7.15-7.46-8.34-10.33-1.06-2.56-1.14-7.83-1.21-12.47-.15-10-.34-22.44-9.18-31.27s-21.27-9-31.27-9.18c-4.64-.07-9.91-.15-12.47-1.21-2.87-1.19-6.66-4.82-10.33-8.34C148.87,20.46,140.05,12,128,12s-20.87,8.46-27.95,15.25c-3.67,3.52-7.46,7.15-10.33,8.34-2.56,1.06-7.83,1.14-12.47,1.21C67.25,37,54.81,37.14,46,46S37,67.25,36.8,77.25c-.07,4.64-.15,9.91-1.21,12.47-1.19,2.87-4.82,6.66-8.34,10.33C20.46,107.13,12,116,12,128S20.46,148.87,27.25,156c3.52,3.67,7.15,7.46,8.34,10.33,1.06,2.56,1.14,7.83,1.21,12.47.15,10,.34,22.44,9.18,31.27s21.27,9,31.27,9.18c4.64.07,9.91.15,12.47,1.21,2.87,1.19,6.66,4.82,10.33,8.34C107.13,235.54,116,244,128,244s20.87-8.46,27.95-15.25c3.67-3.52,7.46-7.15,10.33-8.34,2.56-1.06,7.83-1.14,12.47-1.21,10-.15,22.44-.34,31.27-9.18s9-21.27,9.18-31.27c.07-4.64.15-9.91,1.21-12.47,1.19-2.87,4.82-6.66,8.34-10.33C235.54,148.87,244,140.05,244,128S235.54,107.13,228.75,100.05Zm-17.32,39.29c-4.82,5-10.28,10.72-13.19,17.76-2.82,6.8-2.93,14.16-3,21.29-.08,5.36-.19,12.71-2.15,14.66s-9.3,2.07-14.66,2.15c-7.13.11-14.49.22-21.29,3-7,2.91-12.73,8.37-17.76,13.19C135.78,214.84,130.4,220,128,220s-7.78-5.16-11.34-8.57c-5-4.82-10.72-10.28-17.76-13.19-6.8-2.82-14.16-2.93-21.29-3-5.36-.08-12.71-.19-14.66-2.15s-2.07-9.3-2.15-14.66c-.11-7.13-.22-14.49-3-21.29-2.91-7-8.37-12.73-13.19-17.76C41.16,135.78,36,130.4,36,128s5.16-7.78,8.57-11.34c4.82-5,10.28-10.72,13.19-17.76,2.82-6.8,2.93-14.16,3-21.29C60.88,72.25,61,64.9,63,63s9.3-2.07,14.66-2.15c7.13-.11,14.49-.22,21.29-3,7-2.91,12.73-8.37,17.76-13.19C120.22,41.16,125.6,36,128,36s7.78,5.16,11.34,8.57c5,4.82,10.72,10.28,17.76,13.19,6.8,2.82,14.16,2.93,21.29,3,5.36.08,12.71.19,14.66,2.15s2.07,9.3,2.15,14.66c.11,7.13.22,14.49,3,21.29,2.91,7,8.37,12.73,13.19,17.76,3.41,3.56,8.57,8.94,8.57,11.34S214.84,135.78,211.43,139.34ZM176.49,95.51a12,12,0,0,1,0,17l-56,56a12,12,0,0,1-17,0l-24-24a12,12,0,1,1,17-17L112,143l47.51-47.52A12,12,0,0,1,176.49,95.51Z\"><\/path><\/svg><\/span><span class=\"gb-text\"><strong><strong>Folose\u0219te-\u021bi reducerile<\/strong><\/strong><\/span><\/h3>\n\n\n\n<p>Prezint\u0103 cardul la atrac\u021biile \u0219i restaurantele partenere pentru 10\u201350% reducere. Principalele reduceri includ B\u0103ile Termale Sz\u00e9chenyi (20%), Bazilica Sf\u00e2ntul \u0218tefan (20%) \u0219i Sinagoga de pe Strada Doh\u00e1ny (10%).<\/p>\n\n\n<div class=\"gb-container gb-container-0b5d1c06 ms-alert--primary ms-p ms-rounded ms-mb-last-child-0 ms-mb-children-condensed ms-mb-block\">\n\n<p>Cite\u0219te mai multe:\u00a0<a href=\"https:\/\/www.budapestcard.org\/ro\/reduceri\/\" data-type=\"page\" data-id=\"8\">reduceri<\/a>\u00a0\u2013\u00a0<a href=\"https:\/\/www.budapestcard.org\/ro\/preturi\/\" data-type=\"page\" data-id=\"27\">pre\u021buri<\/a>\u00a0\u2013\u00a0<a href=\"https:\/\/www.budapestcard.org\/ro\/faq\/\" data-type=\"page\" data-id=\"29\">\u00eentreb\u0103ri frecvente<\/a><\/p>\n\n<\/div>\n<\/div>\n<\/div>\n<\/div>\n\n\n<p><\/p>\n","protected":false},"excerpt":{"rendered":"","protected":false},"author":2,"featured_media":874,"parent":0,"menu_order":7,"comment_status":"closed","ping_status":"closed","template":"","meta":{"_acf_changed":false,"footnotes":""},"post-style":[7],"producer":[],"class_list":["post-509","page","type-page","status-publish","has-post-thumbnail"],"acf":[],"_links":{"self":[{"href":"https:\/\/www.budapestcard.org\/ro\/wp-json\/wp\/v2\/pages\/509","targetHints":{"allow":["GET"]}}],"collection":[{"href":"https:\/\/www.budapestcard.org\/ro\/wp-json\/wp\/v2\/pages"}],"about":[{"href":"https:\/\/www.budapestcard.org\/ro\/wp-json\/wp\/v2\/types\/page"}],"author":[{"embeddable":true,"href":"https:\/\/www.budapestcard.org\/ro\/wp-json\/wp\/v2\/users\/2"}],"replies":[{"embeddable":true,"href":"https:\/\/www.budapestcard.org\/ro\/wp-json\/wp\/v2\/comments?post=509"}],"version-history":[{"count":3,"href":"https:\/\/www.budapestcard.org\/ro\/wp-json\/wp\/v2\/pages\/509\/revisions"}],"predecessor-version":[{"id":1042,"href":"https:\/\/www.budapestcard.org\/ro\/wp-json\/wp\/v2\/pages\/509\/revisions\/1042"}],"wp:featuredmedia":[{"embeddable":true,"href":"https:\/\/www.budapestcard.org\/ro\/wp-json\/wp\/v2\/media\/874"}],"wp:attachment":[{"href":"https:\/\/www.budapestcard.org\/ro\/wp-json\/wp\/v2\/media?parent=509"}],"wp:term":[{"taxonomy":"post-style","embeddable":true,"href":"https:\/\/www.budapestcard.org\/ro\/wp-json\/wp\/v2\/post-style?post=509"},{"taxonomy":"producer","embeddable":true,"href":"https:\/\/www.budapestcard.org\/ro\/wp-json\/wp\/v2\/producer?post=509"}],"curies":[{"name":"wp","href":"https:\/\/api.w.org\/{rel}","templated":true}]}}