{"id":60,"date":"2023-06-09T11:54:12","date_gmt":"2023-06-09T09:54:12","guid":{"rendered":"https:\/\/www.budapestcard.org\/ro\/?page_id=60"},"modified":"2025-09-29T23:26:17","modified_gmt":"2025-09-29T21:26:17","slug":"hungary-digital-nomad-visa","status":"publish","type":"page","link":"https:\/\/www.budapestcard.org\/ro\/hungary-digital-nomad-visa\/","title":{"rendered":"Viza pentru nomazi digitali \u00een Ungaria"},"content":{"rendered":"\n<p>Ungaria devine rapid o destina\u021bie popular\u0103 pentru nomazii digitali care caut\u0103 o cultur\u0103 vie, o istorie bogat\u0103 \u0219i un cost al vie\u021bii accesibil. Ca r\u0103spuns la cre\u0219terea muncii la distan\u021b\u0103, Ungaria a introdus o viz\u0103 special\u0103 care le permite lucr\u0103torilor la distan\u021b\u0103 s\u0103 locuiasc\u0103 \u0219i s\u0103 munceasc\u0103 legal \u00een \u021bar\u0103.<\/p>\n\n\n\n<figure><div class=\"ms-credits\">\n<img decoding=\"async\" class=\"gb-media-dac065ff\" src=\"https:\/\/www.budapestcard.org\/ro\/wp-content\/uploads\/sites\/17\/visit-camp-nou-1745208234.jpg\" alt=\"Hungary Digital Nomad Visa\" title=\"Hungary-digital-nomad-visa\" \/>\n<span class='ms-credits__info' id='media875'><svg xmlns=\"http:\/\/www.w3.org\/2000\/svg\" width=\"20\" height=\"22\" fill=\"#000000\" viewBox=\"0 0 256 256\"><path d=\"M128,24A104,104,0,1,0,232,128,104.11,104.11,0,0,0,128,24Zm0,192a88,88,0,1,1,88-88A88.1,88.1,0,0,1,128,216ZM96,128a32,32,0,0,0,57.6,19.2,8,8,0,0,1,12.8,9.61,48,48,0,1,1,0-57.62,8,8,0,0,1-12.8,9.61A32,32,0,0,0,96,128Z\"><\/path><\/svg>stadtratte\/<a href=https:\/\/depositphotos.com\/photo\/man-suitcase-travels-hungary-230842712.html rel='nofollow' target='_blank'>Depositphotos<\/a><\/span><span class='ms-credits__btn' id='btn_media875' onclick='ms_credits_trigger(\"#media875\", this)'><svg xmlns=\"http:\/\/www.w3.org\/2000\/svg\" class=\"info_icon\" width=\"28\" height=\"28\" fill=\"#FFF\" viewBox=\"0 0 256 256\"><path d=\"M128,24A104,104,0,1,0,232,128,104.11,104.11,0,0,0,128,24Zm0,192a88,88,0,1,1,88-88A88.1,88.1,0,0,1,128,216Zm16-40a8,8,0,0,1-8,8,16,16,0,0,1-16-16V128a8,8,0,0,1,0-16,16,16,0,0,1,16,16v40A8,8,0,0,1,144,176ZM112,84a12,12,0,1,1,12,12A12,12,0,0,1,112,84Z\"><\/path><\/svg><svg xmlns=\"http:\/\/www.w3.org\/2000\/svg\" class=\"close_icon\" width=\"28\" height=\"28\" fill=\"#FFF\" viewBox=\"0 0 256 256\"><path d=\"M165.66,101.66,139.31,128l26.35,26.34a8,8,0,0,1-11.32,11.32L128,139.31l-26.34,26.35a8,8,0,0,1-11.32-11.32L116.69,128,90.34,101.66a8,8,0,0,1,11.32-11.32L128,116.69l26.34-26.35a8,8,0,0,1,11.32,11.32ZM232,128A104,104,0,1,1,128,24,104.11,104.11,0,0,1,232,128Zm-16,0a88,88,0,1,0-88,88A88.1,88.1,0,0,0,216,128Z\"><\/path><\/svg><\/span><\/div>\n\n\n<figcaption class=\"gb-text\">Viza pentru Nomazi Digitali \u00een Ungaria<\/figcaption>\n<\/figure>\n\n\n\n<h2 class=\"wp-block-heading\">Ce este Viza pentru Nomazi Digitali \u00een Ungaria?<\/h2>\n\n\n\n<p>Viza pentru nomazi digitali, cunoscut\u0103 \u0219i sub numele de White Card, este un permis de \u0219edere valabil un an care permite lucr\u0103torilor la distan\u021b\u0103 s\u0103 locuiasc\u0103 \u0219i s\u0103 munceasc\u0103 legal \u00een Ungaria. Poate fi re\u00eennoit\u0103 o singur\u0103 dat\u0103, astfel \u00eenc\u00e2t \u0219ederea maxim\u0103 este de doi ani.<\/p>\n\n\n\n<p>Aceast\u0103 viz\u0103 se adreseaz\u0103 persoanelor care pot dovedi c\u0103 au un venit stabil din munc\u0103 la distan\u021b\u0103, freelancing sau din propria afacere online, desf\u0103\u0219urate \u00een afara Ungariei.<\/p>\n\n\n\n<h2 class=\"wp-block-heading\">Eligibilitate \u0219i Cerin\u021be<\/h2>\n\n\n\n<p>Pentru a fi eligibili pentru viza pentru nomazi digitali \u00een Ungaria, solicitan\u021bii trebuie s\u0103 \u00eendeplineasc\u0103 urm\u0103toarele cerin\u021be:<\/p>\n\n\n\n<ul class=\"wp-block-list\">\n<li>S\u0103 fie cet\u0103\u021beni din afara UE\/SEE.<\/li>\n\n\n\n<li>S\u0103 aib\u0103 un loc de munc\u0103 la distan\u021b\u0103 confirmat sau o afacere de succes \u00een afara Ungariei.<\/li>\n\n\n\n<li>S\u0103 \u00ee\u0219i desf\u0103\u0219oare munca la distan\u021b\u0103 folosind tehnologie digital\u0103.<\/li>\n\n\n\n<li>S\u0103 nu fie angaja\u021bi de o companie local\u0103 \u0219i s\u0103 nu de\u021bin\u0103 ac\u021biuni \u00een afaceri din Ungaria.<\/li>\n\n\n\n<li>S\u0103 dovedeasc\u0103 un venit lunar minim de 3.000 \u20ac pentru ultimele \u0219ase luni.<\/li>\n\n\n\n<li>S\u0103 prezinte dovada caz\u0103rii \u00een Ungaria.<\/li>\n\n\n\n<li>S\u0103 aib\u0103 o asigurare de s\u0103n\u0103tate valabil\u0103.<\/li>\n\n\n\n<li>S\u0103 de\u021bin\u0103 un pa\u0219aport valabil.<\/li>\n<\/ul>\n\n\n\n<h2 class=\"wp-block-heading\">Procesul de Solicitare<\/h2>\n\n\n\n<p>Solicitarea vizei pentru nomazi digitali \u00een Ungaria este un proces \u00een dou\u0103 etape:<\/p>\n\n\n\n<ol class=\"wp-block-list\">\n<li>Odat\u0103 aprobat\u0103, c\u0103l\u0103tori\u021bi \u00een Ungaria \u0219i solicita\u021bi White Card \u00een termen de o lun\u0103 de la sosire. Durata de procesare pentru White Card este de aproximativ 21 de zile.<\/li>\n\n\n\n<li>Aplica\u021bi pentru viz\u0103 la o ambasad\u0103 sau un consulat al Ungariei din \u021bara de origine. Acest proces dureaz\u0103 aproximativ 30 de zile.<\/li>\n<\/ol>\n\n\n\n<p>Pute\u021bi urm\u0103ri \u00eentregul proces de solicitare pe <a href=\"http:\/\/www.hungaryvisa.org\" target=\"_blank\" rel=\"noreferrer noopener nofollow\">www.hungaryvisa.org<\/a><\/p>\n\n\n\n<h2 class=\"wp-block-heading\">Costuri<\/h2>\n\n\n\n<p>Taxele asociate vizei pentru nomazi digitali \u00een Ungaria sunt urm\u0103toarele:<\/p>\n\n\n\n<ul class=\"wp-block-list\">\n<li>Solicitare viz\u0103 de intrare: 110 \u20ac (pentru cererile depuse \u00een afara Ungariei)<\/li>\n\n\n\n<li>Tax\u0103 de serviciu pentru cererea depus\u0103 personal: 39.000 HUF (\u00een Ungaria)<\/li>\n\n\n\n<li>Tax\u0103 de serviciu pentru cererea online: 24.000 HUF (prin platforma Enter Hungary)<\/li>\n<\/ul>\n\n\n\n<h2 class=\"wp-block-heading\">Avantajele vizei pentru nomazi digitali din Ungaria<\/h2>\n\n\n\n<p>Viza pentru nomazi digitali din Ungaria ofer\u0103 mai multe avantaje pentru lucr\u0103torii la distan\u021b\u0103, printre care:<\/p>\n\n\n\n<p>Posibilitatea de a locui \u0219i de a lucra \u00een Ungaria timp de un an, cu op\u021biunea de a prelungi cu \u00eenc\u0103 un an dac\u0103 e\u0219ti \u00een continuare eligibil.<\/p>\n\n\n\n<p>Acces la costul de trai accesibil, la cultura vibrant\u0103 \u0219i la peisajele pitore\u0219ti ale Ungariei.<\/p>\n\n\n\n<p>Posibilitatea de a c\u0103l\u0103tori \u00een Spa\u021biul Schengen f\u0103r\u0103 a avea nevoie de vize suplimentare.<\/p>\n\n\n\n<h2 class=\"wp-block-heading\">Via\u021ba \u00een Ungaria<\/h2>\n\n\n\n<p>Ca nomad digital \u00een Ungaria, vei avea ocazia s\u0103 experimentezi diverse aspecte ale vie\u021bii \u00een aceast\u0103 \u021bar\u0103. Iat\u0103 c\u00e2teva aspecte cheie de luat \u00een considerare:<\/p>\n\n\n\n<p><strong>Costul vie\u021bii:<\/strong><br>Ungaria ofer\u0103 un cost al vie\u021bii accesibil \u00een compara\u021bie cu multe \u021b\u0103ri din Europa de Vest. Chiria, utilit\u0103\u021bile, alimentele \u0219i transportul sunt, \u00een general, mai prietenoase cu bugetul, ceea ce o face o op\u021biune atractiv\u0103 pentru nomazii digitali.<\/p>\n\n\n\n<p><strong>Locuin\u021be:<\/strong><br>Vei g\u0103si o gam\u0103 larg\u0103 de op\u021biuni de cazare, de la apartamente comune \u0219i \u00eenchirieri private la spa\u021bii de co-living \u0219i caz\u0103ri pe termen scurt. Budapesta, capitala, este o alegere popular\u0103, dar \u0219i ora\u0219ele mai mici, precum Szeged, Debrecen \u0219i P\u00e9cs, au farmecul \u0219i atractivitatea lor.<\/p>\n\n\n\n<p><strong>Internet \u0219i spa\u021bii de coworking:<\/strong><br>Ungaria are o infrastructur\u0103 de internet fiabil\u0103, cu acoperire Wi-Fi extins\u0103, chiar \u0219i \u00een spa\u021biile publice. Vei g\u0103si spa\u021bii de coworking \u00een ora\u0219ele mai mari, cum ar fi Budapesta, care se adreseaz\u0103 comunit\u0103\u021bii nomazilor digitali.<\/p>\n\n\n\n<p><strong>Transport:<\/strong><br>Ungaria are o re\u021bea extins\u0103 de transport public, care include autobuze, tramvaie \u0219i trenuri. Budapesta ofer\u0103 \u0219i un sistem de metrou. Po\u021bi c\u0103l\u0103tori cu u\u0219urin\u021b\u0103 \u00een \u021bar\u0103 sau po\u021bi explora \u021b\u0103rile vecine cu trenurile sau autobuzele regionale.<\/p>\n\n\n\n<p><strong>S\u0103n\u0103tate:<\/strong><br>Ungaria are un sistem public de s\u0103n\u0103tate. Ca nomad digital, probabil c\u0103 vei avea nevoie de o asigurare medical\u0103 privat\u0103 pentru a avea acces la servicii medicale. Institu\u021biile medicale private, \u00een special \u00een ora\u0219ele mari, ofer\u0103 adesea \u00eengrijiri de \u00eenalt\u0103 calitate.<\/p>\n\n\n\n<p><strong>Via\u021ba social\u0103 \u0219i networking:<\/strong><br>Ungaria ofer\u0103 o scen\u0103 social\u0103 vibrant\u0103, cu numeroase restaurante, baruri \u0219i evenimente culturale. Oportunit\u0103\u021bile de networking abund\u0103 prin grupuri de \u00eent\u00e2lniri, evenimente de schimb de limbi str\u0103ine \u0219i comunit\u0103\u021bi de nomazi digitali.<\/p>\n","protected":false},"excerpt":{"rendered":"","protected":false},"author":1,"featured_media":875,"parent":0,"menu_order":6,"comment_status":"closed","ping_status":"closed","template":"","meta":{"_acf_changed":false,"footnotes":"","button_url":"https:\/\/www.tiqets.com\/en\/things-to-do-in-budapest-c68199\/tickets-for-budapest-card-free-entrance-to-szt-lukacs-thermal-bath-and-pool-p974576\/?partner=budapestcard","ms_product_id":"","ms_product_name":"","ms_price":"","ms_currency":"","ms_rating_value":"","ms_review_count":"","rank_math_title":"%title% %sep% %sitename%","rank_math_description":"Cu viza pentru nomazi digitali din Ungaria, te po\u021bi bucura de costuri de trai reduse, o cultur\u0103 vibrant\u0103 \u0219i farmecul istoric al \u021b\u0103rii, \u00een timp ce lucrezi de la distan\u021b\u0103. Afl\u0103 cum po\u021bi aplica."},"post-style":[],"producer":[],"class_list":["post-60","page","type-page","status-publish","has-post-thumbnail"],"acf":[],"product_schema":{"ms_product_id":"","ms_product_name":"","ms_price":"","ms_currency":"","ms_rating_value":"","ms_review_count":""},"_links":{"self":[{"href":"https:\/\/www.budapestcard.org\/ro\/wp-json\/wp\/v2\/pages\/60","targetHints":{"allow":["GET"]}}],"collection":[{"href":"https:\/\/www.budapestcard.org\/ro\/wp-json\/wp\/v2\/pages"}],"about":[{"href":"https:\/\/www.budapestcard.org\/ro\/wp-json\/wp\/v2\/types\/page"}],"author":[{"embeddable":true,"href":"https:\/\/www.budapestcard.org\/ro\/wp-json\/wp\/v2\/users\/1"}],"replies":[{"embeddable":true,"href":"https:\/\/www.budapestcard.org\/ro\/wp-json\/wp\/v2\/comments?post=60"}],"version-history":[{"count":3,"href":"https:\/\/www.budapestcard.org\/ro\/wp-json\/wp\/v2\/pages\/60\/revisions"}],"predecessor-version":[{"id":992,"href":"https:\/\/www.budapestcard.org\/ro\/wp-json\/wp\/v2\/pages\/60\/revisions\/992"}],"wp:featuredmedia":[{"embeddable":true,"href":"https:\/\/www.budapestcard.org\/ro\/wp-json\/wp\/v2\/media\/875"}],"wp:attachment":[{"href":"https:\/\/www.budapestcard.org\/ro\/wp-json\/wp\/v2\/media?parent=60"}],"wp:term":[{"taxonomy":"post-style","embeddable":true,"href":"https:\/\/www.budapestcard.org\/ro\/wp-json\/wp\/v2\/post-style?post=60"},{"taxonomy":"producer","embeddable":true,"href":"https:\/\/www.budapestcard.org\/ro\/wp-json\/wp\/v2\/producer?post=60"}],"curies":[{"name":"wp","href":"https:\/\/api.w.org\/{rel}","templated":true}]}}