{"id":681,"date":"2024-10-22T13:11:57","date_gmt":"2024-10-22T11:11:57","guid":{"rendered":"https:\/\/www.budapestcard.org\/ro\/?page_id=681"},"modified":"2025-09-29T23:20:22","modified_gmt":"2025-09-29T21:20:22","slug":"contact","status":"publish","type":"page","link":"https:\/\/www.budapestcard.org\/ro\/contact\/","title":{"rendered":"Contact"},"content":{"rendered":"\n<h3 class=\"wp-block-heading\">\u00centreb\u0103ri despre bilete<\/h3>\n\n\n\n<p>Pentru orice \u00eentreb\u0103ri despre bilete sau rezervarea dvs. existent\u0103, v\u0103 rug\u0103m s\u0103 contacta\u021bi partenerul nostru pentru bilete:<\/p>\n\n\n\n<ul class=\"wp-block-list\">\n<li>E-mail:\u00a0<a href=\"mailto:info@ticketbar.eu\">info@ticketbar.eu<\/a><\/li>\n\n\n\n<li>Telefon: +44 2035142614<\/li>\n<\/ul>\n\n\n\n<hr class=\"wp-block-separator has-alpha-channel-opacity\" \/>\n\n\n\n<h3 class=\"wp-block-heading\">Informa\u021bii turistice<\/h3>\n\n\n\n<h4 class=\"wp-block-heading\"><strong>Biroul de informa\u021bii turistice Budapestinfo<\/strong><\/h4>\n\n\n\n<p>Pentru orice \u00eentreb\u0103ri legate de turismul \u00een Budapesta \u0219i Ungaria, cum ar fi h\u0103r\u021bi, ghiduri \u0219i sfaturi despre atrac\u021bii \u0219i evenimente, v\u0103 stau la dispozi\u021bie la:<\/p>\n\n\n\n<ul class=\"wp-block-list\">\n<li>Adres\u0103: 1052 V\u00e1rosh\u00e1za park, col\u021bul str\u0103zilor K\u00e1roly k\u00f6r\u00fat \u0219i B\u00e1rczy Istv\u00e1n (Pia\u021ba De\u00e1k, Metro1, Metro2, Metro3 sau terminalul autobuzului 100E vizavi, c\u00e2nd sosi\u021bi de la aeroport).<\/li>\n<\/ul>\n\n\n\n<h4 class=\"wp-block-heading\"><strong>Linia telefonic\u0103 de informa\u021bii Budapest Card<\/strong><\/h4>\n\n\n\n<p>Pentru informa\u021bii detaliate despre Budapest Card, reduceri \u0219i beneficii:<\/p>\n\n\n\n<ul class=\"wp-block-list\">\n<li>Telefon: +36 30 955 0398 (disponibil \u00eentre orele 9.00 \u0219i 19.00)<\/li>\n<\/ul>\n\n\n\n<hr class=\"wp-block-separator has-alpha-channel-opacity\" \/>\n\n\n\n<h3 class=\"wp-block-heading\">Asisten\u021b\u0103 pentru site-ul web<\/h3>\n\n\n\n<p>Pentru orice \u00eentreb\u0103ri legate de acest site, v\u0103 rug\u0103m s\u0103 ne contacta\u021bi direct:<\/p>\n\n\n\n<ul class=\"wp-block-list\">\n<li>E-mail: info@moonshot.media<\/li>\n<\/ul>\n","protected":false},"excerpt":{"rendered":"","protected":false},"author":3,"featured_media":0,"parent":0,"menu_order":2,"comment_status":"closed","ping_status":"closed","template":"","meta":{"_acf_changed":false,"footnotes":"","button_url":"https:\/\/www.tiqets.com\/en\/things-to-do-in-budapest-c68199\/tickets-for-budapest-card-free-entrance-to-szt-lukacs-thermal-bath-and-pool-p974576\/?partner=budapestcard","ms_product_id":"","ms_product_name":"","ms_price":"","ms_currency":"","ms_rating_value":"","ms_review_count":"","rank_math_title":"%title% %sep% %sitename%","rank_math_description":"Ave\u021bi nevoie de ajutor cu cardul Budapest Card? Contacta\u021bi partenerul nostru pentru bilete pentru asisten\u021b\u0103 cu privire la orice \u00eentreb\u0103ri legate de bilete sau rezerv\u0103ri."},"post-style":[],"producer":[],"class_list":["post-681","page","type-page","status-publish","has-post-thumbnail"],"acf":[],"product_schema":{"ms_product_id":"","ms_product_name":"","ms_price":"","ms_currency":"","ms_rating_value":"","ms_review_count":""},"_links":{"self":[{"href":"https:\/\/www.budapestcard.org\/ro\/wp-json\/wp\/v2\/pages\/681","targetHints":{"allow":["GET"]}}],"collection":[{"href":"https:\/\/www.budapestcard.org\/ro\/wp-json\/wp\/v2\/pages"}],"about":[{"href":"https:\/\/www.budapestcard.org\/ro\/wp-json\/wp\/v2\/types\/page"}],"author":[{"embeddable":true,"href":"https:\/\/www.budapestcard.org\/ro\/wp-json\/wp\/v2\/users\/3"}],"replies":[{"embeddable":true,"href":"https:\/\/www.budapestcard.org\/ro\/wp-json\/wp\/v2\/comments?post=681"}],"version-history":[{"count":3,"href":"https:\/\/www.budapestcard.org\/ro\/wp-json\/wp\/v2\/pages\/681\/revisions"}],"predecessor-version":[{"id":988,"href":"https:\/\/www.budapestcard.org\/ro\/wp-json\/wp\/v2\/pages\/681\/revisions\/988"}],"wp:attachment":[{"href":"https:\/\/www.budapestcard.org\/ro\/wp-json\/wp\/v2\/media?parent=681"}],"wp:term":[{"taxonomy":"post-style","embeddable":true,"href":"https:\/\/www.budapestcard.org\/ro\/wp-json\/wp\/v2\/post-style?post=681"},{"taxonomy":"producer","embeddable":true,"href":"https:\/\/www.budapestcard.org\/ro\/wp-json\/wp\/v2\/producer?post=681"}],"curies":[{"name":"wp","href":"https:\/\/api.w.org\/{rel}","templated":true}]}}