{"id":8,"date":"2014-01-10T12:44:37","date_gmt":"2014-01-10T11:44:37","guid":{"rendered":"https:\/\/www.budapestcard.org\/ro\/?page_id=8"},"modified":"2026-03-29T06:01:29","modified_gmt":"2026-03-29T04:01:29","slug":"reduceri","status":"publish","type":"page","link":"https:\/\/www.budapestcard.org\/ro\/reduceri\/","title":{"rendered":"Reduceri cu cardul Budapest Card"},"content":{"rendered":"\n<div class=\"ms-p ms-rounded ms-mb-last-child-0 ms-mb-children-condensed ms-alert--contrast ms-mb-block\">\n<ul class=\"wp-block-list\">\n<li>Budapest Card include transport public nelimitat \u00een toat\u0103 Budapesta (metrou, tramvai, autobuz, inclusiv de la aeroport).<\/li>\n\n\n\n<li>Ob\u021bine\u021bi intrare gratuit\u0103 la 22 de muzee \u015fi obiective precum Muzeul Na\u021bional Maghiar, Galeria Na\u021bional\u0103 \u015fi Castelul Buda.<\/li>\n\n\n\n<li>Bucura\u021bi-v\u0103 de o baie termal\u0103 gratuit\u0103 la St. Luk\u00e1cs, o croazier\u0103 gratuit\u0103 pe Dun\u0103re \u015fi dou\u0103 tururi ghidate pe jos.<\/li>\n\n\n\n<li>Economisi\u021bi 10\u201350% la atrac\u021biile de top precum B\u0103ile Termale Sz\u00e9chenyi, tururi ale Parlamentului \u015fi Bazilica Sf\u00e2ntul \u015etefan.<\/li>\n\n\n\n<li>Plus reduceri la 12 sau mai multe restaurante \u015fi alte experien\u021be din tot ora\u015ful.<\/li>\n<\/ul>\n\n\n\n<p class=\"gb-text-fb1a3135\"><span class=\"gb-shape\"><svg xmlns=\"http:\/\/www.w3.org\/2000\/svg\" width=\"32\" height=\"32\" fill=\"#000000\" viewBox=\"0 0 256 256\"><path d=\"M228,144v64a12,12,0,0,1-12,12H40a12,12,0,0,1-12-12V144a12,12,0,0,1,24,0v52H204V144a12,12,0,0,1,24,0Zm-108.49,8.49a12,12,0,0,0,17,0l40-40a12,12,0,0,0-17-17L140,115V32a12,12,0,0,0-24,0v83L96.49,95.51a12,12,0,0,0-17,17Z\"><\/path><\/svg><\/span><span class=\"gb-text\"><a href=\"https:\/\/www.budapestcard.org\/wp-content\/uploads\/budapest-card-discounts.pdf\">Desc\u0103rca\u021bi lista complet\u0103 de reduceri (PDF)<\/a><\/span><\/p>\n<\/div>\n\n\n\n<h2 class=\"wp-block-heading\"><strong>Vizite turistice<\/strong><\/h2>\n\n\n<div class=\"ms-table\"><table><tr><th>Element<\/th><th>Reducere<\/th><\/tr><tr><td>Transport public BKK<\/td><td>Gratuit<\/td><\/tr><tr><td>Serviciu vapora\u0219 BKV<\/td><td>Gratuit<\/td><\/tr><tr><td>Croazier\u0103 de vizitare<\/td><td>Gratuit<\/td><\/tr><tr><td>Croazier\u0103 pe Dun\u0103re<\/td><td>Gratuit<\/td><\/tr><tr><td>Croaziere de zi Duna Bella<\/td><td>Gratuit<\/td><\/tr><tr><td>Telescaun Zugliget<\/td><td>Gratuit<\/td><\/tr><tr><td>Autobuz oficial Castel Budapesta<\/td><td>Gratuit<\/td><\/tr><tr><td>Tur pietonal Buda<\/td><td>Gratuit<\/td><\/tr><tr><td>Tur pietonal Pest<\/td><td>Gratuit<\/td><\/tr><tr><td>Vehicule istorice<\/td><td>Gratuit<\/td><\/tr><tr><td>Brick \u2013 \u00eenc\u0103rcare din mers, oriunde te afli<\/td><td>Gratuit<\/td><\/tr><tr><td>Universal AirportHUB<\/td><td>-40%<\/td><\/tr><tr><td>C\u0103rucior pentru biciclete (Bring\u00f3hint\u00f3)<\/td><td>-25%<\/td><\/tr><tr><td>Croaziere Legenda City<\/td><td>-25%<\/td><\/tr><tr><td>Serviciu de vapora\u0219 de sear\u0103 BKV<\/td><td>-20%<\/td><\/tr><tr><td>Transfer aeroport din u\u0219\u0103 \u00een u\u0219\u0103 \u2013 miniBUD<\/td><td>-20%<\/td><\/tr><tr><td>Tururi de vizitare EURAMA<\/td><td>-20%<\/td><\/tr><tr><td>Excursie Cotul Dun\u0103rii<\/td><td>-20%<\/td><\/tr><tr><td>Budapest Flyride<\/td><td>-10%<\/td><\/tr><tr><td>Tururi ale Patrimoniului Evreiesc<\/td><td>-10%<\/td><\/tr><\/table><\/div>\n\n\n<h2 class=\"wp-block-heading\"><strong>Muzee \u0219i atrac\u021bii<\/strong><\/h2>\n\n\n<div class=\"ms-table\"><table><tr><th>Element<\/th><th>Reducere<\/th><\/tr><tr><td>Muzeul Na\u021bional Maghiar<\/td><td>Gratuit<\/td><\/tr><tr><td>Galeria Na\u021bional\u0103 Maghiar\u0103<\/td><td>Gratuit<\/td><\/tr><tr><td>Muzeul de Istorie din Budapesta \u2013 Muzeul Castelului<\/td><td>Gratuit<\/td><\/tr><tr><td>Sala Sf. \u0218tefan<\/td><td>Gratuit<\/td><\/tr><tr><td>Muzeul de Arte Frumoase<\/td><td>Gratuit<\/td><\/tr><tr><td>Kunsthalle Budapesta<\/td><td>Gratuit<\/td><\/tr><tr><td>Muzeul de Istorie din Budapesta \u2013 Muzeul Aquincum<\/td><td>Gratuit<\/td><\/tr><tr><td>Muzeul de Istorie din Budapesta \u2013 Muzeul Kiscell<\/td><td>Gratuit<\/td><\/tr><tr><td>Muzeul de Istorie din Budapesta \u2013 Galeria Budapesta<\/td><td>Gratuit<\/td><\/tr><tr><td>Muzeul de Istorie din Budapesta \u2013 Casa de Rug\u0103ciune Evreiasc\u0103 Medieval\u0103<\/td><td>Gratuit<\/td><\/tr><tr><td>Muzeul Ludwig \u2013 Art\u0103 Contemporan\u0103<\/td><td>Gratuit<\/td><\/tr><tr><td>Centrul de Fotografie Robert Capa<\/td><td>Gratuit<\/td><\/tr><tr><td>Casa Fotografilor Maghiari \u2013 Casa Mai Man\u00f3<\/td><td>Gratuit<\/td><\/tr><tr><td>Muzeul Vasarely Budapesta<\/td><td>Gratuit<\/td><\/tr><tr><td>Memento Park \u2013 Parcul Statuilor<\/td><td>Gratuit<\/td><\/tr><tr><td>Muzeul Comer\u021bului \u0219i Turismului<\/td><td>Gratuit<\/td><\/tr><tr><td>Muzeul de Arte Asiatice Ferenc Hopp<\/td><td>Gratuit<\/td><\/tr><tr><td>Muzeul C\u0103ii Ferate Subterane<\/td><td>Gratuit<\/td><\/tr><tr><td>Muzeul \u00d3buda<\/td><td>Gratuit<\/td><\/tr><tr><td>Colec\u021bia Textil\u0103 Goldberger \u2013 Muzeul \u00d3buda<\/td><td>Gratuit<\/td><\/tr><tr><td>Pe\u0219tera P\u00e1l-v\u00f6lgyi<\/td><td>Gratuit<\/td><\/tr><tr><td>Turnul de ap\u0103 \u0219i Turnul panoramic de pe Insula Margaret<\/td><td>Gratuit<\/td><\/tr><tr><td>Pesti Vigad\u00f3<\/td><td>-50%<\/td><\/tr><tr><td>Muzeul Fradi<\/td><td>-50%<\/td><\/tr><tr><td>Muzeul Etnografic<\/td><td>-25%<\/td><\/tr><tr><td>Bazilica Sf. \u0218tefan<\/td><td>-20%<\/td><\/tr><tr><td>Biserica parohial\u0103 principal\u0103 a Adormirii<\/td><td>-20%<\/td><\/tr><tr><td>Palatul Regal G\u00f6d\u00f6ll\u0151<\/td><td>-20%<\/td><\/tr><tr><td>Casa Muzicii Ungaria<\/td><td>-20%<\/td><\/tr><tr><td>Gr\u0103dina Zoologic\u0103 \u0219i Botanic\u0103 Budapesta<\/td><td>-20%<\/td><\/tr><tr><td>Casa Unicum<\/td><td>-20%<\/td><\/tr><tr><td>Madame Tussauds Budapesta<\/td><td>-20%<\/td><\/tr><tr><td>Jocul Timetrap Exit<\/td><td>-20%<\/td><\/tr><tr><td>Roata Mare Budapesta cu \u0219ampanie<\/td><td>-20%<\/td><\/tr><tr><td>Lacul pentru b\u0103rci din Parcul Ora\u0219ului<\/td><td>-20%<\/td><\/tr><tr><td>Indoor Skydiving<\/td><td>-20%<\/td><\/tr><tr><td>Muzeul Iluziilor<\/td><td>-15%<\/td><\/tr><tr><td>Light Art Museum<\/td><td>-15%<\/td><\/tr><tr><td>Tropicarium \u2013 Gr\u0103dina cu rechini<\/td><td>-15%<\/td><\/tr><tr><td>IKONO Budapesta<\/td><td>-15%<\/td><\/tr><tr><td>Cinema Mystica<\/td><td>-10%<\/td><\/tr><tr><td>Spitalul din st\u00e2nc\u0103 \u2013 Muzeul bunc\u0103rului nuclear<\/td><td>-10%<\/td><\/tr><tr><td>Sinagoga Kazinczy utca<\/td><td>-10%<\/td><\/tr><tr><td>Sinagoga Doh\u00e1ny utca<\/td><td>-10%<\/td><\/tr><tr><td>Muzeul \u0219i Arhivele Evreie\u0219ti Maghiare<\/td><td>-10%<\/td><\/tr><tr><td>Concert de org\u0103 \u00een Bazilica Sf. \u0218tefan<\/td><td>-10%<\/td><\/tr><tr><td>Premier Outlet Budapesta<\/td><td>-10%<\/td><\/tr><\/table><\/div>\n\n\n<h2 class=\"wp-block-heading\">B\u0103i \u0219i piscine<\/h2>\n\n\n<div class=\"ms-table\"><table><tr><th>Element<\/th><th>Reducere<\/th><\/tr><tr><td>Baia Termal\u0103 \u0219i Piscina St. Luk\u00e1cs<\/td><td>Gratuit<\/td><\/tr><tr><td>Plaja Lupa<\/td><td>Gratuit<\/td><\/tr><tr><td>Baia Termal\u0103 \u0219i Piscina Sz\u00e9chenyi<\/td><td>-20%<\/td><\/tr><tr><td>Baia Termal\u0103 \u0219i Piscina Rudas<\/td><td>-20%<\/td><\/tr><tr><td>Baia Termal\u0103 Palatinus, Public \u0219i Piscin\u0103 cu valuri<\/td><td>-20%<\/td><\/tr><tr><td>Baia R\u00f3mai<\/td><td>-20%<\/td><\/tr><tr><td>Aquaworld Resort Budapesta<\/td><td>-20%<\/td><\/tr><\/table><\/div>\n\n\n<h2 class=\"wp-block-heading\"><strong>Gastronomie<\/strong><\/h2>\n\n\n<div class=\"ms-table\"><table><tr><th>Element<\/th><th>Reducere<\/th><\/tr><tr><td>GastroCellar \u2013 Degustare<\/td><td>Gratuit<\/td><\/tr><tr><td>L\u00e1ngos \u00een inima ora\u0219ului<\/td><td>-20%<\/td><\/tr><tr><td>Moln\u00e1r\u2019s K\u00fcrt\u0151skal\u00e1cs<\/td><td>-20%<\/td><\/tr><tr><td>Parisi Passage Restaurant<\/td><td>-20%<\/td><\/tr><tr><td>Zsolnay Cafenea<\/td><td>-20%<\/td><\/tr><tr><td>Yellow Bistro &#038; Bar<\/td><td>-20%<\/td><\/tr><tr><td>Caf\u00e9 Astoria &#038; Restaurant<\/td><td>-20%<\/td><\/tr><tr><td>L\u00e1ng Restaurant<\/td><td>-20%<\/td><\/tr><tr><td>Hard Rock Cafe<\/td><td>-20%<\/td><\/tr><tr><td>Hal\u00e1szb\u00e1stya Restaurant<\/td><td>-15%<\/td><\/tr><tr><td>TATI Restaurant<\/td><td>-10%<\/td><\/tr><tr><td>VIRTU Restaurant<\/td><td>-10%<\/td><\/tr><tr><td>Nokedlish<\/td><td>-10%<\/td><\/tr><tr><td>Eggscuse Me? Brunch &#038; Bistro<\/td><td>-10%<\/td><\/tr><\/table><\/div>\n\n\n<h2 class=\"wp-block-heading\">Cardul Budapesta <strong>72h Plus<\/strong> Reduceri exclusive<\/h2>\n\n\n<div class=\"ms-table\"><table><tr><th>Element<\/th><th>Reducere<\/th><\/tr><tr><td>Transfer de la u\u0219\u0103 la u\u0219\u0103 \u2013 miniBUD<\/td><td>Gratuit<\/td><\/tr><tr><td>L\u00c1NGOS \u00een inima ora\u0219ului!<\/td><td>Gratuit<\/td><\/tr><tr><td>Moln\u00e1r\u2019s K\u00fcrt\u0151skal\u00e1cs<\/td><td>Gratuit<\/td><\/tr><tr><td>Biserica Maicii Domnului \u2013 Biserica Matthias<\/td><td>Gratuit<\/td><\/tr><tr><td>Telecabin\u0103 Castelul Buda<\/td><td>Gratuit<\/td><\/tr><\/table><\/div>\n\n\n<div class=\"ms-p ms-rounded ms-mb-last-child-0 ms-mb-children-condensed ms-mb-block ms-alert--neutral\">\n<h4 class=\"gb-text-8c5919a0\"><span class=\"gb-shape\"><svg viewBox=\"0 0 256 256\" fill=\"#000000\" height=\"32\" width=\"32\" xmlns=\"http:\/\/www.w3.org\/2000\/svg\"><path d=\"M108,84a16,16,0,1,1,16,16A16,16,0,0,1,108,84Zm128,44A108,108,0,1,1,128,20,108.12,108.12,0,0,1,236,128Zm-24,0a84,84,0,1,0-84,84A84.09,84.09,0,0,0,212,128Zm-72,36.68V132a20,20,0,0,0-20-20,12,12,0,0,0-4,23.32V168a20,20,0,0,0,20,20,12,12,0,0,0,4-23.32Z\"><\/path><\/svg><\/span><span class=\"gb-text\">Aten\u021bie:<\/span><\/h4>\n\n\n\n<ul class=\"wp-block-list\">\n<li>Informa\u021bii actualizate ultima dat\u0103 \u00een martie 2026.<\/li>\n\n\n\n<li>Reducerile incluse \u00een cardul Budapest pot fi modificate f\u0103r\u0103 notificare prealabil\u0103.<\/li>\n<\/ul>\n<\/div>\n","protected":false},"excerpt":{"rendered":"","protected":false},"author":1,"featured_media":0,"parent":0,"menu_order":3,"comment_status":"closed","ping_status":"closed","template":"","meta":{"_acf_changed":false,"footnotes":"","button_url":"https:\/\/www.tiqets.com\/en\/things-to-do-in-budapest-c68199\/tickets-for-budapest-card-free-entrance-to-szt-lukacs-thermal-bath-and-pool-p974576\/?partner=budapestcard","ms_product_id":"","ms_product_name":"","ms_price":"","ms_currency":"","ms_rating_value":"","ms_review_count":"","rank_math_title":"Reduceri cu cardul Budapest Card: lista complet\u0103 \u00een %currentyear%","rank_math_description":"Consulta\u021bi lista complet\u0103 a reducerilor incluse \u00een Budapest Card."},"post-style":[],"producer":[],"class_list":["post-8","page","type-page","status-publish","has-post-thumbnail"],"acf":[],"product_schema":{"ms_product_id":"","ms_product_name":"","ms_price":"","ms_currency":"","ms_rating_value":"","ms_review_count":""},"_links":{"self":[{"href":"https:\/\/www.budapestcard.org\/ro\/wp-json\/wp\/v2\/pages\/8","targetHints":{"allow":["GET"]}}],"collection":[{"href":"https:\/\/www.budapestcard.org\/ro\/wp-json\/wp\/v2\/pages"}],"about":[{"href":"https:\/\/www.budapestcard.org\/ro\/wp-json\/wp\/v2\/types\/page"}],"author":[{"embeddable":true,"href":"https:\/\/www.budapestcard.org\/ro\/wp-json\/wp\/v2\/users\/1"}],"replies":[{"embeddable":true,"href":"https:\/\/www.budapestcard.org\/ro\/wp-json\/wp\/v2\/comments?post=8"}],"version-history":[{"count":3,"href":"https:\/\/www.budapestcard.org\/ro\/wp-json\/wp\/v2\/pages\/8\/revisions"}],"predecessor-version":[{"id":1043,"href":"https:\/\/www.budapestcard.org\/ro\/wp-json\/wp\/v2\/pages\/8\/revisions\/1043"}],"wp:attachment":[{"href":"https:\/\/www.budapestcard.org\/ro\/wp-json\/wp\/v2\/media?parent=8"}],"wp:term":[{"taxonomy":"post-style","embeddable":true,"href":"https:\/\/www.budapestcard.org\/ro\/wp-json\/wp\/v2\/post-style?post=8"},{"taxonomy":"producer","embeddable":true,"href":"https:\/\/www.budapestcard.org\/ro\/wp-json\/wp\/v2\/producer?post=8"}],"curies":[{"name":"wp","href":"https:\/\/api.w.org\/{rel}","templated":true}]}}