{"id":896,"date":"2025-04-23T09:37:41","date_gmt":"2025-04-23T07:37:41","guid":{"rendered":"https:\/\/www.budapestcard.org\/ro\/?page_id=896"},"modified":"2025-09-29T23:18:01","modified_gmt":"2025-09-29T21:18:01","slug":"budapest-pass","status":"publish","type":"page","link":"https:\/\/www.budapestcard.org\/ro\/budapest-pass\/","title":{"rendered":"Budapest Pass"},"content":{"rendered":"\n<p>Budapest Pass este mai mult dec\u00e2t un simplu bilet \u2013 este accesul t\u0103u VIP la sufletul ora\u0219ului.<\/p>\n\n\n\n<div class=\"ms-cta-button ms-p ms-cta\">\n<a class=\"gb-text ms-btn ms-btn--primary ms-shadow\" href=\"https:\/\/www.tiqets.com\/en\/checkout\/tickets-for-budapest-pass-p1013746\/booking_details\/?partner=budapestcard\" rel=\"nofollow noopener\">Verific\u0103 disponibilitatea<\/a>\n<\/div>\n\n\n\n<h2 class=\"wp-block-heading\">Beneficii<\/h2>\n\n\n\n<ul class=\"ms-icon-list\">\n<li class=\"ms-icon-list__item\"><span class=\"gb-shape\"><svg viewBox=\"0 0 256 256\" fill=\"#000000\" height=\"32\" width=\"32\" xmlns=\"http:\/\/www.w3.org\/2000\/svg\"><path d=\"M232.49,80.49l-128,128a12,12,0,0,1-17,0l-56-56a12,12,0,1,1,17-17L96,183,215.51,63.51a12,12,0,0,1,17,17Z\"><\/path><\/svg><\/span><span class=\"gb-text\">10% reducere la alte atrac\u021bii din Budapesta.<\/span><\/li>\n\n\n\n<li class=\"ms-icon-list__item\"><span class=\"gb-shape\"><svg viewBox=\"0 0 256 256\" fill=\"#000000\" height=\"32\" width=\"32\" xmlns=\"http:\/\/www.w3.org\/2000\/svg\"><path d=\"M232.49,80.49l-128,128a12,12,0,0,1-17,0l-56-56a12,12,0,1,1,17-17L96,183,215.51,63.51a12,12,0,0,1,17,17Z\"><\/path><\/svg><\/span><span class=\"gb-text\">F\u0103r\u0103 taxe surpriz\u0103.<\/span><\/li>\n\n\n\n<li class=\"ms-icon-list__item\"><span class=\"gb-shape\"><svg viewBox=\"0 0 256 256\" fill=\"#000000\" height=\"32\" width=\"32\" xmlns=\"http:\/\/www.w3.org\/2000\/svg\"><path d=\"M232.49,80.49l-128,128a12,12,0,0,1-17,0l-56-56a12,12,0,1,1,17-17L96,183,215.51,63.51a12,12,0,0,1,17,17Z\"><\/path><\/svg><\/span><span class=\"gb-text\">Alege ora care \u021bi se potrive\u0219te cel mai bine la checkout pentru fiecare loca\u021bie.<\/span><\/li>\n<\/ul>\n\n\n\n<figure>\n<img decoding=\"async\" width=\"1920\" height=\"1080\" class=\"gb-media-4f95c955\" src=\"https:\/\/www.budapestcard.org\/wp-content\/uploads\/budapest-pass-1745508262.jpg\" alt=\"Budapest Digital Pass\" title=\"budapest-pass\" srcset=\"https:\/\/www.budapestcard.org\/ro\/wp-content\/uploads\/sites\/17\/budapest-pass-1745508262.jpg 1920w, https:\/\/www.budapestcard.org\/ro\/wp-content\/uploads\/sites\/17\/budapest-pass-1745508262-768x432.jpg 768w, https:\/\/www.budapestcard.org\/ro\/wp-content\/uploads\/sites\/17\/budapest-pass-1745508262-1024x576.jpg 1024w, https:\/\/www.budapestcard.org\/ro\/wp-content\/uploads\/sites\/17\/budapest-pass-1745508262-1280x720.jpg 1280w, https:\/\/www.budapestcard.org\/ro\/wp-content\/uploads\/sites\/17\/budapest-pass-1745508262-1600x900.jpg 1600w\" sizes=\"(max-width: 1920px) 100vw, 1920px\" \/>\n<\/figure>\n\n\n\n<div class=\"ms-alert--primary ms-p ms-rounded ms-mb-last-child-0 ms-mb-children-condensed ms-mb-block\">\n<h3 class=\"wp-block-heading has-ms-color-primary-darker-color has-text-color has-link-color wp-elements-68737faae3d1b81a1a95ee791e8b2d49\">Cum s\u0103 rezervi<\/h3>\n\n\n\n<div class=\"gb-element-f4eb9e37\">\n<div>\n<p class=\"gb-text-91d99ec7 ms-link-unstyled\"><span class=\"gb-shape\"><svg viewBox=\"0 0 256 256\" fill=\"#000000\" height=\"32\" width=\"32\" xmlns=\"http:\/\/www.w3.org\/2000\/svg\"><path d=\"M246.15,133.18,146.83,33.86A19.85,19.85,0,0,0,132.69,28H40A12,12,0,0,0,28,40v92.69a19.85,19.85,0,0,0,5.86,14.14l99.32,99.32a20,20,0,0,0,28.28,0l84.69-84.69A20,20,0,0,0,246.15,133.18Zm-98.83,93.17L52,131V52h79l95.32,95.32ZM100,84A16,16,0,1,1,84,68,16,16,0,0,1,100,84Z\"><\/path><\/svg><\/span><span class=\"gb-text\"><strong>Alege Pass-ul<\/strong><\/span><\/p>\n\n\n\n<p class=\"has-ms-color-primary-darker-color has-text-color has-link-color wp-elements-a240210c8876a04d2c4ab908361c8187\">Selecteaz\u0103 num\u0103rul de participan\u021bi \u0219i data de \u00eencepere a Pass-ului.<\/p>\n<\/div>\n\n\n\n<div>\n<p class=\"gb-text-71a39911 ms-link-unstyled\"><span class=\"gb-shape\"><svg viewBox=\"0 0 256 256\" fill=\"#000000\" height=\"32\" width=\"32\" xmlns=\"http:\/\/www.w3.org\/2000\/svg\"><path d=\"M128,20A108,108,0,1,0,236,128,108.12,108.12,0,0,0,128,20Zm0,192a84,84,0,1,1,84-84A84.09,84.09,0,0,1,128,212Zm68-84a12,12,0,0,1-12,12H128a12,12,0,0,1-12-12V72a12,12,0,0,1,24,0v44h44A12,12,0,0,1,196,128Z\"><\/path><\/svg><\/span><span class=\"gb-text\"><strong>Rezerv\u0103 biletele<\/strong><\/span><\/p>\n\n\n\n<p class=\"has-ms-color-primary-darker-color has-text-color has-link-color wp-elements-baa68deda346381bfbf10c112e2ba0e7\">Alege data \u0219i ora pentru atrac\u021biile \u0219i activit\u0103\u021bile incluse.<\/p>\n<\/div>\n<\/div>\n\n\n\n<div class=\"gb-element-b221a285\">\n<div>\n<p class=\"gb-text-a8e13d94 ms-link-unstyled\"><span class=\"gb-shape\"><svg viewBox=\"0 0 256 256\" fill=\"#000000\" height=\"32\" width=\"32\" xmlns=\"http:\/\/www.w3.org\/2000\/svg\"><path d=\"M224,44H32A20,20,0,0,0,12,64V192a20,20,0,0,0,20,20H224a20,20,0,0,0,20-20V64A20,20,0,0,0,224,44Zm-4,24V88H36V68ZM36,188V112H220v76Zm172-24a12,12,0,0,1-12,12H164a12,12,0,0,1,0-24h32A12,12,0,0,1,208,164Zm-68,0a12,12,0,0,1-12,12H116a12,12,0,0,1,0-24h12A12,12,0,0,1,140,164Z\"><\/path><\/svg><\/span><span class=\"gb-text\"><strong>Confirm\u0103 \u0219i pl\u0103te\u0219te<\/strong><\/span><\/p>\n\n\n\n<p class=\"has-ms-color-primary-darker-color has-text-color has-link-color wp-elements-7788d4fd4eae3aeadc13f841f104b6b8\">Introdu detaliile tale \u0219i finalizeaz\u0103 plata securizat\u0103.<\/p>\n<\/div>\n\n\n\n<div>\n<p class=\"gb-text-26106146 ms-link-unstyled\"><span class=\"gb-shape\"><svg viewBox=\"0 0 256 256\" fill=\"#000000\" height=\"32\" width=\"32\" xmlns=\"http:\/\/www.w3.org\/2000\/svg\"><path d=\"M176.49,95.51a12,12,0,0,1,0,17l-56,56a12,12,0,0,1-17,0l-24-24a12,12,0,1,1,17-17L112,143l47.51-47.52A12,12,0,0,1,176.49,95.51ZM236,128A108,108,0,1,1,128,20,108.12,108.12,0,0,1,236,128Zm-24,0a84,84,0,1,0-84,84A84.09,84.09,0,0,0,212,128Z\"><\/path><\/svg><\/span><span class=\"gb-text\"><strong>Ob\u021bine biletele<\/strong><\/span><\/p>\n\n\n\n<p class=\"has-ms-color-primary-darker-color has-text-color has-link-color wp-elements-0b117f7dfe8434ba1ea18f86fd1f7969\">Prime\u0219ti biletele digitale instantaneu prin e-mail.<\/p>\n<\/div>\n<\/div>\n<\/div>\n\n\n\n<h2 class=\"wp-block-heading\">Cum func\u021bioneaz\u0103<\/h2>\n\n\n\n<ol class=\"wp-block-list\">\n<li><strong>Activeaz\u0103 Pass-ul<\/strong>: Budapest Pass se activeaz\u0103 automat la data selectat\u0103 \u00een timpul rezerv\u0103rii.<\/li>\n\n\n\n<li><strong>Valideaz\u0103-\u021bi biletul<\/strong>: Prezint\u0103 biletul digital (primit pe e-mail) la intrarea fiec\u0103rei activit\u0103\u021bi incluse (croazier\u0103 pe Dun\u0103re, baia termal\u0103 Sz\u00e9chenyi).<\/li>\n\n\n\n<li><strong>Nu este necesar\u0103 imprimarea<\/strong>: Folose\u0219te pur \u0219i simplu biletul mobil de pe smartphone.<\/li>\n<\/ol>\n\n\n\n<div class=\"ms-p ms-rounded ms-mb-last-child-0 ms-mb-children-condensed ms-alert--contrast ms-mb-block\">\n<h4 class=\"gb-text-26a71c5b\"><span class=\"gb-shape\"><svg viewBox=\"0 0 256 256\" fill=\"#000000\" height=\"32\" width=\"32\" xmlns=\"http:\/\/www.w3.org\/2000\/svg\"><path d=\"M108,84a16,16,0,1,1,16,16A16,16,0,0,1,108,84Zm128,44A108,108,0,1,1,128,20,108.12,108.12,0,0,1,236,128Zm-24,0a84,84,0,1,0-84,84A84.09,84.09,0,0,0,212,128Zm-72,36.68V132a20,20,0,0,0-20-20,12,12,0,0,0-4,23.32V168a20,20,0,0,0,20,20,12,12,0,0,0,4-23.32Z\"><\/path><\/svg><\/span><span class=\"gb-text\">Ofert\u0103 special\u0103:<\/span><\/h4>\n\n\n\n<p class=\"gb-text\">Dup\u0103 rezervare, vei primi prin e-mail un cod personal de <strong>10% reducere<\/strong>, valabil timp de o lun\u0103 pentru urm\u0103toarele 5 atrac\u021bii din Budapesta.<\/p>\n\n\n\n<p class=\"gb-text\">Pentru mai multe informa\u021bii, <a href=\"https:\/\/www.tiqets.com\/en\/things-to-do-in-budapest-c68199\/budapest-pass-p1013746\/?partner=budapestcard\" data-type=\"link\" data-id=\"https:\/\/www.tiqets.com\/en\/things-to-do-in-budapest-c68199\/budapest-pass-p1013746\/?partner=budapestcard\" rel=\"nofollow noopener\">f\u0103 click aici<\/a> \u00bb <\/p>\n<\/div>\n\n\n\n<h2 class=\"wp-block-heading\">Ce este inclus<\/h2>\n\n\n\n<h3 class=\"wp-block-heading\">Baia termal\u0103 Sz\u00e9chenyi<\/h3>\n\n\n\n<ul class=\"wp-block-list\">\n<li>Intrare pentru o zi \u00eentreag\u0103 la Sz\u00e9chenyi Spa, una dintre cele mai mari b\u0103i termale din Europa<\/li>\n\n\n\n<li>Exploreaz\u0103 3 piscine \u00een aer liber \u0219i 15 piscine interioare<\/li>\n\n\n\n<li>Include o degustare de p\u00e1linka (sau o b\u0103utur\u0103 non-alcoolic\u0103, dac\u0103 preferi) \u0219i dulap sau cabin\u0103 (\u00een func\u021bie de bilet)<\/li>\n<\/ul>\n\n\n\n<h3 class=\"wp-block-heading\"><strong>Croazier\u0103 pe Dun\u0103re (cu o b\u0103utur\u0103)<\/strong><\/h3>\n\n\n\n<ul class=\"wp-block-list\">\n<li>Relaxeaz\u0103-te pe r\u00e2u \u0219i bucur\u0103-te de cele mai frumoase priveli\u0219ti ale Budapestei<\/li>\n\n\n\n<li>Admir\u0103 obiective turistice celebre, precum Parlamentul, Podul cu Lan\u021buri \u0219i multe altele, direct de pe ap\u0103<\/li>\n\n\n\n<li>Include o b\u0103utur\u0103 de bun venit de care te po\u021bi bucura \u00een timpul croazierei<\/li>\n<\/ul>\n\n\n\n<h3 class=\"wp-block-heading\">Aplica\u021bie ghid audio de la POPGuide<\/h3>\n\n\n\n<ul class=\"wp-block-list\">\n<li>C\u0103l\u0103torii nelimitate cu autobuzul, tramvaiul \u0219i metroul<\/li>\n\n\n\n<li>Foarte convenabil pentru a ajunge la atrac\u021biile turistice r\u0103sp\u00e2ndite \u00een Buda \u0219i Pesta<\/li>\n\n\n\n<li>Nu este nevoie s\u0103 cumperi carduri de c\u0103l\u0103torie sau bilete separate<\/li>\n<\/ul>\n\n\n\n<h2 class=\"wp-block-heading\">Budapest Pass vs. Budapest Card: Care este diferen\u021ba?<\/h2>\n\n\n<div class=\"ms-table frozenColumn\"><table><tr><th><\/th><th><a href=\"https:\/\/www.tiqets.com\/en\/things-to-do-in-budapest-c68199\/budapest-pass-p1013746\/?partner=budapestcard\" rel=\"nofollow noopener\" target=\"_blank\">Budapest Pass<\/a><\/th><th><a href=\"https:\/\/www.tiqets.com\/en\/things-to-do-in-budapest-c68199\/tickets-for-budapest-card-free-entrance-to-szt-lukacs-thermal-bath-and-pool-p974576\/?partner=budapestcard\" rel=\"nofollow noopener\" target=\"_blank\">Budapest Card<\/a><\/th><\/tr><tr><td>Obiectiv principal<\/td><td>Atrac\u021bii de neratat selectate cu experien\u021be ghidate<\/td><td>Intrare gratuit\u0103 sau cu reducere la multe muzee \u0219i b\u0103i<\/td><\/tr><tr><td>Ce este inclus<\/td><td>B\u0103ile Termale Sz\u00e9chenyi, Croaziere pe Dun\u0103re \u00een Budapesta<\/td><td>Bazilica Sf\u00e2ntul \u0218tefan, B\u0103ile Luk\u00e1cs, 30+ muzee \u0219i atrac\u021bii<\/td><\/tr><tr><td>Aplica\u021bie ghid audio<\/td><td>\u2713<\/td><td> <\/td><\/tr><tr><td>Transport public gratuit<\/td><td><\/td><td>\u2713<\/td><\/tr><tr><td>Reduceri suplimentare<\/td><td>10% reducere la alte atrac\u021bii din Budapesta<\/td><td>Reduceri la restaurante, muzee \u0219i spa-uri selectate. <a href=\"https:\/\/www.budapestcard.org\/ro\/discounts\/\" rel=\"nofollow\" target=\"_blank\">Verific\u0103 aici \u00bb<\/a><\/td><\/tr><tr><td>Economii estimate<\/td><td>Economise\u0219te p\u00e2n\u0103 la 10% comparativ cu rezervarea fiec\u0103rei activit\u0103\u021bi separat<\/td><td>Economise\u0219te 10\u201350% la restaurante, atrac\u021bii, tururi, b\u0103i \u0219i altele<\/td><\/tr><\/table><\/div>\n\n\n<h3 class=\"wp-block-heading\">Achizi\u021bioneaz\u0103 Budapest Pass dac\u0103:<\/h3>\n\n\n\n<ul class=\"wp-block-list\">\n<li>\u00ce\u021bi dore\u0219ti o experien\u021b\u0103 mai ghidat\u0103, cu obiective turistice de neratat deja selectate pentru tine<\/li>\n\n\n\n<li>Preferi atrac\u021bii mari, cum ar fi spa-ul Sz\u00e9chenyi \u0219i o croazier\u0103 pe Dun\u0103re<\/li>\n\n\n\n<li>Nu vrei s\u0103 cau\u021bi totul, cardul se ocup\u0103 de planificare pentru tine<\/li>\n<\/ul>\n\n\n\n<p><a href=\"https:\/\/www.tiqets.com\/en\/things-to-do-in-budapest-c68199\/budapest-pass-p1013746\/?partner=budapestcard\" rel=\"nofollow noopener\"><strong>Verific\u0103 disponibilitatea \u00bb<\/strong><\/a><\/p>\n\n\n\n<h3 class=\"wp-block-heading\">Achizi\u021bioneaz\u0103 Budapest Card dac\u0103:<\/h3>\n\n\n\n<ul class=\"wp-block-list\">\n<li>\u00ce\u021bi place s\u0103 vizitezi multe muzee \u0219i situri istorice (mai ales dac\u0103 \u0219tii deja ce vrei s\u0103 vezi)<\/li>\n\n\n\n<li>Vrei s\u0103 explorezi \u00een ritmul propriu, aleg\u00e2nd dintr-o list\u0103 mai larg\u0103 de atrac\u021bii mai mici<\/li>\n\n\n\n<li>Ai un buget mai restr\u00e2ns \u0219i vrei mai mult\u0103 flexibilitate<\/li>\n<\/ul>\n\n\n\n<p><a href=\"https:\/\/www.tiqets.com\/en\/things-to-do-in-budapest-c68199\/tickets-for-budapest-card-free-entrance-to-szt-lukacs-thermal-bath-and-pool-p974576\/?partner=budapestcard\" rel=\"nofollow noopener\"><strong>Verific\u0103 disponibilitatea \u00bb<\/strong><\/a><\/p>\n\n\n\n<h2 class=\"wp-block-heading\">\u00centreb\u0103ri frecvente<\/h2>\n\n\n\n<div class=\"ms-accordion ms-mb-block\">\n<div class=\"ms-accordion__item\">\n<div class=\"ms-accordion__header\">\n<h3 class=\"gb-text\">Pot alege limba tururilor ghidate?<\/h3>\n<\/div>\n\n\n\n<div class=\"ms-accordion__body\">\n<p class=\"gb-text\">Majoritatea tururilor ghidate (turul ora\u0219ului, Parlamentul Ungariei, Muzeul P\u00e1linka) sunt oferite \u00een limba englez\u0103, dar unele pot fi disponibile \u0219i \u00een alte limbi. Verific\u0103 disponibilitatea la rezervare.<\/p>\n<\/div>\n<\/div>\n\n\n\n<div class=\"ms-accordion__item\">\n<div class=\"ms-accordion__header\">\n<h3 class=\"gb-text\">Cum pot valorifica sau ridica Pass-ul?<\/h3>\n<\/div>\n\n\n\n<div class=\"ms-accordion__body\">\n<p class=\"gb-text\">Vei primi bilete digitale prin e-mail la momentul achizi\u021biei.<\/p>\n<\/div>\n<\/div>\n\n\n\n<div class=\"ms-accordion__item\">\n<div class=\"ms-accordion__header\">\n<h3 class=\"gb-text\">Pot \u00eemp\u0103r\u021bi Pass-ul cu altcineva?<\/h3>\n<\/div>\n\n\n\n<div class=\"ms-accordion__body\">\n<p class=\"gb-text\">Nu. Budapest Pass este personal \u0219i netransferabil. Va trebui s\u0103 prezin\u021bi propriul bilet (\u0219i, \u00een unele cazuri, actul de identitate) la fiecare atrac\u021bie.<\/p>\n<\/div>\n<\/div>\n\n\n\n<div class=\"ms-accordion__item\">\n<div class=\"ms-accordion__header\">\n<h3 class=\"gb-text\">Cum func\u021bioneaz\u0103 codul de reducere de 10%?<\/h3>\n<\/div>\n\n\n\n<div class=\"ms-accordion__body\">\n<p class=\"gb-text\">Vei primi un cod personal prin e-mail dup\u0103 rezervare. \u00cel po\u021bi utiliza de p\u00e2n\u0103 la cinci ori pentru atrac\u021bii sau experien\u021be suplimentare \u00een Budapesta, rezervate prin Tiqets. Codul este valabil pentru o perioad\u0103 limitat\u0103, a\u0219a c\u0103 verific\u0103 data de expirare.<\/p>\n<\/div>\n<\/div>\n<\/div>\n","protected":false},"excerpt":{"rendered":"","protected":false},"author":4,"featured_media":908,"parent":0,"menu_order":1,"comment_status":"closed","ping_status":"closed","template":"","meta":{"_acf_changed":false,"footnotes":""},"post-style":[],"producer":[],"class_list":["post-896","page","type-page","status-publish","has-post-thumbnail"],"acf":[],"_links":{"self":[{"href":"https:\/\/www.budapestcard.org\/ro\/wp-json\/wp\/v2\/pages\/896","targetHints":{"allow":["GET"]}}],"collection":[{"href":"https:\/\/www.budapestcard.org\/ro\/wp-json\/wp\/v2\/pages"}],"about":[{"href":"https:\/\/www.budapestcard.org\/ro\/wp-json\/wp\/v2\/types\/page"}],"author":[{"embeddable":true,"href":"https:\/\/www.budapestcard.org\/ro\/wp-json\/wp\/v2\/users\/4"}],"replies":[{"embeddable":true,"href":"https:\/\/www.budapestcard.org\/ro\/wp-json\/wp\/v2\/comments?post=896"}],"version-history":[{"count":3,"href":"https:\/\/www.budapestcard.org\/ro\/wp-json\/wp\/v2\/pages\/896\/revisions"}],"predecessor-version":[{"id":987,"href":"https:\/\/www.budapestcard.org\/ro\/wp-json\/wp\/v2\/pages\/896\/revisions\/987"}],"wp:featuredmedia":[{"embeddable":true,"href":"https:\/\/www.budapestcard.org\/ro\/wp-json\/wp\/v2\/media\/908"}],"wp:attachment":[{"href":"https:\/\/www.budapestcard.org\/ro\/wp-json\/wp\/v2\/media?parent=896"}],"wp:term":[{"taxonomy":"post-style","embeddable":true,"href":"https:\/\/www.budapestcard.org\/ro\/wp-json\/wp\/v2\/post-style?post=896"},{"taxonomy":"producer","embeddable":true,"href":"https:\/\/www.budapestcard.org\/ro\/wp-json\/wp\/v2\/producer?post=896"}],"curies":[{"name":"wp","href":"https:\/\/api.w.org\/{rel}","templated":true}]}}