{"id":27,"date":"2016-10-21T17:31:30","date_gmt":"2016-10-21T15:31:30","guid":{"rendered":"https:\/\/www.budapestcard.org\/?page_id=27"},"modified":"2026-04-13T06:13:06","modified_gmt":"2026-04-13T04:13:06","slug":"%d1%81%d1%82%d0%be%d0%b8%d0%bc%d0%be%d1%81%d1%82%d1%8c","status":"publish","type":"page","link":"https:\/\/www.budapestcard.org\/ru\/%d1%81%d1%82%d0%be%d0%b8%d0%bc%d0%be%d1%81%d1%82%d1%8c\/","title":{"rendered":"\u0426\u0435\u043d\u044b \u043d\u0430 Budapest Card"},"content":{"rendered":"\n<p>Budapest Card &#8212; \u043e\u0434\u0438\u043d \u0438\u0437 \u043b\u0443\u0447\u0448\u0438\u0445 \u0438\u043d\u0441\u0442\u0440\u0443\u043c\u0435\u043d\u0442\u043e\u0432, \u0441 \u043f\u043e\u043c\u043e\u0449\u044c\u044e \u043a\u043e\u0442\u043e\u0440\u043e\u0433\u043e \u0442\u044b \u0441\u043c\u043e\u0436\u0435\u0448\u044c \u043f\u043e-\u043d\u0430\u0441\u0442\u043e\u044f\u0449\u0435\u043c\u0443 \u043e\u0442\u043a\u0440\u044b\u0442\u044c \u0434\u043b\u044f \u0441\u0435\u0431\u044f \u0432\u0441\u0435 \u0443\u0434\u0438\u0432\u0438\u0442\u0435\u043b\u044c\u043d\u044b\u0435 \u0432\u0435\u0449\u0438, \u043a\u043e\u0442\u043e\u0440\u044b\u0435 \u043c\u043e\u0436\u0435\u0442 \u043f\u0440\u0435\u0434\u043b\u043e\u0436\u0438\u0442\u044c \u0411\u0443\u0434\u0430\u043f\u0435\u0448\u0442, \u043d\u043e \u043a\u0430\u043a\u043e\u0439 \u0432\u0430\u0440\u0438\u0430\u043d\u0442 \u043a\u0430\u0440\u0442\u044b \u0442\u0435\u0431\u0435 \u0431\u043e\u043b\u044c\u0448\u0435 \u0432\u0441\u0435\u0433\u043e \u043f\u043e\u0434\u0445\u043e\u0434\u0438\u0442?<\/p>\n\n\n\n<p>\u0421\u0443\u0449\u0435\u0441\u0442\u0432\u0443\u0435\u0442 \u043f\u044f\u0442\u044c \u0440\u0430\u0437\u043b\u0438\u0447\u043d\u044b\u0445 \u0441\u0440\u043e\u043a\u043e\u0432 \u0434\u0435\u0439\u0441\u0442\u0432\u0438\u044f Budapest Card: <strong>24<\/strong>, <strong>48<\/strong>, <strong>72<\/strong>, <strong>96<\/strong> \u0438 <strong>120<\/strong> \u0447\u0430\u0441\u043e\u0432. \u041a\u0430\u0436\u0434\u0430\u044f \u043a\u0430\u0440\u0442\u0430 \u0434\u0435\u0439\u0441\u0442\u0432\u0443\u0435\u0442 \u0441 \u043c\u043e\u043c\u0435\u043d\u0442\u0430 \u043f\u0435\u0440\u0432\u043e\u0433\u043e \u0438\u0441\u043f\u043e\u043b\u044c\u0437\u043e\u0432\u0430\u043d\u0438\u044f \u0432 \u0442\u0435\u0447\u0435\u043d\u0438\u0435 \u043e\u0431\u043e\u0437\u043d\u0430\u0447\u0435\u043d\u043d\u043e\u0433\u043e \u043d\u0430 \u043d\u0435\u0439 \u043f\u0435\u0440\u0438\u043e\u0434\u0430 \u0432\u0440\u0435\u043c\u0435\u043d\u0438. \u041a\u0430\u0440\u0442\u0430 \u0430\u043a\u0442\u0438\u0432\u0438\u0440\u0443\u0435\u0442\u0441\u044f \u0442\u043e\u043b\u044c\u043a\u043e \u043f\u0440\u0438 \u043f\u0435\u0440\u0432\u043e\u043c \u0438\u0441\u043f\u043e\u043b\u044c\u0437\u043e\u0432\u0430\u043d\u0438\u0438, \u043f\u043e\u044d\u0442\u043e\u043c\u0443 \u0435\u0451 \u043c\u043e\u0436\u043d\u043e \u0441\u043f\u043e\u043a\u043e\u0439\u043d\u043e \u043a\u0443\u043f\u0438\u0442\u044c \u0437\u0430\u0440\u0430\u043d\u0435\u0435, \u0435\u0449\u0451 \u0434\u043e \u043f\u043e\u0435\u0437\u0434\u043a\u0438. \u041e\u043d\u0430 \u0434\u0435\u0439\u0441\u0442\u0432\u0438\u0442\u0435\u043b\u044c\u043d\u0430 \u0434\u043e \u043a\u043e\u043d\u0446\u0430 \u0442\u0435\u043a\u0443\u0449\u0435\u0433\u043e \u0441\u0435\u0437\u043e\u043d\u0430 \u2014 \u0434\u043e 30 \u0430\u043f\u0440\u0435\u043b\u044f 2026 \u0433\u043e\u0434\u0430. \u041f\u043e\u043a\u0443\u043f\u0430\u0439\u0442\u0435 \u0437\u0430\u0440\u0430\u043d\u0435\u0435 \u0438 \u044d\u043a\u043e\u043d\u043e\u043c\u044c\u0442\u0435!<\/p>\n\n\n\n<h3 class=\"wp-block-heading\">\u0420\u0430\u0441\u0446\u0435\u043d\u043a\u0438<\/h3>\n\n\n<div class=\"ms-table frozenColumn\"><table><tr><th>\u0412\u0437\u0440\u043e\u0441\u043b\u044b\u0435<\/th><th>\u041e\u0431\u044b\u0447\u043d\u0430\u044f \u0446\u0435\u043d\u0430<\/th><\/tr><tr><td>24 \u0447\u0430\u0441\u0430<\/td><td>\u20ac55,00 (\u20ac55,00 \u0432 \u0434\u0435\u043d\u044c)<\/td><\/tr><tr><td>48 \u0447\u0430\u0441\u043e\u0432<\/td><td>\u20ac71,50 (\u20ac35,75 \u0432 \u0434\u0435\u043d\u044c)<\/td><\/tr><tr><td>72 \u0447\u0430\u0441\u0430<\/td><td>\u20ac91,30 (\u20ac30,43 \u0432 \u0434\u0435\u043d\u044c)<\/td><\/tr><tr><td>96 \u0447\u0430\u0441\u043e\u0432<\/td><td>\u20ac114,40 (\u20ac28,60 \u0432 \u0434\u0435\u043d\u044c)<\/td><\/tr><tr><td>120 \u0447\u0430\u0441\u043e\u0432<\/td><td>\u20ac127,60 (\u20ac25,52 \u0432 \u0434\u0435\u043d\u044c)<\/td><\/tr><\/table><\/div>\n\n\n<p><strong>\u041f\u0440\u0438\u043c\u0435\u0447\u0430\u043d\u0438\u0435:<\/strong> \u041a\u0430\u0436\u0434\u0430\u044f \u043a\u0430\u0440\u0442\u0430 \u0434\u0435\u0439\u0441\u0442\u0432\u0438\u0442\u0435\u043b\u044c\u043d\u0430 \u0434\u043b\u044f \u043e\u0434\u043d\u043e\u0433\u043e \u0432\u0437\u0440\u043e\u0441\u043b\u043e\u0433\u043e \u0438 \u043e\u0434\u043d\u043e\u0433\u043e \u0440\u0435\u0431\u0435\u043d\u043a\u0430 \u0434\u043e \u0448\u0435\u0441\u0442\u0438 \u043b\u0435\u0442, \u043f\u0443\u0442\u0435\u0448\u0435\u0441\u0442\u0432\u0443\u044e\u0449\u0435\u0433\u043e \u0441 \u043d\u0438\u043c.<\/p>\n\n\n\n<p>\u0427\u0442\u043e\u0431\u044b \u043e\u043f\u0440\u0435\u0434\u0435\u043b\u0438\u0442\u044c, \u0441\u0442\u043e\u0438\u0442 \u043b\u0438 Budapest Card \u0441\u0432\u043e\u0435\u0439 \u0446\u0435\u043d\u044b, \u0437\u0430\u0434\u0430\u0439 \u0441\u0435\u0431\u0435 \u044d\u0442\u0438 \u0442\u0440\u0438 \u0432\u043e\u043f\u0440\u043e\u0441\u0430:<\/p>\n\n\n\n<ol class=\"wp-block-list\">\n<li>\u041a\u0430\u043a \u0434\u043e\u043b\u0433\u043e \u044f \u0441\u043e\u0431\u0438\u0440\u0430\u044e\u0441\u044c \u043f\u0440\u043e\u0431\u044b\u0442\u044c \u0432 \u0411\u0443\u0434\u0430\u043f\u0435\u0448\u0442\u0435?<\/li>\n\n\n\n<li>\u0421\u043a\u043e\u043b\u044c\u043a\u043e \u0443\u0434\u0438\u0432\u0438\u0442\u0435\u043b\u044c\u043d\u044b\u0445 \u0432\u0435\u0449\u0435\u0439 \u044f \u0445\u043e\u0447\u0443 \u0443\u0432\u0438\u0434\u0435\u0442\u044c, \u043f\u043e\u043a\u0430 \u0431\u0443\u0434\u0443 \u0442\u0430\u043c?<\/li>\n\n\n\n<li>\u0421\u043a\u043e\u043b\u044c\u043a\u043e \u0434\u0435\u043d\u0435\u0433 \u044f \u0445\u043e\u0447\u0443 \u0441\u044d\u043a\u043e\u043d\u043e\u043c\u0438\u0442\u044c?<\/li>\n<\/ol>\n\n\n\n<p>\u0422\u044b \u0437\u0430\u0441\u043a\u043e\u0447\u0438\u0448\u044c \u0432 \u0411\u0443\u0434\u0430\u043f\u0435\u0448\u0442 \u0432\u0441\u0435\u0433\u043e \u043d\u0430 \u043e\u0434\u0438\u043d \u0434\u0435\u043d\u044c, \u0447\u0442\u043e\u0431\u044b \u043f\u043e\u043f\u0440\u043e\u0431\u043e\u0432\u0430\u0442\u044c \u0437\u043d\u0430\u043c\u0435\u043d\u0438\u0442\u044b\u0435 \u0442\u0440\u0430\u0434\u0438\u0446\u0438\u043e\u043d\u043d\u044b\u0435 \u0432\u0435\u043d\u0433\u0435\u0440\u0441\u043a\u0438\u0435 \u043f\u0438\u0440\u043e\u0436\u043a\u0438 \u0441 \u0434\u044b\u043c\u043e\u0445\u043e\u0434\u043e\u043c \u0432 Moln\u00e1r&#8217;s K\u00fcrt\u0151skal\u00e1cs \u0438\u043b\u0438 \u043e\u043a\u0443\u043d\u0443\u0442\u044c\u0441\u044f \u0432 \u0442\u0435\u0440\u043c\u0430\u043b\u044c\u043d\u0443\u044e \u043a\u0443\u043f\u0430\u043b\u044c\u043d\u044e \u0438 \u0431\u0430\u0441\u0441\u0435\u0439\u043d \u041b\u0443\u043a\u0430\u0447? \u0415\u0441\u043b\u0438 \u044d\u0442\u043e \u0442\u0430\u043a, \u0442\u043e \u043b\u0443\u0447\u0448\u0438\u043c \u0432\u0430\u0440\u0438\u0430\u043d\u0442\u043e\u043c \u0434\u043b\u044f \u0442\u0435\u0431\u044f \u043c\u043e\u0436\u0435\u0442 \u0441\u0442\u0430\u0442\u044c \u0438\u043d\u0432\u0435\u0441\u0442\u0438\u0440\u043e\u0432\u0430\u043d\u0438\u0435 \u0432 24-\u0447\u0430\u0441\u043e\u0432\u0443\u044e \u043a\u0430\u0440\u0442\u0443. \u0415\u0441\u043b\u0438 \u0436\u0435 \u0442\u044b \u0437\u0430\u0434\u0435\u0440\u0436\u0438\u0432\u0430\u0435\u0448\u044c\u0441\u044f \u0437\u0434\u0435\u0441\u044c \u043d\u0430\u0434\u043e\u043b\u0433\u043e \u0438\u043b\u0438 \u0445\u043e\u0447\u0435\u0448\u044c \u043f\u043e\u043b\u0443\u0447\u0438\u0442\u044c \u0431\u043e\u043b\u044c\u0448\u0435, \u0447\u0435\u043c \u043f\u0440\u043e\u0441\u0442\u043e \u0441\u043b\u0430\u0434\u043a\u043e\u0435 \u0443\u0433\u043e\u0449\u0435\u043d\u0438\u0435 \u0438 \u0440\u0430\u0441\u0441\u043b\u0430\u0431\u043b\u044f\u044e\u0449\u0443\u044e \u0432\u0430\u043d\u043d\u0443, \u043e\u0431\u0440\u0430\u0442\u0438 \u0432\u043d\u0438\u043c\u0430\u043d\u0438\u0435 \u043d\u0430 48, 72, 96 \u0438\u043b\u0438 120-\u0447\u0430\u0441\u043e\u0432\u044b\u0435 \u043a\u0430\u0440\u0442\u044b.<\/p>\n\n\n<div class=\"gb-container gb-container-7d45ff9c ms-alert--primary ms-p ms-rounded ms-mb-last-child-0 ms-mb-children-condensed ms-mb-block\">\n\n<p>\u041a\u0430\u0440\u0442\u044b \u0441 \u0431\u043e\u043b\u044c\u0448\u0438\u043c \u0441\u0440\u043e\u043a\u043e\u043c \u0434\u0435\u0439\u0441\u0442\u0432\u0438\u044f &#8212; \u044d\u0442\u043e \u043e\u0442\u043b\u0438\u0447\u043d\u043e\u0435 \u0441\u043e\u043e\u0442\u043d\u043e\u0448\u0435\u043d\u0438\u0435 \u0446\u0435\u043d\u044b \u0438 \u043a\u0430\u0447\u0435\u0441\u0442\u0432\u0430, \u043e\u0441\u043e\u0431\u0435\u043d\u043d\u043e 120-\u0447\u0430\u0441\u043e\u0432\u0430\u044f \u043a\u0430\u0440\u0442\u0430, \u043a\u043e\u0442\u043e\u0440\u0430\u044f \u0441\u0442\u043e\u0438\u0442 \u0432\u0441\u0435\u0433\u043e 25,52 \u0435\u0432\u0440\u043e \u0432 \u0434\u0435\u043d\u044c.<\/p>\n\n<\/div>\n\n\n<p>Budapest Card \u0432\u0440\u0443\u0447\u0430\u0435\u0442 \u0442\u0435\u0431\u0435 \u043a\u043b\u044e\u0447\u0438 \u043e\u0442 \u0433\u043e\u0440\u043e\u0434\u0430, \u0438\u043b\u0438 \u043d\u0430\u0441\u0442\u043e\u043b\u044c\u043a\u043e \u0431\u043b\u0438\u0437\u043a\u043e, \u043d\u0430\u0441\u043a\u043e\u043b\u044c\u043a\u043e \u044d\u0442\u043e \u0432\u043e\u0437\u043c\u043e\u0436\u043d\u043e. \u0414\u0435\u0441\u044f\u0442\u043a\u0438 \u0431\u0430\u0440\u043e\u0432, \u0440\u0435\u0441\u0442\u043e\u0440\u0430\u043d\u043e\u0432, \u0441\u043f\u0430-\u0441\u0430\u043b\u043e\u043d\u043e\u0432, \u043c\u0443\u0437\u0435\u0435\u0432 \u0438 \u0434\u0440\u0443\u0433\u0438\u0445 \u043c\u0435\u0441\u0442 \u043f\u0440\u0435\u0434\u043b\u0430\u0433\u0430\u044e\u0442 \u043e\u0433\u0440\u043e\u043c\u043d\u044b\u0435 \u0441\u043a\u0438\u0434\u043a\u0438 \u043d\u0430 \u0432\u0445\u043e\u0434, \u0443\u0441\u043b\u0443\u0433\u0438 \u0438\u043b\u0438 \u043f\u043e\u043a\u0443\u043f\u043a\u0438. \u0422\u044b \u043c\u043e\u0436\u0435\u0448\u044c \u0431\u0435\u0441\u043f\u043b\u0430\u0442\u043d\u043e \u043f\u043e\u043b\u044c\u0437\u043e\u0432\u0430\u0442\u044c\u0441\u044f \u0433\u043e\u0440\u043e\u0434\u0441\u043a\u0438\u043c \u043e\u0431\u0449\u0435\u0441\u0442\u0432\u0435\u043d\u043d\u044b\u043c \u0442\u0440\u0430\u043d\u0441\u043f\u043e\u0440\u0442\u043e\u043c, \u043e\u0441\u043c\u0430\u0442\u0440\u0438\u0432\u0430\u0442\u044c \u0434\u043e\u0441\u0442\u043e\u043f\u0440\u0438\u043c\u0435\u0447\u0430\u0442\u0435\u043b\u044c\u043d\u043e\u0441\u0442\u0438 \u0441 \u043f\u043e\u043c\u043e\u0449\u044c\u044e \u0431\u0435\u0441\u043f\u043b\u0430\u0442\u043d\u044b\u0445 \u043f\u0435\u0448\u0435\u0445\u043e\u0434\u043d\u044b\u0445 \u044d\u043a\u0441\u043a\u0443\u0440\u0441\u0438\u0439 \u0438 \u0431\u0435\u0441\u043f\u043b\u0430\u0442\u043d\u044b\u0445 \u0440\u0435\u0447\u043d\u044b\u0445 \u043a\u0440\u0443\u0438\u0437\u043e\u0432 \u0438\u043b\u0438 \u0437\u0430\u0433\u043b\u044f\u043d\u0443\u0442\u044c \u0432 \u0442\u0435\u0440\u043c\u0430\u043b\u044c\u043d\u044b\u0435 \u0432\u0430\u043d\u043d\u044b \u041b\u0443\u043a\u0430\u0447\u0430, \u0447\u0442\u043e\u0431\u044b \u0431\u0435\u0441\u043f\u043b\u0430\u0442\u043d\u043e \u043f\u043e\u0441\u0435\u0442\u0438\u0442\u044c \u0438\u0445. \u0412\u043e\u0437\u043c\u043e\u0436\u043d\u043e\u0441\u0442\u0438 \u0431\u0435\u0437\u0433\u0440\u0430\u043d\u0438\u0447\u043d\u044b.<\/p>\n\n\n\n<p>\u0417\u0430\u0433\u043b\u044f\u043d\u0438 \u043d\u0430 \u0441\u0442\u0440\u0430\u043d\u0438\u0446\u0443 <a href=\"https:\/\/www.budapestcard.org\/ru\/discounts\/\" data-type=\"page\" data-id=\"8\">\u00ab\u0421\u043a\u0438\u0434\u043a\u0438\u00bb<\/a>, \u0447\u0442\u043e\u0431\u044b \u0443\u0437\u043d\u0430\u0442\u044c \u043e\u0431\u043e \u0432\u0441\u0435\u0445 \u043f\u043e\u0442\u0440\u044f\u0441\u0430\u044e\u0449\u0438\u0445 \u0432\u043e\u0437\u043c\u043e\u0436\u043d\u043e\u0441\u0442\u044f\u0445 \u044d\u043a\u043e\u043d\u043e\u043c\u0438\u0438 \u0441 Budapest Card.<\/p>\n","protected":false},"excerpt":{"rendered":"","protected":false},"author":2,"featured_media":0,"parent":0,"menu_order":6,"comment_status":"closed","ping_status":"closed","template":"","meta":{"_acf_changed":false,"footnotes":"","button_url":"https:\/\/www.tiqets.com\/ru\/things-to-do-in-budapest-c68199\/tickets-for-budapest-card-free-entrance-to-szt-lukacs-thermal-bath-and-pool-p974576\/?partner=budapestcard","ms_product_id":"","ms_product_name":"","ms_price":"","ms_currency":"","ms_rating_value":"","ms_review_count":"","rank_math_title":"\u0426\u0435\u043d\u044b \u043d\u0430 Budapest Card \u0432 %currentyear%","rank_math_description":"\u0418\u043d\u0444\u043e\u0440\u043c\u0430\u0446\u0438\u044f \u043e \u0441\u0442\u043e\u0438\u043c\u043e\u0441\u0442\u0438 Budapest Card \u043d\u0430 \u043e\u0434\u0438\u043d, \u0434\u0432\u0430, \u0438\u043b\u0438 \u0442\u0440\u0438 \u0434\u043d\u044f. \u041a\u043b\u0438\u043a\u043d\u0438\u0442\u0435 \u0437\u0434\u0435\u0441\u044c \u0447\u0442\u043e\u0431\u044b \u0443\u0437\u043d\u0430\u0442\u044c \u0431\u043e\u043b\u044c\u0448\u0435."},"post-style":[],"producer":[],"class_list":["post-27","page","type-page","status-publish","has-post-thumbnail"],"acf":[],"product_schema":{"ms_product_id":"","ms_product_name":"","ms_price":"","ms_currency":"","ms_rating_value":"","ms_review_count":""},"_links":{"self":[{"href":"https:\/\/www.budapestcard.org\/ru\/wp-json\/wp\/v2\/pages\/27","targetHints":{"allow":["GET"]}}],"collection":[{"href":"https:\/\/www.budapestcard.org\/ru\/wp-json\/wp\/v2\/pages"}],"about":[{"href":"https:\/\/www.budapestcard.org\/ru\/wp-json\/wp\/v2\/types\/page"}],"author":[{"embeddable":true,"href":"https:\/\/www.budapestcard.org\/ru\/wp-json\/wp\/v2\/users\/2"}],"replies":[{"embeddable":true,"href":"https:\/\/www.budapestcard.org\/ru\/wp-json\/wp\/v2\/comments?post=27"}],"version-history":[{"count":3,"href":"https:\/\/www.budapestcard.org\/ru\/wp-json\/wp\/v2\/pages\/27\/revisions"}],"predecessor-version":[{"id":933,"href":"https:\/\/www.budapestcard.org\/ru\/wp-json\/wp\/v2\/pages\/27\/revisions\/933"}],"wp:attachment":[{"href":"https:\/\/www.budapestcard.org\/ru\/wp-json\/wp\/v2\/media?parent=27"}],"wp:term":[{"taxonomy":"post-style","embeddable":true,"href":"https:\/\/www.budapestcard.org\/ru\/wp-json\/wp\/v2\/post-style?post=27"},{"taxonomy":"producer","embeddable":true,"href":"https:\/\/www.budapestcard.org\/ru\/wp-json\/wp\/v2\/producer?post=27"}],"curies":[{"name":"wp","href":"https:\/\/api.w.org\/{rel}","templated":true}]}}