{"id":662,"date":"2024-10-22T13:31:39","date_gmt":"2024-10-22T11:31:39","guid":{"rendered":"https:\/\/www.budapestcard.org\/ru\/?page_id=662"},"modified":"2025-03-19T09:20:54","modified_gmt":"2025-03-19T08:20:54","slug":"kontakty","status":"publish","type":"page","link":"https:\/\/www.budapestcard.org\/ru\/kontakty\/","title":{"rendered":"\u041a\u043e\u043d\u0442\u0430\u043a\u0442\u044b"},"content":{"rendered":"\n<h3 class=\"wp-block-heading\">\u0412\u043e\u043f\u0440\u043e\u0441\u044b \u043e \u0431\u0438\u043b\u0435\u0442\u0430\u0445<\/h3>\n\n\n\n<p>\u041f\u043e \u0432\u0441\u0435\u043c \u0432\u043e\u043f\u0440\u043e\u0441\u0430\u043c, \u0441\u0432\u044f\u0437\u0430\u043d\u043d\u044b\u043c \u0441 \u0431\u0438\u043b\u0435\u0442\u0430\u043c\u0438 \u0438\u043b\u0438 \u0442\u0432\u043e\u0438\u043c \u0441\u0443\u0449\u0435\u0441\u0442\u0432\u0443\u044e\u0449\u0438\u043c \u0431\u0440\u043e\u043d\u0438\u0440\u043e\u0432\u0430\u043d\u0438\u0435\u043c, \u043e\u0431\u0440\u0430\u0449\u0430\u0439\u0441\u044f \u043a \u043d\u0430\u0448\u0435\u043c\u0443 \u0431\u0438\u043b\u0435\u0442\u043d\u043e\u043c\u0443 \u043f\u0430\u0440\u0442\u043d\u0435\u0440\u0443:<\/p>\n\n\n\n<ul class=\"wp-block-list\">\n<li>Email: info@ticketbar.eu<\/li>\n\n\n\n<li>\u0422\u0435\u043b\u0435\u0444\u043e\u043d: +44 2035142614<\/li>\n<\/ul>\n\n\n\n<hr class=\"wp-block-separator has-alpha-channel-opacity\" \/>\n\n\n\n<h3 class=\"wp-block-heading\">\u0422\u0443\u0440\u0438\u0441\u0442\u0438\u0447\u0435\u0441\u043a\u0430\u044f \u0438\u043d\u0444\u043e\u0440\u043c\u0430\u0446\u0438\u044f<\/h3>\n\n\n\n<h4 class=\"wp-block-heading\"><strong>\u0422\u0443\u0440\u0438\u0441\u0442\u0438\u0447\u0435\u0441\u043a\u0438\u0439 \u0438\u043d\u0444\u043e\u0440\u043c\u0430\u0446\u0438\u043e\u043d\u043d\u044b\u0439 \u043e\u0444\u0438\u0441 Budapestinfo<\/strong><\/h4>\n\n\n\n<p>\u041f\u043e \u043b\u044e\u0431\u044b\u043c \u0432\u043e\u043f\u0440\u043e\u0441\u0430\u043c, \u0441\u0432\u044f\u0437\u0430\u043d\u043d\u044b\u043c \u0441 \u0442\u0443\u0440\u0438\u0437\u043c\u043e\u043c \u0432 \u0411\u0443\u0434\u0430\u043f\u0435\u0448\u0442\u0435 \u0438 \u0432 \u0412\u0435\u043d\u0433\u0440\u0438\u0438, \u043d\u0430\u043f\u0440\u0438\u043c\u0435\u0440, \u043a\u0430\u0440\u0442\u044b, \u043f\u0443\u0442\u0435\u0432\u043e\u0434\u0438\u0442\u0435\u043b\u0438, \u0441\u043e\u0432\u0435\u0442\u044b \u043f\u043e \u0434\u043e\u0441\u0442\u043e\u043f\u0440\u0438\u043c\u0435\u0447\u0430\u0442\u0435\u043b\u044c\u043d\u043e\u0441\u0442\u044f\u043c \u0438 \u0441\u043e\u0431\u044b\u0442\u0438\u044f\u043c:<\/p>\n\n\n\n<ul class=\"wp-block-list\">\n<li>\u0410\u0434\u0440\u0435\u0441: 1052 \u041f\u0430\u0440\u043a \u0412\u0430\u0440\u043e\u0448\u0430\u0437\u0430, \u0443\u0433\u043e\u043b \u0443\u043b\u0438\u0446\u044b K\u00e1roly k\u00f6r\u00fat &#8212; B\u00e1rczy Istv\u00e1n (\u043f\u043b\u043e\u0449\u0430\u0434\u044c \u0414\u0435\u0430\u043a, \u043c\u0435\u0442\u0440\u043e1, \u043c\u0435\u0442\u0440\u043e2, \u043c\u0435\u0442\u0440\u043e3 \u0438\u043b\u0438 \u0430\u0432\u0442\u043e\u0431\u0443\u0441\u043d\u0430\u044f \u043e\u0441\u0442\u0430\u043d\u043e\u0432\u043a\u0430 100E \u043d\u0430\u043f\u0440\u043e\u0442\u0438\u0432, \u0435\u0441\u043b\u0438 \u043f\u0440\u0438\u0431\u044b\u0432\u0430\u0435\u0448\u044c \u0438\u0437 \u0430\u044d\u0440\u043e\u043f\u043e\u0440\u0442\u0430).<\/li>\n<\/ul>\n\n\n\n<h4 class=\"wp-block-heading\"><strong>\u0418\u043d\u0444\u043e\u0440\u043c\u0430\u0446\u0438\u043e\u043d\u043d\u0430\u044f \u0433\u043e\u0440\u044f\u0447\u0430\u044f \u043b\u0438\u043d\u0438\u044f Budapest Card<\/strong><\/h4>\n\n\n\n<p>\u0414\u043b\u044f \u043f\u043e\u043b\u0443\u0447\u0435\u043d\u0438\u044f \u043f\u043e\u0434\u0440\u043e\u0431\u043d\u043e\u0439 \u0438\u043d\u0444\u043e\u0440\u043c\u0430\u0446\u0438\u0438 \u043e Budapest Card, \u0441\u043a\u0438\u0434\u043a\u0430\u0445 \u0438 \u043b\u044c\u0433\u043e\u0442\u0430\u0445:<\/p>\n\n\n\n<ul class=\"wp-block-list\">\n<li>\u0422\u0435\u043b\u0435\u0444\u043e\u043d: +36 30 955 0398 (\u0440\u0430\u0431\u043e\u0442\u0430\u0435\u0442 \u0441 9.00 \u0434\u043e 19.00).<\/li>\n<\/ul>\n\n\n\n<hr class=\"wp-block-separator has-alpha-channel-opacity\" \/>\n\n\n\n<h3 class=\"wp-block-heading\">\u041f\u043e\u0434\u0434\u0435\u0440\u0436\u043a\u0430 \u0441\u0430\u0439\u0442\u0430<\/h3>\n\n\n\n<p>\u041f\u043e \u0432\u0441\u0435\u043c \u0432\u043e\u043f\u0440\u043e\u0441\u0430\u043c, \u0441\u0432\u044f\u0437\u0430\u043d\u043d\u044b\u043c \u0441 \u044d\u0442\u0438\u043c \u0441\u0430\u0439\u0442\u043e\u043c, \u043e\u0431\u0440\u0430\u0449\u0430\u0439\u0441\u044f \u043d\u0430\u043f\u0440\u044f\u043c\u0443\u044e \u043a \u043d\u0430\u043c:<\/p>\n\n\n\n<ul class=\"wp-block-list\">\n<li>Email: info@moonshot.media<\/li>\n<\/ul>\n","protected":false},"excerpt":{"rendered":"","protected":false},"author":3,"featured_media":0,"parent":0,"menu_order":2,"comment_status":"closed","ping_status":"closed","template":"","meta":{"_acf_changed":false,"footnotes":"","button_url":"https:\/\/www.tiqets.com\/ru\/things-to-do-in-budapest-c68199\/tickets-for-budapest-card-free-entrance-to-szt-lukacs-thermal-bath-and-pool-p974576\/?partner=budapestcard","ms_product_id":"","ms_product_name":"","ms_price":"","ms_currency":"","ms_rating_value":"","ms_review_count":"","rank_math_title":"","rank_math_description":""},"post-style":[],"producer":[],"class_list":["post-662","page","type-page","status-publish","has-post-thumbnail"],"acf":[],"product_schema":{"ms_product_id":"","ms_product_name":"","ms_price":"","ms_currency":"","ms_rating_value":"","ms_review_count":""},"_links":{"self":[{"href":"https:\/\/www.budapestcard.org\/ru\/wp-json\/wp\/v2\/pages\/662","targetHints":{"allow":["GET"]}}],"collection":[{"href":"https:\/\/www.budapestcard.org\/ru\/wp-json\/wp\/v2\/pages"}],"about":[{"href":"https:\/\/www.budapestcard.org\/ru\/wp-json\/wp\/v2\/types\/page"}],"author":[{"embeddable":true,"href":"https:\/\/www.budapestcard.org\/ru\/wp-json\/wp\/v2\/users\/3"}],"replies":[{"embeddable":true,"href":"https:\/\/www.budapestcard.org\/ru\/wp-json\/wp\/v2\/comments?post=662"}],"version-history":[{"count":2,"href":"https:\/\/www.budapestcard.org\/ru\/wp-json\/wp\/v2\/pages\/662\/revisions"}],"predecessor-version":[{"id":666,"href":"https:\/\/www.budapestcard.org\/ru\/wp-json\/wp\/v2\/pages\/662\/revisions\/666"}],"wp:attachment":[{"href":"https:\/\/www.budapestcard.org\/ru\/wp-json\/wp\/v2\/media?parent=662"}],"wp:term":[{"taxonomy":"post-style","embeddable":true,"href":"https:\/\/www.budapestcard.org\/ru\/wp-json\/wp\/v2\/post-style?post=662"},{"taxonomy":"producer","embeddable":true,"href":"https:\/\/www.budapestcard.org\/ru\/wp-json\/wp\/v2\/producer?post=662"}],"curies":[{"name":"wp","href":"https:\/\/api.w.org\/{rel}","templated":true}]}}