{"id":27,"date":"2016-10-21T17:31:30","date_gmt":"2016-10-21T15:31:30","guid":{"rendered":"https:\/\/www.budapestcard.org\/sv\/?page_id=27"},"modified":"2026-04-13T06:10:07","modified_gmt":"2026-04-13T04:10:07","slug":"priser","status":"publish","type":"page","link":"https:\/\/www.budapestcard.org\/sv\/priser\/","title":{"rendered":"Budapest Card Priser"},"content":{"rendered":"\n<p>Budapest Card \u00e4r ett av de b\u00e4sta verktygen f\u00f6r att uppt\u00e4cka allt fantastiskt som Budapest har att erbjuda. Men vilket kort passar b\u00e4st f\u00f6r just dig?<\/p>\n\n\n\n<p>Det finns fem olika giltighetstider att v\u00e4lja mellan: <strong>24<\/strong>, <strong>48<\/strong>, <strong>72<\/strong>, <strong>96 <\/strong>och <strong>120 <\/strong>timmar. Varje kort \u00e4r giltigt fr\u00e5n den f\u00f6rsta anv\u00e4ndningen under den tidsperiod som anges p\u00e5 kortet. Kortet aktiveras f\u00f6rst n\u00e4r du anv\u00e4nder det, s\u00e5 du kan enkelt k\u00f6pa det innan resan. Det g\u00e4ller till slutet av den nuvarande s\u00e4songen, fram till den 30 april 2026. K\u00f6p i f\u00f6rv\u00e4g och spara pengar!<\/p>\n\n\n\n<h3 class=\"wp-block-heading\">Prislista<\/h3>\n\n\n<div class=\"ms-table frozenColumn\"><table><tr><th>Vuxna<\/th><th>Ordinarie pris<\/th><\/tr><tr><td>24 timmar<\/td><td>\u20ac55,00 (\u20ac55,00 per dag)<\/td><\/tr><tr><td>48 timmar<\/td><td>\u20ac71,50 (\u20ac35,75 per dag)<\/td><\/tr><tr><td>72 timmar<\/td><td>\u20ac91,30 (\u20ac30,43 per dag)<\/td><\/tr><tr><td>96 timmar<\/td><td>\u20ac114,40 (\u20ac28,60 per dag)<\/td><\/tr><tr><td>120 timmar<\/td><td>\u20ac127,60 (\u20ac25,52 per dag)<\/td><\/tr><\/table><\/div>\n\n\n<p><strong>Obs<\/strong>: Varje kort \u00e4r giltigt f\u00f6r en vuxen och ett medf\u00f6ljande barn under sex \u00e5r.<\/p>\n\n\n\n<p>F\u00f6r att best\u00e4mma om Budapestkortet \u00e4r v\u00e4rt priset f\u00f6r dig, st\u00e4ll dig sj\u00e4lv dessa tre fr\u00e5gor:<\/p>\n\n\n\n<ol class=\"wp-block-list\">\n<li>Hur l\u00e4nge stannar jag i Budapest?<\/li>\n\n\n\n<li>Hur m\u00e5nga fantastiska platser vill jag bes\u00f6ka?<\/li>\n\n\n\n<li>Hur mycket pengar vill jag spara?<\/li>\n<\/ol>\n\n\n\n<p>Om du bara ska till Budapest f\u00f6r en dag f\u00f6r att prova en traditionell ungersk skorstenskaka p\u00e5 Moln\u00e1r&#8217;s K\u00fcrt\u0151skal\u00e1cs eller ta ett dopp i Luk\u00e1cs termalbad kan ett 24-timmarskort vara det b\u00e4sta valet. Om du stannar l\u00e4ngre eller vill uppleva mer \u00e4n bara s\u00f6tsaker och ett avkopplande bad, kan det vara v\u00e4rt att \u00f6verv\u00e4ga korten f\u00f6r 48, 72, 96 eller 120 timmar.<\/p>\n\n\n<div class=\"gb-container gb-container-bc0d9ca1 ms-alert--primary ms-p ms-rounded ms-mb-last-child-0 ms-mb-children-condensed ms-mb-block\">\n\n<p>De l\u00e4ngre korten \u00e4r mycket prisv\u00e4rda, s\u00e4rskilt 120-timmarskortet, som kostar endast 25,52 euro per dag.<\/p>\n\n<\/div>\n\n\n<p>Med Budapest Card f\u00e5r du nycklarna till staden. Dussintals barer, restauranger, spaanl\u00e4ggningar, museer och andra platser erbjuder stora rabatter p\u00e5 intr\u00e4den, tj\u00e4nster och shopping. Du kan anv\u00e4nda stadens kollektivtrafik gratis, delta i gratis vandringsturer och flodkryssningar, och bes\u00f6ka Luk\u00e1cs termalbad utan kostnad. M\u00f6jligheterna \u00e4r o\u00e4ndliga.<\/p>\n\n\n\n<p>Se v\u00e5r sida om <a href=\"https:\/\/www.budapestcard.org\/sv\/rabatter\/\" target=\"_blank\" rel=\"noreferrer noopener\">rabatter<\/a> f\u00f6r mer information om alla otroliga besparingar som \u00e4r m\u00f6jliga med Budapest Card.<\/p>\n","protected":false},"excerpt":{"rendered":"","protected":false},"author":1,"featured_media":0,"parent":0,"menu_order":4,"comment_status":"closed","ping_status":"closed","template":"","meta":{"_acf_changed":false,"footnotes":"","button_url":"https:\/\/www.tiqets.com\/sv\/things-to-do-in-budapest-c68199\/tickets-for-budapest-card-free-entrance-to-szt-lukacs-thermal-bath-and-pool-p974576\/?partner=budapestcard","ms_product_id":"","ms_product_name":"","ms_price":"","ms_currency":"","ms_rating_value":"","ms_review_count":"","rank_math_title":"Budapest Card - Priser i %currentyear%","rank_math_description":"Uppt\u00e4ck Budapest under %currentyear% med det prisv\u00e4rda Budapest Card. V\u00e4lj mellan 24, 48, 72, 96 eller 120 timmar. Se priserna f\u00f6r Budapest Card h\u00e4r."},"post-style":[],"producer":[],"class_list":["post-27","page","type-page","status-publish","has-post-thumbnail"],"acf":[],"product_schema":{"ms_product_id":"","ms_product_name":"","ms_price":"","ms_currency":"","ms_rating_value":"","ms_review_count":""},"_links":{"self":[{"href":"https:\/\/www.budapestcard.org\/sv\/wp-json\/wp\/v2\/pages\/27","targetHints":{"allow":["GET"]}}],"collection":[{"href":"https:\/\/www.budapestcard.org\/sv\/wp-json\/wp\/v2\/pages"}],"about":[{"href":"https:\/\/www.budapestcard.org\/sv\/wp-json\/wp\/v2\/types\/page"}],"author":[{"embeddable":true,"href":"https:\/\/www.budapestcard.org\/sv\/wp-json\/wp\/v2\/users\/1"}],"replies":[{"embeddable":true,"href":"https:\/\/www.budapestcard.org\/sv\/wp-json\/wp\/v2\/comments?post=27"}],"version-history":[{"count":3,"href":"https:\/\/www.budapestcard.org\/sv\/wp-json\/wp\/v2\/pages\/27\/revisions"}],"predecessor-version":[{"id":1045,"href":"https:\/\/www.budapestcard.org\/sv\/wp-json\/wp\/v2\/pages\/27\/revisions\/1045"}],"wp:attachment":[{"href":"https:\/\/www.budapestcard.org\/sv\/wp-json\/wp\/v2\/media?parent=27"}],"wp:term":[{"taxonomy":"post-style","embeddable":true,"href":"https:\/\/www.budapestcard.org\/sv\/wp-json\/wp\/v2\/post-style?post=27"},{"taxonomy":"producer","embeddable":true,"href":"https:\/\/www.budapestcard.org\/sv\/wp-json\/wp\/v2\/producer?post=27"}],"curies":[{"name":"wp","href":"https:\/\/api.w.org\/{rel}","templated":true}]}}