{"id":29,"date":"2016-10-21T17:36:59","date_gmt":"2016-10-21T15:36:59","guid":{"rendered":"https:\/\/www.budapestcard.org\/sv\/?page_id=29"},"modified":"2025-09-25T23:07:11","modified_gmt":"2025-09-25T21:07:11","slug":"faq","status":"publish","type":"page","link":"https:\/\/www.budapestcard.org\/sv\/faq\/","title":{"rendered":"Vanliga fr\u00e5gor"},"content":{"rendered":"<div id=\"rank-math-faq\" class=\"rank-math-block\">\n<div class=\"rank-math-list \">\n<div id=\"faq-question-1717062476605\" class=\"rank-math-list-item\">\n<h3 class=\"rank-math-question \">Vad \u00e4r Budapest Card?<\/h3>\n<div class=\"rank-math-answer \">\n\n<p>Budapest Card \u00e4r din nyckel till staden. Du kan anv\u00e4nda det p\u00e5 tre s\u00e4tt: som ett transportkort som ger dig obegr\u00e4nsat antal resor med all kollektivtrafik, som ett attraktionskort som l\u00e5ter dig utforska stadens rika historia och kultur, och som ett rabattkort som hj\u00e4lper dig att spara pengar under din vistelse.<\/p>\n<p>Ett Budapest Card ger dig gratis intr\u00e4de till \u00f6ver 30 museer och attraktioner, upp till 50 % rabatt p\u00e5 restauranger, barer och butiker, samt gratis vandringsturer och flodkryssningar. Ett perfekt s\u00e4tt att l\u00e4ra k\u00e4nna denna fantastiska stad.<\/p>\n\n<\/div>\n<\/div>\n<div id=\"faq-question-1717062505033\" class=\"rank-math-list-item\">\n<h3 class=\"rank-math-question \">Vilka \u00e4r f\u00f6rdelarna med Budapest Card?<\/h3>\n<div class=\"rank-math-answer \">\n\n<p>Den st\u00f6rsta f\u00f6rdelen \u00e4r att kortet sparar dig b\u00e5de tid och pengar. Med gratis intr\u00e4de till \u00f6ver 30 attraktioner, inklusive popul\u00e4ra sev\u00e4rdheter som Ungerska nationalmuseet och Sankt Luk\u00e1cs termalbad, kan du enkelt spara hundratals euro. Oavsett om du reser ensam eller med v\u00e4nner f\u00e5r du samma f\u00f6rm\u00e5ner.<\/p>\n<p>Oavsett om du \u00e4r ute efter en avkopplande spaupplevelse p\u00e5 n\u00e5got av stadens m\u00e5nga termalbad, eller om du hellre vill se en f\u00f6rest\u00e4llning p\u00e5 en historisk teater eller ett museum, s\u00e5 har Budapest Card n\u00e5got f\u00f6r alla.<\/p>\n\n<\/div>\n<\/div>\n<div id=\"faq-question-1717062519392\" class=\"rank-math-list-item\">\n<h3 class=\"rank-math-question \">Vilka rabatter ing\u00e5r i Budapest Card?<\/h3>\n<div class=\"rank-math-answer \">\n\n<p>Budapest Card ger dig rabatter p\u00e5 transport, attraktioner, sightseeing, restauranger, spa och mycket mer. Kortet ger dig fri tillg\u00e5ng till Budapests kollektivtrafik, intr\u00e4de till ett av stadens legendariska termalbad och fri entr\u00e9 till \u00f6ver 30 av Budapests viktigaste museer och historiska platser. Ut\u00f6ver detta f\u00e5r du \u00e4ven rabatt p\u00e5 intr\u00e4de till m\u00e5nga andra kulturella landm\u00e4rken och kyrkor.<\/p>\n<p>Om du gillar sightseeing inkluderar kortet gratis vandringsturer som visar dig allt fr\u00e5n Fiskarbastionen i Budas slottsdistrikt till den vackra Sankt Stefansbasilikan p\u00e5 Pest-sidan. Du kan ocks\u00e5 njuta av gratis flodkryssningar, vilket \u00e4r ett perfekt s\u00e4tt att beundra Budapests fantastiska skyline fr\u00e5n Donau.<\/p>\n<p>F\u00f6r mat\u00e4lskare ger kortet upp till 50 % rabatt p\u00e5 utvalda restauranger, kaf\u00e9er och barer, s\u00e5 att du kan njuta av det b\u00e4sta av det ungerska k\u00f6ket utan att t\u00f6mma pl\u00e5nboken. Kort sagt, Budapest Card har rabatter som passar alla resen\u00e4rer \u2013 oavsett om du \u00e4r h\u00e4r f\u00f6r historia, mat eller n\u00f6jen. Hela listan med f\u00f6rm\u00e5ner hittar du p\u00e5 <a href=\"https:\/\/www.budapestcard.org\/sv\/discounts\/\" target=\"_blank\" rel=\"noreferrer noopener\">rabattsidan<\/a>.<\/p>\n\n<\/div>\n<\/div>\n<div id=\"faq-question-1724227536551\" class=\"rank-math-list-item\">\n<h3 class=\"rank-math-question \">\u00c4r Budapest Card v\u00e4rt pengarna?<\/h3>\n<div class=\"rank-math-answer \">\n\n<p>Budapest Card ger dig fri tillg\u00e5ng till stadens transportsystem och \u00f6ver 50 rabatter p\u00e5 museer, attraktioner, barer, restauranger, kaf\u00e9er och termalbad. Kortet sparar dig inte bara pengar, det ger dig ocks\u00e5 friheten att utforska staden i din egen takt och bekv\u00e4mt bes\u00f6ka alla fantastiska attraktioner. Det \u00e4r dock bara du som kan avg\u00f6ra om kortet \u00e4r v\u00e4rt investeringen f\u00f6r dig.<\/p>\n\n<\/div>\n<\/div>\n<div id=\"faq-question-1745825055616\" class=\"rank-math-list-item\">\n<h3 class=\"rank-math-question \">Kan jag hoppa \u00f6ver k\u00f6erna med Budapest Card?<\/h3>\n<div class=\"rank-math-answer \">\n\n<p>Nej, med Budapest Card kan du inte hoppa \u00f6ver k\u00f6erna. Kortet ger dig gratis intr\u00e4de eller rabatter, men du m\u00e5ste fortfarande k\u00f6a som alla andra.<\/p>\n\n<\/div>\n<\/div>\n<div id=\"faq-question-1745831504115\" class=\"rank-math-list-item\">\n<h3 class=\"rank-math-question \">Hur l\u00e4nge \u00e4r Budapest Card giltigt?<\/h3>\n<div class=\"rank-math-answer \">\n\n<p>Du kan v\u00e4lja ett kort som \u00e4r giltigt i 24, 48, 72, 96 eller 120 timmar fr\u00e5n f\u00f6rsta anv\u00e4ndning. Dessutom \u00e4r varje Budapest Card en del av en \u00e5rlig s\u00e4song:<br \/><strong>2024\/2025-kort<\/strong>: giltiga 1 maj 2024\u201330 april 2025<br \/><strong>2025\/2026-kort<\/strong>: giltiga 1 maj 2025\u201330 april 2026<br \/>Se till att ditt kort st\u00e4mmer \u00f6verens med dina resedatum!<\/p>\n\n<\/div>\n<\/div>\n<div id=\"faq-question-1745831746962\" class=\"rank-math-list-item\">\n<h3 class=\"rank-math-question \">Vad h\u00e4nder om jag tappar bort mitt Budapest Card?<\/h3>\n<div class=\"rank-math-answer \">\n\n<p>Om du tappar bort ditt kort, oroa dig inte! Om du registrerat det p\u00e5 webbplatsen efter k\u00f6pet kan du f\u00e5 ett ers\u00e4ttningskort p\u00e5 <a href=\"https:\/\/www.budapestcard.org\/sv\/contact\/\" target=\"_blank\" data-type=\"link\" data-id=\"https:\/\/www.budapestcard.org\/sv\/contact\/\" rel=\"noreferrer noopener\">turistinformationskontoret Budapestinfo<\/a>. <\/p>\n\n<\/div>\n<\/div>\n<div id=\"faq-question-1724227544295\" class=\"rank-math-list-item\">\n<h3 class=\"rank-math-question \">Vad \u00e4r Ungerns digitala nomadvisum?<\/h3>\n<div class=\"rank-math-answer \">\n\n<p><a href=\"https:\/\/www.budapestcard.org\/sv\/hungary-digital-nomad-visa\/\" target=\"_blank\" rel=\"noreferrer noopener\">Ungerns digitala nomadvisum<\/a>, \u00e4ven k\u00e4nt som &#8221;White Card&#8221;, \u00e4r ett ett\u00e5rigt uppeh\u00e5llstillst\u00e5nd som g\u00f6r det m\u00f6jligt f\u00f6r distansarbetare att bo och arbeta lagligt i Ungern. Det kan f\u00f6rnyas en g\u00e5ng, vilket ger en maximal vistelse p\u00e5 tv\u00e5 \u00e5r. \u00a0<\/p>\n\n<\/div>\n<\/div>\n<\/div>\n<\/div>","protected":false},"excerpt":{"rendered":"","protected":false},"author":1,"featured_media":0,"parent":0,"menu_order":5,"comment_status":"closed","ping_status":"closed","template":"","meta":{"_acf_changed":false,"footnotes":""},"post-style":[],"producer":[],"class_list":["post-29","page","type-page","status-publish"],"acf":[],"_links":{"self":[{"href":"https:\/\/www.budapestcard.org\/sv\/wp-json\/wp\/v2\/pages\/29","targetHints":{"allow":["GET"]}}],"collection":[{"href":"https:\/\/www.budapestcard.org\/sv\/wp-json\/wp\/v2\/pages"}],"about":[{"href":"https:\/\/www.budapestcard.org\/sv\/wp-json\/wp\/v2\/types\/page"}],"author":[{"embeddable":true,"href":"https:\/\/www.budapestcard.org\/sv\/wp-json\/wp\/v2\/users\/1"}],"replies":[{"embeddable":true,"href":"https:\/\/www.budapestcard.org\/sv\/wp-json\/wp\/v2\/comments?post=29"}],"version-history":[{"count":3,"href":"https:\/\/www.budapestcard.org\/sv\/wp-json\/wp\/v2\/pages\/29\/revisions"}],"predecessor-version":[{"id":988,"href":"https:\/\/www.budapestcard.org\/sv\/wp-json\/wp\/v2\/pages\/29\/revisions\/988"}],"wp:attachment":[{"href":"https:\/\/www.budapestcard.org\/sv\/wp-json\/wp\/v2\/media?parent=29"}],"wp:term":[{"taxonomy":"post-style","embeddable":true,"href":"https:\/\/www.budapestcard.org\/sv\/wp-json\/wp\/v2\/post-style?post=29"},{"taxonomy":"producer","embeddable":true,"href":"https:\/\/www.budapestcard.org\/sv\/wp-json\/wp\/v2\/producer?post=29"}],"curies":[{"name":"wp","href":"https:\/\/api.w.org\/{rel}","templated":true}]}}