{"id":60,"date":"2023-06-09T11:54:12","date_gmt":"2023-06-09T09:54:12","guid":{"rendered":"https:\/\/www.budapestcard.org\/sv\/?page_id=60"},"modified":"2025-09-25T23:08:42","modified_gmt":"2025-09-25T21:08:42","slug":"hungary-digital-nomad-visa","status":"publish","type":"page","link":"https:\/\/www.budapestcard.org\/sv\/hungary-digital-nomad-visa\/","title":{"rendered":"Ungern Digital Nomad Visa"},"content":{"rendered":"\n<p>Ungern blir snabbt en popul\u00e4r destination f\u00f6r digitala nomader som s\u00f6ker en levande kultur, rik historia och \u00f6verkomliga levnadskostnader. Som ett svar p\u00e5 den v\u00e4xande trenden med distansarbete har Ungern inf\u00f6rt ett visum f\u00f6r digitala nomader, vilket ger distansarbetare m\u00f6jlighet att bo och arbeta i landet samtidigt som de uppfyller de lagliga kraven.<\/p>\n\n\n\n<figure><div class=\"ms-credits\">\n<img decoding=\"async\" class=\"gb-media-dac065ff\" src=\"https:\/\/www.budapestcard.org\/sv\/wp-content\/uploads\/sites\/18\/visit-camp-nou-1745208234.jpg\" alt=\"Hungary Digital Nomad Visa\" title=\"Hungary-digital-nomad-visa\" \/>\n<span class='ms-credits__info' id='media875'><svg xmlns=\"http:\/\/www.w3.org\/2000\/svg\" width=\"20\" height=\"22\" fill=\"#000000\" viewBox=\"0 0 256 256\"><path d=\"M128,24A104,104,0,1,0,232,128,104.11,104.11,0,0,0,128,24Zm0,192a88,88,0,1,1,88-88A88.1,88.1,0,0,1,128,216ZM96,128a32,32,0,0,0,57.6,19.2,8,8,0,0,1,12.8,9.61,48,48,0,1,1,0-57.62,8,8,0,0,1-12.8,9.61A32,32,0,0,0,96,128Z\"><\/path><\/svg>stadtratte\/<a href=https:\/\/depositphotos.com\/photo\/man-suitcase-travels-hungary-230842712.html rel='nofollow' target='_blank'>Depositphotos<\/a><\/span><span class='ms-credits__btn' id='btn_media875' onclick='ms_credits_trigger(\"#media875\", this)'><svg xmlns=\"http:\/\/www.w3.org\/2000\/svg\" class=\"info_icon\" width=\"28\" height=\"28\" fill=\"#FFF\" viewBox=\"0 0 256 256\"><path d=\"M128,24A104,104,0,1,0,232,128,104.11,104.11,0,0,0,128,24Zm0,192a88,88,0,1,1,88-88A88.1,88.1,0,0,1,128,216Zm16-40a8,8,0,0,1-8,8,16,16,0,0,1-16-16V128a8,8,0,0,1,0-16,16,16,0,0,1,16,16v40A8,8,0,0,1,144,176ZM112,84a12,12,0,1,1,12,12A12,12,0,0,1,112,84Z\"><\/path><\/svg><svg xmlns=\"http:\/\/www.w3.org\/2000\/svg\" class=\"close_icon\" width=\"28\" height=\"28\" fill=\"#FFF\" viewBox=\"0 0 256 256\"><path d=\"M165.66,101.66,139.31,128l26.35,26.34a8,8,0,0,1-11.32,11.32L128,139.31l-26.34,26.35a8,8,0,0,1-11.32-11.32L116.69,128,90.34,101.66a8,8,0,0,1,11.32-11.32L128,116.69l26.34-26.35a8,8,0,0,1,11.32,11.32ZM232,128A104,104,0,1,1,128,24,104.11,104.11,0,0,1,232,128Zm-16,0a88,88,0,1,0-88,88A88.1,88.1,0,0,0,216,128Z\"><\/path><\/svg><\/span><\/div>\n\n\n<figcaption class=\"gb-text\">Ungerns visum f\u00f6r digitala nomader<\/figcaption>\n<\/figure>\n\n\n\n<h2 class=\"wp-block-heading\">Vad \u00e4r Ungerns visum f\u00f6r digitala nomader?<\/h2>\n\n\n\n<p>Ungerns visum f\u00f6r digitala nomader, \u00e4ven k\u00e4nt som White Card, \u00e4r ett ett\u00e5rigt uppeh\u00e5llstillst\u00e5nd som g\u00f6r det m\u00f6jligt f\u00f6r distansarbetare att bo och arbeta lagligt i Ungern. Det kan f\u00f6rnyas en g\u00e5ng, vilket ger en maximal vistelse p\u00e5 tv\u00e5 \u00e5r.<\/p>\n\n\n\n<p>Detta visum \u00e4r avsett f\u00f6r personer som kan bevisa att de har en stabil inkomst genom distansarbete, frilansande eller egen onlineverksamhet.<\/p>\n\n\n\n<h2 class=\"wp-block-heading\">Beh\u00f6righet och krav<\/h2>\n\n\n\n<p>F\u00f6r att vara ber\u00e4ttigad till Ungerns visum f\u00f6r digitala nomader m\u00e5ste du uppfylla f\u00f6ljande krav:<\/p>\n\n\n\n<ul class=\"wp-block-list\">\n<li>Vara medborgare utanf\u00f6r EU\/EES.<\/li>\n\n\n\n<li>Ha ett verifierat distansarbete eller \u00e4ga ett framg\u00e5ngsrikt f\u00f6retag utanf\u00f6r Ungern.<\/li>\n\n\n\n<li>Arbeta p\u00e5 distans med hj\u00e4lp av avancerad digital teknik.<\/li>\n\n\n\n<li>F\u00e5r inte ha en lokal anst\u00e4llning eller \u00e4ga aktier i f\u00f6retag i Ungern.<\/li>\n\n\n\n<li>Bevisa en minsta m\u00e5nadsinkomst p\u00e5 3 000 euro under de senaste sex m\u00e5naderna.<\/li>\n\n\n\n<li>Kunna uppvisa bevis p\u00e5 boende i Ungern.<\/li>\n\n\n\n<li>Ha en giltig sjukf\u00f6rs\u00e4kring.<\/li>\n\n\n\n<li>Ha ett giltigt pass.<\/li>\n<\/ul>\n\n\n\n<h2 class=\"wp-block-heading\">Ans\u00f6kningsprocessen<\/h2>\n\n\n\n<p>Ans\u00f6kan om Ungerns visum f\u00f6r digitala nomader sker i tv\u00e5 steg:<\/p>\n\n\n\n<ol class=\"wp-block-list\">\n<li>N\u00e4r ans\u00f6kan har godk\u00e4nts, res till Ungern och ans\u00f6k om ett White Card inom en m\u00e5nad efter ankomsten. Handl\u00e4ggningstiden f\u00f6r White Card \u00e4r cirka 21 dagar.<\/li>\n\n\n\n<li>Ans\u00f6k om ett digitalt nomadvisum vid en ungersk ambassad eller ett ungerskt konsulat i ditt hemland. Denna process kan ta cirka 30 dagar.<\/li>\n<\/ol>\n\n\n\n<p>Du kan f\u00f6lja hela ans\u00f6kningsprocessen p\u00e5 <a href=\"http:\/\/www.hungaryvisa.org\" target=\"_blank\" rel=\"noreferrer noopener nofollow\">www.hungaryvisa.org<\/a>. <\/p>\n\n\n\n<h2 class=\"wp-block-heading\">Kostnaden<\/h2>\n\n\n\n<p>Avgifterna f\u00f6r Ungerns visum f\u00f6r digitala nomader \u00e4r f\u00f6ljande:<\/p>\n\n\n\n<ul class=\"wp-block-list\">\n<li>Visumans\u00f6kan: 110 euro (f\u00f6r ans\u00f6kningar som l\u00e4mnas in utanf\u00f6r Ungern)<\/li>\n\n\n\n<li>Serviceavgift f\u00f6r personlig ans\u00f6kan: 39 000 HUF (inom Ungern)<\/li>\n\n\n\n<li>Serviceavgift f\u00f6r onlineans\u00f6kan: 24 000 HUF (via plattformen Enter Hungary)<\/li>\n<\/ul>\n\n\n\n<h2 class=\"wp-block-heading\">F\u00f6rdelar med det ungerska visumet f\u00f6r digitala nomader<\/h2>\n\n\n\n<p>Det ungerska digitala nomadvisumet erbjuder flera f\u00f6rdelar f\u00f6r distansarbetare, bland annat:<\/p>\n\n\n\n<p>M\u00f6jligheten att bo och arbeta i Ungern i ett \u00e5r, med m\u00f6jlighet att f\u00f6rl\u00e4nga med ytterligare ett \u00e5r om du fortfarande uppfyller kraven.<\/p>\n\n\n\n<p>Tillg\u00e5ng till Ungerns \u00f6verkomliga levnadskostnader, livfulla kultur och pittoreska landskap.<\/p>\n\n\n\n<p>M\u00f6jlighet att resa inom Schengenomr\u00e5det utan att beh\u00f6va ytterligare visum.<\/p>\n\n\n\n<h2 class=\"wp-block-heading\">Bo i Ungern<\/h2>\n\n\n\n<p>Som digital nomad i Ungern har du m\u00f6jlighet att uppleva olika aspekter av livet i detta land. H\u00e4r \u00e4r n\u00e5gra viktiga punkter att t\u00e4nka p\u00e5:<\/p>\n\n\n\n<p><strong>Levnadskostnader:<\/strong><br>Ungern har \u00f6verkomliga levnadskostnader j\u00e4mf\u00f6rt med m\u00e5nga v\u00e4steuropeiska l\u00e4nder. Hyra, el, mat och transport \u00e4r generellt mer budgetv\u00e4nligt, vilket g\u00f6r det till ett attraktivt alternativ f\u00f6r digitala nomader.<\/p>\n\n\n\n<p><strong>Boende:<\/strong><br>Du hittar ett brett utbud av boendealternativ, fr\u00e5n delade l\u00e4genheter och privata hyresl\u00e4genheter till korta boenden. Huvudstaden Budapest \u00e4r ett popul\u00e4rt val, men mindre st\u00e4der som Szeged, Debrecen och P\u00e9cs har ocks\u00e5 sin charm och attraktionskraft.<\/p>\n\n\n\n<p><strong>Internet och coworking-platser:<\/strong><br>Ungern har en p\u00e5litlig internetinfrastruktur med omfattande Wi-Fi-t\u00e4ckning, \u00e4ven p\u00e5 offentliga platser. I st\u00f6rre st\u00e4der som Budapest finns det gott om coworking-platser som riktar sig till digitala nomader.<\/p>\n\n\n\n<p><strong>Transportation:<\/strong><br>Ungern har ett omfattande kollektivtrafikn\u00e4tverk med bussar, sp\u00e5rvagnar och t\u00e5g. Budapest har \u00e4ven ett tunnelbanesystem. Du kan enkelt resa inom landet eller utforska grannl\u00e4nderna med t\u00e5g eller buss.<\/p>\n\n\n\n<p><strong>H\u00e4lso- och sjukv\u00e5rd:<\/strong><br>Ungern har ett offentligt h\u00e4lso- och sjukv\u00e5rdssystem som ger alla inv\u00e5nare allm\u00e4n sjukf\u00f6rs\u00e4kring. Som digital nomad beh\u00f6ver du sannolikt en privat sjukf\u00f6rs\u00e4kring f\u00f6r att f\u00e5 tillg\u00e5ng till v\u00e5rd. Privata v\u00e5rdinr\u00e4ttningar, s\u00e4rskilt i st\u00f6rre st\u00e4der, erbjuder ofta h\u00f6gkvalitativ v\u00e5rd.<\/p>\n\n\n\n<p><strong>Socialt liv och n\u00e4tverkande:<\/strong><br>Ungern erbjuder ett livfullt socialt liv med m\u00e5nga restauranger, barer och kulturevenemang. Det finns gott om m\u00f6jligheter till n\u00e4tverkande genom olika grupper, spr\u00e5kutbytesevenemang och digitala nomadsamh\u00e4llen.<\/p>\n","protected":false},"excerpt":{"rendered":"","protected":false},"author":1,"featured_media":875,"parent":0,"menu_order":6,"comment_status":"closed","ping_status":"closed","template":"","meta":{"_acf_changed":false,"footnotes":"","button_url":"https:\/\/www.tiqets.com\/sv\/things-to-do-in-budapest-c68199\/tickets-for-budapest-card-free-entrance-to-szt-lukacs-thermal-bath-and-pool-p974576\/?partner=budapestcard","ms_product_id":"","ms_product_name":"","ms_price":"","ms_currency":"","ms_rating_value":"","ms_review_count":"","rank_math_title":"%title% %sep% %sitename%","rank_math_description":"Med det ungerska digitala nomadvisumet kan du njuta av l\u00e5ga levnadskostnader, en levande kultur och historisk charm samtidigt som du arbetar p\u00e5 distans. Ta reda p\u00e5 hur du ans\u00f6ker."},"post-style":[],"producer":[],"class_list":["post-60","page","type-page","status-publish","has-post-thumbnail"],"acf":[],"product_schema":{"ms_product_id":"","ms_product_name":"","ms_price":"","ms_currency":"","ms_rating_value":"","ms_review_count":""},"_links":{"self":[{"href":"https:\/\/www.budapestcard.org\/sv\/wp-json\/wp\/v2\/pages\/60","targetHints":{"allow":["GET"]}}],"collection":[{"href":"https:\/\/www.budapestcard.org\/sv\/wp-json\/wp\/v2\/pages"}],"about":[{"href":"https:\/\/www.budapestcard.org\/sv\/wp-json\/wp\/v2\/types\/page"}],"author":[{"embeddable":true,"href":"https:\/\/www.budapestcard.org\/sv\/wp-json\/wp\/v2\/users\/1"}],"replies":[{"embeddable":true,"href":"https:\/\/www.budapestcard.org\/sv\/wp-json\/wp\/v2\/comments?post=60"}],"version-history":[{"count":3,"href":"https:\/\/www.budapestcard.org\/sv\/wp-json\/wp\/v2\/pages\/60\/revisions"}],"predecessor-version":[{"id":989,"href":"https:\/\/www.budapestcard.org\/sv\/wp-json\/wp\/v2\/pages\/60\/revisions\/989"}],"wp:featuredmedia":[{"embeddable":true,"href":"https:\/\/www.budapestcard.org\/sv\/wp-json\/wp\/v2\/media\/875"}],"wp:attachment":[{"href":"https:\/\/www.budapestcard.org\/sv\/wp-json\/wp\/v2\/media?parent=60"}],"wp:term":[{"taxonomy":"post-style","embeddable":true,"href":"https:\/\/www.budapestcard.org\/sv\/wp-json\/wp\/v2\/post-style?post=60"},{"taxonomy":"producer","embeddable":true,"href":"https:\/\/www.budapestcard.org\/sv\/wp-json\/wp\/v2\/producer?post=60"}],"curies":[{"name":"wp","href":"https:\/\/api.w.org\/{rel}","templated":true}]}}