{"id":681,"date":"2024-10-22T13:11:57","date_gmt":"2024-10-22T11:11:57","guid":{"rendered":"https:\/\/www.budapestcard.org\/sv\/?page_id=681"},"modified":"2025-10-27T19:11:59","modified_gmt":"2025-10-27T18:11:59","slug":"kontakt","status":"publish","type":"page","link":"https:\/\/www.budapestcard.org\/sv\/kontakt\/","title":{"rendered":"Kontakt"},"content":{"rendered":"\n<h3 class=\"wp-block-heading\">Biljettf\u00f6rfr\u00e5gningar<\/h3>\n\n\n\n<p>F\u00f6r fr\u00e5gor om biljetter eller din befintliga bokning, v\u00e4nligen kontakta v\u00e5r biljettpartner:<\/p>\n\n\n\n<ul class=\"wp-block-list\">\n<li>E-post: <a href=\"mailto:info@ticketbar.eu\">info@ticketbar.eu<\/a><\/li>\n\n\n\n<li>Telefon: +44 2035142614<\/li>\n<\/ul>\n\n\n\n<hr class=\"wp-block-separator has-alpha-channel-opacity\"\/>\n\n\n\n<h3 class=\"wp-block-heading\">Turistinformation<\/h3>\n\n\n\n<h4 class=\"wp-block-heading\"><strong>Turistinformationskontor Budapestinfo<\/strong><\/h4>\n\n\n\n<p>F\u00f6r fr\u00e5gor om turism i Budapest och Ungern, till exempel kartor, guider och tips om sev\u00e4rdheter och evenemang:<\/p>\n\n\n\n<ul class=\"wp-block-list\">\n<li>Adress: 1052 V\u00e1rosh\u00e1za park, h\u00f6rnet av K\u00e1roly k\u00f6r\u00fat och B\u00e1rczy Istv\u00e1n Street (De\u00e1k-torget, tunnelbanelinje 1, 2, 3 eller 100E bussterminal, mittemot n\u00e4r du anl\u00e4nder fr\u00e5n flygplatsen.)<\/li>\n<\/ul>\n\n\n\n<h4 class=\"wp-block-heading\"><strong>Infolinje f\u00f6r Budapest Card<\/strong><\/h4>\n\n\n\n<p>F\u00f6r detaljerad information om Budapest Card, rabatter och f\u00f6rm\u00e5ner:<\/p>\n\n\n\n<ul class=\"wp-block-list\">\n<li>Telefon: +36 30 955 0398 (\u00f6ppet kl. 9:00\u201319:00)<\/li>\n<\/ul>\n\n\n\n<hr class=\"wp-block-separator has-alpha-channel-opacity\"\/>\n\n\n\n<h3 class=\"wp-block-heading\">Webbplatsst\u00f6d<\/h3>\n\n\n\n<p>F\u00f6r fr\u00e5gor om den h\u00e4r webbplatsen, v\u00e4nligen kontakta oss direkt:<\/p>\n\n\n\n<ul class=\"wp-block-list\">\n<li>E-post: info@moonshot.media<\/li>\n<\/ul>\n","protected":false},"excerpt":{"rendered":"","protected":false},"author":3,"featured_media":0,"parent":0,"menu_order":2,"comment_status":"closed","ping_status":"closed","template":"","meta":{"_acf_changed":false,"footnotes":"","button_url":"https:\/\/www.tiqets.com\/sv\/things-to-do-in-budapest-c68199\/tickets-for-budapest-card-free-entrance-to-szt-lukacs-thermal-bath-and-pool-p974576\/?partner=budapestcard","ms_product_id":"","ms_product_name":"","ms_price":"","ms_currency":"","ms_rating_value":"","ms_review_count":"","rank_math_title":"%title% %sep% %sitename%","rank_math_description":"Beh\u00f6ver du hj\u00e4lp med ditt Budapest Card? Kontakta v\u00e5r biljettpartner f\u00f6r hj\u00e4lp med fr\u00e5gor om biljetter eller bokningar."},"post-style":[],"producer":[],"class_list":["post-681","page","type-page","status-publish","has-post-thumbnail"],"acf":[],"product_schema":{"ms_product_id":"","ms_product_name":"","ms_price":"","ms_currency":"","ms_rating_value":"","ms_review_count":""},"_links":{"self":[{"href":"https:\/\/www.budapestcard.org\/sv\/wp-json\/wp\/v2\/pages\/681","targetHints":{"allow":["GET"]}}],"collection":[{"href":"https:\/\/www.budapestcard.org\/sv\/wp-json\/wp\/v2\/pages"}],"about":[{"href":"https:\/\/www.budapestcard.org\/sv\/wp-json\/wp\/v2\/types\/page"}],"author":[{"embeddable":true,"href":"https:\/\/www.budapestcard.org\/sv\/wp-json\/wp\/v2\/users\/3"}],"replies":[{"embeddable":true,"href":"https:\/\/www.budapestcard.org\/sv\/wp-json\/wp\/v2\/comments?post=681"}],"version-history":[{"count":3,"href":"https:\/\/www.budapestcard.org\/sv\/wp-json\/wp\/v2\/pages\/681\/revisions"}],"predecessor-version":[{"id":984,"href":"https:\/\/www.budapestcard.org\/sv\/wp-json\/wp\/v2\/pages\/681\/revisions\/984"}],"wp:attachment":[{"href":"https:\/\/www.budapestcard.org\/sv\/wp-json\/wp\/v2\/media?parent=681"}],"wp:term":[{"taxonomy":"post-style","embeddable":true,"href":"https:\/\/www.budapestcard.org\/sv\/wp-json\/wp\/v2\/post-style?post=681"},{"taxonomy":"producer","embeddable":true,"href":"https:\/\/www.budapestcard.org\/sv\/wp-json\/wp\/v2\/producer?post=681"}],"curies":[{"name":"wp","href":"https:\/\/api.w.org\/{rel}","templated":true}]}}