{"id":8,"date":"2014-01-10T12:44:37","date_gmt":"2014-01-10T11:44:37","guid":{"rendered":"https:\/\/www.budapestcard.org\/sv\/?page_id=8"},"modified":"2026-03-29T05:58:08","modified_gmt":"2026-03-29T03:58:08","slug":"rabatter","status":"publish","type":"page","link":"https:\/\/www.budapestcard.org\/sv\/rabatter\/","title":{"rendered":"Budapest Card Rabatter"},"content":{"rendered":"\n<div class=\"ms-p ms-rounded ms-mb-last-child-0 ms-mb-children-condensed ms-alert--contrast ms-mb-block\">\n<ul class=\"wp-block-list\">\n<li>Budapest Card inkluderar obegr\u00e4nsad kollektivtrafik i hela Budapest (tunnelbana, sp\u00e5rvagn, buss, inklusive fr\u00e5n flygplatsen).<\/li>\n\n\n\n<li>F\u00e5 gratis intr\u00e4de till 22 museer och sev\u00e4rdheter som Ungerska nationalmuseet, Nationalgalleriet och Budapalatset.<\/li>\n\n\n\n<li>Njut av ett gratis termalbad p\u00e5 Luk\u00e1cs, en gratis Donaukryssning och tv\u00e5 guidade promenader.<\/li>\n\n\n\n<li>Spara 10\u201350 % p\u00e5 toppattraktioner som Sz\u00e9chenyi Termalbad, parlamentsturer och Sankta Stefanusbasilikan.<\/li>\n\n\n\n<li>Plus rabatter p\u00e5 12 eller fler restauranger och andra upplevelser runt om i staden.<\/li>\n<\/ul>\n\n\n\n<p class=\"gb-text-fb1a3135\"><span class=\"gb-shape\"><svg xmlns=\"http:\/\/www.w3.org\/2000\/svg\" width=\"32\" height=\"32\" fill=\"#000000\" viewBox=\"0 0 256 256\"><path d=\"M228,144v64a12,12,0,0,1-12,12H40a12,12,0,0,1-12-12V144a12,12,0,0,1,24,0v52H204V144a12,12,0,0,1,24,0Zm-108.49,8.49a12,12,0,0,0,17,0l40-40a12,12,0,0,0-17-17L140,115V32a12,12,0,0,0-24,0v83L96.49,95.51a12,12,0,0,0-17,17Z\"><\/path><\/svg><\/span><span class=\"gb-text\"><a href=\"https:\/\/www.budapestcard.org\/wp-content\/uploads\/budapest-card-discounts.pdf\">Ladda ner den fullst\u00e4ndiga rabattlistan (PDF)<\/a><\/span><\/p>\n<\/div>\n\n\n\n<h2 class=\"wp-block-heading\"><strong>Sightseeing<\/strong><\/h2>\n\n\n<div class=\"ms-table\"><table><tr><th>Objekt<\/th><th>Rabatt<\/th><\/tr><tr><td>BKK Kollektivtrafik<\/td><td>Gratis<\/td><\/tr><tr><td>BKV Flodtj\u00e4nst<\/td><td>Gratis<\/td><\/tr><tr><td>Sightseeingkryssning<\/td><td>Gratis<\/td><\/tr><tr><td>Donaukryssning<\/td><td>Gratis<\/td><\/tr><tr><td>Duna Bella Dagkryssningar<\/td><td>Gratis<\/td><\/tr><tr><td>Zugliget Linbana<\/td><td>Gratis<\/td><\/tr><tr><td>Officiell Budapest Slottsbuss<\/td><td>Gratis<\/td><\/tr><tr><td>Stadsvandring Buda<\/td><td>Gratis<\/td><\/tr><tr><td>Stadsvandring Pest<\/td><td>Gratis<\/td><\/tr><tr><td>Historiska fordon<\/td><td>Gratis<\/td><\/tr><tr><td>Brick \u2013 ladda p\u00e5 spr\u00e5ng<\/td><td>Gratis<\/td><\/tr><tr><td>Universal AirportHUB<\/td><td>-40%<\/td><\/tr><tr><td>Cykelk\u00e4rra (Bring\u00f3hint\u00f3)<\/td><td>-25%<\/td><\/tr><tr><td>Legenda Stadsrundturer<\/td><td>-25%<\/td><\/tr><tr><td>BKV Kv\u00e4llsb\u00e5tservice<\/td><td>-20%<\/td><\/tr><tr><td>D\u00f6rr-till-d\u00f6rr Flygplatstransfer \u2013 miniBUD<\/td><td>-20%<\/td><\/tr><tr><td>EURAMA Sightseeingturer<\/td><td>-20%<\/td><\/tr><tr><td>Donau-b\u00f6jen Tur<\/td><td>-20%<\/td><\/tr><tr><td>Budapest Flyride<\/td><td>-10%<\/td><\/tr><tr><td>Judiska Arvsturer<\/td><td>-10%<\/td><\/tr><\/table><\/div>\n\n\n<h2 class=\"wp-block-heading\"><strong>Museer och attraktioner<\/strong><\/h2>\n\n\n<div class=\"ms-table\"><table><tr><th>Objekt<\/th><th>Rabatt<\/th><\/tr><tr><td>Ungerska nationalmuseet<\/td><td>Gratis<\/td><\/tr><tr><td>Ungerska nationalgalleriet<\/td><td>Gratis<\/td><\/tr><tr><td>Budapest Historiska Museum \u2013 Slottsmuseet<\/td><td>Gratis<\/td><\/tr><tr><td>Sankt Stefans hall<\/td><td>Gratis<\/td><\/tr><tr><td>Museum f\u00f6r bildkonst<\/td><td>Gratis<\/td><\/tr><tr><td>Kunsthalle Budapest<\/td><td>Gratis<\/td><\/tr><tr><td>Budapest Historiska Museum \u2013 Aquincum Museum<\/td><td>Gratis<\/td><\/tr><tr><td>Budapest Historiska Museum \u2013 Kiscell Museum<\/td><td>Gratis<\/td><\/tr><tr><td>Budapest Historiska Museum \u2013 Budapest Galleri<\/td><td>Gratis<\/td><\/tr><tr><td>Budapest Historiska Museum \u2013 Medeltida judiskt b\u00f6nehus<\/td><td>Gratis<\/td><\/tr><tr><td>Ludwig Museum \u2013 Samtida konst<\/td><td>Gratis<\/td><\/tr><tr><td>Robert Capa Fotocentrum<\/td><td>Gratis<\/td><\/tr><tr><td>Hus f\u00f6r ungerska fotografer \u2013 Mai Man\u00f3 Hus<\/td><td>Gratis<\/td><\/tr><tr><td>Vasarely Museum Budapest<\/td><td>Gratis<\/td><\/tr><tr><td>Memento Park \u2013 Statypark<\/td><td>Gratis<\/td><\/tr><tr><td>Museum f\u00f6r handel och turism<\/td><td>Gratis<\/td><\/tr><tr><td>Ferenc Hopp Museum f\u00f6r asiatisk konst<\/td><td>Gratis<\/td><\/tr><tr><td>Tunnelbana Museum<\/td><td>Gratis<\/td><\/tr><tr><td>\u00d3buda Museum<\/td><td>Gratis<\/td><\/tr><tr><td>Goldberger Textilsamling \u2013 \u00d3buda Museum<\/td><td>Gratis<\/td><\/tr><tr><td>P\u00e1l-v\u00f6lgyi grotta<\/td><td>Gratis<\/td><\/tr><tr><td>Margaretas \u00f6 \u2013 vattentorn och utsiktstorn<\/td><td>Gratis<\/td><\/tr><tr><td>Pesti Vigad\u00f3<\/td><td>-50%<\/td><\/tr><tr><td>Fradi Museum<\/td><td>-50%<\/td><\/tr><tr><td>Etnografiska museet<\/td><td>-25%<\/td><\/tr><tr><td>Sankt Stefans basilika<\/td><td>-20%<\/td><\/tr><tr><td>Huvudf\u00f6rsamlingens kyrka<\/td><td>-20%<\/td><\/tr><tr><td>G\u00f6d\u00f6ll\u0151 kungliga palats<\/td><td>-20%<\/td><\/tr><tr><td>Hus f\u00f6r musik Ungern<\/td><td>-20%<\/td><\/tr><tr><td>Budapest Zoo &#038; Botaniska tr\u00e4dg\u00e5rden<\/td><td>-20%<\/td><\/tr><tr><td>Unicum Hus<\/td><td>-20%<\/td><\/tr><tr><td>Madame Tussauds Budapest<\/td><td>-20%<\/td><\/tr><tr><td>Timetrap Exit Game<\/td><td>-20%<\/td><\/tr><tr><td>Pariserhjul i Budapest med champagne<\/td><td>-20%<\/td><\/tr><tr><td>Stadens park \u2013 roddsj\u00f6<\/td><td>-20%<\/td><\/tr><tr><td>Indoor Skydiving<\/td><td>-20%<\/td><\/tr><tr><td>Museum av illusioner<\/td><td>-15%<\/td><\/tr><tr><td>Light Art Museum<\/td><td>-15%<\/td><\/tr><tr><td>Tropicarium \u2013 Haj Zoo<\/td><td>-15%<\/td><\/tr><tr><td>IKONO Budapest<\/td><td>-15%<\/td><\/tr><tr><td>Cinema Mystica<\/td><td>-10%<\/td><\/tr><tr><td>Hospital in the Rock \u2013 Nukle\u00e4r bunker museum<\/td><td>-10%<\/td><\/tr><tr><td>Synagoga Kazinczy utca<\/td><td>-10%<\/td><\/tr><tr><td>Doh\u00e1ny gata synagoga<\/td><td>-10%<\/td><\/tr><tr><td>Ungerska judiska museet och arkiv<\/td><td>-10%<\/td><\/tr><tr><td>Orgelskonsert i Sankt Stefans basilika<\/td><td>-10%<\/td><\/tr><tr><td>Premier Outlet Budapest<\/td><td>-10%<\/td><\/tr><\/table><\/div>\n\n\n<h2 class=\"wp-block-heading\">Bad och pooler<\/h2>\n\n\n<div class=\"ms-table\"><table><tr><th>Objekt<\/th><th>Rabatt<\/th><\/tr><tr><td>St. Luk\u00e1cs Termalbad och Simbass\u00e4ng<\/td><td>Gratis<\/td><\/tr><tr><td>Lupa Beach<\/td><td>Gratis<\/td><\/tr><tr><td>Sz\u00e9chenyi Termalbad och Simbass\u00e4ng<\/td><td>-20%<\/td><\/tr><tr><td>Rudas Termalbad och Simbass\u00e4ng<\/td><td>-20%<\/td><\/tr><tr><td>Palatinus Termalbad, Publik och V\u00e5gpool<\/td><td>-20%<\/td><\/tr><tr><td>R\u00f3mai Bad<\/td><td>-20%<\/td><\/tr><tr><td>Aquaworld Resort Budapest<\/td><td>-20%<\/td><\/tr><\/table><\/div>\n\n\n<h2 class=\"wp-block-heading\"><strong>Gastronomi<\/strong><\/h2>\n\n\n<div class=\"ms-table\"><table><tr><th>Objekt<\/th><th>Rabatt<\/th><\/tr><tr><td>GastroCellar \u2013 Provsmakning<\/td><td>Gratis<\/td><\/tr><tr><td>L\u00e1ngos i stadens hj\u00e4rta<\/td><td>-20%<\/td><\/tr><tr><td>Moln\u00e1r\u2019s K\u00fcrt\u0151skal\u00e1cs<\/td><td>-20%<\/td><\/tr><tr><td>Parisi Passage Restaurang<\/td><td>-20%<\/td><\/tr><tr><td>Zsolnay Caf\u00e9<\/td><td>-20%<\/td><\/tr><tr><td>Yellow Bistro &#038; Bar<\/td><td>-20%<\/td><\/tr><tr><td>Caf\u00e9 Astoria &#038; Restaurang<\/td><td>-20%<\/td><\/tr><tr><td>L\u00e1ng Restaurang<\/td><td>-20%<\/td><\/tr><tr><td>Hard Rock Cafe<\/td><td>-20%<\/td><\/tr><tr><td>Hal\u00e1szb\u00e1stya Restaurang<\/td><td>-15%<\/td><\/tr><tr><td>TATI Restaurang<\/td><td>-10%<\/td><\/tr><tr><td>VIRTU Restaurang<\/td><td>-10%<\/td><\/tr><tr><td>Nokedlish<\/td><td>-10%<\/td><\/tr><tr><td>Eggscuse Me? Brunch &#038; Bistro<\/td><td>-10%<\/td><\/tr><\/table><\/div>\n\n\n<h2 class=\"wp-block-heading\">Budapest Card <strong>72h Plus<\/strong> Exklusiva rabatter<\/h2>\n\n\n<div class=\"ms-table\"><table><tr><th>Objekt<\/th><th>Rabatt<\/th><\/tr><tr><td>D\u00f6d-till-d\u00f6rr flygplatstransfer \u2013 miniBUD<\/td><td>Gratis<\/td><\/tr><tr><td>L\u00c1NGOS i stadens hj\u00e4rta!<\/td><td>Gratis<\/td><\/tr><tr><td>Moln\u00e1r\u2019s K\u00fcrt\u0151skal\u00e1cs<\/td><td>Gratis<\/td><\/tr><tr><td>V\u00e5r Fru Kyrka \u2013 Matthias Kyrka<\/td><td>Gratis<\/td><\/tr><tr><td>Buda Slott Linbana<\/td><td>Gratis<\/td><\/tr><\/table><\/div>\n\n\n<div class=\"ms-p ms-rounded ms-mb-last-child-0 ms-mb-children-condensed ms-mb-block ms-alert--neutral\">\n<h4 class=\"gb-text-8c5919a0\"><span class=\"gb-shape\"><svg viewBox=\"0 0 256 256\" fill=\"#000000\" height=\"32\" width=\"32\" xmlns=\"http:\/\/www.w3.org\/2000\/svg\"><path d=\"M108,84a16,16,0,1,1,16,16A16,16,0,0,1,108,84Zm128,44A108,108,0,1,1,128,20,108.12,108.12,0,0,1,236,128Zm-24,0a84,84,0,1,0-84,84A84.09,84.09,0,0,0,212,128Zm-72,36.68V132a20,20,0,0,0-20-20,12,12,0,0,0-4,23.32V168a20,20,0,0,0,20,20,12,12,0,0,0,4-23.32Z\"><\/path><\/svg><\/span><span class=\"gb-text\">Observera:<\/span><\/h4>\n\n\n\n<ul class=\"wp-block-list\">\n<li>Informationen uppdaterades senast i mars 2026.<\/li>\n\n\n\n<li>Rabatterna som ing\u00e5r i Budapestkortet kan komma att \u00e4ndras utan f\u00f6rvarning.<\/li>\n<\/ul>\n<\/div>\n","protected":false},"excerpt":{"rendered":"","protected":false},"author":1,"featured_media":0,"parent":0,"menu_order":3,"comment_status":"closed","ping_status":"closed","template":"","meta":{"_acf_changed":false,"footnotes":"","button_url":"https:\/\/www.tiqets.com\/sv\/things-to-do-in-budapest-c68199\/tickets-for-budapest-card-free-entrance-to-szt-lukacs-thermal-bath-and-pool-p974576\/?partner=budapestcard","ms_product_id":"","ms_product_name":"","ms_price":"","ms_currency":"","ms_rating_value":"","ms_review_count":"","rank_math_title":"Budapest Card-rabatter: Den kompletta listan i %currentyear%","rank_math_description":"Se den fullst\u00e4ndiga listan \u00f6ver rabatter som ing\u00e5r i Budapest Card."},"post-style":[],"producer":[],"class_list":["post-8","page","type-page","status-publish","has-post-thumbnail"],"acf":[],"product_schema":{"ms_product_id":"","ms_product_name":"","ms_price":"","ms_currency":"","ms_rating_value":"","ms_review_count":""},"_links":{"self":[{"href":"https:\/\/www.budapestcard.org\/sv\/wp-json\/wp\/v2\/pages\/8","targetHints":{"allow":["GET"]}}],"collection":[{"href":"https:\/\/www.budapestcard.org\/sv\/wp-json\/wp\/v2\/pages"}],"about":[{"href":"https:\/\/www.budapestcard.org\/sv\/wp-json\/wp\/v2\/types\/page"}],"author":[{"embeddable":true,"href":"https:\/\/www.budapestcard.org\/sv\/wp-json\/wp\/v2\/users\/1"}],"replies":[{"embeddable":true,"href":"https:\/\/www.budapestcard.org\/sv\/wp-json\/wp\/v2\/comments?post=8"}],"version-history":[{"count":3,"href":"https:\/\/www.budapestcard.org\/sv\/wp-json\/wp\/v2\/pages\/8\/revisions"}],"predecessor-version":[{"id":1043,"href":"https:\/\/www.budapestcard.org\/sv\/wp-json\/wp\/v2\/pages\/8\/revisions\/1043"}],"wp:attachment":[{"href":"https:\/\/www.budapestcard.org\/sv\/wp-json\/wp\/v2\/media?parent=8"}],"wp:term":[{"taxonomy":"post-style","embeddable":true,"href":"https:\/\/www.budapestcard.org\/sv\/wp-json\/wp\/v2\/post-style?post=8"},{"taxonomy":"producer","embeddable":true,"href":"https:\/\/www.budapestcard.org\/sv\/wp-json\/wp\/v2\/producer?post=8"}],"curies":[{"name":"wp","href":"https:\/\/api.w.org\/{rel}","templated":true}]}}