{"id":896,"date":"2025-04-23T09:37:41","date_gmt":"2025-04-23T07:37:41","guid":{"rendered":"https:\/\/www.budapestcard.org\/sv\/?page_id=896"},"modified":"2025-09-29T23:33:52","modified_gmt":"2025-09-29T21:33:52","slug":"budapest-pass","status":"publish","type":"page","link":"https:\/\/www.budapestcard.org\/sv\/budapest-pass\/","title":{"rendered":"Budapest Pass"},"content":{"rendered":"\n<p>Budapest Pass \u00e4r mer \u00e4n bara en biljett \u2013 det \u00e4r din VIP-tillg\u00e5ng till stadens sj\u00e4l.<\/p>\n\n\n\n<div class=\"ms-cta-button ms-p ms-cta\">\n<a class=\"gb-text ms-btn ms-btn--primary ms-shadow\" href=\"https:\/\/www.tiqets.com\/sv\/checkout\/tickets-for-budapest-pass-p1013746\/booking_details\/?partner=budapestcard\" rel=\"nofollow noopener\">Kontrollera tillg\u00e4nglighet<\/a>\n<\/div>\n\n\n\n<h2 class=\"wp-block-heading\">F\u00f6rdelar<\/h2>\n\n\n\n<ul class=\"ms-icon-list\">\n<li class=\"ms-icon-list__item\"><span class=\"gb-shape\"><svg viewBox=\"0 0 256 256\" fill=\"#000000\" height=\"32\" width=\"32\" xmlns=\"http:\/\/www.w3.org\/2000\/svg\"><path d=\"M232.49,80.49l-128,128a12,12,0,0,1-17,0l-56-56a12,12,0,1,1,17-17L96,183,215.51,63.51a12,12,0,0,1,17,17Z\"><\/path><\/svg><\/span><span class=\"gb-text\">10 % rabatt p\u00e5 andra attraktioner i Budapest.<\/span><\/li>\n\n\n\n<li class=\"ms-icon-list__item\"><span class=\"gb-shape\"><svg viewBox=\"0 0 256 256\" fill=\"#000000\" height=\"32\" width=\"32\" xmlns=\"http:\/\/www.w3.org\/2000\/svg\"><path d=\"M232.49,80.49l-128,128a12,12,0,0,1-17,0l-56-56a12,12,0,1,1,17-17L96,183,215.51,63.51a12,12,0,0,1,17,17Z\"><\/path><\/svg><\/span><span class=\"gb-text\">Inga dolda avgifter.<\/span><\/li>\n\n\n\n<li class=\"ms-icon-list__item\"><span class=\"gb-shape\"><svg viewBox=\"0 0 256 256\" fill=\"#000000\" height=\"32\" width=\"32\" xmlns=\"http:\/\/www.w3.org\/2000\/svg\"><path d=\"M232.49,80.49l-128,128a12,12,0,0,1-17,0l-56-56a12,12,0,1,1,17-17L96,183,215.51,63.51a12,12,0,0,1,17,17Z\"><\/path><\/svg><\/span><span class=\"gb-text\">V\u00e4lj den tid som passar dig b\u00e4st vid kassan f\u00f6r varje plats.<\/span><\/li>\n<\/ul>\n\n\n\n<figure>\n<img decoding=\"async\" width=\"1920\" height=\"1080\" class=\"gb-media-4f95c955\" src=\"https:\/\/www.budapestcard.org\/wp-content\/uploads\/budapest-pass-1745508262.jpg\" alt=\"Budapest Digital Pass\" title=\"budapest-pass\" srcset=\"https:\/\/www.budapestcard.org\/sv\/wp-content\/uploads\/sites\/18\/budapest-pass-1745508262.jpg 1920w, https:\/\/www.budapestcard.org\/sv\/wp-content\/uploads\/sites\/18\/budapest-pass-1745508262-768x432.jpg 768w, https:\/\/www.budapestcard.org\/sv\/wp-content\/uploads\/sites\/18\/budapest-pass-1745508262-1024x576.jpg 1024w, https:\/\/www.budapestcard.org\/sv\/wp-content\/uploads\/sites\/18\/budapest-pass-1745508262-1280x720.jpg 1280w, https:\/\/www.budapestcard.org\/sv\/wp-content\/uploads\/sites\/18\/budapest-pass-1745508262-1600x900.jpg 1600w\" sizes=\"(max-width: 1920px) 100vw, 1920px\" \/>\n<\/figure>\n\n\n\n<div class=\"ms-alert--primary ms-p ms-rounded ms-mb-last-child-0 ms-mb-children-condensed ms-mb-block\">\n<h3 class=\"wp-block-heading has-ms-color-primary-darker-color has-text-color has-link-color wp-elements-901976021edb1c8f46c243ae6e69cc2d\">S\u00e5 h\u00e4r bokar du<\/h3>\n\n\n\n<div class=\"gb-element-f4eb9e37\">\n<div>\n<p class=\"gb-text-91d99ec7 ms-link-unstyled\"><span class=\"gb-shape\"><svg viewBox=\"0 0 256 256\" fill=\"#000000\" height=\"32\" width=\"32\" xmlns=\"http:\/\/www.w3.org\/2000\/svg\"><path d=\"M246.15,133.18,146.83,33.86A19.85,19.85,0,0,0,132.69,28H40A12,12,0,0,0,28,40v92.69a19.85,19.85,0,0,0,5.86,14.14l99.32,99.32a20,20,0,0,0,28.28,0l84.69-84.69A20,20,0,0,0,246.15,133.18Zm-98.83,93.17L52,131V52h79l95.32,95.32ZM100,84A16,16,0,1,1,84,68,16,16,0,0,1,100,84Z\"><\/path><\/svg><\/span><span class=\"gb-text\"><strong>V\u00e4lj ditt pass<\/strong><\/span><\/p>\n\n\n\n<p class=\"has-ms-color-primary-darker-color has-text-color has-link-color wp-elements-ced3da29ce00b91b7605bc5bad62c26f\">V\u00e4lj antal deltagare och startdatum f\u00f6r ditt pass.<\/p>\n<\/div>\n\n\n\n<div>\n<p class=\"gb-text-71a39911 ms-link-unstyled\"><span class=\"gb-shape\"><svg viewBox=\"0 0 256 256\" fill=\"#000000\" height=\"32\" width=\"32\" xmlns=\"http:\/\/www.w3.org\/2000\/svg\"><path d=\"M128,20A108,108,0,1,0,236,128,108.12,108.12,0,0,0,128,20Zm0,192a84,84,0,1,1,84-84A84.09,84.09,0,0,1,128,212Zm68-84a12,12,0,0,1-12,12H128a12,12,0,0,1-12-12V72a12,12,0,0,1,24,0v44h44A12,12,0,0,1,196,128Z\"><\/path><\/svg><\/span><span class=\"gb-text\"><strong>Boka dina biljetter<\/strong><\/span><\/p>\n\n\n\n<p class=\"has-ms-color-primary-darker-color has-text-color has-link-color wp-elements-f34d7df152683361910698e9f6fc4494\">V\u00e4lj datum och tid f\u00f6r de attraktioner och aktiviteter som ing\u00e5r.<\/p>\n<\/div>\n<\/div>\n\n\n\n<div class=\"gb-element-b221a285\">\n<div>\n<p class=\"gb-text-a8e13d94 ms-link-unstyled\"><span class=\"gb-shape\"><svg viewBox=\"0 0 256 256\" fill=\"#000000\" height=\"32\" width=\"32\" xmlns=\"http:\/\/www.w3.org\/2000\/svg\"><path d=\"M224,44H32A20,20,0,0,0,12,64V192a20,20,0,0,0,20,20H224a20,20,0,0,0,20-20V64A20,20,0,0,0,224,44Zm-4,24V88H36V68ZM36,188V112H220v76Zm172-24a12,12,0,0,1-12,12H164a12,12,0,0,1,0-24h32A12,12,0,0,1,208,164Zm-68,0a12,12,0,0,1-12,12H116a12,12,0,0,1,0-24h12A12,12,0,0,1,140,164Z\"><\/path><\/svg><\/span><span class=\"gb-text\"><strong>Bekr\u00e4fta och betala<\/strong><\/span><\/p>\n\n\n\n<p class=\"has-ms-color-primary-darker-color has-text-color has-link-color wp-elements-813568581a00e36146624670650bc862\">Ange dina uppgifter och slutf\u00f6r den s\u00e4kra betalningen.<\/p>\n<\/div>\n\n\n\n<div>\n<p class=\"gb-text-26106146 ms-link-unstyled\"><span class=\"gb-shape\"><svg viewBox=\"0 0 256 256\" fill=\"#000000\" height=\"32\" width=\"32\" xmlns=\"http:\/\/www.w3.org\/2000\/svg\"><path d=\"M176.49,95.51a12,12,0,0,1,0,17l-56,56a12,12,0,0,1-17,0l-24-24a12,12,0,1,1,17-17L112,143l47.51-47.52A12,12,0,0,1,176.49,95.51ZM236,128A108,108,0,1,1,128,20,108.12,108.12,0,0,1,236,128Zm-24,0a84,84,0,1,0-84,84A84.09,84.09,0,0,0,212,128Z\"><\/path><\/svg><\/span><span class=\"gb-text\"><strong>F\u00e5 dina biljetter<\/strong><\/span><\/p>\n\n\n\n<p class=\"has-ms-color-primary-darker-color has-text-color has-link-color wp-elements-b80ceff235f3a56bab01319230795573\">Du f\u00e5r dina digitala biljetter direkt via e-post.<\/p>\n<\/div>\n<\/div>\n<\/div>\n\n\n\n<h2 class=\"wp-block-heading\">Hur det fungerar<\/h2>\n\n\n\n<ol class=\"wp-block-list\">\n<li><strong>Aktivera ditt pass<\/strong>: Ditt Budapest Pass aktiveras automatiskt p\u00e5 det datum du v\u00e4ljer vid bokningen.<\/li>\n\n\n\n<li><strong>L\u00f6s in din biljett<\/strong>: Visa den digitala biljetten (som skickas till din e-post) vid ing\u00e5ngen till varje inkluderad aktivitet (Donaukryssning, Sz\u00e9chenyi termalbad).<\/li>\n\n\n\n<li><strong>Ingen utskrift kr\u00e4vs<\/strong>: Anv\u00e4nd bara mobilbiljetten p\u00e5 din smartphone.<\/li>\n<\/ol>\n\n\n\n<div class=\"ms-p ms-rounded ms-mb-last-child-0 ms-mb-children-condensed ms-alert--contrast ms-mb-block\">\n<h4 class=\"gb-text-26a71c5b\"><span class=\"gb-shape\"><svg viewBox=\"0 0 256 256\" fill=\"#000000\" height=\"32\" width=\"32\" xmlns=\"http:\/\/www.w3.org\/2000\/svg\"><path d=\"M108,84a16,16,0,1,1,16,16A16,16,0,0,1,108,84Zm128,44A108,108,0,1,1,128,20,108.12,108.12,0,0,1,236,128Zm-24,0a84,84,0,1,0-84,84A84.09,84.09,0,0,0,212,128Zm-72,36.68V132a20,20,0,0,0-20-20,12,12,0,0,0-4,23.32V168a20,20,0,0,0,20,20,12,12,0,0,0,4-23.32Z\"><\/path><\/svg><\/span><span class=\"gb-text\">Specialerbjudande:<\/span><\/h4>\n\n\n\n<p class=\"gb-text\">N\u00e4r du har bokat f\u00e5r du en personlig <strong>10 % rabattkod<\/strong> via e-post. Den \u00e4r giltig i en m\u00e5nad p\u00e5 dina n\u00e4sta 5 attraktioner i Budapest.<\/p>\n\n\n\n<p class=\"gb-text\">F\u00f6r mer information <a href=\"https:\/\/www.tiqets.com\/en\/things-to-do-in-budapest-c68199\/budapest-pass-p1013746\/?partner=budapestcard\" data-type=\"link\" data-id=\"https:\/\/www.tiqets.com\/en\/things-to-do-in-budapest-c68199\/budapest-pass-p1013746\/?partner=budapestcard\" rel=\"nofollow noopener\"><\/a><a href=\"https:\/\/www.tiqets.com\/sv\/things-to-do-in-budapest-c68199\/budapest-pass-p1013746\/?partner=budapestcard\" rel=\"nofollow noopener\"><strong>klicka h\u00e4r<\/strong><\/a> \u00bb<\/p>\n<\/div>\n\n\n\n<h2 class=\"wp-block-heading\">Vad ing\u00e5r?<\/h2>\n\n\n\n<h3 class=\"wp-block-heading\">Sz\u00e9chenyi termalbad<\/h3>\n\n\n\n<ul class=\"wp-block-list\">\n<li>Heldagsintr\u00e4de till Sz\u00e9chenyi Spa, ett av Europas st\u00f6rsta termalbad<\/li>\n\n\n\n<li>Utforska 3 utomhuspooler och 15 inomhuspooler<\/li>\n\n\n\n<li>Inkluderar en p\u00e1linka-provning (eller en alkoholfri dryck) och sk\u00e5p eller hytt (beroende p\u00e5 biljett)<\/li>\n<\/ul>\n\n\n\n<h3 class=\"wp-block-heading\"><strong>Donau-kryssning (med en drink)<\/strong><\/h3>\n\n\n\n<ul class=\"wp-block-list\">\n<li>Koppla av p\u00e5 floden och njut av den b\u00e4sta utsikten \u00f6ver Budapest<\/li>\n\n\n\n<li>Se ber\u00f6mda sev\u00e4rdheter som Parlamentet och Kedjebron fr\u00e5n vattnet<\/li>\n\n\n\n<li>Inkluderar en v\u00e4lkomstdrink att njuta av under kryssningen<\/li>\n<\/ul>\n\n\n\n<h3 class=\"wp-block-heading\">Ljudguide-app fr\u00e5n POPGuide<\/h3>\n\n\n\n<ul class=\"wp-block-list\">\n<li>Obegr\u00e4nsade resor med buss, sp\u00e5rvagn och tunnelbana<\/li>\n\n\n\n<li>Mycket praktiskt f\u00f6r att n\u00e5 attraktioner spridda \u00f6ver Buda och Pest<\/li>\n\n\n\n<li>Du beh\u00f6ver inte k\u00f6pa separata resekort eller biljetter<\/li>\n<\/ul>\n\n\n\n<h2 class=\"wp-block-heading\">Budapest Pass vs. Budapest Card: Vad \u00e4r skillnaden?<\/h2>\n\n\n<div class=\"ms-table frozenColumn\"><table><tr><th><\/th><th><a href=\"https:\/\/www.tiqets.com\/sv\/things-to-do-in-budapest-c68199\/budapest-pass-p1013746\/?partner=budapestcard\" rel=\"nofollow noopener\" target=\"_blank\">Budapest Pass<\/a><\/th><th><a href=\"https:\/\/www.tiqets.com\/sv\/things-to-do-in-budapest-c68199\/tickets-for-budapest-card-free-entrance-to-szt-lukacs-thermal-bath-and-pool-p974576\/?partner=budapestcard\" rel=\"nofollow noopener\" target=\"_blank\">Budapest Card<\/a><\/th><\/tr><tr><td>Huvudfokus<\/td><td>Utvalda sev\u00e4rdheter du inte f\u00e5r missa med guidade upplevelser<\/td><td>Fri eller rabatterad entr\u00e9 till m\u00e5nga museer och bad<\/td><\/tr><tr><td>Ing\u00e5r<\/td><td>Sz\u00e9chenyi termalbad, Donaukryssningar i Budapest<\/td><td>Sankt Stefansbasilikan, Luk\u00e1cs termalbad, 30+ museer &#038; sev\u00e4rdheter<\/td><\/tr><tr><td>Ljudguideapp<\/td><td>\u2713<\/td><td> <\/td><\/tr><tr><td>Gratis kollektivtrafik<\/td><td><\/td><td>\u2713<\/td><\/tr><tr><td>Extra rabatter<\/td><td>10 % rabatt p\u00e5 andra sev\u00e4rdheter i Budapest<\/td><td>Rabatter p\u00e5 utvalda restauranger, museer och spa. <a href=\"https:\/\/www.budapestcard.org\/sv\/discounts\/\" rel=\"nofollow\" target=\"_blank\">Kolla h\u00e4r \u00bb<\/a><\/td><\/tr><tr><td>Ber\u00e4knad besparing<\/td><td>Spara upp till 10 % j\u00e4mf\u00f6rt med att boka varje aktivitet separat<\/td><td>Spara 10\u201350 % p\u00e5 restauranger, sev\u00e4rdheter, turer, bad och mer<\/td><\/tr><\/table><\/div>\n\n\n<h3 class=\"wp-block-heading\">Skaffa Budapest Pass om du:<\/h3>\n\n\n\n<ul class=\"wp-block-list\">\n<li>Vill ha en mer f\u00e4rdig guidad upplevelse med sev\u00e4rdheter som redan \u00e4r utvalda \u00e5t dig<\/li>\n\n\n\n<li>F\u00f6redrar stora attraktioner som Sz\u00e9chenyi Spa och en Donau-kryssning<\/li>\n\n\n\n<li>Inte vill unders\u00f6ka allt sj\u00e4lv \u2013 passet planerar \u00e5t dig<\/li>\n<\/ul>\n\n\n\n<p><a href=\"https:\/\/www.tiqets.com\/sv\/things-to-do-in-budapest-c68199\/budapest-pass-p1013746\/?partner=budapestcard\" rel=\"nofollow noopener\"><strong>Kontrollera tillg\u00e4nglighet \u00bb<\/strong><\/a><\/p>\n\n\n\n<h3 class=\"wp-block-heading\">Skaffa Budapest Card om du:<\/h3>\n\n\n\n<ul class=\"wp-block-list\">\n<li>\u00c4lskar att bes\u00f6ka m\u00e5nga museer och historiska platser (s\u00e4rskilt om du redan vet vad du vill se)<\/li>\n\n\n\n<li>Vill utforska i din egen takt och v\u00e4lja fr\u00e5n en bredare lista med mindre sev\u00e4rdheter<\/li>\n\n\n\n<li>Har en sn\u00e4vare budget och vill ha mer flexibilitet<\/li>\n<\/ul>\n\n\n\n<p><a href=\"https:\/\/www.tiqets.com\/sv\/things-to-do-in-budapest-c68199\/tickets-for-budapest-card-free-entrance-to-szt-lukacs-thermal-bath-and-pool-p974576\/?partner=budapestcard\" rel=\"nofollow noopener\"><strong>Kontrollera tillg\u00e4nglighet \u00bb<\/strong><\/a><\/p>\n\n\n\n<h2 class=\"wp-block-heading\">Vanliga fr\u00e5gor<\/h2>\n\n\n\n<div class=\"ms-accordion ms-mb-block\">\n<div class=\"ms-accordion__item\">\n<div class=\"ms-accordion__header\">\n<h3 class=\"gb-text\">Kan jag v\u00e4lja spr\u00e5k f\u00f6r de guidade turerna?<\/h3>\n<\/div>\n\n\n\n<div class=\"ms-accordion__body\">\n<p class=\"gb-text\">De flesta guidade turer (stadstur, ungerska parlamentet, P\u00e1linka-museet) erbjuds p\u00e5 engelska, men vissa kan vara tillg\u00e4ngliga p\u00e5 andra spr\u00e5k. Kontrollera tillg\u00e4nglighet n\u00e4r du bokar.<\/p>\n<\/div>\n<\/div>\n\n\n\n<div class=\"ms-accordion__item\">\n<div class=\"ms-accordion__header\">\n<h3 class=\"gb-text\">Hur l\u00f6ser jag in eller h\u00e4mtar passet?<\/h3>\n<\/div>\n\n\n\n<div class=\"ms-accordion__body\">\n<p class=\"gb-text\">Du f\u00e5r digitala biljetter via e-post n\u00e4r du k\u00f6per.<\/p>\n<\/div>\n<\/div>\n\n\n\n<div class=\"ms-accordion__item\">\n<div class=\"ms-accordion__header\">\n<h3 class=\"gb-text\">Kan jag dela passet med n\u00e5gon annan?<\/h3>\n<\/div>\n\n\n\n<div class=\"ms-accordion__body\">\n<p class=\"gb-text\">Nej. Budapest Pass \u00e4r personligt och kan inte \u00f6verl\u00e5tas. Du m\u00e5ste visa upp din egen biljett (och i vissa fall ID) vid varje attraktion.<\/p>\n<\/div>\n<\/div>\n\n\n\n<div class=\"ms-accordion__item\">\n<div class=\"ms-accordion__header\">\n<h3 class=\"gb-text\">Hur fungerar 10 %-rabattkoden?<\/h3>\n<\/div>\n\n\n\n<div class=\"ms-accordion__body\">\n<p class=\"gb-text\">Du f\u00e5r en personlig kod via e-post efter bokningen. Du kan anv\u00e4nda den upp till fem g\u00e5nger f\u00f6r ytterligare attraktioner eller upplevelser i Budapest via Tiqets. Koden \u00e4r giltig under en begr\u00e4nsad period, s\u00e5 kontrollera utg\u00e5ngsdatumet.<\/p>\n<\/div>\n<\/div>\n<\/div>\n","protected":false},"excerpt":{"rendered":"","protected":false},"author":4,"featured_media":908,"parent":0,"menu_order":1,"comment_status":"closed","ping_status":"closed","template":"","meta":{"_acf_changed":false,"footnotes":""},"post-style":[],"producer":[],"class_list":["post-896","page","type-page","status-publish","has-post-thumbnail"],"acf":[],"_links":{"self":[{"href":"https:\/\/www.budapestcard.org\/sv\/wp-json\/wp\/v2\/pages\/896","targetHints":{"allow":["GET"]}}],"collection":[{"href":"https:\/\/www.budapestcard.org\/sv\/wp-json\/wp\/v2\/pages"}],"about":[{"href":"https:\/\/www.budapestcard.org\/sv\/wp-json\/wp\/v2\/types\/page"}],"author":[{"embeddable":true,"href":"https:\/\/www.budapestcard.org\/sv\/wp-json\/wp\/v2\/users\/4"}],"replies":[{"embeddable":true,"href":"https:\/\/www.budapestcard.org\/sv\/wp-json\/wp\/v2\/comments?post=896"}],"version-history":[{"count":3,"href":"https:\/\/www.budapestcard.org\/sv\/wp-json\/wp\/v2\/pages\/896\/revisions"}],"predecessor-version":[{"id":995,"href":"https:\/\/www.budapestcard.org\/sv\/wp-json\/wp\/v2\/pages\/896\/revisions\/995"}],"wp:featuredmedia":[{"embeddable":true,"href":"https:\/\/www.budapestcard.org\/sv\/wp-json\/wp\/v2\/media\/908"}],"wp:attachment":[{"href":"https:\/\/www.budapestcard.org\/sv\/wp-json\/wp\/v2\/media?parent=896"}],"wp:term":[{"taxonomy":"post-style","embeddable":true,"href":"https:\/\/www.budapestcard.org\/sv\/wp-json\/wp\/v2\/post-style?post=896"},{"taxonomy":"producer","embeddable":true,"href":"https:\/\/www.budapestcard.org\/sv\/wp-json\/wp\/v2\/producer?post=896"}],"curies":[{"name":"wp","href":"https:\/\/api.w.org\/{rel}","templated":true}]}}