{"id":27,"date":"2016-10-21T17:31:30","date_gmt":"2016-10-21T15:31:30","guid":{"rendered":"https:\/\/www.budapestcard.org\/tr\/?page_id=27"},"modified":"2026-04-13T06:10:37","modified_gmt":"2026-04-13T04:10:37","slug":"fiyatlar","status":"publish","type":"page","link":"https:\/\/www.budapestcard.org\/tr\/fiyatlar\/","title":{"rendered":"Budape\u015fte Kart\u0131 Fiyatlar\u0131"},"content":{"rendered":"\n<p>Budape\u015fte Kart\u0131, \u015fehrin sundu\u011fu t\u00fcm muhte\u015fem yerleri ve etkinlikleri ke\u015ffetmenize yard\u0131mc\u0131 olacak en iyi ara\u00e7lardan biridir. Peki, sizin i\u00e7in en uygun kart se\u00e7ene\u011fi hangisi?<\/p>\n\n\n\n<p>Budape\u015fte Kart\u0131&#8217;n\u0131n be\u015f farkl\u0131 kullan\u0131m s\u00fcresi bulunur: <strong>24<\/strong>, <strong>48<\/strong>, <strong>72<\/strong>, <strong>96 <\/strong>ve <strong>120 <\/strong>saat. Her kart, ilk kullan\u0131m\u0131n\u0131zdan itibaren \u00fczerinde belirtilen s\u00fcre boyunca ge\u00e7erlidir. Kart, yaln\u0131zca ilk kullan\u0131mda etkinle\u015fir; bu y\u00fczden seyahate \u00e7\u0131kmadan \u00f6nce kolayca sat\u0131n alabilirsin. Mevcut sezonun sonuna kadar, yani 30 Nisan 2026\u2019ya kadar ge\u00e7erlidir. Erken al, k\u00e2rl\u0131 \u00e7\u0131k!<\/p>\n\n\n\n<h3 class=\"wp-block-heading\">Fiyat Tablosu<\/h3>\n\n\n<div class=\"ms-table\"><table><tr><th>Yeti\u015fkin<\/th><th>Normal Fiyat<\/th><\/tr><tr><td>24 saat<\/td><td>\u20ac55,00 (\u20ac55,00 g\u00fcnl\u00fck)<\/td><\/tr><tr><td>48 Saat<\/td><td>\u20ac71,50 (\u20ac35,75 g\u00fcnl\u00fck)<\/td><\/tr><tr><td>72 Saat<\/td><td>\u20ac91,30 (\u20ac30,43 g\u00fcnl\u00fck)<\/td><\/tr><tr><td>96 Saat<\/td><td>\u20ac114,40 (\u20ac28,60 g\u00fcnl\u00fck)<\/td><\/tr><tr><td>120 Saat<\/td><td>\u20ac127,60 (\u20ac25,52 g\u00fcnl\u00fck)<\/td><\/tr><\/table><\/div>\n\n\n<p><strong>Not:<\/strong> Her kart, bir yeti\u015fkin ve yan\u0131nda seyahat eden alt\u0131 ya\u015f\u0131na kadar bir \u00e7ocuk i\u00e7in ge\u00e7erlidir.<\/p>\n\n\n\n<p>Budape\u015fte Kart\u0131&#8217;n\u0131n fiyat\u0131na de\u011fip de\u011fmedi\u011fini anlamak i\u00e7in kendinize \u015fu \u00fc\u00e7 soruyu sorun:<\/p>\n\n\n\n<ol class=\"wp-block-list\">\n<li>Budape\u015fte&#8217;de ne kadar kalaca\u011f\u0131m?<\/li>\n\n\n\n<li>Orada ka\u00e7 harika yer g\u00f6rmek istiyorum?<\/li>\n\n\n\n<li>Ne kadar tasarruf etmek istiyorum?<\/li>\n<\/ol>\n\n\n\n<p>Budape\u015fte&#8217;ye sadece \u00fcnl\u00fc geleneksel Macar baca keklerini tatmak i\u00e7in mi geldiniz veya Moln\u00e1r&#8217;s K\u00fcrt\u0151skal\u00e1cs&#8217;ta veya rahatlat\u0131c\u0131 bir y\u00fczme keyfi i\u00e7in Luk\u00e1cs Termal Hamam\u0131 ve Y\u00fczme Havuzu&#8217;na m\u0131 u\u011frayacaks\u0131n\u0131z? \u00d6yleyse, 24 saatlik karta yat\u0131r\u0131m yapmak en iyi se\u00e7enek olabilir. E\u011fer daha uzun kalacaksan\u0131z veya sadece bir tatl\u0131 ve rahatlat\u0131c\u0131 bir banyodan fazlas\u0131n\u0131 istiyorsan\u0131z, 48, 72, 96 veya 120 saatlik kartlar\u0131 tercih edebilirsiniz.<\/p>\n\n\n<div class=\"gb-container gb-container-bc0d9ca1 ms-alert--primary ms-p ms-rounded ms-mb-last-child-0 ms-mb-children-condensed ms-mb-block\">\n\n<p>\u00d6zellikle 120 saatlik kart, g\u00fcnl\u00fck maliyeti sadece \u20ac25,52 oldu\u011fu i\u00e7in paran\u0131z\u0131n kar\u015f\u0131l\u0131\u011f\u0131n\u0131 fazlas\u0131yla verir.<\/p>\n\n<\/div>\n\n\n<p>Budape\u015fte Kart\u0131 size \u015fehrin t\u00fcm olanaklar\u0131n\u0131 sunar. D\u00fczinelerce bar, restoran, spa, m\u00fcze ve di\u011fer mek\u00e2nlar, giri\u015f, hizmet veya al\u0131\u015fveri\u015flerde harika indirimler sa\u011flar. \u015eehir i\u00e7i toplu ta\u015f\u0131may\u0131 \u00fccretsiz kullanabilir, \u00fccretsiz y\u00fcr\u00fcy\u00fc\u015f turlar\u0131na kat\u0131labilir, \u00fccretsiz tekne gezileriyle manzaralar\u0131n tad\u0131n\u0131 \u00e7\u0131karabilir veya Luk\u00e1cs Termal Hamam\u0131&#8217;n\u0131 \u00fccretsiz ziyaret edebilirsiniz. \u0130mkanlar s\u0131n\u0131rs\u0131zd\u0131r.<\/p>\n\n\n\n<p>Budape\u015fte Kart\u0131 ile elde edebilece\u011finiz t\u00fcm harika indirimler hakk\u0131nda daha fazla bilgi i\u00e7in l\u00fctfen <a href=\"https:\/\/www.budapestcard.org\/tr\/indirimler\/\" target=\"_blank\" rel=\"noreferrer noopener\">\u0130ndirimler<\/a> sayfam\u0131z\u0131 ziyaret edin.<\/p>\n","protected":false},"excerpt":{"rendered":"","protected":false},"author":1,"featured_media":0,"parent":0,"menu_order":4,"comment_status":"closed","ping_status":"closed","template":"","meta":{"_acf_changed":false,"footnotes":"","button_url":"https:\/\/www.tiqets.com\/things-to-do-in-budapest-c68199\/tickets-for-budapest-card-free-entrance-to-szt-lukacs-thermal-bath-and-pool-p974576\/?partner=budapestcard","ms_product_id":"","ms_product_name":"","ms_price":"","ms_currency":"","ms_rating_value":"","ms_review_count":"","rank_math_title":"Budape\u015fte Kart\u0131 - Fiyatlar %currentyear%","rank_math_description":"En uygun fiyatl\u0131 Budape\u015fte Kart\u0131 ile %currentyear% y\u0131l\u0131nda Budape\u015fte'yi ke\u015ffedin. 24, 48, 72, 96 veya 120 saatlik se\u00e7enekler aras\u0131ndan se\u00e7im yap\u0131n. Budapest Card fiyatlar\u0131n\u0131 buradan \u00f6\u011frenin."},"post-style":[],"producer":[],"class_list":["post-27","page","type-page","status-publish","has-post-thumbnail"],"acf":[],"product_schema":{"ms_product_id":"","ms_product_name":"","ms_price":"","ms_currency":"","ms_rating_value":"","ms_review_count":""},"_links":{"self":[{"href":"https:\/\/www.budapestcard.org\/tr\/wp-json\/wp\/v2\/pages\/27","targetHints":{"allow":["GET"]}}],"collection":[{"href":"https:\/\/www.budapestcard.org\/tr\/wp-json\/wp\/v2\/pages"}],"about":[{"href":"https:\/\/www.budapestcard.org\/tr\/wp-json\/wp\/v2\/types\/page"}],"author":[{"embeddable":true,"href":"https:\/\/www.budapestcard.org\/tr\/wp-json\/wp\/v2\/users\/1"}],"replies":[{"embeddable":true,"href":"https:\/\/www.budapestcard.org\/tr\/wp-json\/wp\/v2\/comments?post=27"}],"version-history":[{"count":3,"href":"https:\/\/www.budapestcard.org\/tr\/wp-json\/wp\/v2\/pages\/27\/revisions"}],"predecessor-version":[{"id":1056,"href":"https:\/\/www.budapestcard.org\/tr\/wp-json\/wp\/v2\/pages\/27\/revisions\/1056"}],"wp:attachment":[{"href":"https:\/\/www.budapestcard.org\/tr\/wp-json\/wp\/v2\/media?parent=27"}],"wp:term":[{"taxonomy":"post-style","embeddable":true,"href":"https:\/\/www.budapestcard.org\/tr\/wp-json\/wp\/v2\/post-style?post=27"},{"taxonomy":"producer","embeddable":true,"href":"https:\/\/www.budapestcard.org\/tr\/wp-json\/wp\/v2\/producer?post=27"}],"curies":[{"name":"wp","href":"https:\/\/api.w.org\/{rel}","templated":true}]}}