{"id":29,"date":"2016-10-21T17:36:59","date_gmt":"2016-10-21T15:36:59","guid":{"rendered":"https:\/\/www.budapestcard.org\/tr\/?page_id=29"},"modified":"2025-10-27T21:01:00","modified_gmt":"2025-10-27T20:01:00","slug":"sss","status":"publish","type":"page","link":"https:\/\/www.budapestcard.org\/tr\/sss\/","title":{"rendered":"S\u0131k\u00e7a Sorulan Sorular"},"content":{"rendered":"<div id=\"rank-math-faq\" class=\"rank-math-block\">\n<div class=\"rank-math-list \">\n<div id=\"faq-question-1717062476605\" class=\"rank-math-list-item\">\n<h3 class=\"rank-math-question \">Budape\u015fte Kart\u0131 nedir?<\/h3>\n<div class=\"rank-math-answer \">\n\n<p>Budape\u015fte Kart\u0131, adeta Budape\u015fte \u015fehrinin kap\u0131lar\u0131n\u0131 size a\u00e7an anahtar gibidir. Bu kart\u0131 \u00fc\u00e7 farkl\u0131 \u015fekilde kullanabilirsiniz: \u015fehrin t\u00fcm toplu ta\u015f\u0131ma ara\u00e7lar\u0131nda \u00fccretsiz seyahat etmenizi sa\u011flayan bir ula\u015f\u0131m kart\u0131 olarak; \u015fehrin zengin tarihini ve k\u00fclt\u00fcr\u00fcn\u00fc ke\u015ffetmenize yard\u0131mc\u0131 olan bir turistik yerler kart\u0131 olarak; ve Budape\u015fte&#8217;de bulundu\u011funuz s\u00fcre boyunca ciddi miktarda tasarruf etmenizi sa\u011flayan bir indirim kart\u0131 olarak.<\/p>\n<p>Budape\u015fte Kart\u0131, 30&#8217;dan fazla m\u00fcze ve turistik mekana \u00fccretsiz giri\u015f, restoran, bar ve ma\u011fazalarda %50&#8217;ye varan indirimler, \u00fccretsiz y\u00fcr\u00fcy\u00fc\u015f turlar\u0131 ve bu muhte\u015fem \u015fehri tan\u0131man\u0131za yard\u0131mc\u0131 olacak nehir turlar\u0131 sunar.<\/p>\n\n<\/div>\n<\/div>\n<div id=\"faq-question-1717062505033\" class=\"rank-math-list-item\">\n<h3 class=\"rank-math-question \">Budape\u015fte Kart\u0131n\u0131n avantajlar\u0131 nelerdir?<\/h3>\n<div class=\"rank-math-answer \">\n\n<p>Budape\u015fte Kart\u0131n\u0131n en iyi yan\u0131, hem zamandan hem de paradan tasarruf etmenize yard\u0131mc\u0131 olmas\u0131d\u0131r. Macaristan Ulusal M\u00fczesi ve St. Luk\u00e1cs Termal Hamam\u0131 gibi en pop\u00fcler yerler dahil olmak \u00fczere 30&#8217;dan fazla turistik mekana \u00fccretsiz giri\u015f ve di\u011fer bir\u00e7ok yerde indirimlerle, kolayca y\u00fczlerce avro tasarruf edebilirsiniz. Yaln\u0131z veya arkada\u015flar\u0131n\u0131zla seyahat etmeniz fark etmez, bu harika indirimlerden ayn\u0131 \u015fekilde yararlanabilirsiniz.<\/p>\n<p>\u015eehrin bir\u00e7ok termal hamam\u0131ndan birinde spa g\u00fcn\u00fc ge\u00e7irmek ya da tarihi bir tiyatroda veya m\u00fczede bir g\u00f6steri izlemek isterseniz, Budape\u015fte Kart\u0131 herkes i\u00e7in uygun bir se\u00e7enek sunar.<\/p>\n\n<\/div>\n<\/div>\n<div id=\"faq-question-1717062519392\" class=\"rank-math-list-item\">\n<h3 class=\"rank-math-question \">Budape\u015fte Kart\u0131 hangi indirimleri sunar?<\/h3>\n<div class=\"rank-math-answer \">\n\n<p>Budape\u015fte Kart\u0131, ula\u015f\u0131m, turistik yerler, gezi turlar\u0131, restoranlar, kapl\u0131calar ve daha pek \u00e7ok alanda indirimler sunar. Ayr\u0131ca, kart Budape\u015fte&#8217;nin t\u00fcm toplu ta\u015f\u0131ma ara\u00e7lar\u0131na \u00fccretsiz eri\u015fim, \u015fehrin efsanevi termal banyolar\u0131ndan birine giri\u015f ve Budape\u015fte&#8217;nin en \u00f6nemli 30&#8217;dan fazla m\u00fczesi ve tarihi mekan\u0131na \u00fccretsiz giri\u015f imkan\u0131 sa\u011flar. T\u00fcm bunlar\u0131n yan\u0131 s\u0131ra, Budape\u015fte Kart\u0131 sahipleri \u015fehirdeki di\u011fer bir\u00e7ok k\u00fclt\u00fcrel simgeye ve kiliseye indirimli giri\u015f imkan\u0131 da elde eder.<\/p>\n<p>Gezmeyi seviyorsan\u0131z, Budape\u015fte Kart\u0131&#8217;n\u0131n sundu\u011fu \u00fccretsiz y\u00fcr\u00fcy\u00fc\u015f turlar\u0131ndan yararlanabilirsiniz. Bu turlar size Kale B\u00f6lgesi&#8217;ndeki Bal\u0131k\u00e7\u0131 Tabyas\u0131&#8217;ndan \u015fehrin Pest taraf\u0131ndaki muhte\u015fem Aziz Stephen Bazilikas\u0131&#8217;na kadar her \u015feyi g\u00f6sterecektir. Ayr\u0131ca, Tuna Nehri&#8217;nden Budape\u015fte&#8217;nin muhte\u015fem siluetini hayranl\u0131kla seyretmek i\u00e7in m\u00fckemmel bir f\u0131rsat sunan \u00fccretsiz nehir turlar\u0131n\u0131n da tad\u0131n\u0131 \u00e7\u0131karabilirsiniz.<\/p>\n<p>Yemek severler i\u00e7in Budape\u015fte Kart\u0131, baz\u0131 harika restoran, kafe ve barlarda %50&#8217;ye varan indirimler sunar, b\u00f6ylece b\u00fct\u00e7enizi zorlamadan Macar mutfa\u011f\u0131n\u0131n en iyilerini tadabilirsiniz. K\u0131sacas\u0131, Budape\u015fte Kart\u0131, tarih, yemek veya e\u011flence i\u00e7in burada olsan\u0131z da, her t\u00fcr gezgin i\u00e7in indirimler sunar. Avantajlar\u0131n tam listesini g\u00f6rmek i\u00e7in <a href=\"https:\/\/www.budapestcard.org\/tr\/discounts\/\" target=\"_blank\" rel=\"noreferrer noopener\">indirim<\/a> sayfas\u0131na g\u00f6z at\u0131n.<\/p>\n\n<\/div>\n<\/div>\n<div id=\"faq-question-1724227536551\" class=\"rank-math-list-item\">\n<h3 class=\"rank-math-question \">Budape\u015fte Kart\u0131 sat\u0131n almaya de\u011fer mi?<\/h3>\n<div class=\"rank-math-answer \">\n\n<p>Budape\u015fte Kart\u0131, \u015fehrin ula\u015f\u0131m sistemine \u00fccretsiz eri\u015fim sa\u011flar ve m\u00fczeler, turistik yerler, barlar, restoranlar, kafeler ve termal hamamlarda 50&#8217;den fazla indirim sunar. Kart, size para tasarrufu sa\u011flamakla kalmaz, \u015fehri istedi\u011finiz gibi gezme \u00f6zg\u00fcrl\u00fc\u011f\u00fc ve Budape\u015fte&#8217;nin sundu\u011fu t\u00fcm muhte\u015fem turistik yerleri kendi ko\u015fullar\u0131n\u0131zda ziyaret etme kolayl\u0131\u011f\u0131 da sa\u011flar. Bununla birlikte, Budape\u015fte Kart\u0131n\u0131n bu yat\u0131r\u0131ma de\u011fip de\u011fmeyece\u011fine sadece siz karar verebilirsiniz.<\/p>\n\n<\/div>\n<\/div>\n<div id=\"faq-question-1745825055616\" class=\"rank-math-list-item\">\n<h3 class=\"rank-math-question \">Budape\u015fte Kart\u0131yla kuyruklar\u0131 atlayabilir miyim?<\/h3>\n<div class=\"rank-math-answer \">\n\n<p>Hay\u0131r, Budape\u015fte Kart\u0131 kuyruklar\u0131 atlaman\u0131za izin vermez. Size \u00fccretsiz giri\u015f veya indirimler sa\u011flar, ancak yine de herkes gibi s\u0131rada beklemeniz gerekir.<\/p>\n\n<\/div>\n<\/div>\n<div id=\"faq-question-1745831504115\" class=\"rank-math-list-item\">\n<h3 class=\"rank-math-question \">Budape\u015fte Kart\u0131 ne kadar s\u00fcreyle ge\u00e7erlidir?<\/h3>\n<div class=\"rank-math-answer \">\n\n<p>\u0130lk kullan\u0131m\u0131n\u0131zdan sonra 24, 48, 72, 96 veya 120 saat ge\u00e7erli olan bir kart se\u00e7ebilirsiniz. Ayr\u0131ca, her Budape\u015fte Kart\u0131 y\u0131ll\u0131k sezonun bir par\u00e7as\u0131d\u0131r:<br \/><strong>2024\/2025 kartlar\u0131<\/strong>: 1 May\u0131s 2024 \u2013 30 Nisan 2025 tarihleri aras\u0131nda ge\u00e7erlidir<br \/><strong>2025\/2026 kartlar\u0131<\/strong>: 1 May\u0131s 2025 &#8211; 30 Nisan 2026 tarihleri aras\u0131nda ge\u00e7erlidir<br \/>L\u00fctfen kart\u0131n\u0131z\u0131n seyahat tarihlerinizle uyumlu oldu\u011fundan emin olun!<\/p>\n\n<\/div>\n<\/div>\n<div id=\"faq-question-1745831746962\" class=\"rank-math-list-item\">\n<h3 class=\"rank-math-question \">Budape\u015fte Kart\u0131m\u0131 kaybedersem ne olur?<\/h3>\n<div class=\"rank-math-answer \">\n\n<p>Kart\u0131n\u0131z\u0131 kaybederseniz endi\u015felenmeyin! Kart\u0131n\u0131z\u0131 sat\u0131n ald\u0131ktan sonra web sitesinde kaydettirdiyseniz, <a href=\"https:\/\/www.budapestcard.org\/tr\/contact\/\" target=\"_blank\" data-type=\"link\" data-id=\"https:\/\/www.budapestcard.org\/tr\/contact\/\" rel=\"noreferrer noopener\">Budapestinfo Turist Dan\u0131\u015fma B\u00fcrosu<\/a>&#8216;ndan yenisini alabilirsiniz. <\/p>\n\n<\/div>\n<\/div>\n<div id=\"faq-question-1724227544295\" class=\"rank-math-list-item\">\n<h3 class=\"rank-math-question \">Macaristan Dijital G\u00f6\u00e7ebe Vizesi nedir?<\/h3>\n<div class=\"rank-math-answer \">\n\n<p>Beyaz Kart olarak da bilinen <a href=\"https:\/\/www.budapestcard.org\/tr\/hungary-digital-nomad-visa\/\" target=\"_blank\" rel=\"noreferrer noopener\">Macaristan Dijital G\u00f6\u00e7ebe Vizesi<\/a>, uzaktan \u00e7al\u0131\u015fanlar\u0131n Macaristan&#8217;da yasal olarak ya\u015famas\u0131na ve \u00e7al\u0131\u015fmas\u0131na izin veren bir y\u0131ll\u0131k oturma iznidir. Bir kez yenilenebilir ve maksimum iki y\u0131ll\u0131k kal\u0131\u015f s\u00fcresi sa\u011flar. <\/p>\n\n<\/div>\n<\/div>\n<\/div>\n<\/div>","protected":false},"excerpt":{"rendered":"","protected":false},"author":1,"featured_media":0,"parent":0,"menu_order":5,"comment_status":"closed","ping_status":"closed","template":"","meta":{"_acf_changed":false,"footnotes":"","button_url":"https:\/\/www.tiqets.com\/en\/things-to-do-in-budapest-c68199\/tickets-for-budapest-card-free-entrance-to-szt-lukacs-thermal-bath-and-pool-p974576\/?partner=budapestcard","ms_product_id":"","ms_product_name":"","ms_price":"","ms_currency":"","ms_rating_value":"","ms_review_count":"","rank_math_title":"%title% %sep% %sitename%","rank_math_description":"Budape\u015fte Kart\u0131 - Neleri \u0130\u00e7erir: \u0130ndirimler, avantajlar ve kart\u0131n nas\u0131l \u00e7al\u0131\u015ft\u0131\u011f\u0131 hakk\u0131nda s\u0131k\u00e7a sorulan sorular."},"post-style":[],"producer":[],"class_list":["post-29","page","type-page","status-publish","has-post-thumbnail"],"acf":[],"product_schema":{"ms_product_id":"","ms_product_name":"","ms_price":"","ms_currency":"","ms_rating_value":"","ms_review_count":""},"_links":{"self":[{"href":"https:\/\/www.budapestcard.org\/tr\/wp-json\/wp\/v2\/pages\/29","targetHints":{"allow":["GET"]}}],"collection":[{"href":"https:\/\/www.budapestcard.org\/tr\/wp-json\/wp\/v2\/pages"}],"about":[{"href":"https:\/\/www.budapestcard.org\/tr\/wp-json\/wp\/v2\/types\/page"}],"author":[{"embeddable":true,"href":"https:\/\/www.budapestcard.org\/tr\/wp-json\/wp\/v2\/users\/1"}],"replies":[{"embeddable":true,"href":"https:\/\/www.budapestcard.org\/tr\/wp-json\/wp\/v2\/comments?post=29"}],"version-history":[{"count":3,"href":"https:\/\/www.budapestcard.org\/tr\/wp-json\/wp\/v2\/pages\/29\/revisions"}],"predecessor-version":[{"id":991,"href":"https:\/\/www.budapestcard.org\/tr\/wp-json\/wp\/v2\/pages\/29\/revisions\/991"}],"wp:attachment":[{"href":"https:\/\/www.budapestcard.org\/tr\/wp-json\/wp\/v2\/media?parent=29"}],"wp:term":[{"taxonomy":"post-style","embeddable":true,"href":"https:\/\/www.budapestcard.org\/tr\/wp-json\/wp\/v2\/post-style?post=29"},{"taxonomy":"producer","embeddable":true,"href":"https:\/\/www.budapestcard.org\/tr\/wp-json\/wp\/v2\/producer?post=29"}],"curies":[{"name":"wp","href":"https:\/\/api.w.org\/{rel}","templated":true}]}}