{"id":509,"date":"2024-08-09T10:09:25","date_gmt":"2024-08-09T08:09:25","guid":{"rendered":"https:\/\/www.budapestcard.org\/tr\/?page_id=509"},"modified":"2026-03-27T19:11:54","modified_gmt":"2026-03-27T18:11:54","slug":"budapest-card","status":"publish","type":"page","link":"https:\/\/www.budapestcard.org\/tr\/","title":{"rendered":"Budapest Card"},"content":{"rendered":"\n<figure class=\"gb-block-image gb-block-image-5d9661c3\"><img decoding=\"async\" width=\"1920\" height=\"1080\" class=\"gb-image gb-image-5d9661c3 ms-mb-block\" src=\"https:\/\/www.budapestcard.org\/tr\/wp-content\/uploads\/sites\/19\/budapest-hompage-1745203934.jpg\" alt=\"View of Budapest City\" title=\"Budapest-hompage\" srcset=\"https:\/\/www.budapestcard.org\/tr\/wp-content\/uploads\/sites\/19\/budapest-hompage-1745203934.jpg 1920w, https:\/\/www.budapestcard.org\/tr\/wp-content\/uploads\/sites\/19\/budapest-hompage-1745203934-768x432.jpg 768w, https:\/\/www.budapestcard.org\/tr\/wp-content\/uploads\/sites\/19\/budapest-hompage-1745203934-1024x576.jpg 1024w, https:\/\/www.budapestcard.org\/tr\/wp-content\/uploads\/sites\/19\/budapest-hompage-1745203934-1280x720.jpg 1280w, https:\/\/www.budapestcard.org\/tr\/wp-content\/uploads\/sites\/19\/budapest-hompage-1745203934-1600x900.jpg 1600w\" sizes=\"(max-width: 1920px) 100vw, 1920px\" \/><\/figure>\n\n\n\n<h1 class=\"wp-block-heading has-ms-color-neutral-darker-color has-text-color has-link-color wp-elements-885907df0c98fd0fe906176094bec994\">Budape\u015fte Kart\u0131<br><strong><mark style=\"background-color:var(--ms-color-white)\" class=\"has-inline-color has-ms-color-neutral-color\">Budape\u015fte Kart\u0131 ile Budape\u015fte&#8217;yi Ke\u015ffedin<\/mark><\/strong><\/h1>\n\n\n\n<p>Budapest Card ile s\u0131n\u0131rs\u0131z toplu ta\u015f\u0131ma (havaliman\u0131ndan da dahil olmak \u00fczere) ve en iyi turistik mek\u00e2nlara \u00fccretsiz giri\u015f keyfini \u00e7\u0131kar\u0131n. Kart; 22 m\u00fcze ve tarihi mek\u00e2na \u00fccretsiz giri\u015f, \u00fccretsiz bir termal banyo, \u00fccretsiz bir Tuna nehir turu ve di\u011fer mek\u00e2nlarda, restoranlarda ve deneyimlerde indirimler i\u00e7ermektedir.<\/p>\n\n\n\n<div class=\"ms-p ms-rounded ms-mb-last-child-0 ms-mb-children-condensed ms-alert--contrast ms-mb-block\">\n<h4 class=\"gb-text-26a71c5b\"><span class=\"gb-shape\"><svg viewBox=\"0 0 256 256\" fill=\"#000000\" height=\"32\" width=\"32\" xmlns=\"http:\/\/www.w3.org\/2000\/svg\"><path d=\"M246.15,133.18,146.83,33.86A19.85,19.85,0,0,0,132.69,28H40A12,12,0,0,0,28,40v92.69a19.85,19.85,0,0,0,5.86,14.14l99.32,99.32a20,20,0,0,0,28.28,0l84.69-84.69A20,20,0,0,0,246.15,133.18Zm-98.83,93.17L52,131V52h79l95.32,95.32ZM100,84A16,16,0,1,1,84,68,16,16,0,0,1,100,84Z\"><\/path><\/svg><\/span><span class=\"gb-text\"><strong><strong>Ka\u00e7\u0131rmay\u0131n!<\/strong><\/strong><\/span><\/h4>\n\n\n\n<p class=\"gb-text\">Budapest Card&#8217;\u0131n\u0131zla birle\u015ftirdi\u011finizde Budape\u015fte&#8217;nin pop\u00fcler turistik mek\u00e2nlar\u0131nda \u00f6zel indirimler elde edin.<\/p>\n\n\n\n<p class=\"gb-text\"><a href=\"https:\/\/www.tiqets.com\/things-to-do-in-budapest-c68199\/tickets-for-budapest-card-free-entrance-to-szt-lukacs-thermal-bath-and-pool-p974576\/?partner=budapestcard\" data-type=\"link\" data-id=\"https:\/\/www.getyourguide.com\/budapest-l29\/budapest-card-public-transport-17-museums-and-discounts-t187335\/?partner_id=FENKESD&amp;utm_medium=online_publisher\" rel=\"nofollow noopener\">Deneyimler Ekleyin ve Tasarruf Edin \u2192<\/a><\/p>\n<\/div>\n\n\n<div class=\"gb-container gb-container-1e1905d6 gb-tabs\" role=\"tablist\" data-opened-tab=\"1\">\n<div class=\"gb-container gb-container-c0d25ee5 gb-tabs__buttons\" role=\"list\">\n\n<button class=\"gb-button gb-button-38b6d7d4 gb-button-text gb-tabs__button gb-block-is-current\" id=\"gb-tab-button-38b6d7d4\" role=\"tab\">Avantajlar<\/button>\n\n\n\n<button class=\"gb-button gb-button-c40a7253 gb-button-text gb-tabs__button\" id=\"gb-tab-button-c40a7253\" role=\"tab\">Nedir<\/button>\n\n\n\n<button class=\"gb-button gb-button-89feebf9 gb-button-text gb-tabs__button\" id=\"gb-tab-button-89feebf9\" role=\"tab\">Nereden Sat\u0131n Al\u0131n\u0131r<\/button>\n\n\n\n<button class=\"gb-button gb-button-15f4a474 gb-button-text gb-tabs__button\" id=\"gb-tab-button-15f4a474\" role=\"tab\">Nas\u0131l Kullan\u0131l\u0131r<\/button>\n\n<\/div>\n\n<div class=\"gb-container gb-container-8fcce89b gb-tabs__items\">\n<div class=\"gb-container gb-container-2e268732 gb-tabs__item gb-tabs__item-open\" id=\"gb-tab-item-2e268732\" role=\"tabpanel\">\n<div class=\"gb-grid-wrapper gb-grid-wrapper-cd1d9c10\">\n<div class=\"gb-grid-column gb-grid-column-e5e7f9c4\"><div class=\"gb-container gb-container-e5e7f9c4\">\n\n<h5 class=\"gb-headline gb-headline-60e9d754\"><span class=\"gb-icon\"><svg viewBox=\"0 0 256 256\" fill=\"#000000\" height=\"32\" width=\"32\" xmlns=\"http:\/\/www.w3.org\/2000\/svg\"><path d=\"M232.49,80.49l-128,128a12,12,0,0,1-17,0l-56-56a12,12,0,1,1,17-17L96,183,215.51,63.51a12,12,0,0,1,17,17Z\"><\/path><\/svg><\/span><span class=\"gb-headline-text\"><strong>\u00dccretsiz seyahat<\/strong><\/span><\/h5>\n\n\n\n<p class=\"gb-headline gb-headline-7a66953a gb-headline-text\">Otob\u00fcslerde, metroda, tramvaylarda ve troleyb\u00fcslerde s\u0131n\u0131rs\u0131z \u00fccretsiz seyahat.<\/p>\n\n<\/div><\/div>\n\n<div class=\"gb-grid-column gb-grid-column-5d6b898d\"><div class=\"gb-container gb-container-5d6b898d\">\n\n<h5 class=\"gb-headline gb-headline-adcb5959\"><span class=\"gb-icon\"><svg viewBox=\"0 0 256 256\" fill=\"#000000\" height=\"32\" width=\"32\" xmlns=\"http:\/\/www.w3.org\/2000\/svg\"><path d=\"M232.49,80.49l-128,128a12,12,0,0,1-17,0l-56-56a12,12,0,1,1,17-17L96,183,215.51,63.51a12,12,0,0,1,17,17Z\"><\/path><\/svg><\/span><span class=\"gb-headline-text\"><strong>\u00dccretsiz giri\u015f<\/strong><\/span><\/h5>\n\n\n\n<p class=\"gb-headline gb-headline-bb4a4e2f gb-headline-text ms-icon-list__item\">22 \u00fcst d\u00fczey m\u00fcze ve turistik mek\u00e2na \u00fccretsiz eri\u015fim.<\/p>\n\n<\/div><\/div>\n\n<div class=\"gb-grid-column gb-grid-column-e238867d\"><div class=\"gb-container gb-container-e238867d\">\n\n<h5 class=\"gb-headline gb-headline-0615572f\"><span class=\"gb-icon\"><svg viewBox=\"0 0 256 256\" fill=\"#000000\" height=\"32\" width=\"32\" xmlns=\"http:\/\/www.w3.org\/2000\/svg\"><path d=\"M232.49,80.49l-128,128a12,12,0,0,1-17,0l-56-56a12,12,0,1,1,17-17L96,183,215.51,63.51a12,12,0,0,1,17,17Z\"><\/path><\/svg><\/span><span class=\"gb-headline-text\"><strong>\u00dccretsiz y\u00fcr\u00fcy\u00fc\u015f turlar\u0131<\/strong><\/span><\/h5>\n\n\n\n<p class=\"gb-headline gb-headline-0c389bf3 gb-headline-text ms-icon-list__item\">Buda ve Pest&#8217;teki \u00f6nemli mek\u00e2nlar\u0131n hik\u00e2yelerini ke\u015ffetmek i\u00e7in rehberli y\u00fcr\u00fcy\u00fc\u015f turlar\u0131na kat\u0131l\u0131n.<\/p>\n\n<\/div><\/div>\n\n<div class=\"gb-grid-column gb-grid-column-4a8883e7\"><div class=\"gb-container gb-container-4a8883e7\">\n\n<h5 class=\"gb-headline gb-headline-ec997f6b\"><span class=\"gb-icon\"><svg viewBox=\"0 0 256 256\" fill=\"#000000\" height=\"32\" width=\"32\" xmlns=\"http:\/\/www.w3.org\/2000\/svg\"><path d=\"M232.49,80.49l-128,128a12,12,0,0,1-17,0l-56-56a12,12,0,1,1,17-17L96,183,215.51,63.51a12,12,0,0,1,17,17Z\"><\/path><\/svg><\/span><span class=\"gb-headline-text\"><strong><strong>\u00dccretsiz tekneli turlar<\/strong><\/strong><\/span><\/h5>\n\n\n\n<p class=\"gb-headline gb-headline-44007cef gb-headline-text\">D\u00f6rt farkl\u0131 tur se\u00e7ene\u011finden birini se\u00e7erek Tuna&#8217;da \u00fccretsiz nehir teknesi turuna \u00e7\u0131k\u0131n.<\/p>\n\n<\/div><\/div>\n\n<div class=\"gb-grid-column gb-grid-column-b7d0120f\"><div class=\"gb-container gb-container-b7d0120f\">\n\n<h5 class=\"gb-headline gb-headline-c1e5c141\"><span class=\"gb-icon\"><svg viewBox=\"0 0 256 256\" fill=\"#000000\" height=\"32\" width=\"32\" xmlns=\"http:\/\/www.w3.org\/2000\/svg\"><path d=\"M232.49,80.49l-128,128a12,12,0,0,1-17,0l-56-56a12,12,0,1,1,17-17L96,183,215.51,63.51a12,12,0,0,1,17,17Z\"><\/path><\/svg><\/span><span class=\"gb-headline-text\"><strong><strong>F\u0131rsatlar ve indirimler<\/strong><\/strong><\/span><\/h5>\n\n\n\n<p class=\"gb-headline gb-headline-df24e1db gb-headline-text\">Aziz Stefan Bazilikas\u0131, Parlamento turlar\u0131, sinagoglar ve 25&#8217;ten fazla di\u011fer mek\u00e2nda %10\u201350 indirim.<\/p>\n\n<\/div><\/div>\n\n<div class=\"gb-grid-column gb-grid-column-ea1410f9\"><div class=\"gb-container gb-container-ea1410f9\">\n\n<h5 class=\"gb-headline gb-headline-d8492c81\"><span class=\"gb-icon\"><svg viewBox=\"0 0 256 256\" fill=\"#000000\" height=\"32\" width=\"32\" xmlns=\"http:\/\/www.w3.org\/2000\/svg\"><path d=\"M232.49,80.49l-128,128a12,12,0,0,1-17,0l-56-56a12,12,0,1,1,17-17L96,183,215.51,63.51a12,12,0,0,1,17,17Z\"><\/path><\/svg><\/span><span class=\"gb-headline-text\"><strong><strong>Termal banyolar<\/strong><\/strong><\/span><\/h5>\n\n\n\n<p class=\"gb-headline gb-headline-d3685999 gb-headline-text\">Aziz Luka\u00e7 Termal Banyosu&#8217;na \u00fccretsiz giri\u015f, ayr\u0131ca Sz\u00e9chenyi Termal Banyosu ve di\u011fer pop\u00fcler banyolarda %20 indirim.<\/p>\n\n<\/div><\/div>\n<\/div>\n<\/div>\n\n<div class=\"gb-container gb-container-3bccd8b9 gb-tabs__item\" id=\"gb-tab-item-3bccd8b9\" role=\"tabpanel\">\n\n<p>Budapest Card; toplu ta\u015f\u0131ma, m\u00fcze giri\u015fleri ve \u015fehir genelinde indirimleri kapsayan hepsi bir arada bir pastur. Ge\u00e7erlilik s\u00fcresini (24, 48, 72, 96 veya 120 saat) se\u00e7in, ilk kullan\u0131mda etkinle\u015ftirin ve tek tek bilet almadan \u015fehri ke\u015ffedin.<\/p>\n\n\n\n<p>Budape\u015fte&#8217;de \u00f6zg\u00fcrce dola\u015fmak isteyen gezginler i\u00e7in tasarlanm\u0131\u015ft\u0131r. Pest&#8217;ten Buda&#8217;ya, sabah bir ma\u011fara ziyareti, \u00f6\u011fleden sonra bir termal banyo, bir nehir turu ve yol boyunca m\u00fczeler. Her metro yolculu\u011funu planlamadan veya bilet \u00fccretlerini toplamadan.<\/p>\n\n\n<div class=\"gb-container gb-container-7d45ff9c ms-alert--primary ms-p ms-rounded ms-mb-last-child-0 ms-mb-children-condensed ms-mb-block\">\n\n<p>Budape\u015fte Kart\u0131, 3&#8217;\u00fc 1 arada bir <strong>ula\u015f\u0131m kart\u0131<\/strong>, <strong>turistik yerler kart\u0131<\/strong> ve<strong> indirim kart\u0131d\u0131r<\/strong>.<\/p>\n\n<\/div>\n\n\n<p><strong>Neden Budapest Card&#8217;\u0131 se\u00e7melisiniz?<\/strong><\/p>\n\n\n\n<p>Budapest Card, Macaristan&#8217;\u0131n ba\u015fkentini en iyi \u015fekilde ke\u015ffetmek isteyen ziyaret\u00e7iler i\u00e7in idealdir. Budapest Card sahipleri \u015funlardan yararlanabilir:<\/p>\n\n\n<ul class=\"gb-container gb-container-53b82d66 ms-mb-block ms-icon-list\">\n\n<li class=\"gb-headline gb-headline-f5138486 ms-icon-list__item\"><span class=\"gb-icon\"><svg viewBox=\"0 0 256 256\" fill=\"#000000\" height=\"32\" width=\"32\" xmlns=\"http:\/\/www.w3.org\/2000\/svg\"><path d=\"M232.49,80.49l-128,128a12,12,0,0,1-17,0l-56-56a12,12,0,1,1,17-17L96,183,215.51,63.51a12,12,0,0,1,17,17Z\"><\/path><\/svg><\/span><span class=\"gb-headline-text\">Otob\u00fcsler, tramvaylar, metro, troleyb\u00fcsler, banliy\u00f6 trenleri (H\u00c9V) veya trenlerde s\u0131n\u0131rs\u0131z \u00fccretsiz seyahat<\/span><\/li>\n\n\n\n<li class=\"gb-headline gb-headline-eb81dbda ms-icon-list__item\"><span class=\"gb-icon\"><svg viewBox=\"0 0 256 256\" fill=\"#000000\" height=\"32\" width=\"32\" xmlns=\"http:\/\/www.w3.org\/2000\/svg\"><path d=\"M232.49,80.49l-128,128a12,12,0,0,1-17,0l-56-56a12,12,0,1,1,17-17L96,183,215.51,63.51a12,12,0,0,1,17,17Z\"><\/path><\/svg><\/span><span class=\"gb-headline-text\">20&#8217;den fazla m\u00fcze, galeri ve tarihi alanda \u00fccretsiz giri\u015f (Macar Ulusal M\u00fczesi ve Budape\u015fte Tarih M\u00fczesi dahil)<\/span><\/li>\n\n\n\n<li class=\"gb-headline gb-headline-b37bb796 ms-icon-list__item\"><span class=\"gb-icon\"><svg viewBox=\"0 0 256 256\" fill=\"#000000\" height=\"32\" width=\"32\" xmlns=\"http:\/\/www.w3.org\/2000\/svg\"><path d=\"M232.49,80.49l-128,128a12,12,0,0,1-17,0l-56-56a12,12,0,1,1,17-17L96,183,215.51,63.51a12,12,0,0,1,17,17Z\"><\/path><\/svg><\/span><span class=\"gb-headline-text\">Aziz Luka\u00e7 Termal Banyosu ve Lupa Plaj\u0131&#8217;na \u00fccretsiz eri\u015fim (di\u011fer \u00fcnl\u00fc banyolarda %20 indirim)<\/span><\/li>\n\n\n\n<li class=\"gb-headline gb-headline-47470800 ms-icon-list__item\"><span class=\"gb-icon\"><svg viewBox=\"0 0 256 256\" fill=\"#000000\" height=\"32\" width=\"32\" xmlns=\"http:\/\/www.w3.org\/2000\/svg\"><path d=\"M232.49,80.49l-128,128a12,12,0,0,1-17,0l-56-56a12,12,0,1,1,17-17L96,183,215.51,63.51a12,12,0,0,1,17,17Z\"><\/path><\/svg><\/span><span class=\"gb-headline-text\">Yerel rehberler e\u015fli\u011finde Buda ve Pest&#8217;te \u00fccretsiz y\u00fcr\u00fcy\u00fc\u015f turlar\u0131<\/span><\/li>\n\n\n\n<li class=\"gb-headline gb-headline-88925859 ms-icon-list__item\"><span class=\"gb-icon\"><svg viewBox=\"0 0 256 256\" fill=\"#000000\" height=\"32\" width=\"32\" xmlns=\"http:\/\/www.w3.org\/2000\/svg\"><path d=\"M232.49,80.49l-128,128a12,12,0,0,1-17,0l-56-56a12,12,0,1,1,17-17L96,183,215.51,63.51a12,12,0,0,1,17,17Z\"><\/path><\/svg><\/span><span class=\"gb-headline-text\">D\u00f6rt farkl\u0131 se\u00e7enekten birini tercih ederek Tuna&#8217;da \u00fccretsiz nehir turu<\/span><\/li>\n\n\n\n<li class=\"gb-headline gb-headline-7fd90256 ms-icon-list__item\"><span class=\"gb-icon\"><svg viewBox=\"0 0 256 256\" fill=\"#000000\" height=\"32\" width=\"32\" xmlns=\"http:\/\/www.w3.org\/2000\/svg\"><path d=\"M232.49,80.49l-128,128a12,12,0,0,1-17,0l-56-56a12,12,0,1,1,17-17L96,183,215.51,63.51a12,12,0,0,1,17,17Z\"><\/path><\/svg><\/span><span class=\"gb-headline-text\">Aziz Stefan Bazilikas\u0131, Doh\u00e1ny Soka\u011f\u0131 Sinagogu ve Budape\u015fte Hayvanat Bah\u00e7esi dahil 25&#8217;ten fazla mek\u00e2nda %10\u201350 indirim<\/span><\/li>\n\n\n\n<li class=\"gb-headline gb-headline-ae6d3b3f ms-icon-list__item\"><span class=\"gb-icon\"><svg viewBox=\"0 0 256 256\" fill=\"#000000\" height=\"32\" width=\"32\" xmlns=\"http:\/\/www.w3.org\/2000\/svg\"><path d=\"M232.49,80.49l-128,128a12,12,0,0,1-17,0l-56-56a12,12,0,1,1,17-17L96,183,215.51,63.51a12,12,0,0,1,17,17Z\"><\/path><\/svg><\/span><span class=\"gb-headline-text\">\u015eehir genelinde 12&#8217;den fazla restoran ve kafede indirimler<\/span><\/li>\n\n\n\n<li class=\"gb-headline gb-headline-023640eb ms-icon-list__item\"><span class=\"gb-icon\"><svg viewBox=\"0 0 256 256\" fill=\"#000000\" height=\"32\" width=\"32\" xmlns=\"http:\/\/www.w3.org\/2000\/svg\"><path d=\"M232.49,80.49l-128,128a12,12,0,0,1-17,0l-56-56a12,12,0,1,1,17-17L96,183,215.51,63.51a12,12,0,0,1,17,17Z\"><\/path><\/svg><\/span><span class=\"gb-headline-text\">72 saat ve \u00fczeri bonus avantajlar: \u00fccretsiz havaliman\u0131 transferi, \u00fccretsiz l\u00e1ngos, \u00fccretsiz Matthias Kilisesi giri\u015fi ve \u00fccretsiz Buda Kalesi F\u00fcnik\u00fcler yolculu\u011fu<\/span><\/li>\n\n<\/ul>\n\n\n<p><a href=\"https:\/\/www.budapestcard.org\/tr\/indirimler\/\">Dahil Olan T\u00fcm Turistik Yerleri G\u00f6r \u2192<\/a><\/p>\n\n<\/div>\n\n<div class=\"gb-container gb-container-41af1dc1 gb-tabs__item\" id=\"gb-tab-item-41af1dc1\" role=\"tabpanel\">\n\n<p>Budapest Card sat\u0131n almak i\u00e7in:<\/p>\n\n\n\n<ol class=\"wp-block-list\">\n<li>Tercih etti\u011finiz tarihi ve kart s\u00fcresini (24, 48, 72, 96 veya 120 saat) se\u00e7mek i\u00e7in bu sayfadaki <a href=\"https:\/\/www.tiqets.com\/checkout\/tickets-for-budapest-card-30-attractions-with-szt-lukacs-thermal-bath-and-pool-p974576\/booking_details\/?partner=budapestcard\" data-type=\"link\" data-id=\"https:\/\/www.tiqets.com\/checkout\/tickets-for-budapest-card-30-attractions-with-szt-lukacs-thermal-bath-and-pool-p974576\/booking_details\/?partner=budapestcard\" rel=\"nofollow noopener\">rezervasyon formunu<\/a> kullan\u0131n.<\/li>\n\n\n\n<li>\u0130ndirimli giri\u015f biletleri ekleyerek deneyiminizi zenginle\u015ftirin ya da yaln\u0131zca Budapest Card ile devam edin.<\/li>\n\n\n\n<li>Sat\u0131n alman\u0131z onayland\u0131ktan sonra e-posta ile bir voucher alacaks\u0131n\u0131z.<\/li>\n\n\n\n<li>Voucheri se\u00e7ti\u011finiz teslim noktas\u0131nda fiziksel bir Budapest Card ile de\u011fi\u015ftirin. Teslim noktalar\u0131:\n<ul class=\"wp-block-list\">\n<li><strong>Hoff House:<\/strong> Nagymez\u0151 u. 40, 1065 Budape\u015fte | \u00c7al\u0131\u015fma saatleri: Per\u015fembe\u2013Pazar 12:00\u201319:00 | Tel.: +36 70 614 5630<\/li>\n\n\n\n<li><strong>Hotel Gozsdu Court:<\/strong> Kir\u00e1ly street 13 \/ 1. kat, 1075 Budape\u015fte | \u00c7al\u0131\u015fma saatleri: Pazartesi\u2013Pazar 08:00\u201318:00 | Tel.: +36 20 620 1634<\/li>\n\n\n\n<li><strong>Ibis Styles Airport Hotel:<\/strong> National Aeroport Terminal nr. 2 Hrsz. 072 3, 1185 Budape\u015fte | \u00c7al\u0131\u015fma saatleri: Pazartesi\u2013Pazar 0\u201324 | Tel.: +36 1 296 0060<\/li>\n<\/ul>\n<\/li>\n<\/ol>\n\n\n<div class=\"gb-container gb-container-de8af032 ms-alert--primary ms-p ms-rounded ms-mb-last-child-0 ms-mb-children-condensed ms-mb-block\">\n\n<p>Kart, ilk kullan\u0131mda etkinle\u015fir ve se\u00e7ti\u011finiz s\u00fcre boyunca (24, 48, 72, 96 veya 120 saat) ge\u00e7erli kal\u0131r.<\/p>\n\n<\/div>\n<\/div>\n\n<div class=\"gb-container gb-container-f6b05e28 gb-tabs__item\" id=\"gb-tab-item-f6b05e28\" role=\"tabpanel\">\n\n<p>Budapest Card ile Budape\u015fte&#8217;yi ke\u015ffetmek \u00e7ok kolay. \u0130\u015fte nas\u0131l ba\u015flayaca\u011f\u0131n\u0131z:<\/p>\n\n\n\n<h3 class=\"gb-text-7ac36802\"><span class=\"gb-shape\"><svg viewBox=\"0 0 256 256\" fill=\"#000000\" height=\"32\" width=\"32\" xmlns=\"http:\/\/www.w3.org\/2000\/svg\"><path d=\"M246.15,133.18,146.83,33.86A19.85,19.85,0,0,0,132.69,28H40A12,12,0,0,0,28,40v92.69a19.85,19.85,0,0,0,5.86,14.14l99.32,99.32a20,20,0,0,0,28.28,0l84.69-84.69A20,20,0,0,0,246.15,133.18Zm-98.83,93.17L52,131V52h79l95.32,95.32ZM100,84A16,16,0,1,1,84,68,16,16,0,0,1,100,84Z\"><\/path><\/svg><\/span><span class=\"gb-text\"><strong><strong>Teslim alma ve etkinle\u015ftirme<\/strong><\/strong><\/span><\/h3>\n\n\n\n<p>\u00c7evrimi\u00e7i rezervasyon yapt\u0131ktan sonra kart\u0131n\u0131z\u0131 se\u00e7ti\u011finiz <a href=\"#gb-tab-item-41af1dc1\" data-type=\"internal\" data-id=\"#gb-tab-item-41af1dc1\">teslim noktas\u0131ndan al\u0131n<\/a>. Onay e-postan\u0131z\u0131 yan\u0131n\u0131zda bulundurun. Budapest Card&#8217;\u0131 herhangi bir turistik mek\u00e2nda veya toplu ta\u015f\u0131mada kullanarak etkinle\u015ftirin.<\/p>\n\n\n\n<p>Budapest Card&#8217;\u0131n\u0131z\u0131 herhangi bir turistik yerde veya toplu ta\u015f\u0131ma ara\u00e7lar\u0131nda kullanarak etkinle\u015ftirin. Kart\u0131n\u0131z, sat\u0131n ald\u0131\u011f\u0131n\u0131z se\u00e7ene\u011fe ba\u011fl\u0131 olarak 24, 48, 72, 96 veya 120 saat boyunca ge\u00e7erli olacakt\u0131r.<\/p>\n\n\n\n<h3 class=\"gb-text-2509f913\"><span class=\"gb-shape\"><svg viewBox=\"0 0 256 256\" fill=\"#000000\" height=\"32\" width=\"32\" xmlns=\"http:\/\/www.w3.org\/2000\/svg\"><path d=\"M184,20H72A36,36,0,0,0,36,56V184a36,36,0,0,0,36,36h0l-9.6,12.8a12,12,0,1,0,19.2,14.4L102,220h52l20.4,27.2a12,12,0,0,0,19.2-14.4L184,220h0a36,36,0,0,0,36-36V56A36,36,0,0,0,184,20ZM72,44H184a12,12,0,0,1,12,12v60H60V56A12,12,0,0,1,72,44ZM184,196H72a12,12,0,0,1-12-12V140H196v44A12,12,0,0,1,184,196Zm-80-28a16,16,0,1,1-16-16A16,16,0,0,1,104,168Zm80,0a16,16,0,1,1-16-16A16,16,0,0,1,184,168Z\"><\/path><\/svg><\/span><span class=\"gb-text\"><strong><strong>Zahmetsizce seyahat edin<\/strong><\/strong><\/span><\/h3>\n\n\n\n<p>Kart\u0131n\u0131z, metro, otob\u00fcs, tramvay ve troleyb\u00fcs dahil Budape\u015fte&#8217;de s\u0131n\u0131rs\u0131z toplu ta\u015f\u0131ma i\u00e7ermektedir. Tek tek bilet alman\u0131za gerek yoktur.<\/p>\n\n\n\n<h3 class=\"gb-text-58e1c7cb\"><span class=\"gb-shape\"><svg viewBox=\"0 0 256 256\" fill=\"#000000\" height=\"32\" width=\"32\" xmlns=\"http:\/\/www.w3.org\/2000\/svg\"><path d=\"M221.56,100.85,141.61,25.38l-.16-.15a19.93,19.93,0,0,0-26.91,0l-.17.15L34.44,100.85A20.07,20.07,0,0,0,28,115.55V208a20,20,0,0,0,20,20H96a20,20,0,0,0,20-20V164h24v44a20,20,0,0,0,20,20h48a20,20,0,0,0,20-20V115.55A20.07,20.07,0,0,0,221.56,100.85ZM204,204H164V160a20,20,0,0,0-20-20H112a20,20,0,0,0-20,20v44H52V117.28l76-71.75,76,71.75Z\"><\/path><\/svg><\/span><span class=\"gb-text\"><strong><strong>\u00dccretsiz turistik mek\u00e2nlar\u0131 ziyaret edin<\/strong><\/strong><\/span><\/h3>\n\n\n\n<p>Kart\u0131n\u0131z\u0131 herhangi bir m\u00fcze, galeri veya termal banyonun giri\u015finde g\u00f6sterin. Aziz Luka\u00e7 Termal Banyosu, Macar Ulusal M\u00fczesi ve P\u00e1l-v\u00f6lgy Ma\u011faras\u0131 dahil 22 mek\u00e2na giri\u015f tamamen \u00fccretsizdir.<\/p>\n\n\n\n<h3 class=\"gb-text-a362a94c\"><span class=\"gb-shape\"><svg viewBox=\"0 0 256 256\" fill=\"#000000\" height=\"32\" width=\"32\" xmlns=\"http:\/\/www.w3.org\/2000\/svg\"><path d=\"M212,180H156a12,12,0,0,0-12,12v12a40,40,0,0,0,80,0V192A12,12,0,0,0,212,180Zm-28,40a16,16,0,0,1-16-16h32A16,16,0,0,1,184,220Zm-84-64H44a12,12,0,0,0-12,12v12a40,40,0,0,0,80,0V168A12,12,0,0,0,100,156ZM72,196a16,16,0,0,1-16-16H88A16,16,0,0,1,72,196ZM72,12c-14.06,0-27.7,12.33-37.41,33.83-12.45,27.57-16.78,67.52,3.14,90.11a12,12,0,0,0,9,4.06H97.25a12,12,0,0,0,9-4.06c19.92-22.59,15.59-62.54,3.14-90.11C99.68,24.33,86,12,72,12ZM91.07,116H52.9c-6.71-12.13-7.67-35.45,3.56-60.3C63.16,40.85,70.28,36,72,36s8.82,4.85,15.53,19.7C98.73,80.55,97.77,103.87,91.07,116Zm67.68,48h50.54a12,12,0,0,0,9-4.06c19.92-22.59,15.59-62.54,3.14-90.11C211.72,48.33,198.08,36,184,36s-27.7,12.33-37.41,33.83c-12.45,27.57-16.78,67.52,3.14,90.11A12,12,0,0,0,158.75,164Zm9.74-84.3C175.2,64.85,182.32,60,184,60s8.82,4.85,15.52,19.7c11.23,24.85,10.27,48.17,3.56,60.3H164.93C158.23,127.87,157.27,104.55,168.49,79.7Z\"><\/path><\/svg><\/span><span class=\"gb-text\"><strong><strong>\u00dccretsiz y\u00fcr\u00fcy\u00fc\u015f turlar\u0131na kat\u0131l\u0131n<\/strong><\/strong><\/span><\/h3>\n\n\n\n<p>Y\u00fcr\u00fcy\u00fc\u015f turlar\u0131 onayl\u0131d\u0131r ve \u00f6nceden kay\u0131t gerektirmez. Budapest Card&#8217;\u0131n\u0131zla bulu\u015fma noktas\u0131na gelmeniz yeterlidir.<\/p>\n\n\n\n<ul class=\"wp-block-list\">\n<li><strong>Pest Turu: <br><\/strong>Pazartesi, \u00c7ar\u015famba, Cuma, Cumartesi ve Pazar g\u00fcnleri saat 10:00&#8217;da ba\u015flar. <br>Bulu\u015fma noktas\u0131: V\u00e1ci Street 31, 1052 Budape\u015fte (Moln\u00e1r&#8217;s K\u00fcrt\u0151skal\u00e1cs)<\/li>\n<\/ul>\n\n\n\n<ul class=\"wp-block-list\">\n<li><strong>Buda Turu: <br><\/strong>Sal\u0131, Per\u015fembe, Cuma, Cumartesi ve Pazar g\u00fcnleri saat 14:00&#8217;te ba\u015flar. <br>Bulu\u015fma noktas\u0131: Trinity Square 2, 1014 Budape\u015fte (Matthias Kilisesi \u00f6n\u00fcndeki Kutsal Teslis heykeli)<\/li>\n<\/ul>\n\n\n\n<h3 class=\"gb-text-71511e1b\"><span class=\"gb-shape\"><svg viewBox=\"0 0 256 256\" fill=\"#000000\" height=\"32\" width=\"32\" xmlns=\"http:\/\/www.w3.org\/2000\/svg\"><path d=\"M228.75,100.05c-3.52-3.67-7.15-7.46-8.34-10.33-1.06-2.56-1.14-7.83-1.21-12.47-.15-10-.34-22.44-9.18-31.27s-21.27-9-31.27-9.18c-4.64-.07-9.91-.15-12.47-1.21-2.87-1.19-6.66-4.82-10.33-8.34C148.87,20.46,140.05,12,128,12s-20.87,8.46-27.95,15.25c-3.67,3.52-7.46,7.15-10.33,8.34-2.56,1.06-7.83,1.14-12.47,1.21C67.25,37,54.81,37.14,46,46S37,67.25,36.8,77.25c-.07,4.64-.15,9.91-1.21,12.47-1.19,2.87-4.82,6.66-8.34,10.33C20.46,107.13,12,116,12,128S20.46,148.87,27.25,156c3.52,3.67,7.15,7.46,8.34,10.33,1.06,2.56,1.14,7.83,1.21,12.47.15,10,.34,22.44,9.18,31.27s21.27,9,31.27,9.18c4.64.07,9.91.15,12.47,1.21,2.87,1.19,6.66,4.82,10.33,8.34C107.13,235.54,116,244,128,244s20.87-8.46,27.95-15.25c3.67-3.52,7.46-7.15,10.33-8.34,2.56-1.06,7.83-1.14,12.47-1.21,10-.15,22.44-.34,31.27-9.18s9-21.27,9.18-31.27c.07-4.64.15-9.91,1.21-12.47,1.19-2.87,4.82-6.66,8.34-10.33C235.54,148.87,244,140.05,244,128S235.54,107.13,228.75,100.05Zm-17.32,39.29c-4.82,5-10.28,10.72-13.19,17.76-2.82,6.8-2.93,14.16-3,21.29-.08,5.36-.19,12.71-2.15,14.66s-9.3,2.07-14.66,2.15c-7.13.11-14.49.22-21.29,3-7,2.91-12.73,8.37-17.76,13.19C135.78,214.84,130.4,220,128,220s-7.78-5.16-11.34-8.57c-5-4.82-10.72-10.28-17.76-13.19-6.8-2.82-14.16-2.93-21.29-3-5.36-.08-12.71-.19-14.66-2.15s-2.07-9.3-2.15-14.66c-.11-7.13-.22-14.49-3-21.29-2.91-7-8.37-12.73-13.19-17.76C41.16,135.78,36,130.4,36,128s5.16-7.78,8.57-11.34c4.82-5,10.28-10.72,13.19-17.76,2.82-6.8,2.93-14.16,3-21.29C60.88,72.25,61,64.9,63,63s9.3-2.07,14.66-2.15c7.13-.11,14.49-.22,21.29-3,7-2.91,12.73-8.37,17.76-13.19C120.22,41.16,125.6,36,128,36s7.78,5.16,11.34,8.57c5,4.82,10.72,10.28,17.76,13.19,6.8,2.82,14.16,2.93,21.29,3,5.36.08,12.71.19,14.66,2.15s2.07,9.3,2.15,14.66c.11,7.13.22,14.49,3,21.29,2.91,7,8.37,12.73,13.19,17.76,3.41,3.56,8.57,8.94,8.57,11.34S214.84,135.78,211.43,139.34ZM176.49,95.51a12,12,0,0,1,0,17l-56,56a12,12,0,0,1-17,0l-24-24a12,12,0,1,1,17-17L112,143l47.51-47.52A12,12,0,0,1,176.49,95.51Z\"><\/path><\/svg><\/span><span class=\"gb-text\"><strong><strong>\u0130ndirimlerinizden yararlan\u0131n<\/strong><\/strong><\/span><\/h3>\n\n\n\n<p>Kat\u0131l\u0131mc\u0131 turistik mek\u00e2nlarda ve restoranlarda %10\u201350 indirim almak i\u00e7in kart\u0131n\u0131z\u0131 g\u00f6sterin. Ba\u015fl\u0131ca indirimler aras\u0131nda Sz\u00e9chenyi Termal Banyosu (%20), Aziz Stefan Bazilikas\u0131 (%20) ve Doh\u00e1ny Soka\u011f\u0131 Sinagogu (%10) yer almaktad\u0131r.<\/p>\n\n\n<div class=\"gb-container gb-container-0b5d1c06 ms-alert--primary ms-p ms-rounded ms-mb-last-child-0 ms-mb-children-condensed ms-mb-block\">\n\n<p>Daha fazla bilgi i\u00e7in:\u00a0<a href=\"https:\/\/www.budapestcard.org\/tr\/indirimler\/\" data-type=\"page\" data-id=\"8\">indirimler<\/a>\u00a0\u2013\u00a0<a href=\"https:\/\/www.budapestcard.org\/tr\/fiyatlar\/\" data-type=\"page\" data-id=\"27\">fiyatlar<\/a>\u00a0\u2013\u00a0<a href=\"https:\/\/www.budapestcard.org\/tr\/sss\/\" data-type=\"page\" data-id=\"29\">s\u0131k\u00e7a sorulan sorular<\/a><\/p>\n\n<\/div>\n<\/div>\n<\/div>\n<\/div>\n\n\n<p><\/p>\n","protected":false},"excerpt":{"rendered":"","protected":false},"author":2,"featured_media":874,"parent":0,"menu_order":7,"comment_status":"closed","ping_status":"closed","template":"","meta":{"_acf_changed":false,"footnotes":""},"post-style":[7],"producer":[],"class_list":["post-509","page","type-page","status-publish","has-post-thumbnail"],"acf":[],"_links":{"self":[{"href":"https:\/\/www.budapestcard.org\/tr\/wp-json\/wp\/v2\/pages\/509","targetHints":{"allow":["GET"]}}],"collection":[{"href":"https:\/\/www.budapestcard.org\/tr\/wp-json\/wp\/v2\/pages"}],"about":[{"href":"https:\/\/www.budapestcard.org\/tr\/wp-json\/wp\/v2\/types\/page"}],"author":[{"embeddable":true,"href":"https:\/\/www.budapestcard.org\/tr\/wp-json\/wp\/v2\/users\/2"}],"replies":[{"embeddable":true,"href":"https:\/\/www.budapestcard.org\/tr\/wp-json\/wp\/v2\/comments?post=509"}],"version-history":[{"count":3,"href":"https:\/\/www.budapestcard.org\/tr\/wp-json\/wp\/v2\/pages\/509\/revisions"}],"predecessor-version":[{"id":1052,"href":"https:\/\/www.budapestcard.org\/tr\/wp-json\/wp\/v2\/pages\/509\/revisions\/1052"}],"wp:featuredmedia":[{"embeddable":true,"href":"https:\/\/www.budapestcard.org\/tr\/wp-json\/wp\/v2\/media\/874"}],"wp:attachment":[{"href":"https:\/\/www.budapestcard.org\/tr\/wp-json\/wp\/v2\/media?parent=509"}],"wp:term":[{"taxonomy":"post-style","embeddable":true,"href":"https:\/\/www.budapestcard.org\/tr\/wp-json\/wp\/v2\/post-style?post=509"},{"taxonomy":"producer","embeddable":true,"href":"https:\/\/www.budapestcard.org\/tr\/wp-json\/wp\/v2\/producer?post=509"}],"curies":[{"name":"wp","href":"https:\/\/api.w.org\/{rel}","templated":true}]}}