{"id":60,"date":"2023-06-09T11:54:12","date_gmt":"2023-06-09T09:54:12","guid":{"rendered":"https:\/\/www.budapestcard.org\/tr\/?page_id=60"},"modified":"2025-09-25T20:08:57","modified_gmt":"2025-09-25T18:08:57","slug":"hungary-digital-nomad-visa","status":"publish","type":"page","link":"https:\/\/www.budapestcard.org\/tr\/hungary-digital-nomad-visa\/","title":{"rendered":"Macaristan Dijital G\u00f6\u00e7ebe Vizesi"},"content":{"rendered":"\n<p>Macaristan, dinamik k\u00fclt\u00fcr\u00fc, zengin tarihi ve uygun ya\u015fam maliyetiyle dijital g\u00f6\u00e7ebeler i\u00e7in h\u0131zla pop\u00fcler bir destinasyona d\u00f6n\u00fc\u015f\u00fcyor. Uzaktan \u00e7al\u0131\u015fman\u0131n yayg\u0131nla\u015fmas\u0131na yan\u0131t olarak, Macaristan dijital g\u00f6\u00e7ebelerin yasalara uygun \u015fekilde \u00fclkede ya\u015famas\u0131n\u0131 ve \u00e7al\u0131\u015fmas\u0131n\u0131 sa\u011flayan bir vize olu\u015fturdu.<\/p>\n\n\n\n<figure><div class=\"ms-credits\">\n<img decoding=\"async\" class=\"gb-media-dac065ff\" src=\"https:\/\/www.budapestcard.org\/tr\/wp-content\/uploads\/sites\/19\/visit-camp-nou-1745208234.jpg\" alt=\"Hungary Digital Nomad Visa\" title=\"Hungary-digital-nomad-visa\" \/>\n<span class='ms-credits__info' id='media875'><svg xmlns=\"http:\/\/www.w3.org\/2000\/svg\" width=\"20\" height=\"22\" fill=\"#000000\" viewBox=\"0 0 256 256\"><path d=\"M128,24A104,104,0,1,0,232,128,104.11,104.11,0,0,0,128,24Zm0,192a88,88,0,1,1,88-88A88.1,88.1,0,0,1,128,216ZM96,128a32,32,0,0,0,57.6,19.2,8,8,0,0,1,12.8,9.61,48,48,0,1,1,0-57.62,8,8,0,0,1-12.8,9.61A32,32,0,0,0,96,128Z\"><\/path><\/svg>stadtratte\/<a href=https:\/\/depositphotos.com\/photo\/man-suitcase-travels-hungary-230842712.html rel='nofollow' target='_blank'>Depositphotos<\/a><\/span><span class='ms-credits__btn' id='btn_media875' onclick='ms_credits_trigger(\"#media875\", this)'><svg xmlns=\"http:\/\/www.w3.org\/2000\/svg\" class=\"info_icon\" width=\"28\" height=\"28\" fill=\"#FFF\" viewBox=\"0 0 256 256\"><path d=\"M128,24A104,104,0,1,0,232,128,104.11,104.11,0,0,0,128,24Zm0,192a88,88,0,1,1,88-88A88.1,88.1,0,0,1,128,216Zm16-40a8,8,0,0,1-8,8,16,16,0,0,1-16-16V128a8,8,0,0,1,0-16,16,16,0,0,1,16,16v40A8,8,0,0,1,144,176ZM112,84a12,12,0,1,1,12,12A12,12,0,0,1,112,84Z\"><\/path><\/svg><svg xmlns=\"http:\/\/www.w3.org\/2000\/svg\" class=\"close_icon\" width=\"28\" height=\"28\" fill=\"#FFF\" viewBox=\"0 0 256 256\"><path d=\"M165.66,101.66,139.31,128l26.35,26.34a8,8,0,0,1-11.32,11.32L128,139.31l-26.34,26.35a8,8,0,0,1-11.32-11.32L116.69,128,90.34,101.66a8,8,0,0,1,11.32-11.32L128,116.69l26.34-26.35a8,8,0,0,1,11.32,11.32ZM232,128A104,104,0,1,1,128,24,104.11,104.11,0,0,1,232,128Zm-16,0a88,88,0,1,0-88,88A88.1,88.1,0,0,0,216,128Z\"><\/path><\/svg><\/span><\/div>\n\n\n<figcaption class=\"gb-text\">Macaristan Dijital G\u00f6\u00e7ebe Vizesi<\/figcaption>\n<\/figure>\n\n\n\n<h2 class=\"wp-block-heading\">Macaristan Dijital G\u00f6\u00e7ebe Vizesi Nedir?<\/h2>\n\n\n\n<p>&#8220;Beyaz Kart&#8221; olarak da bilinen Macaristan Dijital G\u00f6\u00e7ebe Vizesi, uzaktan \u00e7al\u0131\u015fanlar\u0131n Macaristan&#8217;da yasal olarak ya\u015fay\u0131p \u00e7al\u0131\u015fmas\u0131na olanak tan\u0131yan bir y\u0131ll\u0131k oturma iznidir. Vize bir kez yenilenebilir ve toplamda iki y\u0131la kadar \u00fclkede kalma imk\u00e2n\u0131 sunar.<\/p>\n\n\n\n<p>Bu vize, uzaktan \u00e7al\u0131\u015fma, serbest \u00e7al\u0131\u015fma veya kendi \u00e7evrimi\u00e7i i\u015fini y\u00fcr\u00fctme yoluyla d\u00fczenli bir gelire sahip oldu\u011funu kan\u0131tlayabilen ki\u015filer i\u00e7in tasarlanm\u0131\u015ft\u0131r.<\/p>\n\n\n\n<h2 class=\"wp-block-heading\">Uygunluk ve Gereklilikler<\/h2>\n\n\n\n<p>Macaristan Dijital G\u00f6\u00e7ebe Vizesi i\u00e7in uygun olmak amac\u0131yla ba\u015fvuru sahiplerinin a\u015fa\u011f\u0131daki gereklilikleri kar\u015f\u0131lamas\u0131 gerekir:<\/p>\n\n\n\n<ul class=\"wp-block-list\">\n<li>AB\/AEA vatanda\u015f\u0131 olmamak.<\/li>\n\n\n\n<li>Do\u011frulanm\u0131\u015f bir uzaktan i\u015fe sahip olmak veya Macaristan d\u0131\u015f\u0131nda ba\u015far\u0131l\u0131 bir i\u015f y\u00fcr\u00fctmek.<\/li>\n\n\n\n<li>Geli\u015fmi\u015f dijital teknolojiyi kullanarak uzaktan \u00e7al\u0131\u015fmak.<\/li>\n\n\n\n<li>Macaristan&#8217;da yerel bir i\u015fte \u00e7al\u0131\u015fmamak veya bir i\u015fin hisselerine sahip olmamak.<\/li>\n\n\n\n<li>Son alt\u0131 ay i\u00e7in ayl\u0131k minimum 3.000 \u20ac gelir kan\u0131t\u0131 sunmak.<\/li>\n\n\n\n<li>Macaristan&#8217;da konaklama kan\u0131t\u0131 sunmak.<\/li>\n\n\n\n<li>Ge\u00e7erli sa\u011fl\u0131k sigortas\u0131na sahip olmak.<\/li>\n\n\n\n<li>Ge\u00e7erli bir pasaporta sahip olmak.<\/li>\n<\/ul>\n\n\n\n<h2 class=\"wp-block-heading\">Ba\u015fvuru S\u00fcreci<\/h2>\n\n\n\n<p>Macaristan Dijital G\u00f6\u00e7ebe Vizesi ba\u015fvurusu iki a\u015famal\u0131 bir s\u00fcre\u00e7tir:<\/p>\n\n\n\n<ol class=\"wp-block-list\">\n<li>Ba\u015fvurunuz onayland\u0131ktan sonra, Macaristan&#8217;a seyahat edin ve var\u0131\u015f\u0131n\u0131zdan itibaren bir ay i\u00e7inde Beyaz Kart i\u00e7in ba\u015fvurun. Beyaz Kart&#8217;\u0131n i\u015flem s\u00fcreci yakla\u015f\u0131k 21 g\u00fcnd\u00fcr.<\/li>\n\n\n\n<li>Kendi \u00fclkenizdeki Macaristan b\u00fcy\u00fckel\u00e7ili\u011fi veya konsoloslu\u011funda dijital g\u00f6\u00e7ebe vizesine ba\u015fvurun. Bu s\u00fcre\u00e7 yakla\u015f\u0131k 30 g\u00fcn s\u00fcrebilir.<\/li>\n<\/ol>\n\n\n\n<p>Ba\u015fvuru s\u00fcrecinin tamam\u0131n\u0131 <a href=\"http:\/\/www.hungaryvisa.org\" target=\"_blank\" rel=\"noreferrer noopener nofollow\">www.hungaryvisa.org<\/a> adresinden takip edebilirsiniz. <\/p>\n\n\n\n<h2 class=\"wp-block-heading\">Maliyet<\/h2>\n\n\n\n<p>Macaristan Dijital G\u00f6\u00e7ebe Vizesi&#8217;ne ili\u015fkin \u00fccretler \u015fu \u015fekildedir:<\/p>\n\n\n\n<ul class=\"wp-block-list\">\n<li>Vize giri\u015f ba\u015fvuru \u00fccreti: 110 \u20ac (Macaristan d\u0131\u015f\u0131nda yap\u0131lan ba\u015fvurular i\u00e7in)<\/li>\n\n\n\n<li>\u015eahsen yap\u0131lan ba\u015fvuru i\u00e7in hizmet \u00fccreti: 39.000 HUF (Macaristan i\u00e7inde)<\/li>\n\n\n\n<li>\u00c7evrimi\u00e7i ba\u015fvuru i\u00e7in hizmet \u00fccreti: 24.000 HUF (Enter Hungary platformu \u00fczerinden)<\/li>\n<\/ul>\n\n\n\n<h2 class=\"wp-block-heading\">Macaristan Dijital G\u00f6\u00e7ebe Vizesi&#8217;nin Avantajlar\u0131<\/h2>\n\n\n\n<p>Macaristan Dijital G\u00f6\u00e7ebe Vizesi, uzaktan \u00e7al\u0131\u015fanlar i\u00e7in \u00e7e\u015fitli avantajlar sunar:<\/p>\n\n\n\n<p>Macaristan&#8217;da bir y\u0131l boyunca ya\u015fama ve \u00e7al\u0131\u015fma f\u0131rsat\u0131. Ko\u015fullar\u0131n sa\u011flanmas\u0131 halinde bu s\u00fcre bir y\u0131l daha uzat\u0131labilir.<\/p>\n\n\n\n<p>Macaristan&#8217;\u0131n uygun ya\u015fam maliyetinden, canl\u0131 k\u00fclt\u00fcr\u00fcnden ve muhte\u015fem manzaralar\u0131ndan yararlanma imk\u00e2n\u0131.<\/p>\n\n\n\n<p>Ek bir vizeye ihtiya\u00e7 duymadan Schengen B\u00f6lgesi i\u00e7inde seyahat edebilme imk\u00e2n\u0131.<\/p>\n\n\n\n<h2 class=\"wp-block-heading\">Macaristan&#8217;da Ya\u015fam<\/h2>\n\n\n\n<p>Macaristan&#8217;da bir dijital g\u00f6\u00e7ebe olarak, \u00fclkedeki ya\u015fam\u0131n farkl\u0131 y\u00f6nlerini deneyimleme f\u0131rsat\u0131na sahip olacaks\u0131n\u0131z. \u0130\u015fte dikkat etmeniz gereken birka\u00e7 \u00f6nemli nokta:<\/p>\n\n\n\n<p><strong>Ya\u015fam Maliyeti:<\/strong><br>Macaristan, bir\u00e7ok Bat\u0131 Avrupa \u00fclkesine g\u00f6re daha uygun bir ya\u015fam maliyeti sunar. Kira, kamu hizmetleri, market al\u0131\u015fveri\u015fi ve ula\u015f\u0131m genellikle daha b\u00fct\u00e7e dostudur, bu da onu dijital g\u00f6\u00e7ebeler i\u00e7in \u00e7ekici bir se\u00e7enek h\u00e2line getirir.<\/p>\n\n\n\n<p><strong>Konut:<\/strong><br>Ortak daireler, kiral\u0131k evler, ortak ya\u015fam alanlar\u0131 ve k\u0131sa s\u00fcreli konaklamalar gibi \u00e7e\u015fitli konut se\u00e7enekleri bulabilirsiniz. Ba\u015fkent Budape\u015fte pop\u00fcler bir tercih olsa da, Szeged, Debrecen ve P\u00e9cs gibi daha k\u00fc\u00e7\u00fck \u015fehirlerin de kendine \u00f6zg\u00fc bir cazibesi vard\u0131r.<\/p>\n\n\n\n<p><strong>\u0130nternet ve Ortak \u00c7al\u0131\u015fma Alanlar\u0131:<\/strong><br>Macaristan, genel alanlarda bile yayg\u0131n Wi-Fi kapsama alan\u0131na sahip, g\u00fcvenilir bir internet altyap\u0131s\u0131na sahiptir. Budape\u015fte gibi b\u00fcy\u00fck \u015fehirlerde, dijital g\u00f6\u00e7ebe topluluklar\u0131na hizmet veren bir\u00e7ok ortak \u00e7al\u0131\u015fma alan\u0131 bulabilirsiniz.<\/p>\n\n\n\n<p><strong>Ula\u015f\u0131m:<\/strong><br>Macaristan, otob\u00fcs, tramvay ve tren dahil olmak \u00fczere kapsaml\u0131 bir toplu ta\u015f\u0131ma a\u011f\u0131na sahiptir. Budape\u015fte&#8217;de ayr\u0131ca bir metro sistemi de bulunur. \u00dclke i\u00e7inde b\u00f6lgesel trenler veya otob\u00fcslerle kolayca seyahat edebilir, hatta kom\u015fu \u00fclkeleri ke\u015ffedebilirsiniz.<\/p>\n\n\n\n<p><strong>Sa\u011fl\u0131k Hizmetleri:<\/strong><br>Macaristan, sakinlerine evrensel sa\u011fl\u0131k sigortas\u0131 sa\u011flayan bir kamu sa\u011fl\u0131k sistemi sunar. Dijital g\u00f6\u00e7ebe olarak, t\u0131bbi hizmetlere eri\u015fim i\u00e7in genellikle \u00f6zel sa\u011fl\u0131k sigortas\u0131na ihtiyac\u0131n\u0131z olacakt\u0131r. \u00d6zel sa\u011fl\u0131k tesisleri, \u00f6zellikle b\u00fcy\u00fck \u015fehirlerde, genellikle y\u00fcksek kalitede hizmet verir.<\/p>\n\n\n\n<p><strong>Sosyal Ya\u015fam ve A\u011f Olu\u015fturma:<\/strong><br>Macaristan, \u00e7ok say\u0131da restoran, bar ve k\u00fclt\u00fcrel etkinlikle canl\u0131 bir sosyal ortama sahiptir. &#8220;Meetup&#8221; gruplar\u0131, dil de\u011fi\u015fim etkinlikleri ve dijital g\u00f6\u00e7ebe topluluklar\u0131 arac\u0131l\u0131\u011f\u0131yla yeni insanlarla tan\u0131\u015fma ve a\u011f olu\u015fturma f\u0131rsatlar\u0131 boldur.<\/p>\n\n\n\n<p><\/p>\n","protected":false},"excerpt":{"rendered":"","protected":false},"author":1,"featured_media":875,"parent":0,"menu_order":6,"comment_status":"closed","ping_status":"closed","template":"","meta":{"_acf_changed":false,"footnotes":"","button_url":"https:\/\/www.tiqets.com\/en\/things-to-do-in-budapest-c68199\/tickets-for-budapest-card-free-entrance-to-szt-lukacs-thermal-bath-and-pool-p974576\/?partner=budapestcard","ms_product_id":"","ms_product_name":"","ms_price":"","ms_currency":"","ms_rating_value":"","ms_review_count":"","rank_math_title":"%title% %sep% %sitename%","rank_math_description":"Macaristan Dijital G\u00f6\u00e7ebe Vizesi ile uzaktan \u00e7al\u0131\u015f\u0131rken d\u00fc\u015f\u00fck ya\u015fam maliyetlerinin, canl\u0131 k\u00fclt\u00fcr\u00fcn ve tarihi cazibenin tad\u0131n\u0131 \u00e7\u0131karabilirsiniz. Nas\u0131l ba\u015fvuraca\u011f\u0131n\u0131z\u0131 \u00f6\u011frenin."},"post-style":[],"producer":[],"class_list":["post-60","page","type-page","status-publish","has-post-thumbnail"],"acf":[],"product_schema":{"ms_product_id":"","ms_product_name":"","ms_price":"","ms_currency":"","ms_rating_value":"","ms_review_count":""},"_links":{"self":[{"href":"https:\/\/www.budapestcard.org\/tr\/wp-json\/wp\/v2\/pages\/60","targetHints":{"allow":["GET"]}}],"collection":[{"href":"https:\/\/www.budapestcard.org\/tr\/wp-json\/wp\/v2\/pages"}],"about":[{"href":"https:\/\/www.budapestcard.org\/tr\/wp-json\/wp\/v2\/types\/page"}],"author":[{"embeddable":true,"href":"https:\/\/www.budapestcard.org\/tr\/wp-json\/wp\/v2\/users\/1"}],"replies":[{"embeddable":true,"href":"https:\/\/www.budapestcard.org\/tr\/wp-json\/wp\/v2\/comments?post=60"}],"version-history":[{"count":3,"href":"https:\/\/www.budapestcard.org\/tr\/wp-json\/wp\/v2\/pages\/60\/revisions"}],"predecessor-version":[{"id":992,"href":"https:\/\/www.budapestcard.org\/tr\/wp-json\/wp\/v2\/pages\/60\/revisions\/992"}],"wp:featuredmedia":[{"embeddable":true,"href":"https:\/\/www.budapestcard.org\/tr\/wp-json\/wp\/v2\/media\/875"}],"wp:attachment":[{"href":"https:\/\/www.budapestcard.org\/tr\/wp-json\/wp\/v2\/media?parent=60"}],"wp:term":[{"taxonomy":"post-style","embeddable":true,"href":"https:\/\/www.budapestcard.org\/tr\/wp-json\/wp\/v2\/post-style?post=60"},{"taxonomy":"producer","embeddable":true,"href":"https:\/\/www.budapestcard.org\/tr\/wp-json\/wp\/v2\/producer?post=60"}],"curies":[{"name":"wp","href":"https:\/\/api.w.org\/{rel}","templated":true}]}}