{"id":681,"date":"2024-10-22T13:11:57","date_gmt":"2024-10-22T11:11:57","guid":{"rendered":"https:\/\/www.budapestcard.org\/tr\/?page_id=681"},"modified":"2025-10-27T19:15:07","modified_gmt":"2025-10-27T18:15:07","slug":"iletisim","status":"publish","type":"page","link":"https:\/\/www.budapestcard.org\/tr\/iletisim\/","title":{"rendered":"\u0130leti\u015fim"},"content":{"rendered":"\n<h3 class=\"wp-block-heading\">Bilet Sorular\u0131<\/h3>\n\n\n\n<p>Biletleriniz veya mevcut rezervasyonunuzla ilgili her t\u00fcrl\u00fc sorunuz i\u00e7in l\u00fctfen bilet orta\u011f\u0131m\u0131zla ileti\u015fime ge\u00e7in:<\/p>\n\n\n\n<ul class=\"wp-block-list\">\n<li>E-posta: <a href=\"mailto:info@ticketbar.eu\">info@ticketbar.eu<\/a><\/li>\n\n\n\n<li>Telefon: +44 2035142614<\/li>\n<\/ul>\n\n\n\n<hr class=\"wp-block-separator has-alpha-channel-opacity\" \/>\n\n\n\n<h3 class=\"wp-block-heading\">Turist Bilgileri<\/h3>\n\n\n\n<h4 class=\"wp-block-heading\"><strong>Budapestinfo Turist Bilgi Ofisi<\/strong><\/h4>\n\n\n\n<p>Budape\u015fte ve Macaristan&#8217;daki turistik yerler, haritalar, rehberler ve etkinlikler hakk\u0131nda akl\u0131n\u0131za gelen her t\u00fcrl\u00fc sorunuz i\u00e7in:<\/p>\n\n\n\n<ul class=\"wp-block-list\">\n<li>Adres: 1052 V\u00e1rosh\u00e1za park, K\u00e1roly k\u00f6r\u00fat \u2013 B\u00e1rczy Istv\u00e1n Caddesi k\u00f6\u015fesi (De\u00e1k Meydan\u0131, M1, M2, M3 metro hatlar\u0131 veya 100E otob\u00fcs terminali kar\u015f\u0131s\u0131nda).<\/li>\n<\/ul>\n\n\n\n<h4 class=\"wp-block-heading\"><strong>Budape\u015fte Kart Bilgi Hatt\u0131<\/strong><\/h4>\n\n\n\n<p>Budape\u015fte Kart\u0131, indirimler ve avantajlar hakk\u0131nda detayl\u0131 bilgi almak i\u00e7in:<\/p>\n\n\n\n<ul class=\"wp-block-list\">\n<li>Telefon: +36 30 955 0398 (09:00 &#8211; 19:00 saatleri aras\u0131nda hizmet vermektedir).<\/li>\n<\/ul>\n\n\n\n<hr class=\"wp-block-separator has-alpha-channel-opacity\" \/>\n\n\n\n<h3 class=\"wp-block-heading\">Web Sitesi Deste\u011fi<\/h3>\n\n\n\n<p>Bu web sitesiyle ilgili herhangi bir sorunuz i\u00e7in l\u00fctfen do\u011frudan bizimle ileti\u015fime ge\u00e7in:<\/p>\n\n\n\n<ul class=\"wp-block-list\">\n<li>E-posta: info@moonshot.media<\/li>\n<\/ul>\n","protected":false},"excerpt":{"rendered":"","protected":false},"author":3,"featured_media":0,"parent":0,"menu_order":2,"comment_status":"closed","ping_status":"closed","template":"","meta":{"_acf_changed":false,"footnotes":"","button_url":"https:\/\/www.tiqets.com\/en\/things-to-do-in-budapest-c68199\/tickets-for-budapest-card-free-entrance-to-szt-lukacs-thermal-bath-and-pool-p974576\/?partner=budapestcard","ms_product_id":"","ms_product_name":"","ms_price":"","ms_currency":"","ms_rating_value":"","ms_review_count":"","rank_math_title":"%title% %sep% %sitename%","rank_math_description":"Budape\u015fte Kart\u0131n\u0131zla ilgili yard\u0131ma m\u0131 ihtiyac\u0131n\u0131z var? Bilet veya rezervasyonla ilgili sorular\u0131n\u0131z i\u00e7in bilet orta\u011f\u0131m\u0131zla ileti\u015fime ge\u00e7in."},"post-style":[],"producer":[],"class_list":["post-681","page","type-page","status-publish","has-post-thumbnail"],"acf":[],"product_schema":{"ms_product_id":"","ms_product_name":"","ms_price":"","ms_currency":"","ms_rating_value":"","ms_review_count":""},"_links":{"self":[{"href":"https:\/\/www.budapestcard.org\/tr\/wp-json\/wp\/v2\/pages\/681","targetHints":{"allow":["GET"]}}],"collection":[{"href":"https:\/\/www.budapestcard.org\/tr\/wp-json\/wp\/v2\/pages"}],"about":[{"href":"https:\/\/www.budapestcard.org\/tr\/wp-json\/wp\/v2\/types\/page"}],"author":[{"embeddable":true,"href":"https:\/\/www.budapestcard.org\/tr\/wp-json\/wp\/v2\/users\/3"}],"replies":[{"embeddable":true,"href":"https:\/\/www.budapestcard.org\/tr\/wp-json\/wp\/v2\/comments?post=681"}],"version-history":[{"count":2,"href":"https:\/\/www.budapestcard.org\/tr\/wp-json\/wp\/v2\/pages\/681\/revisions"}],"predecessor-version":[{"id":987,"href":"https:\/\/www.budapestcard.org\/tr\/wp-json\/wp\/v2\/pages\/681\/revisions\/987"}],"wp:attachment":[{"href":"https:\/\/www.budapestcard.org\/tr\/wp-json\/wp\/v2\/media?parent=681"}],"wp:term":[{"taxonomy":"post-style","embeddable":true,"href":"https:\/\/www.budapestcard.org\/tr\/wp-json\/wp\/v2\/post-style?post=681"},{"taxonomy":"producer","embeddable":true,"href":"https:\/\/www.budapestcard.org\/tr\/wp-json\/wp\/v2\/producer?post=681"}],"curies":[{"name":"wp","href":"https:\/\/api.w.org\/{rel}","templated":true}]}}