{"id":8,"date":"2014-01-10T12:44:37","date_gmt":"2014-01-10T11:44:37","guid":{"rendered":"https:\/\/www.budapestcard.org\/tr\/?page_id=8"},"modified":"2026-03-29T05:52:33","modified_gmt":"2026-03-29T03:52:33","slug":"indirimler","status":"publish","type":"page","link":"https:\/\/www.budapestcard.org\/tr\/indirimler\/","title":{"rendered":"Budape\u015fte Kart\u0131 \u0130ndirimleri"},"content":{"rendered":"\n<div class=\"ms-p ms-rounded ms-mb-last-child-0 ms-mb-children-condensed ms-alert--contrast ms-mb-block\">\n<ul class=\"wp-block-list\">\n<li>Budapest Card, Budape\u015fte genelinde s\u0131n\u0131rs\u0131z toplu ta\u015f\u0131ma hakk\u0131 sunar (metro, tramvay, otob\u00fcs, havaliman\u0131 dahil).<\/li>\n\n\n\n<li>Macar Ulusal M\u00fczesi, Ulusal Galeri ve Buda Kalesi gibi 22 m\u00fcze ve tarihi mek\u00e2na \u00fccretsiz giri\u015f.<\/li>\n\n\n\n<li>St. Luk\u00e1cs&#8217;ta \u00fccretsiz termal banyo, bir \u00fccretsiz Tuna nehir turu ve iki rehberli y\u00fcr\u00fcy\u00fc\u015f turu.<\/li>\n\n\n\n<li>Sz\u00e9chenyi Termal Banyosu, Parlamento turlar\u0131 ve Aziz Stefan Bazilikas\u0131 gibi \u00f6ne \u00e7\u0131kan mek\u00e2nlarda %10\u201350 indirim.<\/li>\n\n\n\n<li>Ayr\u0131ca \u015fehir genelinde 12&#8217;den fazla restoran ve di\u011fer deneyimlerde indirimler.<\/li>\n<\/ul>\n\n\n\n<p class=\"gb-text-fb1a3135\"><span class=\"gb-shape\"><svg xmlns=\"http:\/\/www.w3.org\/2000\/svg\" width=\"32\" height=\"32\" fill=\"#000000\" viewBox=\"0 0 256 256\"><path d=\"M228,144v64a12,12,0,0,1-12,12H40a12,12,0,0,1-12-12V144a12,12,0,0,1,24,0v52H204V144a12,12,0,0,1,24,0Zm-108.49,8.49a12,12,0,0,0,17,0l40-40a12,12,0,0,0-17-17L140,115V32a12,12,0,0,0-24,0v83L96.49,95.51a12,12,0,0,0-17,17Z\"><\/path><\/svg><\/span><span class=\"gb-text\"><a href=\"https:\/\/www.budapestcard.org\/wp-content\/uploads\/budapest-card-discounts.pdf\">Tam indirim listesini indirin (PDF)<\/a><\/span><\/p>\n<\/div>\n\n\n\n<h2 class=\"wp-block-heading\"><strong>Geziler<\/strong><\/h2>\n\n\n<div class=\"ms-table\"><table><tr><th>\u00d6\u011fe<\/th><th>\u0130ndirim<\/th><\/tr><tr><td>BKK Toplu Ta\u015f\u0131ma<\/td><td>\u00dccretsiz<\/td><\/tr><tr><td>BKV Nehir Teknesi Hizmeti<\/td><td>\u00dccretsiz<\/td><\/tr><tr><td>\u015eehir Turu Tekne Gezisi<\/td><td>\u00dccretsiz<\/td><\/tr><tr><td>Tuna Nehri Gezisi<\/td><td>\u00dccretsiz<\/td><\/tr><tr><td>Duna Bella G\u00fcnd\u00fcz Turlar\u0131<\/td><td>\u00dccretsiz<\/td><\/tr><tr><td>Zugliget Teleferik<\/td><td>\u00dccretsiz<\/td><\/tr><tr><td>Resm\u00ee Budape\u015fte Kale Otob\u00fcs\u00fc<\/td><td>\u00dccretsiz<\/td><\/tr><tr><td>Buda Y\u00fcr\u00fcy\u00fc\u015f Turu<\/td><td>\u00dccretsiz<\/td><\/tr><tr><td>Pest Y\u00fcr\u00fcy\u00fc\u015f Turu<\/td><td>\u00dccretsiz<\/td><\/tr><tr><td>Tarihi Ara\u00e7lar<\/td><td>\u00dccretsiz<\/td><\/tr><tr><td>Brick \u2013 istedi\u011finiz yerde \u015farj edin<\/td><td>\u00dccretsiz<\/td><\/tr><tr><td>Universal AirportHUB<\/td><td>-40%<\/td><\/tr><tr><td>Bisiklet Ta\u015f\u0131ma (Bring\u00f3hint\u00f3)<\/td><td>-25%<\/td><\/tr><tr><td>Legenda \u015eehir Gezileri<\/td><td>-25%<\/td><\/tr><tr><td>BKV Ak\u015fam Nehir Teknesi Hizmeti<\/td><td>-20%<\/td><\/tr><tr><td>Kap\u0131dan Kap\u0131ya Havaalan\u0131 Transferi \u2013 miniBUD<\/td><td>-20%<\/td><\/tr><tr><td>EURAMA \u015eehir Turlar\u0131<\/td><td>-20%<\/td><\/tr><tr><td>Tuna K\u0131vr\u0131m\u0131 Turu<\/td><td>-20%<\/td><\/tr><tr><td>Budape\u015fte Flyride<\/td><td>-10%<\/td><\/tr><tr><td>Yahudi Miras\u0131 Turlar\u0131<\/td><td>-10%<\/td><\/tr><\/table><\/div>\n\n\n<h2 class=\"wp-block-heading\"><strong>M\u00fczeler ve turistik yerler<\/strong><\/h2>\n\n\n<div class=\"ms-table\"><table><tr><th>\u00d6\u011fe<\/th><th>\u0130ndirim<\/th><\/tr><tr><td>Macar Ulusal M\u00fczesi<\/td><td>\u00dccretsiz<\/td><\/tr><tr><td>Macar Ulusal Galerisi<\/td><td>\u00dccretsiz<\/td><\/tr><tr><td>Budape\u015fte Tarih M\u00fczesi \u2013 Kale M\u00fczesi<\/td><td>\u00dccretsiz<\/td><\/tr><tr><td>Aziz \u0130stvan Salonu<\/td><td>\u00dccretsiz<\/td><\/tr><tr><td>G\u00fczel Sanatlar M\u00fczesi<\/td><td>\u00dccretsiz<\/td><\/tr><tr><td>Budape\u015fte Sanat Galerisi (Kunsthalle)<\/td><td>\u00dccretsiz<\/td><\/tr><tr><td>Budape\u015fte Tarih M\u00fczesi \u2013 Aquincum M\u00fczesi<\/td><td>\u00dccretsiz<\/td><\/tr><tr><td>Budape\u015fte Tarih M\u00fczesi \u2013 Kiscell M\u00fczesi<\/td><td>\u00dccretsiz<\/td><\/tr><tr><td>Budape\u015fte Tarih M\u00fczesi \u2013 Budape\u015fte Galerisi<\/td><td>\u00dccretsiz<\/td><\/tr><tr><td>Budape\u015fte Tarih M\u00fczesi \u2013 Orta\u00e7a\u011f Yahudi Dua Evi<\/td><td>\u00dccretsiz<\/td><\/tr><tr><td>Ludwig M\u00fczesi \u2013 \u00c7a\u011fda\u015f Sanat<\/td><td>\u00dccretsiz<\/td><\/tr><tr><td>Robert Capa Foto\u011fraf Merkezi<\/td><td>\u00dccretsiz<\/td><\/tr><tr><td>Macar Foto\u011fraf\u00e7\u0131lar Evi \u2013 Mai Man\u00f3 Evi<\/td><td>\u00dccretsiz<\/td><\/tr><tr><td>Vasarely M\u00fczesi Budape\u015fte<\/td><td>\u00dccretsiz<\/td><\/tr><tr><td>Memento Park \u2013 Heykel Park\u0131<\/td><td>\u00dccretsiz<\/td><\/tr><tr><td>Ticaret ve Turizm M\u00fczesi<\/td><td>\u00dccretsiz<\/td><\/tr><tr><td>Ferenc Hopp Asya Sanatlar\u0131 M\u00fczesi<\/td><td>\u00dccretsiz<\/td><\/tr><tr><td>Yeralt\u0131 Demiryolu M\u00fczesi<\/td><td>\u00dccretsiz<\/td><\/tr><tr><td>\u00d3buda M\u00fczesi<\/td><td>\u00dccretsiz<\/td><\/tr><tr><td>Goldberger Tekstil Koleksiyonu \u2013 \u00d3buda M\u00fczesi<\/td><td>\u00dccretsiz<\/td><\/tr><tr><td>P\u00e1l-v\u00f6lgyi Ma\u011faras\u0131<\/td><td>\u00dccretsiz<\/td><\/tr><tr><td>Margaret Adas\u0131 Su Kulesi ve Seyir Kulesi<\/td><td>\u00dccretsiz<\/td><\/tr><tr><td>Pesti Vigad\u00f3<\/td><td>-50%<\/td><\/tr><tr><td>Fradi M\u00fczesi<\/td><td>-50%<\/td><\/tr><tr><td>Etnografya M\u00fczesi<\/td><td>-25%<\/td><\/tr><tr><td>Aziz \u0130stvan Bazilikas\u0131<\/td><td>-20%<\/td><\/tr><tr><td>Meryem Ana Ana Kilisesi<\/td><td>-20%<\/td><\/tr><tr><td>G\u00f6d\u00f6ll\u0151 Kraliyet Saray\u0131<\/td><td>-20%<\/td><\/tr><tr><td>Macaristan M\u00fczik Evi<\/td><td>-20%<\/td><\/tr><tr><td>Budape\u015fte Hayvanat Bah\u00e7esi ve Botanik Bah\u00e7esi<\/td><td>-20%<\/td><\/tr><tr><td>Unicum Evi<\/td><td>-20%<\/td><\/tr><tr><td>Madame Tussauds Budape\u015fte<\/td><td>-20%<\/td><\/tr><tr><td>Timetrap Ka\u00e7\u0131\u015f Oyunu<\/td><td>-20%<\/td><\/tr><tr><td>Budape\u015fte D\u00f6nme Dolap (\u015fampanya ile)<\/td><td>-20%<\/td><\/tr><tr><td>\u015eehir Park\u0131 K\u00fcrek G\u00f6l\u00fc<\/td><td>-20%<\/td><\/tr><tr><td>Kapal\u0131 G\u00f6ky\u00fcz\u00fc Dal\u0131\u015f\u0131<\/td><td>-20%<\/td><\/tr><tr><td>\u0130ll\u00fczyon M\u00fczesi<\/td><td>-15%<\/td><\/tr><tr><td>Light Art Museum<\/td><td>-15%<\/td><\/tr><tr><td>Tropikarium \u2013 K\u00f6pekbal\u0131\u011f\u0131 Hayvanat Bah\u00e7esi<\/td><td>-15%<\/td><\/tr><tr><td>IKONO Budape\u015fte<\/td><td>-15%<\/td><\/tr><tr><td>Cinema Mystica<\/td><td>-10%<\/td><\/tr><tr><td>Kaya Hastanesi \u2013 N\u00fckleer S\u0131\u011f\u0131nak M\u00fczesi<\/td><td>-10%<\/td><\/tr><tr><td>Kazinczy utca Sinagogu<\/td><td>-10%<\/td><\/tr><tr><td>Doh\u00e1ny Caddesi Sinagogu<\/td><td>-10%<\/td><\/tr><tr><td>Macar Yahudi M\u00fczesi ve Ar\u015fivleri<\/td><td>-10%<\/td><\/tr><tr><td>Aziz \u0130stvan Bazilikas\u0131\u2019nda Org Konseri<\/td><td>-10%<\/td><\/tr><tr><td>Premier Outlet Budape\u015fte<\/td><td>-10%<\/td><\/tr><\/table><\/div>\n\n\n<h2 class=\"wp-block-heading\">Hamamlar ve havuzlar<\/h2>\n\n\n<div class=\"ms-table\"><table><tr><th>\u00d6\u011fe<\/th><th>\u0130ndirim<\/th><\/tr><tr><td>St. Luk\u00e1cs Termal Hamam ve Y\u00fczme Havuzu<\/td><td>\u00dccretsiz<\/td><\/tr><tr><td>Lupa Plaj\u0131<\/td><td>\u00dccretsiz<\/td><\/tr><tr><td>Sz\u00e9chenyi Termal Hamam ve Y\u00fczme Havuzu<\/td><td>-20%<\/td><\/tr><tr><td>Rudas Termal Hamam ve Y\u00fczme Havuzu<\/td><td>-20%<\/td><\/tr><tr><td>Palatinus Termal Hamam, Halk ve Dalga Havuzu<\/td><td>-20%<\/td><\/tr><tr><td>R\u00f3mai Hamam\u0131<\/td><td>-20%<\/td><\/tr><tr><td>Aquaworld Resort Budape\u015fte<\/td><td>-20%<\/td><\/tr><\/table><\/div>\n\n\n<h2 class=\"wp-block-heading\"><strong>Gastronomi<\/strong><\/h2>\n\n\n<div class=\"ms-table\"><table><tr><th>\u00d6\u011fe<\/th><th>\u0130ndirim<\/th><\/tr><tr><td>GastroCellar \u2013 Tad\u0131m<\/td><td>\u00dccretsiz<\/td><\/tr><tr><td>\u015eehrin kalbinde L\u00e1ngos<\/td><td>-20%<\/td><\/tr><tr><td>Moln\u00e1r\u2019s K\u00fcrt\u0151skal\u00e1cs<\/td><td>-20%<\/td><\/tr><tr><td>Parisi Passage Restoran<\/td><td>-20%<\/td><\/tr><tr><td>Zsolnay Kafe<\/td><td>-20%<\/td><\/tr><tr><td>Yellow Bistro &#038; Bar<\/td><td>-20%<\/td><\/tr><tr><td>Caf\u00e9 Astoria &#038; Restoran<\/td><td>-20%<\/td><\/tr><tr><td>L\u00e1ng Restoran<\/td><td>-20%<\/td><\/tr><tr><td>Hard Rock Cafe<\/td><td>-20%<\/td><\/tr><tr><td>Hal\u00e1szb\u00e1stya Restoran<\/td><td>-15%<\/td><\/tr><tr><td>TATI Restoran<\/td><td>-10%<\/td><\/tr><tr><td>VIRTU Restoran<\/td><td>-10%<\/td><\/tr><tr><td>Nokedlish<\/td><td>-10%<\/td><\/tr><tr><td>Eggscuse Me? Brunch &#038; Bistro<\/td><td>-10%<\/td><\/tr><\/table><\/div>\n\n\n<h2 class=\"wp-block-heading\">Budape\u015fte Kart <strong>72 saat Plus<\/strong> \u00d6zel \u0130ndirimler<\/h2>\n\n\n<div class=\"ms-table\"><table><tr><th>\u00d6\u011fe<\/th><th>\u0130ndirim<\/th><\/tr><tr><td>Kap\u0131dan Kap\u0131ya Havaliman\u0131 Transferi \u2013 miniBUD<\/td><td>\u00dccretsiz<\/td><\/tr><tr><td>\u015eehrin kalbinde L\u00c1NGOS!<\/td><td>\u00dccretsiz<\/td><\/tr><tr><td>Moln\u00e1r\u2019s K\u00fcrt\u0151skal\u00e1cs<\/td><td>\u00dccretsiz<\/td><\/tr><tr><td>Meryem Ana Kilisesi \u2013 Matthias Kilisesi<\/td><td>\u00dccretsiz<\/td><\/tr><tr><td>Buda Kalesi Teleferi\u011fi<\/td><td>\u00dccretsiz<\/td><\/tr><\/table><\/div>\n\n\n<div class=\"ms-p ms-rounded ms-mb-last-child-0 ms-mb-children-condensed ms-mb-block ms-alert--neutral\">\n<h4 class=\"gb-text-8c5919a0\"><span class=\"gb-shape\"><svg viewBox=\"0 0 256 256\" fill=\"#000000\" height=\"32\" width=\"32\" xmlns=\"http:\/\/www.w3.org\/2000\/svg\"><path d=\"M108,84a16,16,0,1,1,16,16A16,16,0,0,1,108,84Zm128,44A108,108,0,1,1,128,20,108.12,108.12,0,0,1,236,128Zm-24,0a84,84,0,1,0-84,84A84.09,84.09,0,0,0,212,128Zm-72,36.68V132a20,20,0,0,0-20-20,12,12,0,0,0-4,23.32V168a20,20,0,0,0,20,20,12,12,0,0,0,4-23.32Z\"><\/path><\/svg><\/span><span class=\"gb-text\">Uyar\u0131:<\/span><\/h4>\n\n\n\n<ul class=\"wp-block-list\">\n<li>Bu bilgiler en son Mart 2026&#8217;da g\u00fcncellenmi\u015ftir.<\/li>\n\n\n\n<li>Budape\u015fte Kart&#8217;ta yer alan indirimler \u00f6nceden haber verilmeksizin de\u011fi\u015ftirilebilir.<\/li>\n<\/ul>\n<\/div>\n","protected":false},"excerpt":{"rendered":"","protected":false},"author":1,"featured_media":0,"parent":0,"menu_order":3,"comment_status":"closed","ping_status":"closed","template":"","meta":{"_acf_changed":false,"footnotes":"","button_url":"https:\/\/www.tiqets.com\/en\/things-to-do-in-budapest-c68199\/tickets-for-budapest-card-free-entrance-to-szt-lukacs-thermal-bath-and-pool-p974576\/?partner=budapestcard","ms_product_id":"","ms_product_name":"","ms_price":"","ms_currency":"","ms_rating_value":"","ms_review_count":"","rank_math_title":"Budape\u015fte Kart \u0130ndirimleri: %currentyear% Y\u0131l\u0131 \u0130\u00e7in Tam Liste","rank_math_description":"Budape\u015fte Kart ile sunulan indirimlerin tam listesini inceleyin."},"post-style":[],"producer":[],"class_list":["post-8","page","type-page","status-publish","has-post-thumbnail"],"acf":[],"product_schema":{"ms_product_id":"","ms_product_name":"","ms_price":"","ms_currency":"","ms_rating_value":"","ms_review_count":""},"_links":{"self":[{"href":"https:\/\/www.budapestcard.org\/tr\/wp-json\/wp\/v2\/pages\/8","targetHints":{"allow":["GET"]}}],"collection":[{"href":"https:\/\/www.budapestcard.org\/tr\/wp-json\/wp\/v2\/pages"}],"about":[{"href":"https:\/\/www.budapestcard.org\/tr\/wp-json\/wp\/v2\/types\/page"}],"author":[{"embeddable":true,"href":"https:\/\/www.budapestcard.org\/tr\/wp-json\/wp\/v2\/users\/1"}],"replies":[{"embeddable":true,"href":"https:\/\/www.budapestcard.org\/tr\/wp-json\/wp\/v2\/comments?post=8"}],"version-history":[{"count":3,"href":"https:\/\/www.budapestcard.org\/tr\/wp-json\/wp\/v2\/pages\/8\/revisions"}],"predecessor-version":[{"id":1053,"href":"https:\/\/www.budapestcard.org\/tr\/wp-json\/wp\/v2\/pages\/8\/revisions\/1053"}],"wp:attachment":[{"href":"https:\/\/www.budapestcard.org\/tr\/wp-json\/wp\/v2\/media?parent=8"}],"wp:term":[{"taxonomy":"post-style","embeddable":true,"href":"https:\/\/www.budapestcard.org\/tr\/wp-json\/wp\/v2\/post-style?post=8"},{"taxonomy":"producer","embeddable":true,"href":"https:\/\/www.budapestcard.org\/tr\/wp-json\/wp\/v2\/producer?post=8"}],"curies":[{"name":"wp","href":"https:\/\/api.w.org\/{rel}","templated":true}]}}