{"id":896,"date":"2025-04-23T09:37:41","date_gmt":"2025-04-23T07:37:41","guid":{"rendered":"https:\/\/www.budapestcard.org\/tr\/?page_id=896"},"modified":"2025-09-29T23:37:29","modified_gmt":"2025-09-29T21:37:29","slug":"budapest-pass","status":"publish","type":"page","link":"https:\/\/www.budapestcard.org\/tr\/budapest-pass\/","title":{"rendered":"Budape\u015fte Pass"},"content":{"rendered":"\n<p>Budape\u015fte Pass sadece bir bilet de\u011fil, \u015fehrin ruhuna VIP eri\u015fim sa\u011flayan anahtar\u0131n\u0131zd\u0131r.<\/p>\n\n\n\n<div class=\"ms-cta-button ms-p ms-cta\">\n<a class=\"gb-text ms-btn ms-btn--primary ms-shadow\" href=\"https:\/\/www.tiqets.com\/en\/checkout\/tickets-for-budapest-pass-p1013746\/booking_details\/?partner=budapestcard\" rel=\"nofollow noopener\">M\u00fcsaitli\u011fi Kontrol Et<\/a>\n<\/div>\n\n\n\n<h2 class=\"wp-block-heading\">Avantajlar\u0131<\/h2>\n\n\n\n<ul class=\"ms-icon-list\">\n<li class=\"ms-icon-list__item\"><span class=\"gb-shape\"><svg viewBox=\"0 0 256 256\" fill=\"#000000\" height=\"32\" width=\"32\" xmlns=\"http:\/\/www.w3.org\/2000\/svg\"><path d=\"M232.49,80.49l-128,128a12,12,0,0,1-17,0l-56-56a12,12,0,1,1,17-17L96,183,215.51,63.51a12,12,0,0,1,17,17Z\"><\/path><\/svg><\/span><span class=\"gb-text\">Budape\u015fte&#8217;deki di\u011fer turistik yerlerde %10 indirim.<\/span><\/li>\n\n\n\n<li class=\"ms-icon-list__item\"><span class=\"gb-shape\"><svg viewBox=\"0 0 256 256\" fill=\"#000000\" height=\"32\" width=\"32\" xmlns=\"http:\/\/www.w3.org\/2000\/svg\"><path d=\"M232.49,80.49l-128,128a12,12,0,0,1-17,0l-56-56a12,12,0,1,1,17-17L96,183,215.51,63.51a12,12,0,0,1,17,17Z\"><\/path><\/svg><\/span><span class=\"gb-text\">S\u00fcrpriz \u00fccret yok.<\/span><\/li>\n\n\n\n<li class=\"ms-icon-list__item\"><span class=\"gb-shape\"><svg viewBox=\"0 0 256 256\" fill=\"#000000\" height=\"32\" width=\"32\" xmlns=\"http:\/\/www.w3.org\/2000\/svg\"><path d=\"M232.49,80.49l-128,128a12,12,0,0,1-17,0l-56-56a12,12,0,1,1,17-17L96,183,215.51,63.51a12,12,0,0,1,17,17Z\"><\/path><\/svg><\/span><span class=\"gb-text\">Her bir yer i\u00e7in \u00f6deme s\u0131ras\u0131nda size en uygun zaman\u0131 se\u00e7in.<\/span><\/li>\n<\/ul>\n\n\n\n<figure>\n<img decoding=\"async\" width=\"1920\" height=\"1080\" class=\"gb-media-4f95c955\" src=\"https:\/\/www.budapestcard.org\/wp-content\/uploads\/budapest-pass-1745508262.jpg\" alt=\"Budapest Digital Pass\" title=\"budapest-pass\" srcset=\"https:\/\/www.budapestcard.org\/tr\/wp-content\/uploads\/sites\/19\/budapest-pass-1745508262.jpg 1920w, https:\/\/www.budapestcard.org\/tr\/wp-content\/uploads\/sites\/19\/budapest-pass-1745508262-768x432.jpg 768w, https:\/\/www.budapestcard.org\/tr\/wp-content\/uploads\/sites\/19\/budapest-pass-1745508262-1024x576.jpg 1024w, https:\/\/www.budapestcard.org\/tr\/wp-content\/uploads\/sites\/19\/budapest-pass-1745508262-1280x720.jpg 1280w, https:\/\/www.budapestcard.org\/tr\/wp-content\/uploads\/sites\/19\/budapest-pass-1745508262-1600x900.jpg 1600w\" sizes=\"(max-width: 1920px) 100vw, 1920px\" \/>\n<\/figure>\n\n\n\n<div class=\"ms-alert--primary ms-p ms-rounded ms-mb-last-child-0 ms-mb-children-condensed ms-mb-block\">\n<h3 class=\"wp-block-heading has-ms-color-primary-darker-color has-text-color has-link-color wp-elements-ee2e294a14cec0b7f4dc9ef389d21251\">Nas\u0131l Rezervasyon Yap\u0131l\u0131r<\/h3>\n\n\n\n<div class=\"gb-element-f4eb9e37\">\n<div>\n<p class=\"gb-text-91d99ec7 ms-link-unstyled\"><span class=\"gb-shape\"><svg viewBox=\"0 0 256 256\" fill=\"#000000\" height=\"32\" width=\"32\" xmlns=\"http:\/\/www.w3.org\/2000\/svg\"><path d=\"M246.15,133.18,146.83,33.86A19.85,19.85,0,0,0,132.69,28H40A12,12,0,0,0,28,40v92.69a19.85,19.85,0,0,0,5.86,14.14l99.32,99.32a20,20,0,0,0,28.28,0l84.69-84.69A20,20,0,0,0,246.15,133.18Zm-98.83,93.17L52,131V52h79l95.32,95.32ZM100,84A16,16,0,1,1,84,68,16,16,0,0,1,100,84Z\"><\/path><\/svg><\/span><span class=\"gb-text\"><strong>Pass&#8217;\u0131n\u0131z\u0131 Se\u00e7in<\/strong><\/span><\/p>\n\n\n\n<p class=\"has-ms-color-primary-darker-color has-text-color has-link-color wp-elements-56a86162a181e8aa8f1884b468068c17\">Pass&#8217;\u0131n\u0131z i\u00e7in ki\u015fi say\u0131s\u0131n\u0131 ve ba\u015flang\u0131\u00e7 tarihini se\u00e7in.<\/p>\n<\/div>\n\n\n\n<div>\n<p class=\"gb-text-71a39911 ms-link-unstyled\"><span class=\"gb-shape\"><svg viewBox=\"0 0 256 256\" fill=\"#000000\" height=\"32\" width=\"32\" xmlns=\"http:\/\/www.w3.org\/2000\/svg\"><path d=\"M128,20A108,108,0,1,0,236,128,108.12,108.12,0,0,0,128,20Zm0,192a84,84,0,1,1,84-84A84.09,84.09,0,0,1,128,212Zm68-84a12,12,0,0,1-12,12H128a12,12,0,0,1-12-12V72a12,12,0,0,1,24,0v44h44A12,12,0,0,1,196,128Z\"><\/path><\/svg><\/span><span class=\"gb-text\"><strong>Biletlerinizi Ay\u0131rt\u0131n<\/strong><\/span><\/p>\n\n\n\n<p class=\"has-ms-color-primary-darker-color has-text-color has-link-color wp-elements-66b4e4d63e2948819baf79d2e5ff80f4\">Gezilecek yerler ve aktiviteler i\u00e7in tarih ve saat se\u00e7in.<\/p>\n<\/div>\n<\/div>\n\n\n\n<div class=\"gb-element-b221a285\">\n<div>\n<p class=\"gb-text-a8e13d94 ms-link-unstyled\"><span class=\"gb-shape\"><svg viewBox=\"0 0 256 256\" fill=\"#000000\" height=\"32\" width=\"32\" xmlns=\"http:\/\/www.w3.org\/2000\/svg\"><path d=\"M224,44H32A20,20,0,0,0,12,64V192a20,20,0,0,0,20,20H224a20,20,0,0,0,20-20V64A20,20,0,0,0,224,44Zm-4,24V88H36V68ZM36,188V112H220v76Zm172-24a12,12,0,0,1-12,12H164a12,12,0,0,1,0-24h32A12,12,0,0,1,208,164Zm-68,0a12,12,0,0,1-12,12H116a12,12,0,0,1,0-24h12A12,12,0,0,1,140,164Z\"><\/path><\/svg><\/span><span class=\"gb-text\"><strong>Onaylay\u0131n ve \u00d6deyin<\/strong><\/span><\/p>\n\n\n\n<p class=\"has-ms-color-primary-darker-color has-text-color has-link-color wp-elements-0bbb044e02ae97a4df810c11eaef2194\">Bilgilerinizi girin ve g\u00fcvenli \u00f6demeyi tamamlay\u0131n.<\/p>\n<\/div>\n\n\n\n<div>\n<p class=\"gb-text-26106146 ms-link-unstyled\"><span class=\"gb-shape\"><svg viewBox=\"0 0 256 256\" fill=\"#000000\" height=\"32\" width=\"32\" xmlns=\"http:\/\/www.w3.org\/2000\/svg\"><path d=\"M176.49,95.51a12,12,0,0,1,0,17l-56,56a12,12,0,0,1-17,0l-24-24a12,12,0,1,1,17-17L112,143l47.51-47.52A12,12,0,0,1,176.49,95.51ZM236,128A108,108,0,1,1,128,20,108.12,108.12,0,0,1,236,128Zm-24,0a84,84,0,1,0-84,84A84.09,84.09,0,0,0,212,128Z\"><\/path><\/svg><\/span><span class=\"gb-text\"><strong>Biletlerinizi Al\u0131n<\/strong><\/span><\/p>\n\n\n\n<p class=\"has-ms-color-primary-darker-color has-text-color has-link-color wp-elements-8e88e557acb1c2e3f7ebf269ba4ddcb7\">Dijital biletlerinizi e-posta ile an\u0131nda al\u0131n.<\/p>\n<\/div>\n<\/div>\n<\/div>\n\n\n\n<h2 class=\"wp-block-heading\">Nas\u0131l \u00c7al\u0131\u015f\u0131r<\/h2>\n\n\n\n<ol class=\"wp-block-list\">\n<li><strong>Pass&#8217;\u0131n\u0131z\u0131 Etkinle\u015ftirin<\/strong>: Budape\u015fte Pass&#8217;\u0131n\u0131z, rezervasyon s\u0131ras\u0131nda se\u00e7ti\u011finiz tarihte otomatik olarak etkinle\u015fir.<\/li>\n\n\n\n<li><strong>Biletinizi Kullan\u0131n<\/strong>: Her bir aktivitenin (Tuna Nehri Turu, Sz\u00e9chenyi Termal Hamam\u0131) giri\u015finde e-postan\u0131za g\u00f6nderilen dijital biletinizi g\u00f6sterin.<\/li>\n\n\n\n<li><strong>Yazd\u0131rmaya Gerek Yok<\/strong>: Ak\u0131ll\u0131 telefonunuzdaki mobil bileti kullanman\u0131z yeterlidir.<\/li>\n<\/ol>\n\n\n\n<div class=\"ms-p ms-rounded ms-mb-last-child-0 ms-mb-children-condensed ms-alert--contrast ms-mb-block\">\n<h4 class=\"gb-text-26a71c5b\"><span class=\"gb-shape\"><svg viewBox=\"0 0 256 256\" fill=\"#000000\" height=\"32\" width=\"32\" xmlns=\"http:\/\/www.w3.org\/2000\/svg\"><path d=\"M108,84a16,16,0,1,1,16,16A16,16,0,0,1,108,84Zm128,44A108,108,0,1,1,128,20,108.12,108.12,0,0,1,236,128Zm-24,0a84,84,0,1,0-84,84A84.09,84.09,0,0,0,212,128Zm-72,36.68V132a20,20,0,0,0-20-20,12,12,0,0,0-4,23.32V168a20,20,0,0,0,20,20,12,12,0,0,0,4-23.32Z\"><\/path><\/svg><\/span><span class=\"gb-text\">\u00d6zel Teklif:<\/span><\/h4>\n\n\n\n<p class=\"gb-text\">Rezervasyonunuzu yapt\u0131ktan sonra, bir ay boyunca ge\u00e7erli olan ve Budape\u015fte&#8217;deki ek 5 turistik mekan i\u00e7in <strong>%10 indirim<\/strong> kodu i\u00e7eren bir e-posta alacaks\u0131n\u0131z.<\/p>\n\n\n\n<p class=\"gb-text\">Daha fazla bilgi i\u00e7in <a href=\"https:\/\/www.tiqets.com\/en\/things-to-do-in-budapest-c68199\/budapest-pass-p1013746\/?partner=budapestcard\" data-type=\"link\" data-id=\"https:\/\/www.tiqets.com\/en\/things-to-do-in-budapest-c68199\/budapest-pass-p1013746\/?partner=budapestcard\" rel=\"nofollow noopener\"><\/a><a href=\"https:\/\/www.tiqets.com\/en\/things-to-do-in-budapest-c68199\/budapest-pass-p1013746\/?partner=budapestcard\" rel=\"nofollow noopener\"><strong>buraya t\u0131klay\u0131n<\/strong><\/a> \u00bb<\/p>\n<\/div>\n\n\n\n<h2 class=\"wp-block-heading\">Neler Dahildir?<\/h2>\n\n\n\n<h3 class=\"wp-block-heading\">Sz\u00e9chenyi Termal Hamam\u0131<\/h3>\n\n\n\n<ul class=\"wp-block-list\">\n<li>Avrupa&#8217;n\u0131n en b\u00fcy\u00fck termal spa merkezlerinden biri olan Sz\u00e9chenyi Spa&#8217;ya tam g\u00fcn giri\u015f<\/li>\n\n\n\n<li>3 a\u00e7\u0131k ve 15 kapal\u0131 havuzu ke\u015ffedin<\/li>\n\n\n\n<li>Bir p\u00e1linka tad\u0131m\u0131 (veya alkols\u00fcz bir i\u00e7ecek) ve kilitli dolap veya kabin (bilete g\u00f6re) dahildir<\/li>\n<\/ul>\n\n\n\n<h3 class=\"wp-block-heading\"><strong>Tuna Nehri Gezisi (i\u00e7ecek dahil)<\/strong><\/h3>\n\n\n\n<ul class=\"wp-block-list\">\n<li>Nehirde rahatlay\u0131n ve Budape\u015fte&#8217;nin en g\u00fczel manzaralar\u0131n\u0131n tad\u0131n\u0131 \u00e7\u0131kar\u0131n<\/li>\n\n\n\n<li>Parlamento, Zincir K\u00f6pr\u00fc ve daha fazlas\u0131 gibi \u00fcnl\u00fc turistik yerleri sudan izleyin<\/li>\n\n\n\n<li>Tur s\u0131ras\u0131nda tad\u0131n\u0131 \u00e7\u0131karabilece\u011finiz bir kar\u015f\u0131lama i\u00e7kisi dahildir<\/li>\n<\/ul>\n\n\n\n<h3 class=\"wp-block-heading\">POPGuide taraf\u0131ndan sunulan sesli rehber uygulamas\u0131<\/h3>\n\n\n\n<ul class=\"wp-block-list\">\n<li>Otob\u00fcs, tramvay ve metro hatlar\u0131nda s\u0131n\u0131rs\u0131z seyahat<\/li>\n\n\n\n<li>Buda ve Pest&#8217;e da\u011f\u0131lm\u0131\u015f turistik yerlere ula\u015fmak i\u00e7in son derece kullan\u0131\u015fl\u0131d\u0131r<\/li>\n\n\n\n<li>Ayr\u0131 seyahat kart\u0131 veya bilet sat\u0131n alman\u0131za gerek kalmaz<\/li>\n<\/ul>\n\n\n\n<h2 class=\"wp-block-heading\">Budape\u015fte Pass ve Budape\u015fte Kart: Aralar\u0131ndaki Fark Nedir?<\/h2>\n\n\n<div class=\"ms-table frozenColumn\"><table><tr><th><\/th><th><a href=\"https:\/\/www.tiqets.com\/en\/things-to-do-in-budapest-c68199\/budapest-pass-p1013746\/?partner=budapestcard\" rel=\"nofollow noopener\" target=\"_blank\">Budapest Pass<\/a><\/th><th><a href=\"https:\/\/www.tiqets.com\/en\/things-to-do-in-budapest-c68199\/tickets-for-budapest-card-free-entrance-to-szt-lukacs-thermal-bath-and-pool-p974576\/?partner=budapestcard\" rel=\"nofollow noopener\" target=\"_blank\">Budapest Card<\/a><\/th><\/tr><tr><td>Ana odak<\/td><td>Se\u00e7ili mutlaka g\u00f6r\u00fclmesi gereken yerler ve rehberli deneyimler<\/td><td>Bir\u00e7ok m\u00fcze ve hamama \u00fccretsiz veya indirimli giri\u015f<\/td><\/tr><tr><td>Dahil olanlar<\/td><td>Sz\u00e9chenyi Termal Banyosu, Budape\u015fte Tuna Nehri Gezileri<\/td><td>Aziz Stefan Bazilikas\u0131, Luk\u00e1cs Termal Banyosu, 30+ m\u00fcze ve cazibe merkezi<\/td><\/tr><tr><td>Sesli rehber uygulamas\u0131<\/td><td>\u2713<\/td><td> <\/td><\/tr><tr><td>\u00dccretsiz toplu ta\u015f\u0131ma<\/td><td><\/td><td>\u2713<\/td><\/tr><tr><td>Ek indirimler<\/td><td>Di\u011fer Budape\u015fte atraksiyonlar\u0131nda %10 indirim<\/td><td>Se\u00e7ili restoranlar, m\u00fczeler ve spa\u2019larda indirimler. <a href=\"https:\/\/www.budapestcard.org\/tr\/discounts\/\" rel=\"nofollow\" target=\"_blank\">Buradan bak\u0131n \u00bb<\/a><\/td><\/tr><tr><td>Tahmini tasarruf<\/td><td>Her etkinli\u011fi ayr\u0131 ayr\u0131 rezerve etmeye k\u0131yasla %10\u2019a kadar tasarruf<\/td><td>Restoranlarda, atraksiyonlarda, turlarda, hamamlarda ve daha fazlas\u0131nda %10\u201350 tasarruf<\/td><\/tr><\/table><\/div>\n\n\n<h3 class=\"wp-block-heading\">A\u015fa\u011f\u0131daki durumlarda Budape\u015fte Pass&#8217;\u0131 tercih edin:<\/h3>\n\n\n\n<ul class=\"wp-block-list\">\n<li>Sizin i\u00e7in \u00f6nceden se\u00e7ilmi\u015f, mutlaka g\u00f6r\u00fclmesi gereken turistik yerleri i\u00e7eren, daha rehberli bir deneyim istiyorsan\u0131z<\/li>\n\n\n\n<li>Sz\u00e9chenyi Spa ve Tuna Nehri gezisi gibi b\u00fcy\u00fck turistik yerleri tercih ediyorsan\u0131z<\/li>\n\n\n\n<li>Her \u015feyi ara\u015ft\u0131rmak istemiyorsan\u0131z; pass sizin i\u00e7in planlamay\u0131 yapar<\/li>\n<\/ul>\n\n\n\n<p><a href=\"https:\/\/www.tiqets.com\/en\/things-to-do-in-budapest-c68199\/budapest-pass-p1013746\/?partner=budapestcard\" rel=\"nofollow noopener\"><strong>M\u00fcsaitli\u011fi Kontrol Et \u00bb<\/strong><\/a><\/p>\n\n\n\n<h3 class=\"wp-block-heading\">A\u015fa\u011f\u0131daki durumlarda Budapest Card&#8217;\u0131 tercih edin:<\/h3>\n\n\n\n<ul class=\"wp-block-list\">\n<li>\u00c7ok say\u0131da m\u00fcze ve tarihi yeri ziyaret etmeyi seviyorsan\u0131z (\u00f6zellikle ne g\u00f6rmek istedi\u011finizi zaten biliyorsan\u0131z)<\/li>\n\n\n\n<li>Kendi temponuzda ke\u015ffetmek ve daha geni\u015f bir k\u00fc\u00e7\u00fck turistik yerler listesinden se\u00e7im yapmak istiyorsan\u0131z<\/li>\n\n\n\n<li>B\u00fct\u00e7eniz daha k\u0131s\u0131tl\u0131ysa ve daha fazla esneklik istiyorsan\u0131z<\/li>\n<\/ul>\n\n\n\n<p><a href=\"https:\/\/www.tiqets.com\/en\/things-to-do-in-budapest-c68199\/tickets-for-budapest-card-free-entrance-to-szt-lukacs-thermal-bath-and-pool-p974576\/?partner=budapestcard\" rel=\"nofollow noopener\"><strong>M\u00fcsaitli\u011fi Kontrol Et \u00bb<\/strong><\/a><\/p>\n\n\n\n<h2 class=\"wp-block-heading\">S\u0131k\u00e7a Sorulan Sorular<\/h2>\n\n\n\n<div class=\"ms-accordion ms-mb-block\">\n<div class=\"ms-accordion__item\">\n<div class=\"ms-accordion__header\">\n<h3 class=\"gb-text\">Rehberli turlar\u0131n dilini se\u00e7ebilir miyim?<\/h3>\n<\/div>\n\n\n\n<div class=\"ms-accordion__body\">\n<p class=\"gb-text\">\u00c7o\u011fu rehberli tur (\u015fehir turu, Macaristan Parlamentosu, P\u00e1linka M\u00fczesi) \u0130ngilizce olarak sunulmaktad\u0131r, ancak baz\u0131lar\u0131 ba\u015fka dillerde de sunulabilir. Rezervasyon s\u0131ras\u0131nda uygunlu\u011fu kontrol edin.<\/p>\n<\/div>\n<\/div>\n\n\n\n<div class=\"ms-accordion__item\">\n<div class=\"ms-accordion__header\">\n<h3 class=\"gb-text\">Kart\u0131 nas\u0131l kullanabilirim veya alabilirim?<\/h3>\n<\/div>\n\n\n\n<div class=\"ms-accordion__body\">\n<p class=\"gb-text\">Sat\u0131n ald\u0131\u011f\u0131n\u0131zda e-posta yoluyla dijital biletler al\u0131rs\u0131n\u0131z.<\/p>\n<\/div>\n<\/div>\n\n\n\n<div class=\"ms-accordion__item\">\n<div class=\"ms-accordion__header\">\n<h3 class=\"gb-text\">Kart\u0131 ba\u015fka biriyle payla\u015fabilir miyim?<\/h3>\n<\/div>\n\n\n\n<div class=\"ms-accordion__body\">\n<p class=\"gb-text\">Hay\u0131r. Budape\u015fte Pass ki\u015fiseldir ve devredilemez. Her turistik mekanda kendi biletinizi (ve baz\u0131 durumlarda kimli\u011finizi) g\u00f6stermeniz gerekir.<\/p>\n<\/div>\n<\/div>\n\n\n\n<div class=\"ms-accordion__item\">\n<div class=\"ms-accordion__header\">\n<h3 class=\"gb-text\">%10 indirim kodu nas\u0131l kullan\u0131l\u0131r?<\/h3>\n<\/div>\n\n\n\n<div class=\"ms-accordion__body\">\n<p class=\"gb-text\">Rezervasyon yapt\u0131ktan sonra e-posta ile ki\u015fisel bir kod alacaks\u0131n\u0131z. Bu kodu, Tiqets arac\u0131l\u0131\u011f\u0131yla Budape\u015fte&#8217;deki ek turistik mekanlar veya deneyimler i\u00e7in be\u015f defaya kadar kullanabilirsiniz. Kod s\u0131n\u0131rl\u0131 bir s\u00fcre i\u00e7in ge\u00e7erlidir, bu nedenle son kullanma tarihini kontrol edin.<\/p>\n<\/div>\n<\/div>\n<\/div>\n","protected":false},"excerpt":{"rendered":"","protected":false},"author":4,"featured_media":908,"parent":0,"menu_order":1,"comment_status":"closed","ping_status":"closed","template":"","meta":{"_acf_changed":false,"footnotes":""},"post-style":[],"producer":[],"class_list":["post-896","page","type-page","status-publish","has-post-thumbnail"],"acf":[],"_links":{"self":[{"href":"https:\/\/www.budapestcard.org\/tr\/wp-json\/wp\/v2\/pages\/896","targetHints":{"allow":["GET"]}}],"collection":[{"href":"https:\/\/www.budapestcard.org\/tr\/wp-json\/wp\/v2\/pages"}],"about":[{"href":"https:\/\/www.budapestcard.org\/tr\/wp-json\/wp\/v2\/types\/page"}],"author":[{"embeddable":true,"href":"https:\/\/www.budapestcard.org\/tr\/wp-json\/wp\/v2\/users\/4"}],"replies":[{"embeddable":true,"href":"https:\/\/www.budapestcard.org\/tr\/wp-json\/wp\/v2\/comments?post=896"}],"version-history":[{"count":3,"href":"https:\/\/www.budapestcard.org\/tr\/wp-json\/wp\/v2\/pages\/896\/revisions"}],"predecessor-version":[{"id":999,"href":"https:\/\/www.budapestcard.org\/tr\/wp-json\/wp\/v2\/pages\/896\/revisions\/999"}],"wp:featuredmedia":[{"embeddable":true,"href":"https:\/\/www.budapestcard.org\/tr\/wp-json\/wp\/v2\/media\/908"}],"wp:attachment":[{"href":"https:\/\/www.budapestcard.org\/tr\/wp-json\/wp\/v2\/media?parent=896"}],"wp:term":[{"taxonomy":"post-style","embeddable":true,"href":"https:\/\/www.budapestcard.org\/tr\/wp-json\/wp\/v2\/post-style?post=896"},{"taxonomy":"producer","embeddable":true,"href":"https:\/\/www.budapestcard.org\/tr\/wp-json\/wp\/v2\/producer?post=896"}],"curies":[{"name":"wp","href":"https:\/\/api.w.org\/{rel}","templated":true}]}}