{"id":27,"date":"2016-10-21T17:31:30","date_gmt":"2016-10-21T15:31:30","guid":{"rendered":"https:\/\/www.budapestcard.org\/?page_id=27"},"modified":"2026-04-13T06:06:09","modified_gmt":"2026-04-13T04:06:09","slug":"%e5%83%b9%e9%8c%a2","status":"publish","type":"page","link":"https:\/\/www.budapestcard.org\/zh\/%e5%83%b9%e9%8c%a2\/","title":{"rendered":"Budapest Card \u4ef7\u683c"},"content":{"rendered":"\n<p>\u5e03\u8fbe\u4f69\u65af\u5361\u662f\u5e2e\u52a9\u60a8\u771f\u6b63\u53d1\u73b0\u5e03\u8fbe\u4f69\u65af\u6240\u6709\u5947\u5999\u4e4b\u5904\u7684\u6700\u4f73\u5de5\u5177\u4e4b\u4e00\uff0c\u4f46\u54ea\u79cd\u5361\u6700\u9002\u5408\u60a8\u5462\uff1f<\/p>\n\n\n\n<p>\u5e03\u8fbe\u4f69\u65af\u5361\u6709\u4e94\u79cd\u4e0d\u540c\u7684\u6709\u6548\u671f\uff1a<strong>24<\/strong>\u3001<strong>48<\/strong>\u3001<strong>72<\/strong>\u3001<strong>96<\/strong>\u548c<strong>120<\/strong>\u5c0f\u65f6\u3002\u6bcf\u5f20\u5361\u4ece\u9996\u6b21\u4f7f\u7528\u8d77\uff0c\u5728\u5361\u4e0a\u6807\u6ce8\u7684\u6709\u6548\u671f\u5185\u6709\u6548\u3002\u5361\u53ea\u6709\u5728\u9996\u6b21\u4f7f\u7528\u65f6\u624d\u4f1a\u6fc0\u6d3b\uff0c\u56e0\u6b64\u4f60\u53ef\u4ee5\u63d0\u524d\u8d2d\u4e70\uff0c\u51fa\u884c\u66f4\u5b89\u5fc3\u3002\u6709\u6548\u671f\u81f3\u672c\u5b63\u7ed3\u675f\uff0c\u4e5f\u5c31\u662f2026\u5e744\u670830\u65e5\u3002\u63d0\u524d\u8d2d\u4e70\uff0c\u66f4\u7701\u94b1\uff01\u66f4\u591a\uff01<\/p>\n\n\n\n<h3 class=\"gb-headline gb-headline-261756a6 gb-headline-text\">\u5b9a\u4ef7\u8868<\/h3>\n\n\n<div class=\"ms-table frozenColumn\"><table><tr><th>\u6210\u4eba<\/th><th>\u539f\u4ef7<\/th><\/tr><tr><td>24 \u5c0f\u65f6<\/td><td>\u20ac55,00 (\u20ac55,00 \/ \u5929\uff09<\/td><\/tr><tr><td>48\u5c0f\u65f6<\/td><td>\u20ac71,50 (\u20ac35,75 \/ \u5929\uff09<\/td><\/tr><tr><td>72 \u5c0f\u65f6<\/td><td>\u20ac91,30 (\u20ac30,43 \/ \u5929\uff09<\/td><\/tr><tr><td>96 \u5c0f\u65f6<\/td><td>\u20ac114,40 (\u20ac28,60 \/ \u5929\uff09<\/td><\/tr><tr><td>120 \u5c0f\u65f6<\/td><td>\u20ac127,60 (\u20ac25,52 \/ \u5929\uff09<\/td><\/tr><\/table><\/div>\n\n\n<p><strong>\u6ce8\uff1a<\/strong>\u6bcf\u5f20\u5361\u4ec5\u9650\u4e00\u540d\u6210\u4eba\u548c\u4e00\u540d\u516d\u5c81\u4ee5\u4e0b\u513f\u7ae5\u4f7f\u7528\u3002<\/p>\n\n\n\n<p><font style=\"vertical-align: inherit\"><font style=\"vertical-align: inherit\">\u8981\u5224\u65adBudapest Card\u662f\u5426\u7269\u6709\u6240\u503c\uff0c\u8bf7\u81ea\u95ee\u4ee5\u4e0b\u4e09\u4e2a\u95ee\u9898\uff1a<\/font><\/font><\/p>\n\n\n\n<ol class=\"wp-block-list\">\n<li>\u6211\u5c06\u5728\u5e03\u8fbe\u4f69\u65af\u505c\u7559\u591a\u957f\u65f6\u95f4\uff1f<\/li>\n\n\n\n<li>\u6211\u60f3\u5728\u90a3\u91cc\u770b\u5230\u591a\u5c11\u5947\u5999\u7684\u4e8b\u7269\uff1f<\/li>\n\n\n\n<li>\u6211\u60f3\u8282\u7701\u591a\u5c11\u94b1\uff1f<\/li>\n<\/ol>\n\n\n\n<p><font style=\"vertical-align: inherit\"><font style=\"vertical-align: inherit\">\u60a8\u662f\u6253\u7b97\u5728\u5e03\u8fbe\u4f69\u65af\u505c\u7559\u4e00\u5929\uff0c\u53bbMoln\u00e1r&#8217;s K\u00fcrt\u0151skal\u00e1cs\u54c1\u5c1d\u8457\u540d\u7684\u4f20\u7edf\u5308\u7259\u5229\u70df\u56f1\u86cb\u7cd5\uff0c\u8fd8\u662f\u53bbLuk\u00e1cs Thermal Bath and Swimming Pool\u6ce1\u4e2a\u6fa1\uff1f\u5982\u679c\u662f\u8fd9\u6837\u7684\u8bdd\uff0c\u90a3\u4e48\u8d2d\u4e7024\u5c0f\u65f6\u5361\u53ef\u80fd\u662f\u60a8\u7684\u6700\u4f73\u9009\u62e9\u3002\u5982\u679c\u60a8\u6253\u7b97\u505c\u7559\u66f4\u957f\u65f6\u95f4\uff0c\u6216\u8005\u60f3\u8981\u4eab\u53d7\u7684\u4e0d\u4ec5\u4ec5\u662f\u751c\u70b9\u548c\u653e\u677e\u7684\u6c90\u6d74\uff0c\u53ef\u4ee5\u8003\u8651\u8d2d\u4e7048\u300172\u300196\u6216120\u5c0f\u65f6\u5361\u3002<\/font><\/font><\/p>\n\n\n<div class=\"gb-container gb-container-7d45ff9c ms-alert--primary ms-p ms-rounded ms-mb-last-child-0 ms-mb-children-condensed ms-mb-block\">\n\n<p>\u65f6\u95f4\u8f83\u957f\u7684\u5361\u6027\u4ef7\u6bd4\u5f88\u9ad8\uff0c\u5c24\u5176\u662f120\u5c0f\u65f6\u5361\uff0c\u6bcf\u5929\u4ec5\u970025.52\u6b27\u5143\u3002<\/p>\n\n<\/div>\n\n\n<p>Budapest Card\u4e3a\u60a8\u5f00\u542f\u8fd9\u5ea7\u57ce\u5e02\u7684\u5927\u95e8\uff0c\u6216\u8ba9\u60a8\u8fd1\u8ddd\u79bb\u611f\u53d7\u8fd9\u5ea7\u57ce\u5e02\u3002\u6570\u5341\u5bb6\u9152\u5427\u3001\u9910\u5385\u3001\u6c34\u7597\u4e2d\u5fc3\u3001\u535a\u7269\u9986\u548c\u5176\u4ed6\u573a\u6240\u63d0\u4f9b\u95e8\u7968\u3001\u670d\u52a1\u6216\u8d2d\u7269\u65b9\u9762\u7684\u5de8\u5927\u6298\u6263\u3002\u60a8\u53ef\u4ee5\u514d\u8d39\u4e58\u5750\u5e02\u5185\u516c\u5171\u4ea4\u901a\uff0c\u53c2\u52a0\u514d\u8d39\u5f92\u6b65\u65c5\u884c\u548c\u514d\u8d39\u6cb3\u4e0a\u6e38\u8239\uff0c\u6216\u514d\u8d39\u53c2\u89c2\u5362\u5361\u5947\u6e29\u6cc9\u6d74\u573a\u3002\u4eab\u53d7\u65e0\u9650\u53ef\u80fd\u3002<\/p>\n\n\n\n<p>\u8bf7\u67e5\u770b\u6211\u4eec\u7684<a href=\"https:\/\/www.budapestcard.org\/zh\/%e6%8a%98%e6%89%a3\/\">\u6298\u6263\u4f18\u60e0<\/a>\u9875\u9762\uff0c\u4e86\u89e3\u4f7f\u7528Budapest Card\u53ef\u4ee5\u4eab\u53d7\u7684\u66f4\u591a\u4f18\u60e0\u3002<\/p>\n","protected":false},"excerpt":{"rendered":"","protected":false},"author":2,"featured_media":0,"parent":0,"menu_order":6,"comment_status":"closed","ping_status":"closed","template":"","meta":{"_acf_changed":false,"footnotes":"","button_url":"https:\/\/www.tiqets.com\/zh\/things-to-do-in-budapest-c68199\/tickets-for-budapest-card-free-entrance-to-szt-lukacs-thermal-bath-and-pool-p974576\/?partner=budapestcard","ms_product_id":"","ms_product_name":"","ms_price":"","ms_currency":"","ms_rating_value":"","ms_review_count":"","rank_math_title":"%currentyear%\u5e74Budapest Card\u4ef7\u683c","rank_math_description":"\u4e00\u5929\u4e24\u5929\u4e09\u5929\u6709\u6548\u671f\u7684\u5e03\u8fbe\u4f69\u65af\u4e00\u5361\u901a\u7684\u4ef7\u683c\u4fe1\u606f. \u70b9\u51fb\u8fd9\u91cc\u53d1\u73b0\u66f4\u591a."},"post-style":[],"producer":[],"class_list":["post-27","page","type-page","status-publish","has-post-thumbnail"],"acf":[],"product_schema":{"ms_product_id":"","ms_product_name":"","ms_price":"","ms_currency":"","ms_rating_value":"","ms_review_count":""},"_links":{"self":[{"href":"https:\/\/www.budapestcard.org\/zh\/wp-json\/wp\/v2\/pages\/27","targetHints":{"allow":["GET"]}}],"collection":[{"href":"https:\/\/www.budapestcard.org\/zh\/wp-json\/wp\/v2\/pages"}],"about":[{"href":"https:\/\/www.budapestcard.org\/zh\/wp-json\/wp\/v2\/types\/page"}],"author":[{"embeddable":true,"href":"https:\/\/www.budapestcard.org\/zh\/wp-json\/wp\/v2\/users\/2"}],"replies":[{"embeddable":true,"href":"https:\/\/www.budapestcard.org\/zh\/wp-json\/wp\/v2\/comments?post=27"}],"version-history":[{"count":3,"href":"https:\/\/www.budapestcard.org\/zh\/wp-json\/wp\/v2\/pages\/27\/revisions"}],"predecessor-version":[{"id":950,"href":"https:\/\/www.budapestcard.org\/zh\/wp-json\/wp\/v2\/pages\/27\/revisions\/950"}],"wp:attachment":[{"href":"https:\/\/www.budapestcard.org\/zh\/wp-json\/wp\/v2\/media?parent=27"}],"wp:term":[{"taxonomy":"post-style","embeddable":true,"href":"https:\/\/www.budapestcard.org\/zh\/wp-json\/wp\/v2\/post-style?post=27"},{"taxonomy":"producer","embeddable":true,"href":"https:\/\/www.budapestcard.org\/zh\/wp-json\/wp\/v2\/producer?post=27"}],"curies":[{"name":"wp","href":"https:\/\/api.w.org\/{rel}","templated":true}]}}