{"id":683,"date":"2024-10-22T13:32:32","date_gmt":"2024-10-22T11:32:32","guid":{"rendered":"https:\/\/www.budapestcard.org\/zh\/?page_id=683"},"modified":"2025-03-19T09:25:41","modified_gmt":"2025-03-19T08:25:41","slug":"contact","status":"publish","type":"page","link":"https:\/\/www.budapestcard.org\/zh\/contact\/","title":{"rendered":"\u8054\u7cfb"},"content":{"rendered":"\n<h3 class=\"wp-block-heading\">\u7968\u52a1\u54a8\u8be2<\/h3>\n\n\n\n<p>\u5982\u6709\u4efb\u4f55\u7968\u52a1\u6216\u9884\u8ba2\u65b9\u9762\u7684\u95ee\u9898\uff0c\u8bf7\u8054\u7cfb\u6211\u4eec\u7684\u7968\u52a1\u5408\u4f5c\u4f19\u4f34\uff1a<\/p>\n\n\n\n<ul class=\"wp-block-list\">\n<li>\u7535\u5b50\u90ae\u4ef6\uff1ainfo@ticketbar.eu<\/li>\n\n\n\n<li>\u7535\u8bdd\uff1a+44 2035142614<\/li>\n<\/ul>\n\n\n\n<hr class=\"wp-block-separator has-alpha-channel-opacity\" \/>\n\n\n\n<h3 class=\"wp-block-heading\">\u65c5\u6e38\u4fe1\u606f<\/h3>\n\n\n\n<h4 class=\"wp-block-heading\"><strong>\u5e03\u8fbe\u4f69\u65af\u65c5\u6e38\u4fe1\u606f\u529e\u516c\u5ba4<\/strong><\/h4>\n\n\n\n<p>\u5982\u6709\u4efb\u4f55\u5173\u4e8e\u5e03\u8fbe\u4f69\u65af\u548c\u5308\u7259\u5229\u65c5\u6e38\u7684\u95ee\u9898\uff0c\u5982\u5730\u56fe\u3001\u6307\u5357\u3001\u666f\u70b9\u548c\u6d3b\u52a8\u4fe1\u606f\u7b49\uff0c\u8bf7\u8054\u7cfb\uff1a<\/p>\n\n\n\n<ul class=\"wp-block-list\">\n<li>\u5730\u5740\uff1a1052 V\u00e1rosh\u00e1za park, corner of K\u00e1roly k\u00f6r\u00fat \u2013 B\u00e1rczy Istv\u00e1n Street\uff08\u4ece\u673a\u573a\u51fa\u53d1\uff0c\u5bf9\u9762\u5373\u662fDe\u00e1k\u5e7f\u573a\u3001\u5730\u94c11\u53f7\u7ebf\u3001\u5730\u94c12\u53f7\u7ebf\u3001\u5730\u94c13\u53f7\u7ebf\u6216100E\u8def\u516c\u4ea4\u603b\u7ad9\uff09<\/li>\n<\/ul>\n\n\n\n<h4 class=\"wp-block-heading\"><strong>Budapest Card \u4fe1\u606f\u70ed\u7ebf<\/strong><\/h4>\n\n\n\n<p>\u5982\u9700\u4e86\u89e3Budapest Card\u7684\u8be6\u7ec6\u4fe1\u606f\u3001\u6298\u6263\u548c\u4f18\u60e0\uff1a<\/p>\n\n\n\n<ul class=\"wp-block-list\">\n<li>\u7535\u8bdd\uff1a+36 30 955 0398\uff08\u4e0a\u53489\u70b9\u81f3\u665a\u4e0a7\u70b9\u63d0\u4f9b\u670d\u52a1<\/li>\n<\/ul>\n\n\n\n<hr class=\"wp-block-separator has-alpha-channel-opacity\" \/>\n\n\n\n<h3 class=\"wp-block-heading\">\u7f51\u7ad9\u652f\u6301<\/h3>\n\n\n\n<p>\u5982\u6709\u4efb\u4f55\u5173\u4e8e\u672c\u7f51\u7ad9\u7684\u95ee\u9898\uff0c\u8bf7\u76f4\u63a5\u4e0e\u6211\u4eec\u8054\u7cfb\uff1a<\/p>\n\n\n\n<ul class=\"wp-block-list\">\n<li>\u7535\u5b50\u90ae\u4ef6\uff1ainfo@moonshot.media<\/li>\n<\/ul>\n","protected":false},"excerpt":{"rendered":"","protected":false},"author":3,"featured_media":0,"parent":0,"menu_order":2,"comment_status":"closed","ping_status":"closed","template":"","meta":{"_acf_changed":false,"footnotes":"","button_url":"https:\/\/www.tiqets.com\/zh\/things-to-do-in-budapest-c68199\/tickets-for-budapest-card-free-entrance-to-szt-lukacs-thermal-bath-and-pool-p974576\/?partner=budapestcard","ms_product_id":"","ms_product_name":"","ms_price":"","ms_currency":"","ms_rating_value":"","ms_review_count":"","rank_math_title":"","rank_math_description":""},"post-style":[],"producer":[],"class_list":["post-683","page","type-page","status-publish","has-post-thumbnail"],"acf":[],"product_schema":{"ms_product_id":"","ms_product_name":"","ms_price":"","ms_currency":"","ms_rating_value":"","ms_review_count":""},"_links":{"self":[{"href":"https:\/\/www.budapestcard.org\/zh\/wp-json\/wp\/v2\/pages\/683","targetHints":{"allow":["GET"]}}],"collection":[{"href":"https:\/\/www.budapestcard.org\/zh\/wp-json\/wp\/v2\/pages"}],"about":[{"href":"https:\/\/www.budapestcard.org\/zh\/wp-json\/wp\/v2\/types\/page"}],"author":[{"embeddable":true,"href":"https:\/\/www.budapestcard.org\/zh\/wp-json\/wp\/v2\/users\/3"}],"replies":[{"embeddable":true,"href":"https:\/\/www.budapestcard.org\/zh\/wp-json\/wp\/v2\/comments?post=683"}],"version-history":[{"count":2,"href":"https:\/\/www.budapestcard.org\/zh\/wp-json\/wp\/v2\/pages\/683\/revisions"}],"predecessor-version":[{"id":686,"href":"https:\/\/www.budapestcard.org\/zh\/wp-json\/wp\/v2\/pages\/683\/revisions\/686"}],"wp:attachment":[{"href":"https:\/\/www.budapestcard.org\/zh\/wp-json\/wp\/v2\/media?parent=683"}],"wp:term":[{"taxonomy":"post-style","embeddable":true,"href":"https:\/\/www.budapestcard.org\/zh\/wp-json\/wp\/v2\/post-style?post=683"},{"taxonomy":"producer","embeddable":true,"href":"https:\/\/www.budapestcard.org\/zh\/wp-json\/wp\/v2\/producer?post=683"}],"curies":[{"name":"wp","href":"https:\/\/api.w.org\/{rel}","templated":true}]}}